{"id":3768,"date":"2025-08-05T17:21:59","date_gmt":"2025-08-05T15:21:59","guid":{"rendered":"https:\/\/beta.pharmadiet.com\/?post_type=product&#038;p=3768"},"modified":"2025-10-09T09:23:03","modified_gmt":"2025-10-09T07:23:03","slug":"vitoftal-lutein-plus","status":"publish","type":"product","link":"https:\/\/beta.pharmadiet.com\/es\/productos\/vitoftal-lutein-plus\/","title":{"rendered":"Vitoftal Lutein Plus \u00ae"},"content":{"rendered":"","protected":false},"excerpt":{"rendered":"<p>Alimento complementario\u00a0con harina de algas con astaxantina, omega 3 de aceite de pescado, flores secas de cal\u00e9ndula con lute\u00edna, hojas secas de t\u00e9 verde con EGCG, flores secas de cal\u00e9ndula con zeaxantina, hojas secas de\u00a0Vitis vinifera\u00a0con resveratrol, vitaminas y minerales.<\/p>\n","protected":false},"featured_media":3769,"comment_status":"open","ping_status":"closed","template":"","meta":{"_acf_changed":false,"site-sidebar-layout":"no-sidebar","site-content-layout":"","ast-site-content-layout":"full-width-container","site-content-style":"default","site-sidebar-style":"default","ast-global-header-display":"","ast-banner-title-visibility":"","ast-main-header-display":"","ast-hfb-above-header-display":"","ast-hfb-below-header-display":"","ast-hfb-mobile-header-display":"","site-post-title":"","ast-breadcrumbs-content":"","ast-featured-img":"disabled","footer-sml-layout":"","theme-transparent-header-meta":"default","adv-header-id-meta":"","stick-header-meta":"","header-above-stick-meta":"","header-main-stick-meta":"","header-below-stick-meta":"","astra-migrate-meta-layouts":"set","ast-page-background-enabled":"default","ast-page-background-meta":{"desktop":{"background-color":"var(--ast-global-color-5)","background-image":"","background-repeat":"repeat","background-position":"center center","background-size":"auto","background-attachment":"scroll","background-type":"","background-media":"","overlay-type":"","overlay-color":"","overlay-opacity":"","overlay-gradient":""},"tablet":{"background-color":"","background-image":"","background-repeat":"repeat","background-position":"center center","background-size":"auto","background-attachment":"scroll","background-type":"","background-media":"","overlay-type":"","overlay-color":"","overlay-opacity":"","overlay-gradient":""},"mobile":{"background-color":"","background-image":"","background-repeat":"repeat","background-position":"center center","background-size":"auto","background-attachment":"scroll","background-type":"","background-media":"","overlay-type":"","overlay-color":"","overlay-opacity":"","overlay-gradient":""}},"ast-content-background-meta":{"desktop":{"background-color":"var(--ast-global-color-4)","background-image":"","background-repeat":"repeat","background-position":"center center","background-size":"auto","background-attachment":"scroll","background-type":"","background-media":"","overlay-type":"","overlay-color":"","overlay-opacity":"","overlay-gradient":""},"tablet":{"background-color":"var(--ast-global-color-4)","background-image":"","background-repeat":"repeat","background-position":"center center","background-size":"auto","background-attachment":"scroll","background-type":"","background-media":"","overlay-type":"","overlay-color":"","overlay-opacity":"","overlay-gradient":""},"mobile":{"background-color":"var(--ast-global-color-4)","background-image":"","background-repeat":"repeat","background-position":"center center","background-size":"auto","background-attachment":"scroll","background-type":"","background-media":"","overlay-type":"","overlay-color":"","overlay-opacity":"","overlay-gradient":""}}},"animal":[117,119],"product_brand":[],"product_cat":[30],"product_tag":[],"class_list":{"0":"post-3768","1":"product","2":"type-product","3":"status-publish","4":"has-post-thumbnail","6":"animal-gatos","7":"animal-perros","8":"product_cat-suplementos-soluciones-ojos-animales","9":"desktop-align-left","10":"tablet-align-left","11":"mobile-align-left","13":"first","14":"instock","15":"shipping-taxable","16":"product-type-simple"},"acf":{"title_indications":"","description_indication":"","items_indication":[{"imagen":"","title":"Glaucoma en Gatos y Perros: Una Amenaza para la Vista","description":"El glaucoma es una afecci\u00f3n ocular grave que puede afectar tanto a gatos como a perros. Se caracteriza por un aumento anormal de la presi\u00f3n intraocular (PIO) dentro del ojo. Este aumento de la presi\u00f3n puede da\u00f1ar el nervio \u00f3ptico, que es responsable de transmitir se\u00f1ales visuales al cerebro. Si no se controla adecuadamente, el glaucoma puede llevar a la p\u00e9rdida irreversible de la visi\u00f3n y, en casos graves, a la ceguera.\r\n\r\nEl nervio \u00f3ptico es vital para la visi\u00f3n, ya que transmite las se\u00f1ales visuales desde la retina hasta el cerebro. El aumento de la presi\u00f3n intraocular da\u00f1a irreversiblemente y gradualmente las fibras nerviosas del nervio \u00f3ptico, lo que lleva a la p\u00e9rdida de su funci\u00f3n. Esto se traduce en una p\u00e9rdida progresiva de la visi\u00f3n y del campo visual en el ojo afectado."},{"imagen":3771,"title":"S\u00edntomas del Glaucoma en perros y gatos","description":"Los s\u00edntomas del glaucoma en gatos y perros pueden variar, pero algunos signos comunes incluyen:\r\n<ul>\r\n \t<li>Dolor ocular, manifestado por el parpadeo excesivo y la sensibilidad a la luz<\/li>\r\n \t<li>Ojos enrojecidos.<\/li>\r\n \t<li>Pupilas dilatadas.<\/li>\r\n \t<li>Visi\u00f3n disminuida.<\/li>\r\n \t<li>Cambios en la apariencia del ojo, como un aumento en el tama\u00f1o del ojo afectado.<\/li>\r\n<\/ul>\r\nLa prevenci\u00f3n es esencial cuando se trata del glaucoma. Las revisiones oculares regulares con un veterinario son fundamentales, especialmente si tu mascota es de una raza propensa al glaucoma. Detectar y tratar tempranamente esta afecci\u00f3n puede marcar la diferencia en la preservaci\u00f3n de la visi\u00f3n."}],"title_beneficios":"","description_benefits":"","items_benefits":[{"imagen":"","title":"","description":""}],"items_presentaciones":[{"title":"Vitoftal Lutein Plus \u00ae","description":"Envase de 50 ml con jeringa dosificadora y prospecto.","imagen":3769}],"description_ingredients":"","items_ingredients":[{"title":"Flores secas de cal\u00e9ndula","description":""},{"title":"Hojas secas de Vitis vinifera","description":""},{"title":"Taurina","description":""},{"title":"Vitaminas del grupo B (B1, B2, B5 y B6)","description":""},{"title":"Cinc y Vitaminas A y B2","description":""},{"title":"Pulpa de tomate que aporta licopeno","description":""},{"title":"Omega 3 de aceite de pescado con EPA y DHA","description":""},{"title":"Hojas secas de t\u00e9 verdeque aportan EGCG","description":""},{"title":"Cinc, Cobre, Selenio y Vitaminas B2, C y E","description":""},{"title":"Vitaminas A, E, C, del grupo B y el Selenio","description":""}],"video":"","items_Instructions_for_use":[{"title":"Generales","description":"Agitar antes de usar.\r\n\r\nTomar preferentemente mezclado con el alimento habitual."},{"title":"Gatos","description":"Tomar 1 ml de producto al d\u00eda por cada por cada 5 kg de peso.\r\nA partir de 5 kg de peso corporal: 2 ml al d\u00eda."},{"title":"Perros","description":"Tomar 1 ml de producto al d\u00eda por cada por cada 5 kg de peso.\r\nA partir de 35 kg de peso: 8 ml al d\u00eda."}],"image_banner_scientific_study_copiar":"","title_banner_scientific_study":"","description_banner_scientific_study":"","Scientific_study_banner":"","studies":null,"bibliografy_text":"","features":[{"image":1262,"title":"Sin prote\u00ednas de pollo"},{"image":1267,"title":"Sin colorantes"},{"image":1218,"title":"Agitar antes de usar"},{"image":1212,"title":"Nueva f\u00f3rmula"}],"ficha_tecnica":3770},"_links":{"self":[{"href":"https:\/\/beta.pharmadiet.com\/es\/wp-json\/wp\/v2\/product\/3768","targetHints":{"allow":["GET"]}}],"collection":[{"href":"https:\/\/beta.pharmadiet.com\/es\/wp-json\/wp\/v2\/product"}],"about":[{"href":"https:\/\/beta.pharmadiet.com\/es\/wp-json\/wp\/v2\/types\/product"}],"replies":[{"embeddable":true,"href":"https:\/\/beta.pharmadiet.com\/es\/wp-json\/wp\/v2\/comments?post=3768"}],"version-history":[{"count":12,"href":"https:\/\/beta.pharmadiet.com\/es\/wp-json\/wp\/v2\/product\/3768\/revisions"}],"predecessor-version":[{"id":5518,"href":"https:\/\/beta.pharmadiet.com\/es\/wp-json\/wp\/v2\/product\/3768\/revisions\/5518"}],"wp:featuredmedia":[{"embeddable":true,"href":"https:\/\/beta.pharmadiet.com\/es\/wp-json\/wp\/v2\/media\/3769"}],"wp:attachment":[{"href":"https:\/\/beta.pharmadiet.com\/es\/wp-json\/wp\/v2\/media?parent=3768"}],"wp:term":[{"taxonomy":"animal","embeddable":true,"href":"https:\/\/beta.pharmadiet.com\/es\/wp-json\/wp\/v2\/animal?post=3768"},{"taxonomy":"product_brand","embeddable":true,"href":"https:\/\/beta.pharmadiet.com\/es\/wp-json\/wp\/v2\/product_brand?post=3768"},{"taxonomy":"product_cat","embeddable":true,"href":"https:\/\/beta.pharmadiet.com\/es\/wp-json\/wp\/v2\/product_cat?post=3768"},{"taxonomy":"product_tag","embeddable":true,"href":"https:\/\/beta.pharmadiet.com\/es\/wp-json\/wp\/v2\/product_tag?post=3768"}],"curies":[{"name":"wp","href":"https:\/\/api.w.org\/{rel}","templated":true}]}}