{"id":3762,"date":"2025-08-05T17:17:33","date_gmt":"2025-08-05T15:17:33","guid":{"rendered":"https:\/\/beta.pharmadiet.com\/?post_type=product&#038;p=3762"},"modified":"2025-10-09T09:32:36","modified_gmt":"2025-10-09T07:32:36","slug":"vetregul-pienso-complementario-transito-intestinal","status":"publish","type":"product","link":"https:\/\/beta.pharmadiet.com\/es\/productos\/vetregul-pienso-complementario-transito-intestinal\/","title":{"rendered":"Vetregul\u00ae"},"content":{"rendered":"<ul>\n<li>Modos de empleo adecuados al peso de la mascota<\/li>\n<\/ul>\n","protected":false},"excerpt":{"rendered":"<p>Alimento complementario a base de\u00a0 Oligofructosa, Yucca schidigera y Malta.<\/p>\n","protected":false},"featured_media":3763,"comment_status":"open","ping_status":"closed","template":"","meta":{"_acf_changed":false,"site-sidebar-layout":"default","site-content-layout":"","ast-site-content-layout":"default","site-content-style":"default","site-sidebar-style":"default","ast-global-header-display":"","ast-banner-title-visibility":"","ast-main-header-display":"","ast-hfb-above-header-display":"","ast-hfb-below-header-display":"","ast-hfb-mobile-header-display":"","site-post-title":"","ast-breadcrumbs-content":"","ast-featured-img":"","footer-sml-layout":"","theme-transparent-header-meta":"default","adv-header-id-meta":"","stick-header-meta":"","header-above-stick-meta":"","header-main-stick-meta":"","header-below-stick-meta":"","astra-migrate-meta-layouts":"set","ast-page-background-enabled":"default","ast-page-background-meta":{"desktop":{"background-color":"var(--ast-global-color-5)","background-image":"","background-repeat":"repeat","background-position":"center center","background-size":"auto","background-attachment":"scroll","background-type":"","background-media":"","overlay-type":"","overlay-color":"","overlay-opacity":"","overlay-gradient":""},"tablet":{"background-color":"","background-image":"","background-repeat":"repeat","background-position":"center center","background-size":"auto","background-attachment":"scroll","background-type":"","background-media":"","overlay-type":"","overlay-color":"","overlay-opacity":"","overlay-gradient":""},"mobile":{"background-color":"","background-image":"","background-repeat":"repeat","background-position":"center center","background-size":"auto","background-attachment":"scroll","background-type":"","background-media":"","overlay-type":"","overlay-color":"","overlay-opacity":"","overlay-gradient":""}},"ast-content-background-meta":{"desktop":{"background-color":"var(--ast-global-color-4)","background-image":"","background-repeat":"repeat","background-position":"center center","background-size":"auto","background-attachment":"scroll","background-type":"","background-media":"","overlay-type":"","overlay-color":"","overlay-opacity":"","overlay-gradient":""},"tablet":{"background-color":"var(--ast-global-color-4)","background-image":"","background-repeat":"repeat","background-position":"center center","background-size":"auto","background-attachment":"scroll","background-type":"","background-media":"","overlay-type":"","overlay-color":"","overlay-opacity":"","overlay-gradient":""},"mobile":{"background-color":"var(--ast-global-color-4)","background-image":"","background-repeat":"repeat","background-position":"center center","background-size":"auto","background-attachment":"scroll","background-type":"","background-media":"","overlay-type":"","overlay-color":"","overlay-opacity":"","overlay-gradient":""}}},"animal":[117,118,119,150],"product_brand":[],"product_cat":[24],"product_tag":[],"class_list":{"0":"post-3762","1":"product","2":"type-product","3":"status-publish","4":"has-post-thumbnail","6":"animal-gatos","7":"animal-hurones","8":"animal-perros","9":"animal-roedores","10":"product_cat-suplementos-digestion-animales","11":"desktop-align-left","12":"tablet-align-left","13":"mobile-align-left","15":"first","16":"instock","17":"shipping-taxable","18":"product-type-simple"},"acf":{"title_indications":"","description_indication":"","items_indication":[{"imagen":3765,"title":"Alteraciones digestivas en Gatos y Perros: M\u00e1s que una Simple Molestia","description":"La digesti\u00f3n es un proceso fundamental en el funcionamiento del aparato digestivo de los animales. Este intrincado sistema convierte los alimentos y l\u00edquidos que consumen en nutrientes esenciales que son de utilidad para el organismo.\r\n\r\nSin embargo, la mala digesti\u00f3n puede convertirse en un obst\u00e1culo en la vida de las mascotas. Puede ser tanto una causa de problemas de salud como un indicio de trastornos m\u00e1s serios. La calidad de la digesti\u00f3n en gatos y perros puede tener un impacto significativo en su comportamiento y bienestar general.\r\n\r\nLos problemas digestivos en gatos y perros pueden manifestarse con s\u00edntomas como v\u00f3mitos, diarrea, estre\u00f1imiento, falta de apetito, o incluso cambios en su comportamiento, como la irritabilidad o la apat\u00eda. Estos indicadores no solo afectan su confort, sino tambi\u00e9n su vitalidad y felicidad en general.\r\n\r\nUna serie de factores pueden contribuir a los problemas digestivos en estas mascotas, incluyendo la dieta, la intolerancia a ciertos alimentos, infecciones gastrointestinales o trastornos cr\u00f3nicos. Por lo tanto, es fundamental prestar atenci\u00f3n a su salud digestiva y, en caso de observar se\u00f1ales de malestar, buscar atenci\u00f3n."}],"title_beneficios":"","description_benefits":"","items_benefits":null,"items_presentaciones":[{"title":"Vetergul\u00ae","description":"Estuche con envase de 50 ml con jeringa dosificadora.\r\n\r\nSuspensi\u00f3n v\u00eda oral.","imagen":3763}],"description_ingredients":"","items_ingredients":[{"title":"Oligofructosa","description":""},{"title":"Yucca schidigera","description":""},{"title":"Malta\r\n\r\n\r\n","description":""}],"video":"","items_Instructions_for_use":[{"title":"\u00bfCu\u00e1les son sus instrucciones de uso?","description":"Agitar antes de usar.\r\n\r\nLos animales deber\u00e1n tener acceso permanente al agua.\r\n\r\nSe recomienda hacer seguimiento a los 6 meses de uso."},{"title":"Gatos","description":"<strong>Hasta 1 a\u00f1o:<\/strong>\u00a00,5 ml al d\u00eda.\r\n\r\n<strong>A partir de 1 a\u00f1o:<\/strong>\u00a01 ml al d\u00eda."},{"title":"Perros","description":"<strong>Hasta 5 kg de peso corporal:\u00a0<\/strong>0,5 ml al d\u00eda.\r\n\r\n<strong>De 5-10 kg de peso corporal:\u00a0<\/strong>1 ml al d\u00eda.\r\n\r\n<strong>De 10-15 kg de peso corporal:\u00a0<\/strong>1,5 ml al d\u00eda.\r\n\r\n<strong>De 15-20 kg de peso corporal:\u00a0<\/strong>2 ml al d\u00eda.\r\n\r\n<strong>De 20-25 k de peso corporal:\u00a0<\/strong>2,5 ml al d\u00eda.\r\n\r\n<strong>De 25-30 kg de peso corporal:\u00a0<\/strong>3 ml al d\u00eda.\r\n\r\n<strong>De 30-35 kg de peso corporal:\u00a0<\/strong>3,5 ml al d\u00eda.\r\n\r\n<strong>A partir de 35 kg de peso corporal:\u00a0<\/strong>4 ml\/d\u00eda"},{"title":"Hurones","description":"0,2 ml al d\u00eda."},{"title":"Roedores","description":"0,2 ml al d\u00eda."}],"image_banner_scientific_study_copiar":"","title_banner_scientific_study":"","description_banner_scientific_study":"","Scientific_study_banner":"","studies":null,"bibliografy_text":"","features":[{"image":1262,"title":"Sin prote\u00ednas de pollo"},{"image":1267,"title":"Sin colorantes"}],"ficha_tecnica":3764},"_links":{"self":[{"href":"https:\/\/beta.pharmadiet.com\/es\/wp-json\/wp\/v2\/product\/3762","targetHints":{"allow":["GET"]}}],"collection":[{"href":"https:\/\/beta.pharmadiet.com\/es\/wp-json\/wp\/v2\/product"}],"about":[{"href":"https:\/\/beta.pharmadiet.com\/es\/wp-json\/wp\/v2\/types\/product"}],"replies":[{"embeddable":true,"href":"https:\/\/beta.pharmadiet.com\/es\/wp-json\/wp\/v2\/comments?post=3762"}],"version-history":[{"count":9,"href":"https:\/\/beta.pharmadiet.com\/es\/wp-json\/wp\/v2\/product\/3762\/revisions"}],"predecessor-version":[{"id":5525,"href":"https:\/\/beta.pharmadiet.com\/es\/wp-json\/wp\/v2\/product\/3762\/revisions\/5525"}],"wp:featuredmedia":[{"embeddable":true,"href":"https:\/\/beta.pharmadiet.com\/es\/wp-json\/wp\/v2\/media\/3763"}],"wp:attachment":[{"href":"https:\/\/beta.pharmadiet.com\/es\/wp-json\/wp\/v2\/media?parent=3762"}],"wp:term":[{"taxonomy":"animal","embeddable":true,"href":"https:\/\/beta.pharmadiet.com\/es\/wp-json\/wp\/v2\/animal?post=3762"},{"taxonomy":"product_brand","embeddable":true,"href":"https:\/\/beta.pharmadiet.com\/es\/wp-json\/wp\/v2\/product_brand?post=3762"},{"taxonomy":"product_cat","embeddable":true,"href":"https:\/\/beta.pharmadiet.com\/es\/wp-json\/wp\/v2\/product_cat?post=3762"},{"taxonomy":"product_tag","embeddable":true,"href":"https:\/\/beta.pharmadiet.com\/es\/wp-json\/wp\/v2\/product_tag?post=3762"}],"curies":[{"name":"wp","href":"https:\/\/api.w.org\/{rel}","templated":true}]}}