{"id":3756,"date":"2025-08-05T17:08:47","date_gmt":"2025-08-05T15:08:47","guid":{"rendered":"https:\/\/beta.pharmadiet.com\/?post_type=product&#038;p=3756"},"modified":"2025-10-09T09:43:23","modified_gmt":"2025-10-09T07:43:23","slug":"vetinmune-suplemento-alimmentario-sistema-inmmunologico","status":"publish","type":"product","link":"https:\/\/beta.pharmadiet.com\/es\/productos\/vetinmune-suplemento-alimmentario-sistema-inmmunologico\/","title":{"rendered":"Vetinmune\u00ae"},"content":{"rendered":"<ul>\n<li>Modos de empleo adecuados al peso de la mascota<\/li>\n<li>Comprimidos f\u00e1cilmente divisibles<\/li>\n<\/ul>\n","protected":false},"excerpt":{"rendered":"<p>Alimento complementario a base de nutrientes que ayudan al funcionamiento normal del sistema inmunitario.<\/p>\n","protected":false},"featured_media":3758,"comment_status":"open","ping_status":"closed","template":"","meta":{"_acf_changed":false,"site-sidebar-layout":"default","site-content-layout":"","ast-site-content-layout":"default","site-content-style":"default","site-sidebar-style":"default","ast-global-header-display":"","ast-banner-title-visibility":"","ast-main-header-display":"","ast-hfb-above-header-display":"","ast-hfb-below-header-display":"","ast-hfb-mobile-header-display":"","site-post-title":"","ast-breadcrumbs-content":"","ast-featured-img":"","footer-sml-layout":"","theme-transparent-header-meta":"default","adv-header-id-meta":"","stick-header-meta":"","header-above-stick-meta":"","header-main-stick-meta":"","header-below-stick-meta":"","astra-migrate-meta-layouts":"set","ast-page-background-enabled":"default","ast-page-background-meta":{"desktop":{"background-color":"var(--ast-global-color-5)","background-image":"","background-repeat":"repeat","background-position":"center center","background-size":"auto","background-attachment":"scroll","background-type":"","background-media":"","overlay-type":"","overlay-color":"","overlay-opacity":"","overlay-gradient":""},"tablet":{"background-color":"","background-image":"","background-repeat":"repeat","background-position":"center center","background-size":"auto","background-attachment":"scroll","background-type":"","background-media":"","overlay-type":"","overlay-color":"","overlay-opacity":"","overlay-gradient":""},"mobile":{"background-color":"","background-image":"","background-repeat":"repeat","background-position":"center center","background-size":"auto","background-attachment":"scroll","background-type":"","background-media":"","overlay-type":"","overlay-color":"","overlay-opacity":"","overlay-gradient":""}},"ast-content-background-meta":{"desktop":{"background-color":"var(--ast-global-color-4)","background-image":"","background-repeat":"repeat","background-position":"center center","background-size":"auto","background-attachment":"scroll","background-type":"","background-media":"","overlay-type":"","overlay-color":"","overlay-opacity":"","overlay-gradient":""},"tablet":{"background-color":"var(--ast-global-color-4)","background-image":"","background-repeat":"repeat","background-position":"center center","background-size":"auto","background-attachment":"scroll","background-type":"","background-media":"","overlay-type":"","overlay-color":"","overlay-opacity":"","overlay-gradient":""},"mobile":{"background-color":"var(--ast-global-color-4)","background-image":"","background-repeat":"repeat","background-position":"center center","background-size":"auto","background-attachment":"scroll","background-type":"","background-media":"","overlay-type":"","overlay-color":"","overlay-opacity":"","overlay-gradient":""}}},"animal":[117,119],"product_brand":[],"product_cat":[25],"product_tag":[279],"class_list":{"0":"post-3756","1":"product","2":"type-product","3":"status-publish","4":"has-post-thumbnail","6":"animal-gatos","7":"animal-perros","8":"product_cat-suplementos-defensas-animales","9":"product_tag-plantillac","10":"desktop-align-left","11":"tablet-align-left","12":"mobile-align-left","14":"first","15":"instock","16":"shipping-taxable","17":"product-type-simple"},"acf":{"title_indications":"","description_indication":"","items_indication":[{"imagen":"","title":"Leishmaniasis en perros y gatos, lo que debes saber","description":"La\u00a0<strong>leishmaniasis en gatos y perros<\/strong>\u00a0es una enfermedad transmitida por la picadura de un peque\u00f1o insecto, el fleb\u00f3tomo, que act\u00faa como vector de la Leishmania. Una vez que el par\u00e1sito entra en el torrente sangu\u00edneo, desencadena una reacci\u00f3n en el sistema inmune del animal."},{"imagen":3759,"title":"Medidas preventivas ante la leishmaniasis","description":"Con una prevenci\u00f3n adecuada y una atenci\u00f3n veterinaria oportuna, es posible proteger a las mascotas de esta enfermedad.\r\n\r\nMantener la zona de ocio y descanso de la mascota\u00a0<strong>limpia y desinfectada<\/strong>\u00a0es importante para evitar la aparici\u00f3n de insectos y mosquitos. Puedes consultar si es necesario aplicar productos repelentes de forma peri\u00f3dica.\r\n\r\nAdem\u00e1s, el mosquito transmisor de la leishmaniasis felina y canina suele actuar por la noche, por lo que si evitas que duerman al aire libre estar\u00e1n m\u00e1s protegidos. Tambi\u00e9n puedes instalar mallas protectoras en la ventana, para disminuir la probabilidad de picaduras."},{"imagen":3760,"title":"La Variedad de S\u00edntomas","description":"La Leishmaniasis puede afectar a diferentes \u00f3rganos y tejidos, por lo que puede mostrar diferentes s\u00edntomas cl\u00ednicos. Entre los signos m\u00e1s comunes de la leishmaniosis se encuentran:\r\n<ul>\r\n \t<li><strong>Epistaxis:<\/strong>\u00a0o sangrado nasal.<\/li>\r\n \t<li><strong>Lesiones en la piel:<\/strong>\u00a0Las heridas cut\u00e1neas, la caspa y otros problemas dermatol\u00f3gicos.<\/li>\r\n \t<li><strong>Lesiones oculares:<\/strong>\u00a0pueden causar irritaci\u00f3n, enrojecimiento y, en casos graves, p\u00e9rdida de la visi\u00f3n.<\/li>\r\n \t<li><strong>Cojera:<\/strong>\u00a0derivada de problemas articulares.<\/li>\r\n \t<li>P\u00e9rdida de peso y anemia.<\/li>\r\n \t<li>P\u00e9rdida de pelo en zonas sensibles: el pelaje alrededor de los ojos, orejas y trufa a menudo se cae.<\/li>\r\n \t<li><strong>Problemas renales.<\/strong><\/li>\r\n<\/ul>\r\nEn resumen, el sistema inmunitario de perros y gatos es una primera l\u00ednea de defensa, pero la Leishmania spp. puede desafiar esta defensa. La leishmaniosis presenta una variedad de s\u00edntomas que van desde problemas cut\u00e1neos hasta complicaciones graves. Con una prevenci\u00f3n adecuada y una atenci\u00f3n veterinaria oportuna, es posible proteger a las mascotas de esta enfermedad insidiosa."}],"title_beneficios":"En qu\u00e9 ayuda Vetinmune\u00ae a la salud de tu mascota","description_benefits":"Alimento complementario con nutrientes que ayudan a:\r\n\r\n\r\n","items_benefits":[{"imagen":1236,"title":"","description":"Ayuda para el funcionamiento normal del sistema inmune"},{"imagen":1236,"title":"","description":"Ayuda en la protecci\u00f3n frente agentes externos"},{"imagen":1240,"title":"","description":"Ayuda a disminuir el cansancio y la fatiga"}],"items_presentaciones":[{"title":"Vetinmune\u00ae","description":"Estuche con 120 comprimidos, en bl\u00edster. Bl\u00edster de 10 comprimidos f\u00e1cilmente divisibles, para facilitar la toma.","imagen":3758}],"description_ingredients":"","items_ingredients":[{"title":"Salvado de avena","description":"Aporta beta-glucanos. Que contribuyen a acciones protectoras en infecciones demostrada en estudios experimentales."},{"title":"Raiz de Scutellaria baicalensis","description":"Aporta Baicalina. Conocida por sus propiedades antioxidantes."},{"title":"Salvado de cebada","description":""},{"title":"Ginseng","description":"Aporta ginsen\u00f3sidos. Ayudan a equilibrar los procesos fisiol\u00f3gicos del estr\u00e9s."},{"title":"Jalea Real Fresca , Niacinamida, Vitaminas B2 y B5\r\n\r\n\r\n","description":"Ayudan a disminuir el cansancio y la fatiga."},{"title":"Selenio, Biotina, \u00c1cido F\u00f3lico, Vitamina B6 y B12\r\n\r\n\r\n","description":"Contribuyen al funcionamiento normal del sistema inmunitario"}],"video":"","items_Instructions_for_use":[{"title":"Perros","description":"<ul>\r\n \t<li><strong>Por cada 10kg de peso corporal:<\/strong>\u00a01 comprimido al d\u00eda.<\/li>\r\n \t<li><strong>A partir de 50kg de peso corporal:<\/strong>\u00a04 comprimidos al d\u00eda.<\/li>\r\n<\/ul>"},{"title":"Gatos","description":"\u00bd comprimidos al d\u00eda.\r\n\r\n\r\n"},{"title":"Otras indicaciones","description":"V\u00eda oral"}],"image_banner_scientific_study_copiar":"","title_banner_scientific_study":"","description_banner_scientific_study":"","Scientific_study_banner":"","studies":null,"bibliografy_text":"","features":[{"image":1262,"title":"Sin prote\u00ednas de pollo"},{"image":1213,"title":"Comprimidos f\u00e1cilmente divisible"},{"image":1267,"title":"Sin conservantes"},{"image":1267,"title":"Sin colorantes"}],"ficha_tecnica":3757},"_links":{"self":[{"href":"https:\/\/beta.pharmadiet.com\/es\/wp-json\/wp\/v2\/product\/3756","targetHints":{"allow":["GET"]}}],"collection":[{"href":"https:\/\/beta.pharmadiet.com\/es\/wp-json\/wp\/v2\/product"}],"about":[{"href":"https:\/\/beta.pharmadiet.com\/es\/wp-json\/wp\/v2\/types\/product"}],"replies":[{"embeddable":true,"href":"https:\/\/beta.pharmadiet.com\/es\/wp-json\/wp\/v2\/comments?post=3756"}],"version-history":[{"count":12,"href":"https:\/\/beta.pharmadiet.com\/es\/wp-json\/wp\/v2\/product\/3756\/revisions"}],"predecessor-version":[{"id":5534,"href":"https:\/\/beta.pharmadiet.com\/es\/wp-json\/wp\/v2\/product\/3756\/revisions\/5534"}],"wp:featuredmedia":[{"embeddable":true,"href":"https:\/\/beta.pharmadiet.com\/es\/wp-json\/wp\/v2\/media\/3758"}],"wp:attachment":[{"href":"https:\/\/beta.pharmadiet.com\/es\/wp-json\/wp\/v2\/media?parent=3756"}],"wp:term":[{"taxonomy":"animal","embeddable":true,"href":"https:\/\/beta.pharmadiet.com\/es\/wp-json\/wp\/v2\/animal?post=3756"},{"taxonomy":"product_brand","embeddable":true,"href":"https:\/\/beta.pharmadiet.com\/es\/wp-json\/wp\/v2\/product_brand?post=3756"},{"taxonomy":"product_cat","embeddable":true,"href":"https:\/\/beta.pharmadiet.com\/es\/wp-json\/wp\/v2\/product_cat?post=3756"},{"taxonomy":"product_tag","embeddable":true,"href":"https:\/\/beta.pharmadiet.com\/es\/wp-json\/wp\/v2\/product_tag?post=3756"}],"curies":[{"name":"wp","href":"https:\/\/api.w.org\/{rel}","templated":true}]}}