{"id":3751,"date":"2025-08-05T16:59:09","date_gmt":"2025-08-05T14:59:09","guid":{"rendered":"https:\/\/beta.pharmadiet.com\/?post_type=product&#038;p=3751"},"modified":"2025-10-09T09:53:47","modified_gmt":"2025-10-09T07:53:47","slug":"vetgastril-plus-comprimidos-pienso-complementario","status":"publish","type":"product","link":"https:\/\/beta.pharmadiet.com\/es\/productos\/vetgastril-plus-comprimidos-pienso-complementario\/","title":{"rendered":"Vetgastril Plus\u00ae Comprimidos"},"content":{"rendered":"<p>Alimento complementario en comprimidos f\u00e1cilmente divisible.<\/p>\n","protected":false},"excerpt":{"rendered":"<p>Alimento complementario en comprimidos f\u00e1cilmente divisible.<\/p>\n","protected":false},"featured_media":3752,"comment_status":"open","ping_status":"closed","template":"","meta":{"_acf_changed":false,"site-sidebar-layout":"default","site-content-layout":"","ast-site-content-layout":"default","site-content-style":"default","site-sidebar-style":"default","ast-global-header-display":"","ast-banner-title-visibility":"","ast-main-header-display":"","ast-hfb-above-header-display":"","ast-hfb-below-header-display":"","ast-hfb-mobile-header-display":"","site-post-title":"","ast-breadcrumbs-content":"","ast-featured-img":"","footer-sml-layout":"","theme-transparent-header-meta":"default","adv-header-id-meta":"","stick-header-meta":"","header-above-stick-meta":"","header-main-stick-meta":"","header-below-stick-meta":"","astra-migrate-meta-layouts":"set","ast-page-background-enabled":"default","ast-page-background-meta":{"desktop":{"background-color":"var(--ast-global-color-5)","background-image":"","background-repeat":"repeat","background-position":"center center","background-size":"auto","background-attachment":"scroll","background-type":"","background-media":"","overlay-type":"","overlay-color":"","overlay-opacity":"","overlay-gradient":""},"tablet":{"background-color":"","background-image":"","background-repeat":"repeat","background-position":"center center","background-size":"auto","background-attachment":"scroll","background-type":"","background-media":"","overlay-type":"","overlay-color":"","overlay-opacity":"","overlay-gradient":""},"mobile":{"background-color":"","background-image":"","background-repeat":"repeat","background-position":"center center","background-size":"auto","background-attachment":"scroll","background-type":"","background-media":"","overlay-type":"","overlay-color":"","overlay-opacity":"","overlay-gradient":""}},"ast-content-background-meta":{"desktop":{"background-color":"var(--ast-global-color-4)","background-image":"","background-repeat":"repeat","background-position":"center center","background-size":"auto","background-attachment":"scroll","background-type":"","background-media":"","overlay-type":"","overlay-color":"","overlay-opacity":"","overlay-gradient":""},"tablet":{"background-color":"var(--ast-global-color-4)","background-image":"","background-repeat":"repeat","background-position":"center center","background-size":"auto","background-attachment":"scroll","background-type":"","background-media":"","overlay-type":"","overlay-color":"","overlay-opacity":"","overlay-gradient":""},"mobile":{"background-color":"var(--ast-global-color-4)","background-image":"","background-repeat":"repeat","background-position":"center center","background-size":"auto","background-attachment":"scroll","background-type":"","background-media":"","overlay-type":"","overlay-color":"","overlay-opacity":"","overlay-gradient":""}}},"animal":[119],"product_brand":[],"product_cat":[24],"product_tag":[283],"class_list":{"0":"post-3751","1":"product","2":"type-product","3":"status-publish","4":"has-post-thumbnail","6":"animal-perros","7":"product_cat-suplementos-digestion-animales","8":"product_tag-plantillae","9":"desktop-align-left","10":"tablet-align-left","11":"mobile-align-left","13":"first","14":"instock","15":"shipping-taxable","16":"product-type-simple"},"acf":{"title_indications":"Equilibrio gastrointestinal en gatos y perros","description_indication":"El sistema gastrointestinal juega un papel vital en la salud de los animales, y los desequilibrios gastrointestinales pueden tener consecuencias significativas:","items_indication":[{"imagen":3747,"title":"Da\u00f1o a la barrera mucosa","description":"Estos desequilibrios debilitan la barrera protectora de la mucosa g\u00e1strica, lo que permite que los jugos g\u00e1stricos ejerzan efectos perjudiciales directamente en las superficies internas del est\u00f3mago y otros \u00f3rganos, como el intestino delgado."},{"imagen":3748,"title":"Complicaciones en la digesti\u00f3n y absorci\u00f3n de nutrientes:","description":"La alteraci\u00f3n de la barrera mucosa puede interferir en la digesti\u00f3n y absorci\u00f3n adecuadas de nutrientes, lo que se manifiesta en s\u00edntomas como v\u00f3mitos, diarrea, malestar abdominal, p\u00e9rdida de apetito, etc."},{"imagen":3749,"title":"Malestar y Dolor","description":"Adem\u00e1s de los problemas digestivos, estos desequilibrios pueden causar malestar y dolor en perros y gatos. Esto se traduce en s\u00edntomas como salivaci\u00f3n excesiva, lamido constante de los labios y rechazo de alimentos (falta de apetito e incluso deshidrataci\u00f3n).\r\n\r\nLa atenci\u00f3n veterinaria es esencial para abordar estos desequilibrios y garantizar el bienestar gastrointestinal de tus mascotas."}],"title_beneficios":"En qu\u00e9 ayuda Profilaxcel\u00ae a las mascotas:","description_benefits":"Profilaxcel\u00ae aporta nutrientes que ayudan:","items_benefits":[{"imagen":1238,"title":"Ayuda al correcto funcionamiento de diferentes tejidos glandulares.","description":""},{"imagen":1238,"title":"Aporta \u00e1cidos grasos esenciales de ayuda en la nutrici\u00f3n de los tejidos, contribuyendo a su funcionamiento normal.","description":""}],"items_presentaciones":[{"title":"Vetgastril\u00ae Plus Comprimidos","description":"<div class=\"bde-column-199-104-17424-1-199-2 bde-column bde-column-199-104\">\r\n<div class=\"bde-rich-text-199-116-17424-1-199-2 bde-rich-text bde-rich-text-199-116 breakdance-rich-text-styles\">\r\n<div class=\"bde-column-199-104-981-1-199-2 bde-column bde-column-199-104\">\r\n<div class=\"bde-rich-text-199-116-981-1-199-2 bde-rich-text bde-rich-text-199-116 breakdance-rich-text-styles\">\r\n<div class=\"bde-column-199-104-963-1-199-2 bde-column bde-column-199-104\">\r\n<div class=\"bde-rich-text-199-116-963-1-199-2 bde-rich-text bde-rich-text-199-116 breakdance-rich-text-styles\">\r\n<div class=\"bde-column-199-104-1050-1-199-2 bde-column bde-column-199-104\">\r\n<div class=\"bde-rich-text-199-116-1050-1-199-2 bde-rich-text bde-rich-text-199-116 breakdance-rich-text-styles\">\r\n<div class=\"bde-column-199-104-1000-1-199-2 bde-column bde-column-199-104\">\r\n<div class=\"bde-rich-text-199-116-1000-1-199-2 bde-rich-text bde-rich-text-199-116 breakdance-rich-text-styles\">\r\n<div class=\"bde-column-199-104-1085-1-199-2 bde-column bde-column-199-104\">\r\n<div class=\"bde-rich-text-199-116-1085-1-199-2 bde-rich-text bde-rich-text-199-116 breakdance-rich-text-styles\">\r\n<div class=\"bde-column-199-104-1091-1-199-2 bde-column bde-column-199-104\">\r\n<div class=\"bde-rich-text-199-116-1091-1-199-2 bde-rich-text bde-rich-text-199-116 breakdance-rich-text-styles\">\r\n<div class=\"bde-column-199-104-1124-1-199-2 bde-column bde-column-199-104\">\r\n<div class=\"bde-rich-text-199-116-1124-1-199-2 bde-rich-text bde-rich-text-199-116 breakdance-rich-text-styles\">\r\n<div class=\"bde-column-199-104-1100-1-199-2 bde-column bde-column-199-104\">\r\n<div class=\"bde-rich-text-199-116-1100-1-199-2 bde-rich-text bde-rich-text-199-116 breakdance-rich-text-styles\">\r\n<div class=\"bde-column-199-104-1107-1-199-2 bde-column bde-column-199-104\">\r\n<div class=\"bde-rich-text-199-116-1107-1-199-2 bde-rich-text bde-rich-text-199-116 breakdance-rich-text-styles\">\r\n<div class=\"bde-column-199-104-1113-1-199-2 bde-column bde-column-199-104\">\r\n<div class=\"bde-rich-text-199-116-1113-1-199-2 bde-rich-text bde-rich-text-199-116 breakdance-rich-text-styles\">\r\n<div class=\"bde-column-199-104-1057-1-199-2 bde-column bde-column-199-104\">\r\n<div class=\"bde-rich-text-199-116-1057-1-199-2 bde-rich-text bde-rich-text-199-116 breakdance-rich-text-styles\">\r\n<div class=\"bde-column-199-104-959-1-199-2 bde-column bde-column-199-104\">\r\n<div class=\"bde-rich-text-199-116-959-1-199-2 bde-rich-text bde-rich-text-199-116 breakdance-rich-text-styles\">\r\n<div class=\"bde-column-199-104-1116-1-199-2 bde-column bde-column-199-104\">\r\n<div class=\"bde-rich-text-199-116-1116-1-199-2 bde-rich-text bde-rich-text-199-116 breakdance-rich-text-styles\">\r\n<div class=\"bde-column-199-104-1018-1-199-2 bde-column bde-column-199-104\">\r\n<div class=\"bde-rich-text-199-116-1018-1-199-2 bde-rich-text bde-rich-text-199-116 breakdance-rich-text-styles\">\r\n<div class=\"bde-column-199-104-1025-1-199-2 bde-column bde-column-199-104\">\r\n<div class=\"bde-rich-text-199-116-1025-1-199-2 bde-rich-text bde-rich-text-199-116 breakdance-rich-text-styles\">\r\n<div class=\"bde-column-199-104-1006-1-199-2 bde-column bde-column-199-104\">\r\n<div class=\"bde-rich-text-199-116-1006-1-199-2 bde-rich-text bde-rich-text-199-116 breakdance-rich-text-styles\">\r\n<div class=\"bde-column-199-104-15435-1-199-2 bde-column bde-column-199-104\">\r\n<div class=\"bde-rich-text-199-116-15435-1-199-2 bde-rich-text bde-rich-text-199-116 breakdance-rich-text-styles\">\r\n<div class=\"bde-column-199-104-1064-1-199-2 bde-column bde-column-199-104\">\r\n<div class=\"bde-rich-text-199-116-1064-1-199-2 bde-rich-text bde-rich-text-199-116 breakdance-rich-text-styles\">\r\n\r\nEnvase con 48 comprimidos , sobres y prospectos.\r\n\r\n<\/div>\r\n<\/div>\r\n<\/div>\r\n<\/div>\r\n<div class=\"bde-column-199-105-15435-1-199-2 bde-column bde-column-199-105\">\r\n<div class=\"bde-image-199-108-15435-1-199-2 bde-image bde-image-199-108\">\r\n<figure class=\"breakdance-image breakdance-image--15436\">\r\n<div class=\"breakdance-image-container\"><\/div><\/figure>\r\n<\/div>\r\n<\/div>\r\n<\/div>\r\n<\/div>\r\n<div class=\"bde-column-199-105-1006-1-199-2 bde-column bde-column-199-105\">\r\n<div class=\"bde-image-199-108-1006-1-199-2 bde-image bde-image-199-108\">\r\n<figure class=\"breakdance-image breakdance-image--1017\">\r\n<div class=\"breakdance-image-container\"><\/div><\/figure>\r\n<\/div>\r\n<\/div>\r\n<\/div>\r\n<\/div>\r\n<div class=\"bde-column-199-105-1025-1-199-2 bde-column bde-column-199-105\">\r\n<div class=\"bde-image-199-108-1025-1-199-2 bde-image bde-image-199-108\">\r\n<figure class=\"breakdance-image breakdance-image--1027\">\r\n<div class=\"breakdance-image-container\"><\/div><\/figure>\r\n<\/div>\r\n<\/div>\r\n<\/div>\r\n<\/div>\r\n<div class=\"bde-column-199-105-1018-1-199-2 bde-column bde-column-199-105\">\r\n<div class=\"bde-image-199-108-1018-1-199-2 bde-image bde-image-199-108\">\r\n<figure class=\"breakdance-image breakdance-image--1021\">\r\n<div class=\"breakdance-image-container\"><\/div><\/figure>\r\n<\/div>\r\n<\/div>\r\n<\/div>\r\n<\/div>\r\n<div class=\"bde-column-199-105-1116-1-199-2 bde-column bde-column-199-105\">\r\n<div class=\"bde-image-199-108-1116-1-199-2 bde-image bde-image-199-108\">\r\n<figure class=\"breakdance-image breakdance-image--1119\">\r\n<div class=\"breakdance-image-container\"><\/div><\/figure>\r\n<\/div>\r\n<\/div>\r\n<\/div>\r\n<\/div>\r\n<div class=\"bde-column-199-105-959-1-199-2 bde-column bde-column-199-105\">\r\n<div class=\"bde-image-199-108-959-1-199-2 bde-image bde-image-199-108\">\r\n<figure class=\"breakdance-image breakdance-image--960\">\r\n<div class=\"breakdance-image-container\"><\/div><\/figure>\r\n<\/div>\r\n<\/div>\r\n<\/div>\r\n<\/div>\r\n<\/div>\r\n<\/div>\r\n<div class=\"bde-column-199-105-1113-1-199-2 bde-column bde-column-199-105\">\r\n<div class=\"bde-image-199-108-1113-1-199-2 bde-image bde-image-199-108\">\r\n<figure class=\"breakdance-image breakdance-image--15580\">\r\n<div class=\"breakdance-image-container\"><\/div><\/figure>\r\n<\/div>\r\n<\/div>\r\n<\/div>\r\n<\/div>\r\n<div class=\"bde-column-199-105-1107-1-199-2 bde-column bde-column-199-105\">\r\n<div class=\"bde-image-199-108-1107-1-199-2 bde-image bde-image-199-108\">\r\n<figure class=\"breakdance-image breakdance-image--15578\">\r\n<div class=\"breakdance-image-container\"><\/div><\/figure>\r\n<\/div>\r\n<\/div>\r\n<\/div>\r\n<\/div>\r\n<div class=\"bde-column-199-105-1100-1-199-2 bde-column bde-column-199-105\">\r\n<div class=\"bde-image-199-108-1100-1-199-2 bde-image bde-image-199-108\">\r\n<figure class=\"breakdance-image breakdance-image--1102\">\r\n<div class=\"breakdance-image-container\"><\/div><\/figure>\r\n<\/div>\r\n<\/div>\r\n<\/div>\r\n<\/div>\r\n<div class=\"bde-column-199-105-1124-1-199-2 bde-column bde-column-199-105\">\r\n<div class=\"bde-image-199-108-1124-1-199-2 bde-image bde-image-199-108\">\r\n<figure class=\"breakdance-image breakdance-image--1125\">\r\n<div class=\"breakdance-image-container\"><\/div><\/figure>\r\n<\/div>\r\n<\/div>\r\n<\/div>\r\n<\/div>\r\n<div class=\"bde-column-199-105-1091-1-199-2 bde-column bde-column-199-105\">\r\n<div class=\"bde-image-199-108-1091-1-199-2 bde-image bde-image-199-108\">\r\n<figure class=\"breakdance-image breakdance-image--1093\">\r\n<div class=\"breakdance-image-container\"><\/div><\/figure>\r\n<\/div>\r\n<\/div>\r\n<\/div>\r\n<\/div>\r\n<\/div>\r\n<\/div>\r\n<div class=\"bde-column-199-105-1000-1-199-2 bde-column bde-column-199-105\">\r\n<div class=\"bde-image-199-108-1000-1-199-2 bde-image bde-image-199-108\">\r\n<figure class=\"breakdance-image breakdance-image--1001\">\r\n<div class=\"breakdance-image-container\"><\/div><\/figure>\r\n<\/div>\r\n<\/div>\r\n<\/div>\r\n<\/div>\r\n<div class=\"bde-column-199-105-1050-1-199-2 bde-column bde-column-199-105\">\r\n<div class=\"bde-image-199-108-1050-1-199-2 bde-image bde-image-199-108\">\r\n<figure class=\"breakdance-image breakdance-image--1053\">\r\n<div class=\"breakdance-image-container\"><\/div><\/figure>\r\n<\/div>\r\n<\/div>\r\n<\/div>\r\n<\/div>\r\n<div class=\"bde-column-199-105-963-1-199-2 bde-column bde-column-199-105\">\r\n<div class=\"bde-image-199-108-963-1-199-2 bde-image bde-image-199-108\">\r\n<figure class=\"breakdance-image breakdance-image--977\">\r\n<div class=\"breakdance-image-container\"><\/div><\/figure>\r\n<\/div>\r\n<\/div>\r\n<\/div>\r\n<\/div>\r\n<div class=\"bde-column-199-105-981-1-199-2 bde-column bde-column-199-105\">\r\n<div class=\"bde-image-199-108-981-1-199-2 bde-image bde-image-199-108\">\r\n<figure class=\"breakdance-image breakdance-image--982\">\r\n<div class=\"breakdance-image-container\"><\/div><\/figure>\r\n<\/div>\r\n<\/div>\r\n<\/div>\r\n<\/div>","imagen":3754}],"description_ingredients":"","items_ingredients":[{"title":"Queratina hidrolizada","description":"Queratina hidrolizada es una prote\u00edna estructural, fibrosa, no soluble en agua, que se encuentra en las c\u00e9lulas epiteliales que revisten las superficies internas y externas del cuerpo. Forma una capa de barrera compacta despu\u00e9s del recubrimiento en la herida, que puede detener el sangrado y evitar el da\u00f1o a las c\u00e9lulas del epitelio.\r\n\r\nJunto al<strong>\u00a0alginato de sodio<\/strong>\u00a0ayudan a proteger la mucosa g\u00e1strica formando una barrera f\u00edsica generada por una reacci\u00f3n del alginato a pH acido del estomago"},{"title":"Alginato de Sodio","description":"Junto con\u00a0<strong>junto con\u00a0queratina hidrolizada<\/strong>\u00a0ayudan a proteger la mucosa g\u00e1strica ."},{"title":"Hojas secas de Aloe barbadensis1,2","description":"Conocido por sus propiedades antioxidantes y cicatrizantes de las c\u00e9lulas, \u00a0ayuda a.\u00a0facilitar la cicatrizaci\u00f3n de las heridas mediante la regulaci\u00f3n de las proteasas (metaloproteasas de la matriz), modula a producci\u00f3n de col\u00e1geno, migraci\u00f3n y proliferaci\u00f3n de c\u00e9lulas. Contribuye a reducir la inflamaci\u00f3n."},{"title":"Zinc3,4","description":"El zinc es uno de los oligoelementos m\u00e1s importantes para la salud animal. Cumple m\u00e1s de 300 funciones biol\u00f3gicas y produce efectos en m\u00faltiples sistemas, incluido el tracto gastrointestinal. El zinc no se almacena en el organismo, por lo que su nivel viene determinado por el equilibrio entre la ingesta alimentaria, la absorci\u00f3n y las p\u00e9rdidas.\u00a0Contribuye a la protecci\u00f3n de las c\u00e9lulas frente al da\u00f1o oxidativo."},{"title":"\u00c1cido Hialur\u00f3nico5","description":"Tiene propiedades viscoel\u00e1sticas, lubricantes e hidratantes que proporcionan un entorno adecuado para las c\u00e9lulas epiteliales, contribuyendo, junto con el\u00a0<strong>sulfato de condroitina<\/strong>, a su recuperaci\u00f3n."},{"title":"Sulfato de condroitina","description":"Es una sustancia naturalmente presente en el organismo de ayuda ante desequilibrios gastrointestinales."}],"video":"","items_Instructions_for_use":[{"title":"\u00bfCu\u00e1les son sus instrucciones de uso?","description":"V\u00eda oral\r\n\r\nTomar 1-2 horas antes del alimento habitual. Si se prefiere, repartir en dos tomas cada 12h.\r\n\r\nLos animales deber\u00e1n tener acceso permanente al agua."},{"title":"Perros","description":"1 comprimido\/20 kg de peso corporal al d\u00eda.\r\n\r\nA partir de 40 kg de peso corporal, 2 comprimidos al d\u00eda."}],"image_banner_scientific_study_copiar":"","title_banner_scientific_study":"","description_banner_scientific_study":"","Scientific_study_banner":"","studies":null,"bibliografy_text":"1.https:\/\/pubmed.ncbi.nlm.nih.gov\/28874080\/\r\n2.https:\/\/www.researchgate.net\/publication\/325253109_Treatment_and_Replenishment_of_GI_Tract_with_Combined_Regimen_Therapy_CRT_of_Allopathic_PPIs_and_Ayurvedic_Aloe_Vera_Medicine_in_Peptic_Ulcer_Disease_to_Counteract_Relapse\r\n3.Canani RB et al. Mechanisms of action of zinc in acute diarrhea. Curr Opin Gastroenterol;27(1):8\u201012 (2011).\r\n4.Skrovanek S et al. Zinc and gastrointestinal disease. World J Gastrointest Pathophysiol; 5(4):496\u2010513. 22 de enero de 2024, 16:18 22 de enero de 2024, 16:29\r\n5.https:\/\/www.ncbi.nlm.nih.gov\/pmc\/articles\/PMC7955710\/","features":[{"image":1212,"title":"Nueva f\u00f3rmula"},{"image":1213,"title":"Comprimidos f\u00e1cilmente divisible"}],"ficha_tecnica":3753},"_links":{"self":[{"href":"https:\/\/beta.pharmadiet.com\/es\/wp-json\/wp\/v2\/product\/3751","targetHints":{"allow":["GET"]}}],"collection":[{"href":"https:\/\/beta.pharmadiet.com\/es\/wp-json\/wp\/v2\/product"}],"about":[{"href":"https:\/\/beta.pharmadiet.com\/es\/wp-json\/wp\/v2\/types\/product"}],"replies":[{"embeddable":true,"href":"https:\/\/beta.pharmadiet.com\/es\/wp-json\/wp\/v2\/comments?post=3751"}],"version-history":[{"count":10,"href":"https:\/\/beta.pharmadiet.com\/es\/wp-json\/wp\/v2\/product\/3751\/revisions"}],"predecessor-version":[{"id":5540,"href":"https:\/\/beta.pharmadiet.com\/es\/wp-json\/wp\/v2\/product\/3751\/revisions\/5540"}],"wp:featuredmedia":[{"embeddable":true,"href":"https:\/\/beta.pharmadiet.com\/es\/wp-json\/wp\/v2\/media\/3752"}],"wp:attachment":[{"href":"https:\/\/beta.pharmadiet.com\/es\/wp-json\/wp\/v2\/media?parent=3751"}],"wp:term":[{"taxonomy":"animal","embeddable":true,"href":"https:\/\/beta.pharmadiet.com\/es\/wp-json\/wp\/v2\/animal?post=3751"},{"taxonomy":"product_brand","embeddable":true,"href":"https:\/\/beta.pharmadiet.com\/es\/wp-json\/wp\/v2\/product_brand?post=3751"},{"taxonomy":"product_cat","embeddable":true,"href":"https:\/\/beta.pharmadiet.com\/es\/wp-json\/wp\/v2\/product_cat?post=3751"},{"taxonomy":"product_tag","embeddable":true,"href":"https:\/\/beta.pharmadiet.com\/es\/wp-json\/wp\/v2\/product_tag?post=3751"}],"curies":[{"name":"wp","href":"https:\/\/api.w.org\/{rel}","templated":true}]}}