{"id":3743,"date":"2025-08-05T16:35:14","date_gmt":"2025-08-05T14:35:14","guid":{"rendered":"https:\/\/beta.pharmadiet.com\/?post_type=product&#038;p=3743"},"modified":"2025-10-09T10:06:53","modified_gmt":"2025-10-09T08:06:53","slug":"vetgastril-plus-gel-pienso-complementario","status":"publish","type":"product","link":"https:\/\/beta.pharmadiet.com\/es\/productos\/vetgastril-plus-gel-pienso-complementario\/","title":{"rendered":"Vetgastril Plus\u00ae Gel"},"content":{"rendered":"<p>Alimento complementario en formato gel.<\/p>\n<ul>\n<li style=\"list-style-type: none;\">\n<ul>\n<li>Presentaciones en gel con jeringa dosificadora<\/li>\n<\/ul>\n<\/li>\n<\/ul>\n","protected":false},"excerpt":{"rendered":"<p>Nueva f\u00f3rmula.<\/p>\n<p>Alimento Complementario en formato gel.<\/p>\n","protected":false},"featured_media":3744,"comment_status":"open","ping_status":"closed","template":"","meta":{"_acf_changed":false,"site-sidebar-layout":"default","site-content-layout":"","ast-site-content-layout":"default","site-content-style":"default","site-sidebar-style":"default","ast-global-header-display":"","ast-banner-title-visibility":"","ast-main-header-display":"","ast-hfb-above-header-display":"","ast-hfb-below-header-display":"","ast-hfb-mobile-header-display":"","site-post-title":"","ast-breadcrumbs-content":"","ast-featured-img":"","footer-sml-layout":"","theme-transparent-header-meta":"default","adv-header-id-meta":"","stick-header-meta":"","header-above-stick-meta":"","header-main-stick-meta":"","header-below-stick-meta":"","astra-migrate-meta-layouts":"set","ast-page-background-enabled":"default","ast-page-background-meta":{"desktop":{"background-color":"var(--ast-global-color-5)","background-image":"","background-repeat":"repeat","background-position":"center center","background-size":"auto","background-attachment":"scroll","background-type":"","background-media":"","overlay-type":"","overlay-color":"","overlay-opacity":"","overlay-gradient":""},"tablet":{"background-color":"","background-image":"","background-repeat":"repeat","background-position":"center center","background-size":"auto","background-attachment":"scroll","background-type":"","background-media":"","overlay-type":"","overlay-color":"","overlay-opacity":"","overlay-gradient":""},"mobile":{"background-color":"","background-image":"","background-repeat":"repeat","background-position":"center center","background-size":"auto","background-attachment":"scroll","background-type":"","background-media":"","overlay-type":"","overlay-color":"","overlay-opacity":"","overlay-gradient":""}},"ast-content-background-meta":{"desktop":{"background-color":"var(--ast-global-color-4)","background-image":"","background-repeat":"repeat","background-position":"center center","background-size":"auto","background-attachment":"scroll","background-type":"","background-media":"","overlay-type":"","overlay-color":"","overlay-opacity":"","overlay-gradient":""},"tablet":{"background-color":"var(--ast-global-color-4)","background-image":"","background-repeat":"repeat","background-position":"center center","background-size":"auto","background-attachment":"scroll","background-type":"","background-media":"","overlay-type":"","overlay-color":"","overlay-opacity":"","overlay-gradient":""},"mobile":{"background-color":"var(--ast-global-color-4)","background-image":"","background-repeat":"repeat","background-position":"center center","background-size":"auto","background-attachment":"scroll","background-type":"","background-media":"","overlay-type":"","overlay-color":"","overlay-opacity":"","overlay-gradient":""}}},"animal":[117,118,119,150],"product_brand":[],"product_cat":[24],"product_tag":[],"class_list":{"0":"post-3743","1":"product","2":"type-product","3":"status-publish","4":"has-post-thumbnail","6":"animal-gatos","7":"animal-hurones","8":"animal-perros","9":"animal-roedores","10":"product_cat-suplementos-digestion-animales","11":"desktop-align-left","12":"tablet-align-left","13":"mobile-align-left","15":"first","16":"instock","17":"shipping-taxable","18":"product-type-simple"},"acf":{"title_indications":"","description_indication":"","items_indication":[{"imagen":"","title":"Equilibrio gastrointestinal en gatos y perros","description":"<span style=\"font-size: 16px;\">El sistema gastrointestinal juega un papel vital en la salud de los animales, y los desequilibrios gastrointestinales pueden tener consecuencias significativas:<\/span>"},{"imagen":3747,"title":"Da\u00f1o a la barrera mucosa","description":"Estos desequilibrios debilitan la barrera protectora de la mucosa g\u00e1strica, lo que permite que los jugos g\u00e1stricos ejerzan efectos perjudiciales directamente en las superficies internas del est\u00f3mago y otros \u00f3rganos, como el intestino delgado."},{"imagen":3748,"title":"Complicaciones en la digesti\u00f3n y absorci\u00f3n de nutrientes:","description":"La alteraci\u00f3n de la barrera mucosa puede interferir en la digesti\u00f3n y absorci\u00f3n adecuadas de nutrientes, lo que se manifiesta en s\u00edntomas como v\u00f3mitos, diarrea, malestar abdominal, p\u00e9rdida de apetito, etc."},{"imagen":3749,"title":"Malestar y Dolor","description":"Adem\u00e1s de los problemas digestivos, estos desequilibrios pueden causar malestar y dolor en perros y gatos. Esto se traduce en s\u00edntomas como salivaci\u00f3n excesiva, lamido constante de los labios y rechazo de alimentos (falta de apetito e incluso deshidrataci\u00f3n).\r\n\r\nLa atenci\u00f3n veterinaria es esencial para abordar estos desequilibrios y garantizar el bienestar gastrointestinal de tus mascotas."}],"title_beneficios":"En qu\u00e9 ayuda Profilaxcel\u00ae a las mascotas:","description_benefits":"Profilaxcel\u00ae aporta nutrientes que ayudan:","items_benefits":[{"imagen":1238,"title":"Ayuda al correcto funcionamiento de diferentes tejidos glandulares.","description":""},{"imagen":1238,"title":"Aporta \u00e1cidos grasos esenciales de ayuda en la nutrici\u00f3n de los tejidos, contribuyendo a su funcionamiento normal.","description":""}],"items_presentaciones":[{"title":"Vetgastril\u00ae Plus Gel 20 ml","description":"Estuche con envase de 20 ml con jeringa dosificadora y prospecto.","imagen":3745},{"title":"Vetgastril\u00ae Plus Gel 50 ml","description":"Estuche con envase de 50 ml con jeringa dosificadora y prospecto.","imagen":3746}],"description_ingredients":"","items_ingredients":[{"title":"Queratina hidrolizada","description":""},{"title":"Alginato de Sodio","description":""},{"title":"Hojas secas de Aloe barbadensis<sup>1,2<\/sup>","description":""},{"title":"Zinc<sup>3,4<\/sup>","description":""},{"title":"\u00c1cido Hialur\u00f3nico<sup>5<\/sup>","description":""},{"title":"Sulfato de condroitina","description":""}],"video":"","items_Instructions_for_use":[{"title":"\u00bfCu\u00e1les son sus instrucciones de uso?","description":"V\u00eda oral\r\n\r\nAgitar antes de usar.\r\n\r\nTomar 1-2 horas antes del alimento habitual. Si se prefiere, repartir en dos tomas cada 12h.\r\n\r\nLos animales deber\u00e1n tener acceso permanente al agua."},{"title":"Gatos","description":"<strong>Hasta 5 kg de peso corporal:<\/strong>\u00a01 ml al d\u00eda.\r\n\r\n<strong>A partir de 5 kg de peso corporal:<\/strong>\u00a02 ml al d\u00eda."},{"title":"Perros","description":"<strong>Hasta 5 kg de peso corporal:<\/strong>\u00a01 ml al d\u00eda.\r\n\r\n<strong>De 5 a 10 kg de peso corporal:<\/strong>\u00a02 ml al d\u00eda\r\n\r\n<strong>De 10 a 15 kg de peso corporal:<\/strong>\u00a03 ml al d\u00eda\r\n\r\n<strong>De 15 a 20 kg de peso corporal:<\/strong>\u00a04 ml al d\u00eda\r\n\r\n<strong>De 20 a 25 kg de peso corporal:<\/strong>\u00a05 ml al d\u00eda"},{"title":"Hurones, Roedores y Aves","description":"0,2 ml\/kg de peso corporal al d\u00eda."}],"image_banner_scientific_study_copiar":"","title_banner_scientific_study":"","description_banner_scientific_study":"","Scientific_study_banner":"","studies":null,"bibliografy_text":"1.https:\/\/pubmed.ncbi.nlm.nih.gov\/28874080\/\r\n2.https:\/\/www.researchgate.net\/publication\/325253109_Treatment_and_Replenishment_of_GI_Tract_with_Combined_Regimen_Therapy_CRT_of_Allopathic_PPIs_and_Ayurvedic_Aloe_Vera_Medicine_in_Peptic_Ulcer_Disease_to_Counteract_Relapse\r\n3.Canani RB et al. Mechanisms of action of zinc in acute diarrhea. Curr Opin Gastroenterol;27(1):8\u201012 (2011).\r\n4.Skrovanek S et al. Zinc and gastrointestinal disease. World J Gastrointest Pathophysiol; 5(4):496\u2010513. 22 de enero de 2024, 16:18 22 de enero de 2024, 16:29\r\n5.https:\/\/www.ncbi.nlm.nih.gov\/pmc\/articles\/PMC7955710\/","features":[{"image":1212,"title":"Nueva f\u00f3rmula"},{"image":1267,"title":"Sin colorantes"}],"ficha_tecnica":""},"_links":{"self":[{"href":"https:\/\/beta.pharmadiet.com\/es\/wp-json\/wp\/v2\/product\/3743","targetHints":{"allow":["GET"]}}],"collection":[{"href":"https:\/\/beta.pharmadiet.com\/es\/wp-json\/wp\/v2\/product"}],"about":[{"href":"https:\/\/beta.pharmadiet.com\/es\/wp-json\/wp\/v2\/types\/product"}],"replies":[{"embeddable":true,"href":"https:\/\/beta.pharmadiet.com\/es\/wp-json\/wp\/v2\/comments?post=3743"}],"version-history":[{"count":9,"href":"https:\/\/beta.pharmadiet.com\/es\/wp-json\/wp\/v2\/product\/3743\/revisions"}],"predecessor-version":[{"id":5545,"href":"https:\/\/beta.pharmadiet.com\/es\/wp-json\/wp\/v2\/product\/3743\/revisions\/5545"}],"wp:featuredmedia":[{"embeddable":true,"href":"https:\/\/beta.pharmadiet.com\/es\/wp-json\/wp\/v2\/media\/3744"}],"wp:attachment":[{"href":"https:\/\/beta.pharmadiet.com\/es\/wp-json\/wp\/v2\/media?parent=3743"}],"wp:term":[{"taxonomy":"animal","embeddable":true,"href":"https:\/\/beta.pharmadiet.com\/es\/wp-json\/wp\/v2\/animal?post=3743"},{"taxonomy":"product_brand","embeddable":true,"href":"https:\/\/beta.pharmadiet.com\/es\/wp-json\/wp\/v2\/product_brand?post=3743"},{"taxonomy":"product_cat","embeddable":true,"href":"https:\/\/beta.pharmadiet.com\/es\/wp-json\/wp\/v2\/product_cat?post=3743"},{"taxonomy":"product_tag","embeddable":true,"href":"https:\/\/beta.pharmadiet.com\/es\/wp-json\/wp\/v2\/product_tag?post=3743"}],"curies":[{"name":"wp","href":"https:\/\/api.w.org\/{rel}","templated":true}]}}