{"id":3737,"date":"2025-08-05T16:27:12","date_gmt":"2025-08-05T14:27:12","guid":{"rendered":"https:\/\/beta.pharmadiet.com\/?post_type=product&#038;p=3737"},"modified":"2026-02-16T16:00:13","modified_gmt":"2026-02-16T15:00:13","slug":"urpro-xr","status":"publish","type":"product","link":"https:\/\/beta.pharmadiet.com\/es\/productos\/urpro-xr\/","title":{"rendered":"Urpro\u00ae XR"},"content":{"rendered":"<ul>\n<li>Nueva composici\u00f3n<\/li>\n<li>Tecnolog\u00eda BICAPA<\/li>\n<li>Sin prote\u00ednas de pollo<\/li>\n<li>Sin conservantes<\/li>\n<li>Modo de empleo adecuado al peso de la mascota<\/li>\n<li>Comprimidos f\u00e1cilmente divisibles<\/li>\n<\/ul>\n","protected":false},"excerpt":{"rendered":"<p>Alimento complementario para perros y gatos, en formato comprimido bicapa de liberaci\u00f3n prolongada.<\/p>\n","protected":false},"featured_media":3738,"comment_status":"open","ping_status":"closed","template":"","meta":{"_acf_changed":false,"site-sidebar-layout":"default","site-content-layout":"","ast-site-content-layout":"default","site-content-style":"default","site-sidebar-style":"default","ast-global-header-display":"","ast-banner-title-visibility":"","ast-main-header-display":"","ast-hfb-above-header-display":"","ast-hfb-below-header-display":"","ast-hfb-mobile-header-display":"","site-post-title":"","ast-breadcrumbs-content":"","ast-featured-img":"","footer-sml-layout":"","theme-transparent-header-meta":"default","adv-header-id-meta":"","stick-header-meta":"","header-above-stick-meta":"","header-main-stick-meta":"","header-below-stick-meta":"","astra-migrate-meta-layouts":"set","ast-page-background-enabled":"default","ast-page-background-meta":{"desktop":{"background-color":"var(--ast-global-color-5)","background-image":"","background-repeat":"repeat","background-position":"center center","background-size":"auto","background-attachment":"scroll","background-type":"","background-media":"","overlay-type":"","overlay-color":"","overlay-opacity":"","overlay-gradient":""},"tablet":{"background-color":"","background-image":"","background-repeat":"repeat","background-position":"center center","background-size":"auto","background-attachment":"scroll","background-type":"","background-media":"","overlay-type":"","overlay-color":"","overlay-opacity":"","overlay-gradient":""},"mobile":{"background-color":"","background-image":"","background-repeat":"repeat","background-position":"center center","background-size":"auto","background-attachment":"scroll","background-type":"","background-media":"","overlay-type":"","overlay-color":"","overlay-opacity":"","overlay-gradient":""}},"ast-content-background-meta":{"desktop":{"background-color":"var(--ast-global-color-4)","background-image":"","background-repeat":"repeat","background-position":"center center","background-size":"auto","background-attachment":"scroll","background-type":"","background-media":"","overlay-type":"","overlay-color":"","overlay-opacity":"","overlay-gradient":""},"tablet":{"background-color":"var(--ast-global-color-4)","background-image":"","background-repeat":"repeat","background-position":"center center","background-size":"auto","background-attachment":"scroll","background-type":"","background-media":"","overlay-type":"","overlay-color":"","overlay-opacity":"","overlay-gradient":""},"mobile":{"background-color":"var(--ast-global-color-4)","background-image":"","background-repeat":"repeat","background-position":"center center","background-size":"auto","background-attachment":"scroll","background-type":"","background-media":"","overlay-type":"","overlay-color":"","overlay-opacity":"","overlay-gradient":""}}},"animal":[117,119],"product_brand":[],"product_cat":[27],"product_tag":[278],"class_list":{"0":"post-3737","1":"product","2":"type-product","3":"status-publish","4":"has-post-thumbnail","6":"animal-gatos","7":"animal-perros","8":"product_cat-suplementos-rinones-animales","9":"product_tag-plantillab","10":"desktop-align-left","11":"tablet-align-left","12":"mobile-align-left","14":"first","15":"instock","16":"shipping-taxable","17":"product-type-simple"},"acf":{"title_indications":"","description_indication":"","items_indication":[{"imagen":3739,"title":"\u00bfC\u00f3mo funciona la tecnolog\u00eda bicapa?","description":"<strong>LA LIBERACI\u00d3N INMEDIATA\u00a0<\/strong>Liberaci\u00f3n de una cantidad inicial del producto para obtener un efecto inmediato\r\n\r\n<strong>LA LIBERACI\u00d3N PROLONGADA\u00a0<\/strong>Liberaci\u00f3n de manera m\u00e1s lenta y sostenida, manteniendo una duraci\u00f3n de acci\u00f3n m\u00e1s prolongada."},{"imagen":3740,"title":"","description":"<section id=\"indicaciones\" class=\"bde-section-130-130 bde-section\">\r\n<div class=\"section-container\">\r\n<div class=\"bde-repeater-element-130-134 bde-repeater-element\">\r\n<div class=\"bde-loop bde-loop-grid ee-posts bde-dynamic-repeater bde-dynamic-repeater-134 bde-dynamic-repeater-grid\"><article class=\"bde-loop-item ee-post bde-dynamic-repeater-item\">\r\n<div class=\"bde-columns-149-100-1006-2-149-1 bde-columns bde-columns-149-100\">\r\n<div class=\"bde-column-149-102-1006-2-149-1 bde-column bde-column-149-102\">\r\n<div class=\"bde-rich-text-149-107-1006-2-149-1 bde-rich-text bde-rich-text-149-107 breakdance-rich-text-styles\">\r\n<p class=\"p1\">La enfermedad de las v\u00edas urinarias bajas (LUTD por sus siglas en ingl\u00e9s) abarca un conjunto de afecciones que impactan las v\u00edas urinarias inferiores, incluyendo la vejiga y la uretra, y que generan s\u00edntomas cl\u00ednicos similares tanto en perros como en gatos.<\/p>\r\n<p class=\"p1\">Entre las causas m\u00e1s frecuentes de LUTD se encuentran la cistitis idiop\u00e1tica en gatos y las infecciones bacterianas en perros. La obesidad y el estr\u00e9s representan factores de riesgo primordiales que pueden incrementar la susceptibilidad a padecer enfermedades de las v\u00edas urinarias en nuestras mascotas. Para la prevenci\u00f3n, especialmente en gatos, se recomienda fomentar el consumo adecuado de agua.<\/p>\r\n\r\n<\/div>\r\n<\/div>\r\n<\/div>\r\n<\/article><\/div>\r\n<\/div>\r\n<\/div>\r\n<\/section><section id=\"beneficios\" class=\"bde-section-130-135 bde-section\">\r\n<div class=\"section-container\">\r\n<div class=\"bde-div-130-136 bde-div\"><\/div>\r\n<\/div>\r\n<\/section>"},{"imagen":3741,"title":"","description":"<p class=\"p1\">En perros, las infecciones del tracto urinario (ITU) pueden presentar una incidencia de hasta el 27%. Pr\u00e1cticamente todas estas infecciones son ocasionadas por bacterias pat\u00f3genas que ascienden desde los genitales externos y la uretra, siendo la E. coli una de las causantes m\u00e1s comunes.<\/p>\r\n<p class=\"p1\">La cistitis idiop\u00e1tica felina (CIF), tambi\u00e9n conocida como cistitis intersticial felina, es un trastorno relativamente frecuente en la pr\u00e1ctica veterinaria. Puede manifestarse como episodios obstructivos recurrentes, m\u00e1s comunes en machos, o como no obstructivos, los cuales son frecuentes en gatos j\u00f3venes y hembras. Su origen es desconocido en muchos casos y han sido subdiagnosticadas hasta la fecha debido a la falta de comprensi\u00f3n etiopatog\u00e9nica o a su similitud con otros s\u00edndromes urinarios.<\/p>"}],"title_beneficios":"","description_benefits":"","items_benefits":null,"items_presentaciones":[{"title":"URPRO\u00ae XR","description":"URPRO XR (R) Envase con 30 comprimidos de liberaci\u00f3n prolongada (3 bl\u00edster con 10 comprimidos de 0,92 mg cada uno) y prospecto.","imagen":3738}],"description_ingredients":"","items_ingredients":[{"title":"<div class=\"bde-column-206-101-1006-1-206-3 bde-column bde-column-206-101\">\r\n<div class=\"bde-text-206-102-1006-1-206-3 bde-text bde-text-206-102\">\r\n<div class=\"bde-column-206-101-15435-1-206-3 bde-column bde-column-206-101\">\r\n<div class=\"bde-text-206-102-15435-1-206-3 bde-text bde-text-206-102\">\r\n\r\n<strong>Capa Superior (de liberaci\u00f3n inmediata)<\/strong>\r\n\r\n<\/div>\r\n<\/div>\r\n<\/div>\r\n<\/div>","description":""},{"title":"Fruto seco de ar\u00e1ndano rojo<sup>1,2,3<\/sup>","description":""},{"title":"D-manosa<sup>8<\/sup>","description":""},{"title":"Cola de caballo (Equisetum arvense)<sup>4,5,6<\/sup>","description":""},{"title":"<div class=\"bde-column-206-101-15435-5-206-2 bde-column bde-column-206-101\">\r\n<div class=\"bde-text-206-102-15435-5-206-2 bde-text bde-text-206-102\">\r\n\r\n<strong>Capa inferior (de liberaci\u00f3n retardada)<\/strong>\r\n\r\n<\/div>\r\n<\/div>","description":""},{"title":"<div class=\"bde-column-206-101-15435-6-206-2 bde-column bde-column-206-101\">\r\n<div class=\"bde-text-206-102-15435-6-206-2 bde-text bde-text-206-102\">\r\n\r\nFruto seco de ar\u00e1ndano rojo<sup>1,2,3<\/sup>\r\n\r\n<\/div>\r\n<\/div>","description":""},{"title":"<div class=\"bde-column-206-101-15435-7-206-2 bde-column bde-column-206-101\">\r\n<div class=\"bde-text-206-102-15435-7-206-2 bde-text bde-text-206-102\">\r\n\r\nHC-15\u00ae Complex (Hialuronato s\u00f3dico + Sulfato de condroitina)\r\n\r\n<\/div>\r\n<\/div>","description":""}],"video":"","items_Instructions_for_use":[{"title":"Generales","description":"V\u00eda Oral.\r\n\r\nSe recomienda tomar los comprimidos enteros o partidos por la mitad, no triturar.\r\n\r\nSi se prefiere, mezclar con el alimento habitual.\r\n\r\nAl tratarse de un suplemento alimentario se podr\u00eda tomar de manera ininterrumpida."},{"title":"Gatos","description":"<article class=\"bde-loop-item ee-post bde-dynamic-repeater-item\">\r\n<div class=\"bde-columns-206-100-1006-1-206-4 bde-columns bde-columns-206-100\">\r\n<div class=\"bde-column-206-103-1006-1-206-4 bde-column bde-column-206-103\">\r\n<div class=\"bde-rich-text-206-104-1006-1-206-4 bde-rich-text bde-rich-text-206-104 breakdance-rich-text-styles\">\r\n<ul>\r\n \t<li><article class=\"bde-loop-item ee-post bde-dynamic-repeater-item\">\r\n<div class=\"bde-columns-206-100-15435-2-206-4 bde-columns bde-columns-206-100\">\r\n<div class=\"bde-column-206-103-15435-2-206-4 bde-column bde-column-206-103\">\r\n<div class=\"bde-rich-text-206-104-15435-2-206-4 bde-rich-text bde-rich-text-206-104 breakdance-rich-text-styles\">\r\n\r\n<strong>Por cada 5kg de peso corporal:\u00a0<\/strong>\u00bd comprimido al d\u00eda.\r\n\r\n<\/div>\r\n<\/div>\r\n<\/div>\r\n<\/article><article class=\"bde-loop-item ee-post bde-dynamic-repeater-item\">\r\n<div class=\"bde-columns-206-100-15435-3-206-4 bde-columns bde-columns-206-100\">\r\n<div class=\"bde-column-206-101-15435-3-206-4 bde-column bde-column-206-101\"><\/div>\r\n<\/div>\r\n<\/article><\/li>\r\n<\/ul>\r\n<\/div>\r\n<\/div>\r\n<\/div>\r\n<\/article><article class=\"bde-loop-item ee-post bde-dynamic-repeater-item\"><\/article>"},{"title":"Perros","description":"<article class=\"bde-loop-item ee-post bde-dynamic-repeater-item\">\r\n<div class=\"bde-columns-206-100-1025-2-206-4 bde-columns bde-columns-206-100\">\r\n<div class=\"bde-column-206-103-1025-2-206-4 bde-column bde-column-206-103\">\r\n<div class=\"bde-rich-text-206-104-1025-2-206-4 bde-rich-text bde-rich-text-206-104 breakdance-rich-text-styles\">\r\n<ul>\r\n \t<li><strong>Por cada 10kg de peso corporal:<\/strong>\u00a01 comprimido al d\u00eda.<\/li>\r\n<\/ul>\r\n<\/div>\r\n<\/div>\r\n<\/div>\r\n<\/article><article class=\"bde-loop-item ee-post bde-dynamic-repeater-item\">\r\n<div class=\"bde-columns-206-100-1025-3-206-4 bde-columns bde-columns-206-100\">\r\n<div class=\"bde-column-206-101-1025-3-206-4 bde-column bde-column-206-101\"><\/div>\r\n<\/div>\r\n<\/article>"}],"image_banner_scientific_study_copiar":"","title_banner_scientific_study":"","description_banner_scientific_study":"","Scientific_study_banner":"","studies":null,"bibliografy_text":"<ol>\r\n \t<li>Jepson, R. G., Williams, G., &amp; Craig, J. C. (2012). Cranberries for preventing urinary tract infections. Cochrane Database Syst Rev, 10(10), CD001321. doi: 10.1002\/14651858.CD001321.pub5.<\/li>\r\n \t<li>Chou, H. I., Chen, K. S., Wang, H. C., &amp; Lee, W. M. (2016). Effects of cranberry extract on prevention of urinary tract infection in dogs and on adhesion of Escherichia coli to Madin-Darby canine kidney cells. Am J Vet Res, 77(4), 421-427. doi: 10.2460\/ajvr.77.4.421.<\/li>\r\n \t<li>Carvajal-Campos, A., Jeusette, I., Mayot, G., Torre, C., Andr\u00e9, A., &amp; Di Martino, P. (2023). Adherence of Uropathogenic Escherichia Coli in Dog Urine After Consumption of Food Supplemented with Cranberry (Vaccinium Macrocarpon). J Vet Res, 67(1), 49-54. doi: 10.2478\/jvetres-2023-0004.<\/li>\r\n \t<li>Bessa Pereira, C., Gomes, P. S., Costa-Rodrigues, J., Almeida Palmas, R., Vieira, L., Ferraz, M. P., Lopes, M. A., &amp; Fernandes, M. H. (2012). Equisetum arvense hydromethanolic extracts in bone tissue regeneration: in vitro osteoblastic modulation and antibacterial activity. Cell Prolif, 45(4), 386-396. doi: 10.1111\/j.1365-2184.2012.00826.x. Epub 2012 Jun 1.<\/li>\r\n \t<li>Cetojevi\u0107-Simin, D. D., Canadanovi\u0107-Brunet, J. M., Bogdanovi\u0107, G. M., Djilas, S. M., Cetkovi\u0107, G. S., Tumbas, V. T., &amp; Stojiljkovi\u0107, B. T. (2010). Antioxidative and antiproliferative activities of different horsetail (Equisetum arvense L.) extracts. J Med Food, 13(2), 452-459. doi: 10.1089\/jmf.2008.0159.<\/li>\r\n \t<li>Gr\u00fcndemann, C., Lengen, K., Sauer, B., Garcia-K\u00e4ufer, M., Zehl, M., &amp; Huber, R. (2014). Equisetum arvense (common horsetail) modulates the function of inflammatory immunocompetent cells. BMC Complement Altern Med, 14:283. doi: 10.1186\/1472-6882-14-283.<\/li>\r\n \t<li>Oliveira, C. ., &amp; Granato, A. C. (2021). Research, Society and Development, 10(12), e501101220876. DOI:\u00a0<a href=\"https:\/\/dx.doi.org\/10.33448\/rsd-v10i12.20876\">http:\/\/dx.doi.org\/10.33448\/rsd-v10i12.20876<\/a>. (CC BY 4.0) | ISSN 2525-3409<\/li>\r\n \t<li>DeLomba, E. (2022). D-mannose Use for Bacterial Urinary Tract Infections in Dogs and Cats. AHVMA Journal, Volume 67, Summer Issue. Online Publication Date: 9 June 2022.<\/li>\r\n<\/ol>","features":[{"image":1221,"title":"Tecnolog\u00eda bicapa"},{"image":1262,"title":"Sin prote\u00ednas de pollo"},{"image":1267,"title":"Sin conservantes"},{"image":1213,"title":"Comprimidos f\u00e1cilmente divisibles"}],"ficha_tecnica":""},"_links":{"self":[{"href":"https:\/\/beta.pharmadiet.com\/es\/wp-json\/wp\/v2\/product\/3737","targetHints":{"allow":["GET"]}}],"collection":[{"href":"https:\/\/beta.pharmadiet.com\/es\/wp-json\/wp\/v2\/product"}],"about":[{"href":"https:\/\/beta.pharmadiet.com\/es\/wp-json\/wp\/v2\/types\/product"}],"replies":[{"embeddable":true,"href":"https:\/\/beta.pharmadiet.com\/es\/wp-json\/wp\/v2\/comments?post=3737"}],"version-history":[{"count":9,"href":"https:\/\/beta.pharmadiet.com\/es\/wp-json\/wp\/v2\/product\/3737\/revisions"}],"predecessor-version":[{"id":5550,"href":"https:\/\/beta.pharmadiet.com\/es\/wp-json\/wp\/v2\/product\/3737\/revisions\/5550"}],"wp:featuredmedia":[{"embeddable":true,"href":"https:\/\/beta.pharmadiet.com\/es\/wp-json\/wp\/v2\/media\/3738"}],"wp:attachment":[{"href":"https:\/\/beta.pharmadiet.com\/es\/wp-json\/wp\/v2\/media?parent=3737"}],"wp:term":[{"taxonomy":"animal","embeddable":true,"href":"https:\/\/beta.pharmadiet.com\/es\/wp-json\/wp\/v2\/animal?post=3737"},{"taxonomy":"product_brand","embeddable":true,"href":"https:\/\/beta.pharmadiet.com\/es\/wp-json\/wp\/v2\/product_brand?post=3737"},{"taxonomy":"product_cat","embeddable":true,"href":"https:\/\/beta.pharmadiet.com\/es\/wp-json\/wp\/v2\/product_cat?post=3737"},{"taxonomy":"product_tag","embeddable":true,"href":"https:\/\/beta.pharmadiet.com\/es\/wp-json\/wp\/v2\/product_tag?post=3737"}],"curies":[{"name":"wp","href":"https:\/\/api.w.org\/{rel}","templated":true}]}}