{"id":3731,"date":"2025-08-05T16:16:02","date_gmt":"2025-08-05T14:16:02","guid":{"rendered":"https:\/\/beta.pharmadiet.com\/?post_type=product&#038;p=3731"},"modified":"2025-10-09T13:00:57","modified_gmt":"2025-10-09T11:00:57","slug":"profilaxcel-suplemento-alimentario-glandular-animales","status":"publish","type":"product","link":"https:\/\/beta.pharmadiet.com\/es\/productos\/profilaxcel-suplemento-alimentario-glandular-animales\/","title":{"rendered":"Profilaxcel\u00ae"},"content":{"rendered":"<ul>\n<li>Sin prote\u00ednas de pollo<\/li>\n<li>Sin conservantes<\/li>\n<li>Modos de empleo adecuados al peso de la mascota<\/li>\n<\/ul>\n","protected":false},"excerpt":{"rendered":"<p>Alimento complementario a base de \u00e1cidos grasos esenciales que ayudan al correcto funcionamiento de diferentes tejidoscomo los glandulares.<\/p>\n","protected":false},"featured_media":3733,"comment_status":"open","ping_status":"closed","template":"","meta":{"_acf_changed":false,"site-sidebar-layout":"default","site-content-layout":"","ast-site-content-layout":"default","site-content-style":"default","site-sidebar-style":"default","ast-global-header-display":"","ast-banner-title-visibility":"","ast-main-header-display":"","ast-hfb-above-header-display":"","ast-hfb-below-header-display":"","ast-hfb-mobile-header-display":"","site-post-title":"","ast-breadcrumbs-content":"","ast-featured-img":"","footer-sml-layout":"","theme-transparent-header-meta":"default","adv-header-id-meta":"","stick-header-meta":"","header-above-stick-meta":"","header-main-stick-meta":"","header-below-stick-meta":"","astra-migrate-meta-layouts":"set","ast-page-background-enabled":"default","ast-page-background-meta":{"desktop":{"background-color":"var(--ast-global-color-5)","background-image":"","background-repeat":"repeat","background-position":"center center","background-size":"auto","background-attachment":"scroll","background-type":"","background-media":"","overlay-type":"","overlay-color":"","overlay-opacity":"","overlay-gradient":""},"tablet":{"background-color":"","background-image":"","background-repeat":"repeat","background-position":"center center","background-size":"auto","background-attachment":"scroll","background-type":"","background-media":"","overlay-type":"","overlay-color":"","overlay-opacity":"","overlay-gradient":""},"mobile":{"background-color":"","background-image":"","background-repeat":"repeat","background-position":"center center","background-size":"auto","background-attachment":"scroll","background-type":"","background-media":"","overlay-type":"","overlay-color":"","overlay-opacity":"","overlay-gradient":""}},"ast-content-background-meta":{"desktop":{"background-color":"var(--ast-global-color-4)","background-image":"","background-repeat":"repeat","background-position":"center center","background-size":"auto","background-attachment":"scroll","background-type":"","background-media":"","overlay-type":"","overlay-color":"","overlay-opacity":"","overlay-gradient":""},"tablet":{"background-color":"var(--ast-global-color-4)","background-image":"","background-repeat":"repeat","background-position":"center center","background-size":"auto","background-attachment":"scroll","background-type":"","background-media":"","overlay-type":"","overlay-color":"","overlay-opacity":"","overlay-gradient":""},"mobile":{"background-color":"var(--ast-global-color-4)","background-image":"","background-repeat":"repeat","background-position":"center center","background-size":"auto","background-attachment":"scroll","background-type":"","background-media":"","overlay-type":"","overlay-color":"","overlay-opacity":"","overlay-gradient":""}}},"animal":[117,119],"product_brand":[],"product_cat":[21],"product_tag":[279],"class_list":{"0":"post-3731","1":"product","2":"type-product","3":"status-publish","4":"has-post-thumbnail","6":"animal-gatos","7":"animal-perros","8":"product_cat-suplementos-salud-celular-animales","9":"product_tag-plantillac","10":"desktop-align-left","11":"tablet-align-left","12":"mobile-align-left","14":"first","15":"instock","16":"shipping-taxable","17":"product-type-simple"},"acf":{"title_indications":"","description_indication":"","items_indication":[{"imagen":3734,"title":"\u00bfQue implica los des\u00f3rdenes celulares hormono-dependientes de mama y pr\u00f3stata?","description":"<ul>\r\n \t<li>\r\n<h3>C\u00e1ncer de mama en perros y gatos<\/h3>\r\nEn las\u00a0<strong>hembras<\/strong>, los des\u00f3rdenes celulares hormono-dependientes de mama suelen incluir la formaci\u00f3n de tumores en las gl\u00e1ndulas mamarias. Estos tumores de mama pueden ser benignos o malignos y\u00a0<strong>se desarrollan debido a las influencias hormonales<\/strong>, especialmente relacionado con los niveles de estr\u00f3geno y progesterona.\r\n\r\nLos n\u00f3dulos en las mamas de las mascotas deben ser examinados por un veterinario para establecer su tipo y caracter\u00edsticas. Dependiendo del\u00a0<strong>diagn\u00f3stico<\/strong>, el tratamiento puede incluir una intervenci\u00f3n quir\u00fargica y tratamientos complementarios.\r\n<h3>C\u00e1ncer de pr\u00f3stata en perros y gatos<\/h3>\r\nEn los\u00a0<strong>machos<\/strong>, los des\u00f3rdenes hormono-dependientes m\u00e1s comunes est\u00e1n relacionados con la pr\u00f3stata. La hiperplasia prost\u00e1tica y la prostatitis son afecciones que involucran un aumento en el tama\u00f1o de la pr\u00f3stata y su inflamaci\u00f3n, respectivamente. Suele estar relacionado con cambios hormonales en la\u00a0<strong>testosterona<\/strong>.\r\n\r\nAdem\u00e1s, el c\u00e1ncer de pr\u00f3stata es una preocupaci\u00f3n en perros y gatos mayores, y la detecci\u00f3n temprana es fundamental para un tratamiento efectivo.<\/li>\r\n<\/ul>"},{"imagen":3735,"title":"Diagn\u00f3stico del veterinario para prevenir y detectar problemas","description":"<section id=\"indicaciones\" class=\"bde-section-130-130 bde-section\">\r\n<div class=\"section-container\">\r\n<div class=\"bde-repeater-element-130-134 bde-repeater-element\">\r\n<div class=\"bde-loop bde-loop-grid ee-posts bde-dynamic-repeater bde-dynamic-repeater-134 bde-dynamic-repeater-grid\"><article class=\"bde-loop-item ee-post bde-dynamic-repeater-item\">\r\n<div class=\"bde-columns-149-100-1006-2-149-1 bde-columns bde-columns-149-100\">\r\n<div class=\"bde-column-149-102-1006-2-149-1 bde-column bde-column-149-102\">\r\n<div class=\"bde-rich-text-149-107-1006-2-149-1 bde-rich-text bde-rich-text-149-107 breakdance-rich-text-styles\">\r\n\r\nLa evaluaci\u00f3n de las gl\u00e1ndulas mamarias en hembras y la pr\u00f3stata en machos, pueden ayudar a detectar problemas. Las pruebas espec\u00edficas, como ecograf\u00edas, an\u00e1lisis de sangre y biopsias, pueden ser necesarias para un diagn\u00f3stico preciso. Los cuidados y tratamientos tambi\u00e9n deben consultarse con un especialista en veterinaria.\r\n\r\n<\/div>\r\n<\/div>\r\n<\/div>\r\n<\/article><\/div>\r\n<\/div>\r\n<\/div>\r\n<\/section><section id=\"beneficios\" class=\"bde-section-130-135 bde-section\">\r\n<div class=\"section-container\">\r\n<div class=\"bde-div-130-136 bde-div\"><\/div>\r\n<\/div>\r\n<\/section>"}],"title_beneficios":"En qu\u00e9 ayuda Profilaxcel\u00ae a las mascotas:","description_benefits":"<span style=\"font-size: 16px;\">Profilaxcel\u00ae aporta nutrientes que ayudan:<\/span>","items_benefits":[{"imagen":1238,"title":"","description":"Ayuda al correcto funcionamiento de diferentes tejidos glandulares."},{"imagen":1238,"title":"","description":"Aporta \u00e1cidos grasos esenciales de ayuda en la nutrici\u00f3n de los tejidos, contribuyendo a su funcionamiento normal."}],"items_presentaciones":[{"title":"Profilaxcel\u00ae","description":"Estuche con 30 c\u00e1psulas de gelatina blanda, en bl\u00edster de 10 capsulas.","imagen":3733}],"description_ingredients":"Profilaxcel\u00ae, es un alimento complementario elaborado a base de aceite de lino, aceite de algas y aceite de semillas de granada, que proporciona una equilibrada proporci\u00f3n de \u00e1cidos grasos esenciales omega 3 y omega 6, adem\u00e1s de \u00e1cidos grasos omega 5 y omega 9. Estos nutrientes contribuyen al funcionamiento normal de tejidos como los glandulares, conductos mamarios o gl\u00e1ndula prost\u00e1tica de perros y gatos.","items_ingredients":[{"title":"Aceite de lino","description":"Aporta:\r\n<ul>\r\n \t<li>\u00c1cido oleico (Omega 8)<\/li>\r\n \t<li>\u00c1cido linoleico (Omega 6)<\/li>\r\n \t<li>\u00c1cido linol\u00e9nico (Omega 3)<\/li>\r\n<\/ul>"},{"title":"Aceite de semilla de granada","description":"Aporta:\r\n<ul>\r\n \t<li>\u00c1cido pun\u00edcio (Omega 5)<\/li>\r\n<\/ul>"},{"title":"Aceite de algas","description":"Aporta:\r\n<ul>\r\n \t<li>DHA (Omega 3)<\/li>\r\n<\/ul>"}],"video":"","items_Instructions_for_use":[{"title":"Gatos","description":"<ul>\r\n \t<li>1 c\u00e1psula cada 2 d\u00edas.<\/li>\r\n<\/ul>"},{"title":"Perros","description":"<ul>\r\n \t<li><strong>Inferior a 30 kg de peso corporal<\/strong><strong>:<\/strong>\u00a01 c\u00e1psula cada 2 d\u00edas.<\/li>\r\n \t<li><strong>A partir de 30 kg de peso corporal:<\/strong>\u00a01 c\u00e1psula al d\u00eda.<\/li>\r\n<\/ul>"},{"title":"Otras indicaciones","description":"V\u00eda Oral.\r\n\r\nSi se prefiere, verter el contenido de una c\u00e1psula en el alimento habitual.\r\n\r\nMezclar con el alimento habitual.\r\n\r\nAl tratarse de un suplemento alimentario se podr\u00eda tomar de manera ininterrumpida."}],"image_banner_scientific_study_copiar":"","title_banner_scientific_study":"","description_banner_scientific_study":"","Scientific_study_banner":"","studies":null,"bibliografy_text":"","features":[{"image":1262,"title":"Sin prote\u00ednas de pollo"},{"image":1267,"title":"Sin colorantes"}],"ficha_tecnica":3732},"_links":{"self":[{"href":"https:\/\/beta.pharmadiet.com\/es\/wp-json\/wp\/v2\/product\/3731","targetHints":{"allow":["GET"]}}],"collection":[{"href":"https:\/\/beta.pharmadiet.com\/es\/wp-json\/wp\/v2\/product"}],"about":[{"href":"https:\/\/beta.pharmadiet.com\/es\/wp-json\/wp\/v2\/types\/product"}],"replies":[{"embeddable":true,"href":"https:\/\/beta.pharmadiet.com\/es\/wp-json\/wp\/v2\/comments?post=3731"}],"version-history":[{"count":8,"href":"https:\/\/beta.pharmadiet.com\/es\/wp-json\/wp\/v2\/product\/3731\/revisions"}],"predecessor-version":[{"id":5699,"href":"https:\/\/beta.pharmadiet.com\/es\/wp-json\/wp\/v2\/product\/3731\/revisions\/5699"}],"wp:featuredmedia":[{"embeddable":true,"href":"https:\/\/beta.pharmadiet.com\/es\/wp-json\/wp\/v2\/media\/3733"}],"wp:attachment":[{"href":"https:\/\/beta.pharmadiet.com\/es\/wp-json\/wp\/v2\/media?parent=3731"}],"wp:term":[{"taxonomy":"animal","embeddable":true,"href":"https:\/\/beta.pharmadiet.com\/es\/wp-json\/wp\/v2\/animal?post=3731"},{"taxonomy":"product_brand","embeddable":true,"href":"https:\/\/beta.pharmadiet.com\/es\/wp-json\/wp\/v2\/product_brand?post=3731"},{"taxonomy":"product_cat","embeddable":true,"href":"https:\/\/beta.pharmadiet.com\/es\/wp-json\/wp\/v2\/product_cat?post=3731"},{"taxonomy":"product_tag","embeddable":true,"href":"https:\/\/beta.pharmadiet.com\/es\/wp-json\/wp\/v2\/product_tag?post=3731"}],"curies":[{"name":"wp","href":"https:\/\/api.w.org\/{rel}","templated":true}]}}