{"id":3725,"date":"2025-08-05T16:09:41","date_gmt":"2025-08-05T14:09:41","guid":{"rendered":"https:\/\/beta.pharmadiet.com\/?post_type=product&#038;p=3725"},"modified":"2025-10-09T10:25:30","modified_gmt":"2025-10-09T08:25:30","slug":"oxispeed-gel-suplemento-alimentario-energia","status":"publish","type":"product","link":"https:\/\/beta.pharmadiet.com\/es\/productos\/oxispeed-gel-suplemento-alimentario-energia\/","title":{"rendered":"Oxispeed\u00ae Gel"},"content":{"rendered":"<ul>\n<li>Sin prote\u00ednas de pollo<\/li>\n<li>Sin conservantes<\/li>\n<li>Modos de empleo adecuados al peso de la mascota<\/li>\n<li>Agitar antes de usar.<\/li>\n<li>Incluye jeringa dosificadora.<\/li>\n<\/ul>\n","protected":false},"excerpt":{"rendered":"<p>Alimento complementario a base de jalea real fresca, taurina, aceite de salm\u00f3n, beta-caroteno, vitaminas del grupo B (B1, B2, B5 Y B6), \u00e1cido f\u00f3lico, germen de arroz, pulpa de tomate, yucca schidigera, biotina, vitamina E y selenio.<\/p>\n","protected":false},"featured_media":3727,"comment_status":"open","ping_status":"closed","template":"","meta":{"_acf_changed":false,"site-sidebar-layout":"default","site-content-layout":"","ast-site-content-layout":"default","site-content-style":"default","site-sidebar-style":"default","ast-global-header-display":"","ast-banner-title-visibility":"","ast-main-header-display":"","ast-hfb-above-header-display":"","ast-hfb-below-header-display":"","ast-hfb-mobile-header-display":"","site-post-title":"","ast-breadcrumbs-content":"","ast-featured-img":"","footer-sml-layout":"","theme-transparent-header-meta":"default","adv-header-id-meta":"","stick-header-meta":"","header-above-stick-meta":"","header-main-stick-meta":"","header-below-stick-meta":"","astra-migrate-meta-layouts":"set","ast-page-background-enabled":"default","ast-page-background-meta":{"desktop":{"background-color":"var(--ast-global-color-5)","background-image":"","background-repeat":"repeat","background-position":"center center","background-size":"auto","background-attachment":"scroll","background-type":"","background-media":"","overlay-type":"","overlay-color":"","overlay-opacity":"","overlay-gradient":""},"tablet":{"background-color":"","background-image":"","background-repeat":"repeat","background-position":"center center","background-size":"auto","background-attachment":"scroll","background-type":"","background-media":"","overlay-type":"","overlay-color":"","overlay-opacity":"","overlay-gradient":""},"mobile":{"background-color":"","background-image":"","background-repeat":"repeat","background-position":"center center","background-size":"auto","background-attachment":"scroll","background-type":"","background-media":"","overlay-type":"","overlay-color":"","overlay-opacity":"","overlay-gradient":""}},"ast-content-background-meta":{"desktop":{"background-color":"var(--ast-global-color-4)","background-image":"","background-repeat":"repeat","background-position":"center center","background-size":"auto","background-attachment":"scroll","background-type":"","background-media":"","overlay-type":"","overlay-color":"","overlay-opacity":"","overlay-gradient":""},"tablet":{"background-color":"var(--ast-global-color-4)","background-image":"","background-repeat":"repeat","background-position":"center center","background-size":"auto","background-attachment":"scroll","background-type":"","background-media":"","overlay-type":"","overlay-color":"","overlay-opacity":"","overlay-gradient":""},"mobile":{"background-color":"var(--ast-global-color-4)","background-image":"","background-repeat":"repeat","background-position":"center center","background-size":"auto","background-attachment":"scroll","background-type":"","background-media":"","overlay-type":"","overlay-color":"","overlay-opacity":"","overlay-gradient":""}}},"animal":[117,118,119],"product_brand":[],"product_cat":[22],"product_tag":[],"class_list":{"0":"post-3725","1":"product","2":"type-product","3":"status-publish","4":"has-post-thumbnail","6":"animal-gatos","7":"animal-hurones","8":"animal-perros","9":"product_cat-suplementos-energia-animales","10":"desktop-align-left","11":"tablet-align-left","12":"mobile-align-left","14":"first","15":"instock","16":"shipping-taxable","17":"product-type-simple"},"acf":{"title_indications":"","description_indication":"","items_indication":[{"imagen":"","title":"\u00bfQu\u00e9 implica la oxidaci\u00f3n y el envejecimiento celular en perros?","description":"La oxidaci\u00f3n y el\u00a0<strong>envejecimiento celular<\/strong>\u00a0en perros son procesos biol\u00f3gicos estrechamente relacionados que tienen un impacto en la salud y el bienestar."},{"imagen":3728,"title":"Las consecuencias de la oxidaci\u00f3n y el envejecimiento celular en perros y gatos","description":"<ul>\r\n \t<li><strong>Enfermedades cr\u00f3nicas:<\/strong>\u00a0La acumulaci\u00f3n de da\u00f1o oxidativo en el tiempo puede aumentar el riesgo de desarrollar problemas de salud que pueden cronificarse, como artritis, alteraciones card\u00edacas, diabetes y c\u00e1ncer.<\/li>\r\n \t<li><strong>Deterioro cognitivo:<\/strong>\u00a0La oxidaci\u00f3n celular tambi\u00e9n puede estar relacionada con el deterioro cognitivo. Los radicales libres pueden da\u00f1ar las c\u00e9lulas cerebrales y contribuir a la p\u00e9rdida de funciones cognitivas, como la memoria y la toma de decisiones, as\u00ed como a un cambio de comportamiento.<\/li>\r\n<\/ul>"},{"imagen":3729,"title":"","description":"<ul>\r\n \t<li><strong>Reducci\u00f3n de la funci\u00f3n inmunol\u00f3gica<\/strong>: El estr\u00e9s oxidativo puede debilitar el sistema inmunol\u00f3gico de la mascota, haci\u00e9ndolos m\u00e1s susceptibles a infecciones y enfermedades.<\/li>\r\n \t<li><strong>Problemas en la piel y el pelaje:<\/strong>\u00a0La oxidaci\u00f3n celular contribuye a problemas como la piel seca, la ca\u00edda excesiva de pelo y el envejecimiento prematuro de la piel.<\/li>\r\n<\/ul>\r\nPara mitigar los efectos en los perros y promover un envejecimiento saludable, es importante tomar medidas preventivas. Por eso recomendamos acudir al veterinario de forma regular. Los ex\u00e1menes peri\u00f3dicos son esenciales para detectar problemas de salud en etapas tempranas y brindar el tratamiento adecuado"}],"title_beneficios":"","description_benefits":"<div class=\"bde-div-130-136 bde-div\">\r\n<div class=\"bde-rich-text-130-138 bde-rich-text breakdance-rich-text-styles\">\r\n<div class=\"bde-div-130-136 bde-div\">\r\n<div class=\"bde-rich-text-130-138 bde-rich-text breakdance-rich-text-styles\">\r\n\r\n&nbsp;\r\n\r\n<\/div>\r\n<\/div>\r\n<div class=\"bde-repeater-element-130-139 bde-repeater-element\">\r\n<div class=\"bde-loop bde-loop-list ee-posts bde-dynamic-repeater bde-dynamic-repeater-139 bde-dynamic-repeater-list\"><article class=\"bde-loop-item ee-post bde-dynamic-repeater-item\">\r\n<div class=\"bde-columns-170-104-1116-1-170-1 bde-columns bde-columns-170-104\">\r\n<div class=\"bde-column-170-105-1116-1-170-1 bde-column bde-column-170-105\">\r\n<div class=\"bde-image-170-100-1116-1-170-1 bde-image bde-image-170-100\">\r\n<figure class=\"breakdance-image breakdance-image--15045\">\r\n<div class=\"breakdance-image-container\"><\/div><\/figure>\r\n<\/div>\r\n<\/div>\r\n<\/div>\r\n<\/article><\/div>\r\n<\/div>\r\n<\/div>\r\n<\/div>\r\n<div class=\"bde-repeater-element-130-139 bde-repeater-element\">\r\n<div class=\"bde-loop bde-loop-list ee-posts bde-dynamic-repeater bde-dynamic-repeater-139 bde-dynamic-repeater-list\"><article class=\"bde-loop-item ee-post bde-dynamic-repeater-item\">\r\n<div class=\"bde-columns-170-104-959-1-170-1 bde-columns bde-columns-170-104\">\r\n<div class=\"bde-column-170-105-959-1-170-1 bde-column bde-column-170-105\">\r\n<div class=\"bde-image-170-100-959-1-170-1 bde-image bde-image-170-100\">\r\n<figure class=\"breakdance-image breakdance-image--15040\">\r\n<div class=\"breakdance-image-container\"><\/div><\/figure>\r\n<\/div>\r\n<\/div>\r\n<\/div>\r\n<\/article><\/div>\r\n<\/div>","items_benefits":null,"items_presentaciones":[{"title":"Oxispeed\u00ae Gel","description":"Estuche con envase de 50ml con jeringa dosificadora.","imagen":3727}],"description_ingredients":"<div class=\"bde-rich-text-130-203 bde-rich-text breakdance-rich-text-styles\">\r\n\r\n&nbsp;\r\n\r\n<\/div>\r\n<div class=\"bde-fancy-divider-130-154 bde-fancy-divider\">\r\n<div class=\"bde-fancy-divider__wrapper\"><\/div>\r\n<\/div>","items_ingredients":[{"title":"Jalea Real","description":""},{"title":"Aceite de Salm\u00f3n","description":""},{"title":"Beta-caroteno","description":""},{"title":"Vitaminas del grupo B (B1,B2,B5 y B6)","description":""},{"title":"\u00c1cido f\u00f3lico","description":""},{"title":"Germen de arroz","description":""},{"title":"Pulpa de tomate","description":""},{"title":"Yucca schidigera","description":""},{"title":"Biotina","description":""},{"title":"Vitamina E y Selenio","description":""},{"title":"Taurina","description":""}],"video":"","items_Instructions_for_use":[{"title":"Gatos","description":"0,5 ml\/d\u00eda"},{"title":"Gatos adultos","description":"1 ml\/d\u00eda"},{"title":"Perros","description":"<ul>\r\n \t<li><strong>De 5 kg de peso corporal:\u00a0<\/strong>\u00bd ml al d\u00eda.<\/li>\r\n \t<li><strong>De 5-10 kg de peso corporal:<\/strong>\u00a01 ml al d\u00eda.<\/li>\r\n \t<li><strong>De 10-15 kg de peso corporal:<\/strong>\u00a01 y \u00bd ml al d\u00eda.<\/li>\r\n \t<li><strong>De 15-20 kg de peso corporal:<\/strong>\u00a02 ml al d\u00eda.<\/li>\r\n \t<li><strong>De 20-25 kg de peso corporal:<\/strong>\u00a02 y \u00bd ml al d\u00eda.<\/li>\r\n \t<li><strong>De 25-30 kg de peso corporal:<\/strong>\u00a03 ml al d\u00eda.<\/li>\r\n \t<li><strong>De 30-35 kg de peso corporal:<\/strong>\u00a03 y \u00bd ml al d\u00eda.<\/li>\r\n \t<li><strong>Perros a partir de 35 kg de peso corporal:<\/strong>\u00a04 ml al d\u00eda.<\/li>\r\n<\/ul>"},{"title":"Hurones","description":"<article class=\"bde-loop-item ee-post bde-dynamic-repeater-item\">\r\n<div class=\"bde-columns-206-100-1025-4-206-4 bde-columns bde-columns-206-100\">\r\n<div class=\"bde-column-206-103-1025-4-206-4 bde-column bde-column-206-103\">\r\n<div class=\"bde-rich-text-206-104-1025-4-206-4 bde-rich-text bde-rich-text-206-104 breakdance-rich-text-styles\">\r\n\r\n0,2 ml\/d\u00eda\r\n\r\n<\/div>\r\n<\/div>\r\n<\/div>\r\n<\/article><article class=\"bde-loop-item ee-post bde-dynamic-repeater-item\">\r\n<div class=\"bde-columns-206-100-1025-5-206-4 bde-columns bde-columns-206-100\">\r\n<div class=\"bde-column-206-101-1025-5-206-4 bde-column bde-column-206-101\"><\/div>\r\n<\/div>\r\n<\/article>"},{"title":"Otras indicaciones","description":"V\u00eda Oral.\r\nMezclar con el alimento habitual.\r\nAl tratarse de un suplemento alimentario se podr\u00eda tomar de manera ininterrumpida."}],"image_banner_scientific_study_copiar":"","title_banner_scientific_study":"","description_banner_scientific_study":"","Scientific_study_banner":"","studies":null,"bibliografy_text":"","features":[{"image":1262,"title":"Sin prote\u00ednas de pollo"},{"image":1267,"title":"Sin colorantes"},{"image":1218,"title":"Agitar antes de usar"}],"ficha_tecnica":3726},"_links":{"self":[{"href":"https:\/\/beta.pharmadiet.com\/es\/wp-json\/wp\/v2\/product\/3725","targetHints":{"allow":["GET"]}}],"collection":[{"href":"https:\/\/beta.pharmadiet.com\/es\/wp-json\/wp\/v2\/product"}],"about":[{"href":"https:\/\/beta.pharmadiet.com\/es\/wp-json\/wp\/v2\/types\/product"}],"replies":[{"embeddable":true,"href":"https:\/\/beta.pharmadiet.com\/es\/wp-json\/wp\/v2\/comments?post=3725"}],"version-history":[{"count":8,"href":"https:\/\/beta.pharmadiet.com\/es\/wp-json\/wp\/v2\/product\/3725\/revisions"}],"predecessor-version":[{"id":5558,"href":"https:\/\/beta.pharmadiet.com\/es\/wp-json\/wp\/v2\/product\/3725\/revisions\/5558"}],"wp:featuredmedia":[{"embeddable":true,"href":"https:\/\/beta.pharmadiet.com\/es\/wp-json\/wp\/v2\/media\/3727"}],"wp:attachment":[{"href":"https:\/\/beta.pharmadiet.com\/es\/wp-json\/wp\/v2\/media?parent=3725"}],"wp:term":[{"taxonomy":"animal","embeddable":true,"href":"https:\/\/beta.pharmadiet.com\/es\/wp-json\/wp\/v2\/animal?post=3725"},{"taxonomy":"product_brand","embeddable":true,"href":"https:\/\/beta.pharmadiet.com\/es\/wp-json\/wp\/v2\/product_brand?post=3725"},{"taxonomy":"product_cat","embeddable":true,"href":"https:\/\/beta.pharmadiet.com\/es\/wp-json\/wp\/v2\/product_cat?post=3725"},{"taxonomy":"product_tag","embeddable":true,"href":"https:\/\/beta.pharmadiet.com\/es\/wp-json\/wp\/v2\/product_tag?post=3725"}],"curies":[{"name":"wp","href":"https:\/\/api.w.org\/{rel}","templated":true}]}}