{"id":3718,"date":"2025-08-05T16:01:01","date_gmt":"2025-08-05T14:01:01","guid":{"rendered":"https:\/\/beta.pharmadiet.com\/?post_type=product&#038;p=3718"},"modified":"2025-10-09T10:32:00","modified_gmt":"2025-10-09T08:32:00","slug":"oxispeed-comprimidos-suplemento-alimentario-energia","status":"publish","type":"product","link":"https:\/\/beta.pharmadiet.com\/es\/productos\/oxispeed-comprimidos-suplemento-alimentario-energia\/","title":{"rendered":"Oxispeed\u00ae Comprimidos"},"content":{"rendered":"<ul>\n<li>Sin prote\u00ednas de pollo<\/li>\n<li>Sin conservantes<\/li>\n<li>Modos de empleo adecuados al peso de la mascota<\/li>\n<li>Comprimidos f\u00e1cilmente divisibles<\/li>\n<\/ul>\n","protected":false},"excerpt":{"rendered":"<p>Alimento complementario a base de jalea real fresca, aceite de pescado, beta-caroteno, vitaminas del grupo B (B1, B2, B5 Y B6), \u00e1cido f\u00f3lico, germen de arroz, pulpa de tomate, yucca schidigera, biotina, vitamina E y selenio.<\/p>\n","protected":false},"featured_media":3719,"comment_status":"open","ping_status":"closed","template":"","meta":{"_acf_changed":false,"site-sidebar-layout":"default","site-content-layout":"","ast-site-content-layout":"default","site-content-style":"default","site-sidebar-style":"default","ast-global-header-display":"","ast-banner-title-visibility":"","ast-main-header-display":"","ast-hfb-above-header-display":"","ast-hfb-below-header-display":"","ast-hfb-mobile-header-display":"","site-post-title":"","ast-breadcrumbs-content":"","ast-featured-img":"","footer-sml-layout":"","theme-transparent-header-meta":"default","adv-header-id-meta":"","stick-header-meta":"","header-above-stick-meta":"","header-main-stick-meta":"","header-below-stick-meta":"","astra-migrate-meta-layouts":"set","ast-page-background-enabled":"default","ast-page-background-meta":{"desktop":{"background-color":"var(--ast-global-color-5)","background-image":"","background-repeat":"repeat","background-position":"center center","background-size":"auto","background-attachment":"scroll","background-type":"","background-media":"","overlay-type":"","overlay-color":"","overlay-opacity":"","overlay-gradient":""},"tablet":{"background-color":"","background-image":"","background-repeat":"repeat","background-position":"center center","background-size":"auto","background-attachment":"scroll","background-type":"","background-media":"","overlay-type":"","overlay-color":"","overlay-opacity":"","overlay-gradient":""},"mobile":{"background-color":"","background-image":"","background-repeat":"repeat","background-position":"center center","background-size":"auto","background-attachment":"scroll","background-type":"","background-media":"","overlay-type":"","overlay-color":"","overlay-opacity":"","overlay-gradient":""}},"ast-content-background-meta":{"desktop":{"background-color":"var(--ast-global-color-4)","background-image":"","background-repeat":"repeat","background-position":"center center","background-size":"auto","background-attachment":"scroll","background-type":"","background-media":"","overlay-type":"","overlay-color":"","overlay-opacity":"","overlay-gradient":""},"tablet":{"background-color":"var(--ast-global-color-4)","background-image":"","background-repeat":"repeat","background-position":"center center","background-size":"auto","background-attachment":"scroll","background-type":"","background-media":"","overlay-type":"","overlay-color":"","overlay-opacity":"","overlay-gradient":""},"mobile":{"background-color":"var(--ast-global-color-4)","background-image":"","background-repeat":"repeat","background-position":"center center","background-size":"auto","background-attachment":"scroll","background-type":"","background-media":"","overlay-type":"","overlay-color":"","overlay-opacity":"","overlay-gradient":""}}},"animal":[119],"product_brand":[],"product_cat":[22],"product_tag":[],"class_list":{"0":"post-3718","1":"product","2":"type-product","3":"status-publish","4":"has-post-thumbnail","6":"animal-perros","7":"product_cat-suplementos-energia-animales","8":"desktop-align-left","9":"tablet-align-left","10":"mobile-align-left","12":"first","13":"instock","14":"shipping-taxable","15":"product-type-simple"},"acf":{"title_indications":"","description_indication":"","items_indication":[{"imagen":3721,"title":"Cansancio en perros \u00bfpor qu\u00e9?","description":"El cansancio es algo normal en todas las mascotas cuando realizan ejercicio intenso, en perros de edad avanzada y en ciertas \u00e9pocas del a\u00f1o.\r\n\r\nLo que hablamos aqu\u00ed es de un cansancio inusual, donde se agota con m\u00e1s frecuencia, est\u00e1 presente la falta de apetito o cambia su comportamiento.\r\n\r\n<strong>Causas m\u00e1s comunes del cansancio en perros<\/strong>\r\n\r\n<strong>\u00a0<\/strong>Dejando fuera las mencionadas antes, que suelen relacionarse con una conducta normal, las causas de un cansancio inusual son:\r\n<ul>\r\n \t<li><strong>Problemas cardiacos:\u00a0<\/strong>Muchas enfermedades que derivan en insuficiencia cardiaca, cuando el coraz\u00f3n no bombea sangre de forma adecuada.<\/li>\r\n \t<li><strong>Gusano del coraz\u00f3n:\u00a0<\/strong>O filariosis canina, causada por un par\u00e1sito sangu\u00edneo a trav\u00e9s de la picadura de un mosquito.<\/li>\r\n \t<li><strong>Parvovirus y moquillo:\u00a0<\/strong>Dos problemas de salud relacionados con enfermedades v\u00edricas, que supone un problema especialmente en cachorros de centros de animales.<\/li>\r\n \t<li><strong>Problemas nutricionales.\u00a0<\/strong>Falta de hierro, B12 u otros nutrientes relacionados con la salud y energ\u00eda en diferentes animales.<\/li>\r\n<\/ul>"},{"imagen":3722,"title":"\u00bfQu\u00e9 hacer ante el cansancio en perros?","description":"La dieta, el ejercicio, la hidrataci\u00f3n y una correcta higiene del sue\u00f1o son claves para que el bienestar de los perros sea el mejor posible. Con esto y una rutina adecuada, el cansancio habitual ser\u00e1 el m\u00ednimo posible.\r\n\r\nUna visita al veterinario de confianza ayudar\u00e1 a determinar la causa y el tratamiento indicado ante un cansancio inusual. Puede ser requerido un an\u00e1lisis de sangre u otras pruebas de diagn\u00f3stico diferencial. Presta atenci\u00f3n si tu perro est\u00e1 aletargado de m\u00e1s."}],"title_beneficios":"","description_benefits":"","items_benefits":null,"items_presentaciones":[{"title":"Oxispeed\u00ae Comprimidos","description":"Estuche con 60 comprimidos, en bl\u00edster. Bl\u00edster de 10 comprimidos, f\u00e1cilmente divisibles para facilitar la toma.","imagen":3719}],"description_ingredients":"","items_ingredients":[{"title":"Jalea Real","description":""},{"title":"Aceite de pescado","description":""},{"title":"Beta-caroteno","description":""},{"title":"Vitaminas del grupo B (B1,B2,B5 y B6)","description":""},{"title":"\u00c1cido f\u00f3lico","description":""},{"title":"Germen de arroz","description":""},{"title":"Pulpa de tomate","description":""},{"title":"Yucca schidigera","description":""},{"title":"Biotina","description":""},{"title":"Vitamina E y Selenio","description":""}],"video":"","items_Instructions_for_use":[{"title":"Perros","description":"<ul>\r\n \t<li>1 comprimido al d\u00eda por cada 10kg de peso corporal al d\u00eda.<\/li>\r\n \t<li>A partir de 40 kg de peso: 4 comprimidos al d\u00eda.<\/li>\r\n<\/ul>"},{"title":"Otras indicaciones","description":"V\u00eda Oral.\r\nAl tratarse de un suplemento alimentario se podr\u00eda tomar de manera ininterrumpida."}],"image_banner_scientific_study_copiar":"","title_banner_scientific_study":"","description_banner_scientific_study":"","Scientific_study_banner":"","studies":null,"bibliografy_text":"","features":[{"image":1262,"title":"Sin prote\u00ednas de pollo"},{"image":1267,"title":"Sin conservantes"},{"image":1213,"title":"Comprimidos f\u00e1cilmente divisibles"}],"ficha_tecnica":3720},"_links":{"self":[{"href":"https:\/\/beta.pharmadiet.com\/es\/wp-json\/wp\/v2\/product\/3718","targetHints":{"allow":["GET"]}}],"collection":[{"href":"https:\/\/beta.pharmadiet.com\/es\/wp-json\/wp\/v2\/product"}],"about":[{"href":"https:\/\/beta.pharmadiet.com\/es\/wp-json\/wp\/v2\/types\/product"}],"replies":[{"embeddable":true,"href":"https:\/\/beta.pharmadiet.com\/es\/wp-json\/wp\/v2\/comments?post=3718"}],"version-history":[{"count":10,"href":"https:\/\/beta.pharmadiet.com\/es\/wp-json\/wp\/v2\/product\/3718\/revisions"}],"predecessor-version":[{"id":5565,"href":"https:\/\/beta.pharmadiet.com\/es\/wp-json\/wp\/v2\/product\/3718\/revisions\/5565"}],"wp:featuredmedia":[{"embeddable":true,"href":"https:\/\/beta.pharmadiet.com\/es\/wp-json\/wp\/v2\/media\/3719"}],"wp:attachment":[{"href":"https:\/\/beta.pharmadiet.com\/es\/wp-json\/wp\/v2\/media?parent=3718"}],"wp:term":[{"taxonomy":"animal","embeddable":true,"href":"https:\/\/beta.pharmadiet.com\/es\/wp-json\/wp\/v2\/animal?post=3718"},{"taxonomy":"product_brand","embeddable":true,"href":"https:\/\/beta.pharmadiet.com\/es\/wp-json\/wp\/v2\/product_brand?post=3718"},{"taxonomy":"product_cat","embeddable":true,"href":"https:\/\/beta.pharmadiet.com\/es\/wp-json\/wp\/v2\/product_cat?post=3718"},{"taxonomy":"product_tag","embeddable":true,"href":"https:\/\/beta.pharmadiet.com\/es\/wp-json\/wp\/v2\/product_tag?post=3718"}],"curies":[{"name":"wp","href":"https:\/\/api.w.org\/{rel}","templated":true}]}}