{"id":3712,"date":"2025-08-04T17:20:19","date_gmt":"2025-08-04T15:20:19","guid":{"rendered":"https:\/\/beta.pharmadiet.com\/?post_type=product&#038;p=3712"},"modified":"2025-10-09T10:39:01","modified_gmt":"2025-10-09T08:39:01","slug":"otinet-solucion-otica-oido-mascota","status":"publish","type":"product","link":"https:\/\/beta.pharmadiet.com\/es\/productos\/otinet-solucion-otica-oido-mascota\/","title":{"rendered":"Otinet\u00ae"},"content":{"rendered":"<ul>\n<li>pH 5,5 sin alcohol.<\/li>\n<li>No otot\u00f3xico<\/li>\n<li>No irritante.<\/li>\n<\/ul>\n","protected":false},"excerpt":{"rendered":"<p>Soluci\u00f3n \u00f3tica para la higiene del o\u00eddo externo. Soluci\u00f3n no oleosa pH 5,5 sin alcohol. Limpiador \u00f3tico no irritante.<\/p>\n","protected":false},"featured_media":3713,"comment_status":"open","ping_status":"closed","template":"","meta":{"_acf_changed":false,"site-sidebar-layout":"default","site-content-layout":"","ast-site-content-layout":"default","site-content-style":"default","site-sidebar-style":"default","ast-global-header-display":"","ast-banner-title-visibility":"","ast-main-header-display":"","ast-hfb-above-header-display":"","ast-hfb-below-header-display":"","ast-hfb-mobile-header-display":"","site-post-title":"","ast-breadcrumbs-content":"","ast-featured-img":"","footer-sml-layout":"","theme-transparent-header-meta":"default","adv-header-id-meta":"","stick-header-meta":"","header-above-stick-meta":"","header-main-stick-meta":"","header-below-stick-meta":"","astra-migrate-meta-layouts":"set","ast-page-background-enabled":"default","ast-page-background-meta":{"desktop":{"background-color":"var(--ast-global-color-5)","background-image":"","background-repeat":"repeat","background-position":"center center","background-size":"auto","background-attachment":"scroll","background-type":"","background-media":"","overlay-type":"","overlay-color":"","overlay-opacity":"","overlay-gradient":""},"tablet":{"background-color":"","background-image":"","background-repeat":"repeat","background-position":"center center","background-size":"auto","background-attachment":"scroll","background-type":"","background-media":"","overlay-type":"","overlay-color":"","overlay-opacity":"","overlay-gradient":""},"mobile":{"background-color":"","background-image":"","background-repeat":"repeat","background-position":"center center","background-size":"auto","background-attachment":"scroll","background-type":"","background-media":"","overlay-type":"","overlay-color":"","overlay-opacity":"","overlay-gradient":""}},"ast-content-background-meta":{"desktop":{"background-color":"var(--ast-global-color-4)","background-image":"","background-repeat":"repeat","background-position":"center center","background-size":"auto","background-attachment":"scroll","background-type":"","background-media":"","overlay-type":"","overlay-color":"","overlay-opacity":"","overlay-gradient":""},"tablet":{"background-color":"var(--ast-global-color-4)","background-image":"","background-repeat":"repeat","background-position":"center center","background-size":"auto","background-attachment":"scroll","background-type":"","background-media":"","overlay-type":"","overlay-color":"","overlay-opacity":"","overlay-gradient":""},"mobile":{"background-color":"var(--ast-global-color-4)","background-image":"","background-repeat":"repeat","background-position":"center center","background-size":"auto","background-attachment":"scroll","background-type":"","background-media":"","overlay-type":"","overlay-color":"","overlay-opacity":"","overlay-gradient":""}}},"animal":[149,117,118,119,150],"product_brand":[],"product_cat":[28],"product_tag":[278],"class_list":{"0":"post-3712","1":"product","2":"type-product","3":"status-publish","4":"has-post-thumbnail","6":"animal-conejos","7":"animal-gatos","8":"animal-hurones","9":"animal-perros","10":"animal-roedores","11":"product_cat-soluciones-oidos-animales","12":"product_tag-plantillab","13":"desktop-align-left","14":"tablet-align-left","15":"mobile-align-left","17":"first","18":"instock","19":"shipping-taxable","20":"product-type-simple"},"acf":{"title_indications":"","description_indication":"","items_indication":[{"imagen":3715,"title":"Cuidado del o\u00eddo en perros y gatos","description":"Los conductos auditivos de ciertos animales, como los perros, est\u00e1n dise\u00f1ados en forma de enredo para facilitar su funci\u00f3n, lo que, lamentablemente, puede dificultar la entrada de aire y la limpieza natural del o\u00eddo.\r\n\r\nRecuerda que el o\u00eddo externo corresponde a lo que conocemos como oreja y el interior hasta el t\u00edmpano, mientras que o\u00eddo interno es el encargado de mandar las se\u00f1ales nerviosas al cerebro.\r\n\r\nEs esencial llevar a cabo una limpieza de o\u00eddos regular para evitar que la cera se endurezca y afecte la audici\u00f3n, evitando tambi\u00e9n posibles infecciones de o\u00eddo. Hablamos, de limpiar los o\u00eddos externos. En cuanto a la frecuencia de limpieza, esta puede variar seg\u00fan cada animal. En caso de duda, siempre se recomienda consultar a un veterinario. Sin embargo, aqu\u00ed proporcionamos algunas pautas generales para tener un o\u00eddo sano y limpio:"},{"imagen":3716,"title":"Limpiezas peri\u00f3dicas seg\u00fan la raza y la actividad","description":"<strong>Limpieza rutinaria semanal o mensual:<\/strong>\r\n<ul>\r\n \t<li><strong>Perros de orejas largas o ca\u00eddas:<\/strong>\u00a0Razas como el Cocker Spaniel, Basset Hound y Golden Retriever son propensas al exceso de cerumen y suciedad en sus o\u00eddos. Se recomienda limpiar sus o\u00eddos cada semana o cada dos semanas.<\/li>\r\n \t<li><strong>Gatos de orejas peludas:<\/strong>\u00a0Si tienes un gato de orejas peludas, como un Maine Coon o un gato Persa, es importante inspeccionar sus o\u00eddos con regularidad y retirar la suciedad si esta se acumula.<\/li>\r\n<\/ul>\r\n<strong>Limpieza mensual o trimestral:<\/strong>\r\n<ul>\r\n \t<li><strong>Razas propensas a infecciones:<\/strong>\u00a0Algunas razas, como el Shar Pei y el Bulldog, tienen una mayor predisposici\u00f3n a las infecciones del conducto auditivo debido a la estructura de sus orejas. En estos casos, la limpieza mensual o trimestral puede ser necesaria.<\/li>\r\n \t<li><strong>Mascotas que pasan tiempo en el agua:<\/strong>\u00a0Si tu mascota disfruta de la nataci\u00f3n con frecuencia, es propensa a la acumulaci\u00f3n de humedad en el canal auditivo, lo que aumenta el riesgo de infecciones. En estos casos, se debe considerar la limpieza mensual.<\/li>\r\n<\/ul>\r\n<strong>Limpieza seg\u00fan las necesidades:<\/strong>\r\n\r\n<strong>Mascotas con orejas saludables:<\/strong>\u00a0Si tu mascota tiene orejas naturalmente limpias y no presenta signos de acumulaci\u00f3n de cera, suciedad o infecciones, es posible que no sea necesario limpiar sus o\u00eddos con regularidad. Sin embargo, siempre es recomendable inspeccionar sus o\u00eddos de manera ocasional para detectar cualquier problema potencial."}],"title_beneficios":"En qu\u00e9 ayuda Otinet\u00ae a la salud \u00f3tica de las mascotas","description_benefits":"Otinetl\u00ae proporciona nutrientes para:","items_benefits":[{"imagen":1233,"title":"Ayudar a mantener una higiene regular del pabell\u00f3n auricular y del conducto auditivo externo.","description":"Soluci\u00f3n limpiadora de uso externo"}],"items_presentaciones":[{"title":"Otinet\u00ae","description":"Botella con 125 ml de soluci\u00f3n.","imagen":3713}],"description_ingredients":"","items_ingredients":[{"title":"Agua de aceite esencial de Citrus medical limonum","description":"Ayuda a mantener una higiene saludable del conducto auditivo externo y del pabell\u00f3n auricular."}],"video":"","items_Instructions_for_use":[{"title":"Indicaciones","description":"V\u00eda \u00f3tica.\r\n\r\nAgitar el envase antes del uso. Presionando el envase. Aplicar Otinet\u00ae en el conducto auditivo externo, manteniendo el pabell\u00f3n auricular estirado.\r\n\r\nRealizar un ligero masaje en la base de la oreja para permitir la correcta distribuci\u00f3n del producto. Si es necesario, limpiar el interior del pabell\u00f3n auricular con un algod\u00f3n o una gasa est\u00e9ril."}],"image_banner_scientific_study_copiar":"","title_banner_scientific_study":"","description_banner_scientific_study":"","Scientific_study_banner":"","studies":null,"bibliografy_text":"","features":[{"image":1218,"title":"Agitar antes de usar"},{"image":1233,"title":"pH 5,5 sin alcohol"},{"image":1231,"title":"No oleoso"},{"image":1232,"title":"No irritante"}],"ficha_tecnica":3714},"_links":{"self":[{"href":"https:\/\/beta.pharmadiet.com\/es\/wp-json\/wp\/v2\/product\/3712","targetHints":{"allow":["GET"]}}],"collection":[{"href":"https:\/\/beta.pharmadiet.com\/es\/wp-json\/wp\/v2\/product"}],"about":[{"href":"https:\/\/beta.pharmadiet.com\/es\/wp-json\/wp\/v2\/types\/product"}],"replies":[{"embeddable":true,"href":"https:\/\/beta.pharmadiet.com\/es\/wp-json\/wp\/v2\/comments?post=3712"}],"version-history":[{"count":9,"href":"https:\/\/beta.pharmadiet.com\/es\/wp-json\/wp\/v2\/product\/3712\/revisions"}],"predecessor-version":[{"id":5572,"href":"https:\/\/beta.pharmadiet.com\/es\/wp-json\/wp\/v2\/product\/3712\/revisions\/5572"}],"wp:featuredmedia":[{"embeddable":true,"href":"https:\/\/beta.pharmadiet.com\/es\/wp-json\/wp\/v2\/media\/3713"}],"wp:attachment":[{"href":"https:\/\/beta.pharmadiet.com\/es\/wp-json\/wp\/v2\/media?parent=3712"}],"wp:term":[{"taxonomy":"animal","embeddable":true,"href":"https:\/\/beta.pharmadiet.com\/es\/wp-json\/wp\/v2\/animal?post=3712"},{"taxonomy":"product_brand","embeddable":true,"href":"https:\/\/beta.pharmadiet.com\/es\/wp-json\/wp\/v2\/product_brand?post=3712"},{"taxonomy":"product_cat","embeddable":true,"href":"https:\/\/beta.pharmadiet.com\/es\/wp-json\/wp\/v2\/product_cat?post=3712"},{"taxonomy":"product_tag","embeddable":true,"href":"https:\/\/beta.pharmadiet.com\/es\/wp-json\/wp\/v2\/product_tag?post=3712"}],"curies":[{"name":"wp","href":"https:\/\/api.w.org\/{rel}","templated":true}]}}