{"id":3704,"date":"2025-08-04T17:01:12","date_gmt":"2025-08-04T15:01:12","guid":{"rendered":"https:\/\/beta.pharmadiet.com\/?post_type=product&#038;p=3704"},"modified":"2025-10-09T10:49:26","modified_gmt":"2025-10-09T08:49:26","slug":"oscan-pienso-complementario-mascota-joven","status":"publish","type":"product","link":"https:\/\/beta.pharmadiet.com\/es\/productos\/oscan-pienso-complementario-mascota-joven\/","title":{"rendered":"Oscan\u00ae"},"content":{"rendered":"<p>OSCAN\u00ae aporta nutrientes de ayuda en huesos de r\u00e1pido crecimiento y los cart\u00edlagos articulares.<\/p>\n<ul>\n<li style=\"list-style-type: none;\">\n<ul>\n<li>Comprimido f\u00e1cilmente divisible<\/li>\n<li>Sin prote\u00ednas de Pollo<\/li>\n<li>Sin conservantes<\/li>\n<li>Sin az\u00facares<\/li>\n<li>Sin colorantes<\/li>\n<\/ul>\n<\/li>\n<\/ul>\n","protected":false},"excerpt":{"rendered":"<p>Alimento complementario con nutrientes que contribuyen al mantenimiento y desarrollo del tejido \u00f3seo, y del cart\u00edlago.<\/p>\n","protected":false},"featured_media":3705,"comment_status":"open","ping_status":"closed","template":"","meta":{"_acf_changed":false,"site-sidebar-layout":"default","site-content-layout":"","ast-site-content-layout":"default","site-content-style":"default","site-sidebar-style":"default","ast-global-header-display":"","ast-banner-title-visibility":"","ast-main-header-display":"","ast-hfb-above-header-display":"","ast-hfb-below-header-display":"","ast-hfb-mobile-header-display":"","site-post-title":"","ast-breadcrumbs-content":"","ast-featured-img":"","footer-sml-layout":"","theme-transparent-header-meta":"default","adv-header-id-meta":"","stick-header-meta":"","header-above-stick-meta":"","header-main-stick-meta":"","header-below-stick-meta":"","astra-migrate-meta-layouts":"set","ast-page-background-enabled":"default","ast-page-background-meta":{"desktop":{"background-color":"var(--ast-global-color-5)","background-image":"","background-repeat":"repeat","background-position":"center center","background-size":"auto","background-attachment":"scroll","background-type":"","background-media":"","overlay-type":"","overlay-color":"","overlay-opacity":"","overlay-gradient":""},"tablet":{"background-color":"","background-image":"","background-repeat":"repeat","background-position":"center center","background-size":"auto","background-attachment":"scroll","background-type":"","background-media":"","overlay-type":"","overlay-color":"","overlay-opacity":"","overlay-gradient":""},"mobile":{"background-color":"","background-image":"","background-repeat":"repeat","background-position":"center center","background-size":"auto","background-attachment":"scroll","background-type":"","background-media":"","overlay-type":"","overlay-color":"","overlay-opacity":"","overlay-gradient":""}},"ast-content-background-meta":{"desktop":{"background-color":"var(--ast-global-color-4)","background-image":"","background-repeat":"repeat","background-position":"center center","background-size":"auto","background-attachment":"scroll","background-type":"","background-media":"","overlay-type":"","overlay-color":"","overlay-opacity":"","overlay-gradient":""},"tablet":{"background-color":"var(--ast-global-color-4)","background-image":"","background-repeat":"repeat","background-position":"center center","background-size":"auto","background-attachment":"scroll","background-type":"","background-media":"","overlay-type":"","overlay-color":"","overlay-opacity":"","overlay-gradient":""},"mobile":{"background-color":"var(--ast-global-color-4)","background-image":"","background-repeat":"repeat","background-position":"center center","background-size":"auto","background-attachment":"scroll","background-type":"","background-media":"","overlay-type":"","overlay-color":"","overlay-opacity":"","overlay-gradient":""}}},"animal":[117,119],"product_brand":[],"product_cat":[20],"product_tag":[278],"class_list":{"0":"post-3704","1":"product","2":"type-product","3":"status-publish","4":"has-post-thumbnail","6":"animal-gatos","7":"animal-perros","8":"product_cat-suplementos-articulaciones-animales","9":"product_tag-plantillab","10":"desktop-align-left","11":"tablet-align-left","12":"mobile-align-left","14":"first","15":"instock","16":"shipping-taxable","17":"product-type-simple"},"acf":{"title_indications":"","description_indication":"","items_indication":[{"imagen":"","title":"Crecimiento Saludable en Cachorros: La Importancia del Cuidado \u00d3seo","description":"La fase de r\u00e1pido crecimiento en cachorros es crucial para su desarrollo \u00f3seo."},{"imagen":3396,"title":"","description":"Descuidarla puede llevar a problemas como:\r\n\r\n<strong>Raquitismo:<\/strong>\u00a0Esta afecci\u00f3n se desarrolla cuando los huesos no pueden mineralizarse adecuadamente debido a deficiencias en minerales esenciales como el calcio y el f\u00f3sforo. Como resultado, el crecimiento \u00f3seo se ve afectado, lo que puede dar lugar a deformidades \u00f3seas, dolencia articular degenerativa y un mayor riesgo de fracturas.\r\n\r\n<strong>Dolor y Limitaciones:<\/strong>\u00a0Esto no solo afecta a la calidad de vida del perro o gato, sino que tambi\u00e9n puede interferir en su capacidad para realizar actividades normales y disfrutar de su entorno.\r\n\r\n<strong>Desarrollo \u00d3seo Incompleto:<\/strong>\u00a0El crecimiento anormal de huesos y cart\u00edlagos en cachorros puede resultar en una estructura \u00f3sea subdesarrollada o malformada. Estas anomal\u00edas pueden tener implicaciones a largo plazo en su salud y bienestar general.\r\n\r\n<strong>Mayor Vulnerabilidad a Lesiones<\/strong>: Los cachorros con huesos y cart\u00edlagos d\u00e9biles son m\u00e1s susceptibles a lesiones, especialmente durante actividades f\u00edsicas intensas o juegos vigorosos. Estas lesiones pueden tener consecuencias a largo plazo en su salud y movilidad."},{"imagen":3391,"title":"","description":"En resumen, el cuidado \u00f3seo adecuado durante la fase de r\u00e1pido crecimiento en cachorros es esencial para garantizar un desarrollo saludable y prevenir problemas futuros. Consultar a tu veterinario de confianza es crucial para dise\u00f1ar una dieta y un plan de ejercicio adecuados para las necesidades espec\u00edficas de tu cachorro."}],"title_beneficios":"En qu\u00e9 ayuda este suplemento alimentario a la salud articular de tu mascota","description_benefits":"Aporta nutrientes de ayuda en huesos de r\u00e1pido crecimiento y los cart\u00edlagos articulares.","items_benefits":[{"imagen":1238,"title":"Ayuda a mantener un crecimiento \u00f3seo saludable","description":"Contribuye a mantener el desarrollo normal de estructuras \u00f3seas y cart\u00edlagos en cachorros durante fases de r\u00e1pido crecimiento, promoviendo un crecimiento adecuado."}],"items_presentaciones":[{"title":"OSCAN\u00ae","description":"Estuche con 60 comprimidos, en bl\u00edster. Bl\u00edster de 10 comprimidos, f\u00e1cilmente divisibles, para facilitar la toma. V\u00eda Oral.","imagen":3705}],"description_ingredients":"","items_ingredients":[{"title":"Col\u00e1geno hidrolizado enzim\u00e1ticamente","description":"Componente mayoritario y base estructural del cart\u00edlago hialino de las articulaciones, principal tejido afectado en procesos de degeneraci\u00f3n articular. El col\u00e1geno es conocido por mantener la integridad del cart\u00edlago y su funci\u00f3n es aportar flexibilidad, elasticidad y sost\u00e9n. La administraci\u00f3n en forma hidrolizada permite una mayor una mayor absorci\u00f3n, distribuci\u00f3n y acumulaci\u00f3n en el cart\u00edlago articular.\r\n\r\nEl col\u00e1geno hidrolizado es com\u00fanmente usado en la complementaci\u00f3n de pacientes con Osteoartritis y otros tipos de dolor articular. Numerosos estudios han demostrado que el tratamiento diario de perros artr\u00f3sicos con col\u00e1geno solo o en combinaci\u00f3n con glucosamina y condroitina aliviaba notablemente el dolor asociado a la artrosis.\r\n\r\n&nbsp;"},{"title":"Calcio<sup>1,2<\/sup>","description":"Mineral que el cuerpo necesita para el mantenimiento de los huesos en condiciones normales.\r\n<p class=\"p1\">El calcio y la vitamina D son nutrientes esenciales que desempe\u00f1an un papel clave en el desarrollo y la salud del esqueleto. El hueso es el principal dep\u00f3sito de calcio y su metabolismo es complejo y est\u00e1 interrelacionado con lo de la vitamina D.<\/p>"},{"title":"Vitamina D<sup>1,2<\/sup>","description":"Nutriente que contribuye a la absorci\u00f3n y utilizaci\u00f3n normal del calcio y del f\u00f3sforo y contribuye al proceso de divisi\u00f3n celular.\r\n<p class=\"p1\">La vitamina D desempe\u00f1a un papel clave en la remodelaci\u00f3n y el crecimiento \u00f3seos mediante la activaci\u00f3n de osteoblastos y osteoclastos.<\/p>\r\n<p class=\"p1\">Existen dos formas de vitamina D, el colecalciferol o vitamina D3, sintetizada en la piel de varios mam\u00edferos tras la exposici\u00f3n al sol, y el ergocalciferol o vitamina D2.<\/p>\r\n<p class=\"p1\">Los perros y los gatos, a diferencia de las dem\u00e1s especies de mam\u00edferos, son incapaces de realizar la s\u00edntesis cut\u00e1nea de vitamina D mediante la exposici\u00f3n al sol.<\/p>\r\n<p class=\"p1\">Un aporte diet\u00e9tico insuficiente o desequilibrado de estos nutrientes puede tener m\u00faltiples consecuencias negativas para la salud.<\/p>\r\n<p class=\"p1\">La deficiencia de vitamina D puede provocar hipocalcemia e hipofosfatemia y, en consecuencia, puede dar lugar a enfermedades \u00f3seas caracterizadas por una mineralizaci\u00f3n \u00f3sea deficiente asociada al raquitismo o a la osteomalacia.<\/p>"},{"title":"\u00c1cido f\u00f3lico<sup>3<\/sup>","description":"De la familia de vitaminas del grupo B, contribuye al proceso de divisi\u00f3n celular y ayuda a disminuir el cansancio y la fatiga ."},{"title":"Vitamina C<sup>4<\/sup>","description":"Por su capacidad antioxidante ayuda a mantener el sistema musculoesquel\u00e9tico.\r\nAdem\u00e1s, contribuye a la formaci\u00f3n normal de col\u00e1geno para el funcionamiento normal de los huesos, cart\u00edlagos y articulaciones."}],"video":"","items_Instructions_for_use":[{"title":"Perros","description":"V\u00eda Oral\r\n<ul>\r\n \t<li>Hasta 10 kg de peso corporal: 1 comprimido al d\u00eda.<\/li>\r\n \t<li>De 10-20 kg de peso corporal: 2 comprimidos al d\u00eda.<\/li>\r\n \t<li>De 20-30 kg de peso corporal: 3 comprimidos al d\u00eda.<\/li>\r\n \t<li>A partir de 30 kg de peso corporal: 4 comprimidos al d\u00eda.<\/li>\r\n<\/ul>"},{"title":"Gatos","description":"V\u00eda oral\r\n\r\n\u00bd comprimido al d\u00eda."}],"image_banner_scientific_study_copiar":"","title_banner_scientific_study":"","description_banner_scientific_study":"","Scientific_study_banner":"","studies":null,"bibliografy_text":"1. Jonathan Stockman, DVMa , Cecilia Villaverde, BVSc, PhDb , Ronald Jan Corbee, DVM, PhDc, Calcium, Phosphorus, and Vitamin D in Dogs and Cats, Beyond the Bones, Vet Clin Small Anim 51 (2021) 623\u2013634;\r\n2. Hesta, M., Ottermans, C., Krammer-Lukas, S., Zentek, J., Hellweg, P., Buyse, J. and Janssens, G.P.J. (2009), The effect of vitamin C supplementation in healthy dogs on antioxidative capacity and immune parameters. Journal of Animal Physiology and Animal Nutrition, 93: 26-34.\r\n3. EFSA NDA Panel (EFSA Panel on Dietetic Products, Nutrition and Allergies) , 2014. Scientific Opinion on Dietary Reference Values for folate. EFSA Journal 2014;12(11):3893, 59\u2009pp. 10.2903\/j.efsa.2014.3893\r\n4. Boyera N, Galey I, Bernard BA. Effect of vitamin C and its derivatives on collagen synthesis and cross-linking by normal human fibroblasts. Int J Cosmet Sci. 1998 Jun;20(3):151-8. doi: 10.1046\/j.1467-2494.1998.171747.x. PMID: 18505499.","features":[{"image":1262,"title":"Sin prote\u00ednas de pollo"},{"image":1267,"title":"Sin conservantes"},{"image":1213,"title":"Comprimido f\u00e1cilmente divisible"},{"image":1217,"title":"Sin Az\u00facares"},{"image":1267,"title":"Sin colorantes"}],"ficha_tecnica":3709},"_links":{"self":[{"href":"https:\/\/beta.pharmadiet.com\/es\/wp-json\/wp\/v2\/product\/3704","targetHints":{"allow":["GET"]}}],"collection":[{"href":"https:\/\/beta.pharmadiet.com\/es\/wp-json\/wp\/v2\/product"}],"about":[{"href":"https:\/\/beta.pharmadiet.com\/es\/wp-json\/wp\/v2\/types\/product"}],"replies":[{"embeddable":true,"href":"https:\/\/beta.pharmadiet.com\/es\/wp-json\/wp\/v2\/comments?post=3704"}],"version-history":[{"count":14,"href":"https:\/\/beta.pharmadiet.com\/es\/wp-json\/wp\/v2\/product\/3704\/revisions"}],"predecessor-version":[{"id":5580,"href":"https:\/\/beta.pharmadiet.com\/es\/wp-json\/wp\/v2\/product\/3704\/revisions\/5580"}],"wp:featuredmedia":[{"embeddable":true,"href":"https:\/\/beta.pharmadiet.com\/es\/wp-json\/wp\/v2\/media\/3705"}],"wp:attachment":[{"href":"https:\/\/beta.pharmadiet.com\/es\/wp-json\/wp\/v2\/media?parent=3704"}],"wp:term":[{"taxonomy":"animal","embeddable":true,"href":"https:\/\/beta.pharmadiet.com\/es\/wp-json\/wp\/v2\/animal?post=3704"},{"taxonomy":"product_brand","embeddable":true,"href":"https:\/\/beta.pharmadiet.com\/es\/wp-json\/wp\/v2\/product_brand?post=3704"},{"taxonomy":"product_cat","embeddable":true,"href":"https:\/\/beta.pharmadiet.com\/es\/wp-json\/wp\/v2\/product_cat?post=3704"},{"taxonomy":"product_tag","embeddable":true,"href":"https:\/\/beta.pharmadiet.com\/es\/wp-json\/wp\/v2\/product_tag?post=3704"}],"curies":[{"name":"wp","href":"https:\/\/api.w.org\/{rel}","templated":true}]}}