{"id":3681,"date":"2025-08-04T16:29:54","date_gmt":"2025-08-04T14:29:54","guid":{"rendered":"https:\/\/beta.pharmadiet.com\/?post_type=product&#038;p=3681"},"modified":"2025-10-09T11:12:45","modified_gmt":"2025-10-09T09:12:45","slug":"lagrinet-neo-solucion-hidratante-ocular-para-animales-de-compania","status":"publish","type":"product","link":"https:\/\/beta.pharmadiet.com\/es\/productos\/lagrinet-neo-solucion-hidratante-ocular-para-animales-de-compania\/","title":{"rendered":"Lagrinet\u00ae Neo"},"content":{"rendered":"<p>Lagrinet\u00ae Neo es una soluci\u00f3n lubricante y humectante que act\u00faa como l\u00e1grima artificial.<\/p>\n<ul>\n<li>Soluci\u00f3n Est\u00e9ril<\/li>\n<li>3 meses de uso despu\u00e9s de apertura.<\/li>\n<li>Sistema multidosis OSD.<\/li>\n<li>Uso continuo<\/li>\n<\/ul>\n","protected":false},"excerpt":{"rendered":"<p>Soluci\u00f3n hidratante. Producto para la higiene y el cuidado ocular.<\/p>\n","protected":false},"featured_media":3682,"comment_status":"open","ping_status":"closed","template":"","meta":{"_acf_changed":false,"site-sidebar-layout":"default","site-content-layout":"","ast-site-content-layout":"default","site-content-style":"default","site-sidebar-style":"default","ast-global-header-display":"","ast-banner-title-visibility":"","ast-main-header-display":"","ast-hfb-above-header-display":"","ast-hfb-below-header-display":"","ast-hfb-mobile-header-display":"","site-post-title":"","ast-breadcrumbs-content":"","ast-featured-img":"","footer-sml-layout":"","theme-transparent-header-meta":"default","adv-header-id-meta":"","stick-header-meta":"","header-above-stick-meta":"","header-main-stick-meta":"","header-below-stick-meta":"","astra-migrate-meta-layouts":"set","ast-page-background-enabled":"default","ast-page-background-meta":{"desktop":{"background-color":"var(--ast-global-color-5)","background-image":"","background-repeat":"repeat","background-position":"center center","background-size":"auto","background-attachment":"scroll","background-type":"","background-media":"","overlay-type":"","overlay-color":"","overlay-opacity":"","overlay-gradient":""},"tablet":{"background-color":"","background-image":"","background-repeat":"repeat","background-position":"center center","background-size":"auto","background-attachment":"scroll","background-type":"","background-media":"","overlay-type":"","overlay-color":"","overlay-opacity":"","overlay-gradient":""},"mobile":{"background-color":"","background-image":"","background-repeat":"repeat","background-position":"center center","background-size":"auto","background-attachment":"scroll","background-type":"","background-media":"","overlay-type":"","overlay-color":"","overlay-opacity":"","overlay-gradient":""}},"ast-content-background-meta":{"desktop":{"background-color":"var(--ast-global-color-4)","background-image":"","background-repeat":"repeat","background-position":"center center","background-size":"auto","background-attachment":"scroll","background-type":"","background-media":"","overlay-type":"","overlay-color":"","overlay-opacity":"","overlay-gradient":""},"tablet":{"background-color":"var(--ast-global-color-4)","background-image":"","background-repeat":"repeat","background-position":"center center","background-size":"auto","background-attachment":"scroll","background-type":"","background-media":"","overlay-type":"","overlay-color":"","overlay-opacity":"","overlay-gradient":""},"mobile":{"background-color":"var(--ast-global-color-4)","background-image":"","background-repeat":"repeat","background-position":"center center","background-size":"auto","background-attachment":"scroll","background-type":"","background-media":"","overlay-type":"","overlay-color":"","overlay-opacity":"","overlay-gradient":""}}},"animal":[223,151,149,117,118,119,120,150],"product_brand":[],"product_cat":[30],"product_tag":[279],"class_list":{"0":"post-3681","1":"product","2":"type-product","3":"status-publish","4":"has-post-thumbnail","6":"animal-aves","7":"animal-caballos","8":"animal-conejos","9":"animal-gatos","10":"animal-hurones","11":"animal-perros","12":"animal-reptiles","13":"animal-roedores","14":"product_cat-suplementos-soluciones-ojos-animales","15":"product_tag-plantillac","16":"desktop-align-left","17":"tablet-align-left","18":"mobile-align-left","20":"first","21":"instock","22":"shipping-taxable","23":"product-type-simple"},"acf":{"title_indications":"","description_indication":"","items_indication":[{"imagen":"","title":"Ojos secos en perros y otras mascotas: Problemas y Cuidados","description":"La hiposecreci\u00f3n lagrimal es un t\u00e9rmino m\u00e9dico que se refiere a un problema en el cual los ojos de un perro o un gato no producen suficientes l\u00e1grimas. Las l\u00e1grimas son l\u00edquidos especiales que mantienen los ojos h\u00famedos y saludables. Son esenciales para la salud ocular y la comodidad de nuestras mascotas."},{"imagen":3684,"title":"Problemas asociados a los ojos secos en perros, gatos y otros animales","description":"Cuando un perro o un gato tiene hiposecreci\u00f3n lagrimal (s\u00edndrome del ojo seco), puede experimentar varios problemas:\r\n\r\n<strong>Ojos secos e irritados<\/strong>: La falta de l\u00e1grimas puede hacer que los ojos se sientan secos e inc\u00f3modos. Esto puede llevar a picaz\u00f3n, ardor y a tener los ojos rojos\r\n\r\n<strong>Mayor susceptibilidad a infecciones<\/strong>: Las l\u00e1grimas no solo mantienen los ojos h\u00famedos, sino que tambi\u00e9n ayudan a protegerlos contra infecciones oculares.\r\n\r\n<strong>Visi\u00f3n borrosa:<\/strong>\u00a0La falta de l\u00e1grimas puede causar que tu mascota tenga dificultades para ver claramente."},{"imagen":3685,"title":"","description":"<strong>Da\u00f1o a la superficie ocular<\/strong>: Con el tiempo, la hiposecreci\u00f3n lagrimal puede da\u00f1ar la superficie del ojo, lo que puede ser doloroso y llevar a problemas m\u00e1s graves.\r\n\r\nSi notas que tu perro o gato tiene ojos rojos, secos o irritados, es importante llevarlo al veterinario. El veterinario puede realizar un examen ocular y recomendar el tratamiento adecuado, que podr\u00eda incluir suero fisiol\u00f3gico, lagrimas artificiales o medicamentos para ayudar a mantener los ojos de tu mascota saludables y c\u00f3modos."}],"title_beneficios":"En qu\u00e9 ayuda Lagrinet Neo a la salud ocular de tus mascotas:","description_benefits":"Lagrinet\u00ae Neo es una soluci\u00f3n lubricante y humectante que act\u00faa como l\u00e1grima artificial. Ayudando a:\r\n","items_benefits":[{"imagen":1242,"title":"Mantener la integridad de la superficie conjuntival","description":"Gracias a su acci\u00f3n film\u00f3gena y su ausencia de conservantes evita los efectos nocivos derivados de su uso sobre el epitelio corneal, permitiendo una mayor frecuencia en las aplicaciones y mejorando con ello los resultados a largo plazo."},{"imagen":3481,"title":"Mantener la hidrataci\u00f3n y lubricaci\u00f3n del ojo","description":"Gracias a su soluci\u00f3n lubricante y humectante que act\u00faa como lagrima artificial."},{"imagen":3492,"title":"Proteger la superficie del ojo","description":"Frente a las irritaciones producidas por cuerpos extra\u00f1os o por contacto con alergenos."}],"items_presentaciones":[{"title":"Lagrinet\u00ae Neo","description":"Envase OSD multidosis de 10 ml de soluci\u00f3n est\u00e9ril hipoosmolar. Gracias a su dosificador OSD se mantiene la esterilidad y se evita la contaminaci\u00f3n del producto del interior del envase.","imagen":3682}],"description_ingredients":"","items_ingredients":[{"title":"\u00c1cido hialur\u00f3nico","description":"Es un glucosaminoglicano viscoel\u00e1stico que, gracias a su gran capacidad para retener agua, contrarresta la sequedad ocular proporcionando hidrataci\u00f3n y lubricaci\u00f3n duradera a la superficie de la conjuntiva y al epitelio corneal y permitiendo una mayor adhesi\u00f3n de la pel\u00edcula lagrimal. Adem\u00e1s, ejerce una acci\u00f3n film\u00f3gena protectora frente a cuerpos extra\u00f1os, como el polvo y la suciedad del suelo, as\u00ed como frente al contacto con al\u00e9rgenos."},{"title":"\r\nAgua destilada de Aloe vera\r\n","description":"\r\nConocida por sus propiedades hidratantes, emolientes y cicatrizantes de peque\u00f1as heridas.\r\n"},{"title":"\r\nAgua destilada de Centella asiatica\r\n","description":"Ayuda a promover la curaci\u00f3n de las heridas del epitelio corneal."}],"video":"","items_Instructions_for_use":[{"title":"Generales","description":"Uso externo.\r\n<strong>Abrir el frasco y aplicar 1 gota sobre la superficie de cada ojo presionando el envase. *<\/strong>\r\nUna vez abierto, puede utilizarse hasta 3 meses, gracias al sistema multidosis OSD.\r\nEvitar el contacto del aplicador con cualquier superficie.\r\nUso continuo.\r\nPuede utilizarse con la frecuencia que sea necesaria, ya que no contiene conservantes."}],"image_banner_scientific_study_copiar":"","title_banner_scientific_study":"","description_banner_scientific_study":"","Scientific_study_banner":"","studies":null,"bibliografy_text":"","features":null,"ficha_tecnica":3683},"_links":{"self":[{"href":"https:\/\/beta.pharmadiet.com\/es\/wp-json\/wp\/v2\/product\/3681","targetHints":{"allow":["GET"]}}],"collection":[{"href":"https:\/\/beta.pharmadiet.com\/es\/wp-json\/wp\/v2\/product"}],"about":[{"href":"https:\/\/beta.pharmadiet.com\/es\/wp-json\/wp\/v2\/types\/product"}],"replies":[{"embeddable":true,"href":"https:\/\/beta.pharmadiet.com\/es\/wp-json\/wp\/v2\/comments?post=3681"}],"version-history":[{"count":9,"href":"https:\/\/beta.pharmadiet.com\/es\/wp-json\/wp\/v2\/product\/3681\/revisions"}],"predecessor-version":[{"id":5597,"href":"https:\/\/beta.pharmadiet.com\/es\/wp-json\/wp\/v2\/product\/3681\/revisions\/5597"}],"wp:featuredmedia":[{"embeddable":true,"href":"https:\/\/beta.pharmadiet.com\/es\/wp-json\/wp\/v2\/media\/3682"}],"wp:attachment":[{"href":"https:\/\/beta.pharmadiet.com\/es\/wp-json\/wp\/v2\/media?parent=3681"}],"wp:term":[{"taxonomy":"animal","embeddable":true,"href":"https:\/\/beta.pharmadiet.com\/es\/wp-json\/wp\/v2\/animal?post=3681"},{"taxonomy":"product_brand","embeddable":true,"href":"https:\/\/beta.pharmadiet.com\/es\/wp-json\/wp\/v2\/product_brand?post=3681"},{"taxonomy":"product_cat","embeddable":true,"href":"https:\/\/beta.pharmadiet.com\/es\/wp-json\/wp\/v2\/product_cat?post=3681"},{"taxonomy":"product_tag","embeddable":true,"href":"https:\/\/beta.pharmadiet.com\/es\/wp-json\/wp\/v2\/product_tag?post=3681"}],"curies":[{"name":"wp","href":"https:\/\/api.w.org\/{rel}","templated":true}]}}