{"id":3650,"date":"2025-07-31T16:59:07","date_gmt":"2025-07-31T14:59:07","guid":{"rendered":"https:\/\/beta.pharmadiet.com\/?post_type=product&#038;p=3650"},"modified":"2025-10-09T11:29:57","modified_gmt":"2025-10-09T09:29:57","slug":"lacristal-neo-solucion-ocular-mascotas","status":"publish","type":"product","link":"https:\/\/beta.pharmadiet.com\/es\/productos\/lacristal-neo-solucion-ocular-mascotas\/","title":{"rendered":"Lacristal\u00ae Neo"},"content":{"rendered":"<p>Lacristal\u00ae Neo es una soluci\u00f3n ocular. Su f\u00f3rmula equilibrada limpia la zona ocular sin provocar irritaci\u00f3n, protegi\u00e9ndola de la acci\u00f3n nociva de los contaminantes externos.<\/p>\n<ul>\n<li>Soluci\u00f3n Est\u00e9ril<\/li>\n<li>3 meses de uso despu\u00e9s de apertura.<\/li>\n<li>Sistema multidosis OSD.<\/li>\n<li>Uso continuo<\/li>\n<\/ul>\n","protected":false},"excerpt":{"rendered":"<p>Soluci\u00f3n ocular. Su f\u00f3rmula equilibrada limpia la zona ocular sin provocar irritaci\u00f3n, protegi\u00e9ndola de la acci\u00f3n nociva de los contaminantes externos.<\/p>\n","protected":false},"featured_media":3651,"comment_status":"open","ping_status":"closed","template":"","meta":{"_acf_changed":false,"site-sidebar-layout":"default","site-content-layout":"","ast-site-content-layout":"default","site-content-style":"default","site-sidebar-style":"default","ast-global-header-display":"","ast-banner-title-visibility":"","ast-main-header-display":"","ast-hfb-above-header-display":"","ast-hfb-below-header-display":"","ast-hfb-mobile-header-display":"","site-post-title":"","ast-breadcrumbs-content":"","ast-featured-img":"","footer-sml-layout":"","theme-transparent-header-meta":"default","adv-header-id-meta":"","stick-header-meta":"","header-above-stick-meta":"","header-main-stick-meta":"","header-below-stick-meta":"","astra-migrate-meta-layouts":"set","ast-page-background-enabled":"default","ast-page-background-meta":{"desktop":{"background-color":"var(--ast-global-color-5)","background-image":"","background-repeat":"repeat","background-position":"center center","background-size":"auto","background-attachment":"scroll","background-type":"","background-media":"","overlay-type":"","overlay-color":"","overlay-opacity":"","overlay-gradient":""},"tablet":{"background-color":"","background-image":"","background-repeat":"repeat","background-position":"center center","background-size":"auto","background-attachment":"scroll","background-type":"","background-media":"","overlay-type":"","overlay-color":"","overlay-opacity":"","overlay-gradient":""},"mobile":{"background-color":"","background-image":"","background-repeat":"repeat","background-position":"center center","background-size":"auto","background-attachment":"scroll","background-type":"","background-media":"","overlay-type":"","overlay-color":"","overlay-opacity":"","overlay-gradient":""}},"ast-content-background-meta":{"desktop":{"background-color":"var(--ast-global-color-4)","background-image":"","background-repeat":"repeat","background-position":"center center","background-size":"auto","background-attachment":"scroll","background-type":"","background-media":"","overlay-type":"","overlay-color":"","overlay-opacity":"","overlay-gradient":""},"tablet":{"background-color":"var(--ast-global-color-4)","background-image":"","background-repeat":"repeat","background-position":"center center","background-size":"auto","background-attachment":"scroll","background-type":"","background-media":"","overlay-type":"","overlay-color":"","overlay-opacity":"","overlay-gradient":""},"mobile":{"background-color":"var(--ast-global-color-4)","background-image":"","background-repeat":"repeat","background-position":"center center","background-size":"auto","background-attachment":"scroll","background-type":"","background-media":"","overlay-type":"","overlay-color":"","overlay-opacity":"","overlay-gradient":""}}},"animal":[117,119,150],"product_brand":[],"product_cat":[30],"product_tag":[279],"class_list":{"0":"post-3650","1":"product","2":"type-product","3":"status-publish","4":"has-post-thumbnail","6":"animal-gatos","7":"animal-perros","8":"animal-roedores","9":"product_cat-suplementos-soluciones-ojos-animales","10":"product_tag-plantillac","11":"desktop-align-left","12":"tablet-align-left","13":"mobile-align-left","15":"first","16":"instock","17":"shipping-taxable","18":"product-type-simple"},"acf":{"title_indications":"Las cataratas en perros y gatos: \u00bfQu\u00e9 debes saber?","description_indication":"Las cataratas son una opacidad parcial o total del cristalino del ojo, que causa la p\u00e9rdida de visi\u00f3n. Siendo una condici\u00f3n ocular com\u00fan tanto en perros como en gatos, y pueden afectar su calidad de vida.","items_indication":[{"imagen":3653,"title":"Causas de las cataratas en perros y gatos","description":"<ul>\r\n \t<li><strong>Envejecimiento:\u00a0<\/strong>la edad es la causa m\u00e1s com\u00fan, por lo que las cataratas seniles son habituales en perros y gatos mayores.<strong>Herencia:\u00a0<\/strong>Algunas razas tienen una predisposici\u00f3n gen\u00e9tica a desarrollar cataratas (lo que se denominan cataratas hereditarias), como el Yorkshire Terrier o el Bich\u00f3n Malt\u00e9s. Incluso algunos nacen con ellas debido a factores gen\u00e9ticos.<strong>Lesiones o traumatismos:\u00a0<\/strong>Un golpe en el ojo o una lesi\u00f3n ocular afectan al cristalino, lo que puede causar cataratas.\r\n\r\n<strong>Enfermedades subyacentes<\/strong>: Ciertas enfermedades, como la diabetes, pueden aumentar el riesgo de cataratas.<\/li>\r\n<\/ul>"},{"imagen":3654,"title":"S\u00edntomas de las cataratas en perros y gatos:","description":"Los efectos de las cataratas en mascotas que m\u00e1s afectan a su calidad de vida pueden incluir:\r\n<ul>\r\n \t<li>Opacidad del ojo.<\/li>\r\n \t<li>Cambios en la apariencia del ojo, como un color blanquecino o gris\u00e1ceo.<\/li>\r\n \t<li>P\u00e9rdida de visi\u00f3n, especialmente dificultad para ver en condiciones de poca luz.<\/li>\r\n \t<li>Cambios en el comportamiento, como choques con objetos o dificultad para encontrar juguetes o comida.<\/li>\r\n \t<li>Parpadeo frecuente o aumento de la producci\u00f3n de l\u00e1grimas.<\/li>\r\n<\/ul>\r\nSi sospechas que tu animal de compa\u00f1\u00eda puede estar desarrollando cataratas, no dudes en consultar a un veterinario oftalm\u00f3logo para obtener un diagn\u00f3stico preciso y discutir las opciones de tratamiento disponibles."}],"title_beneficios":"En qu\u00e9 ayuda Lacristal \u00ae Neo a la salud ocular de tus mascotas:","description_benefits":"Lagrinet\u00ae Neo es una soluci\u00f3n ocular. Su f\u00f3rmula equilibrada limpia la zona ocular sin provocar irritaci\u00f3n, protegi\u00e9ndola de la acci\u00f3n nociva de los contaminantes externos.\r\n\r\nAyudando a:\r\n\r\n","items_benefits":[{"imagen":1250,"title":"La prevenci\u00f3n de procesos oxidativos:","description":"Que pueden dar lugar a alteraciones de las estructuras oculares como el cristalino.\r\n\r\n"},{"imagen":1242,"title":"El mantenimiento y la limpieza ocular:","description":"Gracias a su f\u00f3rmula equilibrada limpia la zona ocular sin provocar irritaci\u00f3n."},{"imagen":3492,"title":"Proteger la superficie del ojo","description":"Frente a la acci\u00f3n nociva de los contaminantes externos.\r\n"}],"items_presentaciones":[{"title":"Lacristal\u00ae Neo","description":"Envase OSD multidosis de 10 ml de soluci\u00f3n est\u00e9ril hipoosmolar. Gracias a su dosificador OSD se mantiene la esterilidad y se evita la contaminaci\u00f3n del producto del interior del envase evitando la inclusi\u00f3n de conservantes en la formulaci\u00f3n.\r\n\r\n","imagen":3651}],"description_ingredients":"\r\nSoluci\u00f3n ocular con una f\u00f3rmula equilibrada que limpia la zona ocular sin provocar irritaci\u00f3n, protegi\u00e9ndola de la acci\u00f3n nociva de los contaminantes externos.\r\n\r\n","items_ingredients":[{"title":"N-Acetil- Carnosina (NAC)","description":"\r\nConocido por sus propiedades antioxidante que protege a los l\u00edpidos de las membranas y a las prote\u00ednas de las estructuras oculares como el cristalino.\r\n"},{"title":"\r\nExtracto de Vaccinium myrtillus\r\n","description":"<span style=\"font-size: 16px;\">Conocido por sus propiedades antioxidantes y vasoprotectoras.<\/span>"},{"title":"\r\nSulfato de Condroitina\r\n\r\n","description":"\r\n<span style=\"font-size: 16px;\">Aporta propiedades viscoel\u00e1stica e hidratantes a la soluci\u00f3n.<\/span>\r\n\r\n"}],"video":"","items_Instructions_for_use":[{"title":"Generales","description":"Uso externo.\r\n\r\nAbrir el frasco y aplicar 1 gota sobre la superficie de cada ojo presionando el envase.\r\n\r\nUna vez abierto, puede utilizarse hasta 3 meses, gracias al sistema multidosis OSD.\r\n\r\nEvitar el contacto del aplicador con cualquier superficie.\r\n\r\nUso continuo.\r\n\r\nPuede utilizarse con la frecuencia que sea necesaria, ya que no contiene conservantes."}],"image_banner_scientific_study_copiar":"","title_banner_scientific_study":"","description_banner_scientific_study":"","Scientific_study_banner":"","studies":null,"bibliografy_text":"","features":[{"image":1226,"title":"Soluci\u00f3n est\u00e9ril"},{"image":1215,"title":"3 meses de uso despu\u00e9s de apertura"},{"image":1267,"title":"Sin colorantes"}],"ficha_tecnica":3652},"_links":{"self":[{"href":"https:\/\/beta.pharmadiet.com\/es\/wp-json\/wp\/v2\/product\/3650","targetHints":{"allow":["GET"]}}],"collection":[{"href":"https:\/\/beta.pharmadiet.com\/es\/wp-json\/wp\/v2\/product"}],"about":[{"href":"https:\/\/beta.pharmadiet.com\/es\/wp-json\/wp\/v2\/types\/product"}],"replies":[{"embeddable":true,"href":"https:\/\/beta.pharmadiet.com\/es\/wp-json\/wp\/v2\/comments?post=3650"}],"version-history":[{"count":10,"href":"https:\/\/beta.pharmadiet.com\/es\/wp-json\/wp\/v2\/product\/3650\/revisions"}],"predecessor-version":[{"id":5612,"href":"https:\/\/beta.pharmadiet.com\/es\/wp-json\/wp\/v2\/product\/3650\/revisions\/5612"}],"wp:featuredmedia":[{"embeddable":true,"href":"https:\/\/beta.pharmadiet.com\/es\/wp-json\/wp\/v2\/media\/3651"}],"wp:attachment":[{"href":"https:\/\/beta.pharmadiet.com\/es\/wp-json\/wp\/v2\/media?parent=3650"}],"wp:term":[{"taxonomy":"animal","embeddable":true,"href":"https:\/\/beta.pharmadiet.com\/es\/wp-json\/wp\/v2\/animal?post=3650"},{"taxonomy":"product_brand","embeddable":true,"href":"https:\/\/beta.pharmadiet.com\/es\/wp-json\/wp\/v2\/product_brand?post=3650"},{"taxonomy":"product_cat","embeddable":true,"href":"https:\/\/beta.pharmadiet.com\/es\/wp-json\/wp\/v2\/product_cat?post=3650"},{"taxonomy":"product_tag","embeddable":true,"href":"https:\/\/beta.pharmadiet.com\/es\/wp-json\/wp\/v2\/product_tag?post=3650"}],"curies":[{"name":"wp","href":"https:\/\/api.w.org\/{rel}","templated":true}]}}