{"id":3643,"date":"2025-07-31T16:49:17","date_gmt":"2025-07-31T14:49:17","guid":{"rendered":"https:\/\/beta.pharmadiet.com\/?post_type=product&#038;p=3643"},"modified":"2025-10-09T11:34:12","modified_gmt":"2025-10-09T09:34:12","slug":"ircvet-gel-pienso-complementario-para-el-mantenimiento-del-sistema-renal","status":"publish","type":"product","link":"https:\/\/beta.pharmadiet.com\/es\/productos\/ircvet-gel-pienso-complementario-para-el-mantenimiento-del-sistema-renal\/","title":{"rendered":"Ircvet\u00ae Gel"},"content":{"rendered":"<div class=\"bde-rich-text-130-110 bde-rich-text bde-wooproductexcerpt breakdance-woocommerce breakdance-rich-text-styles\">\n<ul>\n<li>Modos de empleo adecuados al peso de la mascota<\/li>\n<li>Presentaciones en gel con jeringa dosificadora<\/li>\n<\/ul>\n<\/div>\n","protected":false},"excerpt":{"rendered":"<p>Alimento complementario a base de Malta, jarabe de glucosa de ma\u00edz, sorbitol, prote\u00ednas porcinas hidrolizadas, carbonato c\u00e1lcico, cloruro pot\u00e1sico, levadura de cerveza (<em>Saccharomyces cerevisae<\/em>) inactivada, hojas secas de\u00a0<em>Vitis vinifera<\/em>, fructosa, aceite de salm\u00f3n, maltodextrina, cristobalita, manitol, estearato de magnesio.<\/p>\n","protected":false},"featured_media":3645,"comment_status":"open","ping_status":"closed","template":"","meta":{"_acf_changed":false,"site-sidebar-layout":"default","site-content-layout":"","ast-site-content-layout":"default","site-content-style":"default","site-sidebar-style":"default","ast-global-header-display":"","ast-banner-title-visibility":"","ast-main-header-display":"","ast-hfb-above-header-display":"","ast-hfb-below-header-display":"","ast-hfb-mobile-header-display":"","site-post-title":"","ast-breadcrumbs-content":"","ast-featured-img":"","footer-sml-layout":"","theme-transparent-header-meta":"default","adv-header-id-meta":"","stick-header-meta":"","header-above-stick-meta":"","header-main-stick-meta":"","header-below-stick-meta":"","astra-migrate-meta-layouts":"set","ast-page-background-enabled":"default","ast-page-background-meta":{"desktop":{"background-color":"var(--ast-global-color-5)","background-image":"","background-repeat":"repeat","background-position":"center center","background-size":"auto","background-attachment":"scroll","background-type":"","background-media":"","overlay-type":"","overlay-color":"","overlay-opacity":"","overlay-gradient":""},"tablet":{"background-color":"","background-image":"","background-repeat":"repeat","background-position":"center center","background-size":"auto","background-attachment":"scroll","background-type":"","background-media":"","overlay-type":"","overlay-color":"","overlay-opacity":"","overlay-gradient":""},"mobile":{"background-color":"","background-image":"","background-repeat":"repeat","background-position":"center center","background-size":"auto","background-attachment":"scroll","background-type":"","background-media":"","overlay-type":"","overlay-color":"","overlay-opacity":"","overlay-gradient":""}},"ast-content-background-meta":{"desktop":{"background-color":"var(--ast-global-color-4)","background-image":"","background-repeat":"repeat","background-position":"center center","background-size":"auto","background-attachment":"scroll","background-type":"","background-media":"","overlay-type":"","overlay-color":"","overlay-opacity":"","overlay-gradient":""},"tablet":{"background-color":"var(--ast-global-color-4)","background-image":"","background-repeat":"repeat","background-position":"center center","background-size":"auto","background-attachment":"scroll","background-type":"","background-media":"","overlay-type":"","overlay-color":"","overlay-opacity":"","overlay-gradient":""},"mobile":{"background-color":"var(--ast-global-color-4)","background-image":"","background-repeat":"repeat","background-position":"center center","background-size":"auto","background-attachment":"scroll","background-type":"","background-media":"","overlay-type":"","overlay-color":"","overlay-opacity":"","overlay-gradient":""}}},"animal":[117,118,119,120],"product_brand":[],"product_cat":[27],"product_tag":[],"class_list":{"0":"post-3643","1":"product","2":"type-product","3":"status-publish","4":"has-post-thumbnail","6":"animal-gatos","7":"animal-hurones","8":"animal-perros","9":"animal-reptiles","10":"product_cat-suplementos-rinones-animales","11":"desktop-align-left","12":"tablet-align-left","13":"mobile-align-left","15":"first","16":"instock","17":"shipping-taxable","18":"product-type-simple"},"acf":{"title_indications":"","description_indication":"","items_indication":[{"imagen":3647,"title":"Problemas renales en gatos y perros: nefropat\u00eda cr\u00f3nica","description":"<ul>\r\n \t<li>Los\u00a0<strong>ri\u00f1ones<\/strong>\u00a0desempe\u00f1an un papel crucial en la eliminaci\u00f3n de sustancias de desecho del cuerpo y en el equilibrio de agua y electrolitos. Cuando los ri\u00f1ones no funcionan correctamente debido a una\u00a0<strong>insuficiencia renal cr\u00f3nica,<\/strong>\u00a0puede llevar a problemas como aumento de la sed y la micci\u00f3n, falta de apetito, debilidad y otros s\u00edntomas.Las\u00a0<strong>nefropat\u00edas cr\u00f3nicas\u00a0<\/strong>son enfermedades renales de larga duraci\u00f3n y progresivas que son bastante comunes en peque\u00f1os animales con insuficiencia renal o posibilidad de fallo renal. Estas afecciones pueden desarrollarse lentamente con el tiempo y a medida que avanzan, pueden afectar gravemente la funci\u00f3n renal y la salud general de la mascota.<\/li>\r\n<\/ul>"},{"imagen":3648,"title":"","description":"Esta enfermedad renal cr\u00f3nica en gatos y perros de avanzada edad es especialmente preocupante, ya que constituyen una de sus principales causas de mortalidad.\r\n\r\nLa\u00a0<strong>detecci\u00f3n temprana de una nefropat\u00eda cr\u00f3nica en<\/strong>\u00a0animales peque\u00f1os es fundamental para un manejo eficaz y hacer que no afecte demasiado a su calidad de vida. Los veterinarios suelen utilizar an\u00e1lisis de sangre y orina para evaluar la funci\u00f3n renal y diagnosticar la enfermedad en sus etapas iniciales. Una vez diagnosticada, el tratamiento puede incluir cambios en la dieta, aumentar la ingesta de agua, medicamentos para controlar los s\u00edntomas y un monitoreo regular para evaluar la progresi\u00f3n de la enfermedad."}],"title_beneficios":"","description_benefits":"","items_benefits":null,"items_presentaciones":[{"title":"IRCVET\u00ae Gel","description":"Estuche con envase de 50 ml con jeringa dosificadora y prospecto.\r\n","imagen":3644}],"description_ingredients":"","items_ingredients":[{"title":"\r\nAcetato de calcio y carbonato de calcio\r\n\r\n","description":""},{"title":"\r\nHojas de Vitis Vinifera\r\n","description":""},{"title":"\r\nPotasio\r\n\r\n","description":""},{"title":"\r\nExtracto de alcachofa\r\n","description":""},{"title":"\r\nAceite de Salmon (\u00c1cidos grasos poliinsaturados Omega 3)\r\n","description":""},{"title":"\r\nTaurina\r\n\r\n","description":""}],"video":"","items_Instructions_for_use":[{"title":"Generales","description":"V\u00eda oral\r\n\r\nAgitar antes de usar.\r\n\r\nMezclar con el alimento habitual.\r\n\r\nLos animales deber\u00e1n tener acceso permanente al agua.\r\n\r\nSe recomienda hacer seguimiento a los 6 meses de uso."},{"title":"Perros","description":"<strong>Por cada 5 kg de peso corporal:<\/strong>\u00a0Tomar 1 ml al d\u00eda.\r\n<strong>A partir de 35 kg de peso corporal:<\/strong>\u00a08 ml al d\u00eda."},{"title":"Gatos","description":"\r\n\r\n<strong>Hasta 5 kg de peso corporal:\u00a0<\/strong>1 ml al d\u00eda.\r\n\r\n<strong>A partir de 5 kg de peso corporal:\u00a0<\/strong>2 ml al d\u00eda.\r\n\r\n"},{"title":"Hurones","description":"\r\n\r\n0.2 ml\/kg de peso corporal al d\u00eda.\r\n\r\n"},{"title":"Roedores","description":"\r\n\r\n0.2 ml\/kg de peso corporal al d\u00eda.\r\n\r\n"}],"image_banner_scientific_study_copiar":"","title_banner_scientific_study":"","description_banner_scientific_study":"","Scientific_study_banner":"","studies":null,"bibliografy_text":"","features":[{"image":1212,"title":"Nueva f\u00f3rmula"},{"image":1262,"title":"Sin prote\u00ednas de pollo"},{"image":1267,"title":"Sin colorantes"},{"image":1218,"title":"Agitar antes de usar"}],"ficha_tecnica":3646},"_links":{"self":[{"href":"https:\/\/beta.pharmadiet.com\/es\/wp-json\/wp\/v2\/product\/3643","targetHints":{"allow":["GET"]}}],"collection":[{"href":"https:\/\/beta.pharmadiet.com\/es\/wp-json\/wp\/v2\/product"}],"about":[{"href":"https:\/\/beta.pharmadiet.com\/es\/wp-json\/wp\/v2\/types\/product"}],"replies":[{"embeddable":true,"href":"https:\/\/beta.pharmadiet.com\/es\/wp-json\/wp\/v2\/comments?post=3643"}],"version-history":[{"count":8,"href":"https:\/\/beta.pharmadiet.com\/es\/wp-json\/wp\/v2\/product\/3643\/revisions"}],"predecessor-version":[{"id":5617,"href":"https:\/\/beta.pharmadiet.com\/es\/wp-json\/wp\/v2\/product\/3643\/revisions\/5617"}],"wp:featuredmedia":[{"embeddable":true,"href":"https:\/\/beta.pharmadiet.com\/es\/wp-json\/wp\/v2\/media\/3645"}],"wp:attachment":[{"href":"https:\/\/beta.pharmadiet.com\/es\/wp-json\/wp\/v2\/media?parent=3643"}],"wp:term":[{"taxonomy":"animal","embeddable":true,"href":"https:\/\/beta.pharmadiet.com\/es\/wp-json\/wp\/v2\/animal?post=3643"},{"taxonomy":"product_brand","embeddable":true,"href":"https:\/\/beta.pharmadiet.com\/es\/wp-json\/wp\/v2\/product_brand?post=3643"},{"taxonomy":"product_cat","embeddable":true,"href":"https:\/\/beta.pharmadiet.com\/es\/wp-json\/wp\/v2\/product_cat?post=3643"},{"taxonomy":"product_tag","embeddable":true,"href":"https:\/\/beta.pharmadiet.com\/es\/wp-json\/wp\/v2\/product_tag?post=3643"}],"curies":[{"name":"wp","href":"https:\/\/api.w.org\/{rel}","templated":true}]}}