{"id":3638,"date":"2025-07-31T16:37:58","date_gmt":"2025-07-31T14:37:58","guid":{"rendered":"https:\/\/beta.pharmadiet.com\/?post_type=product&#038;p=3638"},"modified":"2025-10-09T11:41:25","modified_gmt":"2025-10-09T09:41:25","slug":"ircvet-comprimidos-pienso-complementario-mantenimiento-sistema-renal","status":"publish","type":"product","link":"https:\/\/beta.pharmadiet.com\/es\/productos\/ircvet-comprimidos-pienso-complementario-mantenimiento-sistema-renal\/","title":{"rendered":"Ircvet\u00ae Comprimidos"},"content":{"rendered":"<p>Suplemento alimentario a base de nutrientes que ayudan al funcionamiento normal del sistema renal de perros, gatos, hurones y roedores.<\/p>\n<ul>\n<li style=\"list-style-type: none;\">\n<ul>\n<li>Modos de empleo adecuados al peso de la mascota.<\/li>\n<li>Comprimido f\u00e1cilmente divisble.<\/li>\n<\/ul>\n<\/li>\n<\/ul>\n","protected":false},"excerpt":{"rendered":"<p>Alimento complementario a base de nutrientes que ayudan al funcionamiento normal del sistema renal de perros, gatos,<\/p>\n","protected":false},"featured_media":3639,"comment_status":"open","ping_status":"closed","template":"","meta":{"_acf_changed":false,"site-sidebar-layout":"default","site-content-layout":"","ast-site-content-layout":"default","site-content-style":"default","site-sidebar-style":"default","ast-global-header-display":"","ast-banner-title-visibility":"","ast-main-header-display":"","ast-hfb-above-header-display":"","ast-hfb-below-header-display":"","ast-hfb-mobile-header-display":"","site-post-title":"","ast-breadcrumbs-content":"","ast-featured-img":"","footer-sml-layout":"","theme-transparent-header-meta":"default","adv-header-id-meta":"","stick-header-meta":"","header-above-stick-meta":"","header-main-stick-meta":"","header-below-stick-meta":"","astra-migrate-meta-layouts":"set","ast-page-background-enabled":"default","ast-page-background-meta":{"desktop":{"background-color":"var(--ast-global-color-5)","background-image":"","background-repeat":"repeat","background-position":"center center","background-size":"auto","background-attachment":"scroll","background-type":"","background-media":"","overlay-type":"","overlay-color":"","overlay-opacity":"","overlay-gradient":""},"tablet":{"background-color":"","background-image":"","background-repeat":"repeat","background-position":"center center","background-size":"auto","background-attachment":"scroll","background-type":"","background-media":"","overlay-type":"","overlay-color":"","overlay-opacity":"","overlay-gradient":""},"mobile":{"background-color":"","background-image":"","background-repeat":"repeat","background-position":"center center","background-size":"auto","background-attachment":"scroll","background-type":"","background-media":"","overlay-type":"","overlay-color":"","overlay-opacity":"","overlay-gradient":""}},"ast-content-background-meta":{"desktop":{"background-color":"var(--ast-global-color-4)","background-image":"","background-repeat":"repeat","background-position":"center center","background-size":"auto","background-attachment":"scroll","background-type":"","background-media":"","overlay-type":"","overlay-color":"","overlay-opacity":"","overlay-gradient":""},"tablet":{"background-color":"var(--ast-global-color-4)","background-image":"","background-repeat":"repeat","background-position":"center center","background-size":"auto","background-attachment":"scroll","background-type":"","background-media":"","overlay-type":"","overlay-color":"","overlay-opacity":"","overlay-gradient":""},"mobile":{"background-color":"var(--ast-global-color-4)","background-image":"","background-repeat":"repeat","background-position":"center center","background-size":"auto","background-attachment":"scroll","background-type":"","background-media":"","overlay-type":"","overlay-color":"","overlay-opacity":"","overlay-gradient":""}}},"animal":[117,119],"product_brand":[],"product_cat":[27],"product_tag":[278],"class_list":{"0":"post-3638","1":"product","2":"type-product","3":"status-publish","4":"has-post-thumbnail","6":"animal-gatos","7":"animal-perros","8":"product_cat-suplementos-rinones-animales","9":"product_tag-plantillab","10":"desktop-align-left","11":"tablet-align-left","12":"mobile-align-left","14":"first","15":"instock","16":"shipping-taxable","17":"product-type-simple"},"acf":{"title_indications":"","description_indication":"","items_indication":[{"imagen":"","title":"Insuficiencia Renal Cr\u00f3nica (IRC) en Mascotas: S\u00edntomas y Factores Relacionados","description":"La insuficiencia renal cr\u00f3nica es una afecci\u00f3n que afecta a los ri\u00f1ones de perros y gatos a medida que envejecen, dejando de funcionar correctamente y afectando a su calidad de vida. Algunos de los s\u00edntomas comunes que pueden observarse en animales afectados incluyen:"},{"imagen":3641,"title":"Algunos de los s\u00edntomas comunes que pueden observarse en animales afectados incluyen:","description":"<ul>\r\n \t<li><strong>Aumento de la sed y micci\u00f3n:<\/strong>\u00a0Debido a la disminuci\u00f3n en la capacidad de los ri\u00f1ones para concentrar la orina, las mascotas pueden beber m\u00e1s agua de lo normal y orinar con m\u00e1s frecuencia.<\/li>\r\n \t<li style=\"list-style-type: none;\">\r\n<ul>\r\n \t<li><strong>P\u00e9rdida de apetito y peso.<\/strong><\/li>\r\n \t<li><strong>V\u00f3mitos y diarrea:<\/strong>\u00a0La inflamaci\u00f3n y la acumulaci\u00f3n de toxinas pueden causar problemas gastrointestinales, como v\u00f3mitos y diarrea.<\/li>\r\n \t<li><strong>Letargo y debilidad:<\/strong>\u00a0Los ri\u00f1ones afectados pueden no filtrar adecuadamente las toxinas, creando c\u00e1lculos renales, lo que puede llevar a la fatiga y la debilidad.<\/li>\r\n \t<li><strong>Mala calidad del pelaje:<\/strong>\u00a0La falta de filtraci\u00f3n adecuada puede afectar la salud de la piel y el pelaje, resultando en un pelaje opaco y sin brillo.<\/li>\r\n \t<li><strong>Mal aliento:<\/strong>\u00a0La acumulaci\u00f3n de sustancias t\u00f3xicas en el cuerpo puede causar un aliento desagradable.<\/li>\r\n<\/ul>\r\n<\/li>\r\n<\/ul>"}],"title_beneficios":"En qu\u00e9 ayuda IRCVET Comprimidos al sistema renal.","description_benefits":"Alimento complementario a base de nutrientes que ayudan al funcionamiento normal del sistema renal de perros, gatos","items_benefits":[{"imagen":1238,"title":"Mantener un funcionamiento normal del sistema renal","description":"Los nutrientes de IRCVET perros y gatos ayudan a preservar la integridad y funci\u00f3n celular como las renales."},{"imagen":1240,"title":"Mantener una vida activa:","description":"Contribuye a mejorar la calidad de vida de las mascotas con afecciones renales, permiti\u00e9ndoles sentirse m\u00e1s c\u00f3modas y en\u00e9rgicas."},{"imagen":1236,"title":"Contribuir a la protecci\u00f3n de las c\u00e9lulas:","description":"Contribuye a la protecci\u00f3n de las c\u00e9lulas de los ri\u00f1ones."}],"items_presentaciones":[{"title":"IRCVET\u00ae Comprimidos","description":"Envase con 60 comprimidos y prospecto.","imagen":3639}],"description_ingredients":"","items_ingredients":[{"title":"Acetato de calcio","description":"Nutriente que por su actividad quelante de f\u00f3sforo ayuda a reducir la cantidad de f\u00f3sforo en la dieta alimentaria de animales."},{"title":"Hojas de Vitis Vinifera","description":"Por su aporte en Resveratrol, \u00a0polifenol que se encuentra en muchos alimentos, especialmente en la uva. Conocido por sus propiedades antioxidantes."},{"title":"Extracto de alcachofa","description":"Aporta cinarina Conocida por sus propiedades hepaprotectoras."},{"title":"\u00c1cido f\u00f3lico y vitaminas B6 y B12","description":"Contribuyen al funcionamiento normal del sistema inmunitario y a disminuir el cansancio y la fatiga."}],"video":"","items_Instructions_for_use":[{"title":"Generales","description":"V\u00eda oral\r\n\r\nTomar junto con el alimento. Si se prefiere trocearlo y mezclarlo con el alimento habitual.\r\n\r\nLos animales deber\u00e1n tener acceso permanente al agua.\r\n\r\nSe recomienda hacer seguimiento a los 6 meses de uso."},{"title":"Perros","description":"<strong>Hasta 10 kg de peso corporal:<\/strong>\u00a0\u00bd comprimido al d\u00eda.\r\n<strong>De 10-20 kg de peso corporal:<\/strong>\u00a01 comprimido al d\u00eda\r\n<strong>De 20-30 kg de peso corporal:<\/strong>\u00a01 y \u00bd comprimido al d\u00eda\r\n<strong>A partir de 30 kg de peso corporal:<\/strong>\u00a02 comprimidos al d\u00eda"},{"title":"Gatos","description":"\u00bd comprimido al d\u00eda."}],"image_banner_scientific_study_copiar":"","title_banner_scientific_study":"","description_banner_scientific_study":"","Scientific_study_banner":"","studies":null,"bibliografy_text":"1. Biswanath Dinda, Subhajit Dinda, Saikat DasSharma, Rajarshi Banik, Ankita Chakraborty, Manikarna Dinda, Therapeutic potentials of baicalin and its aglycone, baicalein against inflammatory disorders, European Journal of Medicinal Chemistry, Volume 131, 2017, Pages 68-80, ISSN 0223-5234, https:\/\/doi.org\/10.1016\/j.ejmech.2017.03.004.\r\n2. Reichling J, Schmo\u00a8 kel H, Fitzi J, Bucher S, Saller R. Dietary support with Boswellia resin in canine\r\ninflammatory joint and spinal disease. Schweizer Archiv fur Tierheilkunde. 2004; 146(2):71\u20139. https:\/\/doi.org\/10.1024\/0036-7281.146.2.71 PMID: 14994484\r\n3. Del Grossi Moura M, Lopes LC, Biavatti MW. Oral herbal medicines marketed in Brazil for the treatment of osteoarthritis: A systematic review and meta-analysis. Phytotherapy Research. 2017; 31(11):1676\u201385. https:\/\/doi.org\/10.1002\/ptr.5910 PMID: 28872719","features":[{"image":1262,"title":"Sin prote\u00ednas de pollo"},{"image":1267,"title":"Sin colorantes"},{"image":1213,"title":"Comprimidos f\u00e1cilmente divisibles"}],"ficha_tecnica":3640},"_links":{"self":[{"href":"https:\/\/beta.pharmadiet.com\/es\/wp-json\/wp\/v2\/product\/3638","targetHints":{"allow":["GET"]}}],"collection":[{"href":"https:\/\/beta.pharmadiet.com\/es\/wp-json\/wp\/v2\/product"}],"about":[{"href":"https:\/\/beta.pharmadiet.com\/es\/wp-json\/wp\/v2\/types\/product"}],"replies":[{"embeddable":true,"href":"https:\/\/beta.pharmadiet.com\/es\/wp-json\/wp\/v2\/comments?post=3638"}],"version-history":[{"count":10,"href":"https:\/\/beta.pharmadiet.com\/es\/wp-json\/wp\/v2\/product\/3638\/revisions"}],"predecessor-version":[{"id":5623,"href":"https:\/\/beta.pharmadiet.com\/es\/wp-json\/wp\/v2\/product\/3638\/revisions\/5623"}],"wp:featuredmedia":[{"embeddable":true,"href":"https:\/\/beta.pharmadiet.com\/es\/wp-json\/wp\/v2\/media\/3639"}],"wp:attachment":[{"href":"https:\/\/beta.pharmadiet.com\/es\/wp-json\/wp\/v2\/media?parent=3638"}],"wp:term":[{"taxonomy":"animal","embeddable":true,"href":"https:\/\/beta.pharmadiet.com\/es\/wp-json\/wp\/v2\/animal?post=3638"},{"taxonomy":"product_brand","embeddable":true,"href":"https:\/\/beta.pharmadiet.com\/es\/wp-json\/wp\/v2\/product_brand?post=3638"},{"taxonomy":"product_cat","embeddable":true,"href":"https:\/\/beta.pharmadiet.com\/es\/wp-json\/wp\/v2\/product_cat?post=3638"},{"taxonomy":"product_tag","embeddable":true,"href":"https:\/\/beta.pharmadiet.com\/es\/wp-json\/wp\/v2\/product_tag?post=3638"}],"curies":[{"name":"wp","href":"https:\/\/api.w.org\/{rel}","templated":true}]}}