{"id":3633,"date":"2025-07-31T16:28:10","date_gmt":"2025-07-31T14:28:10","guid":{"rendered":"https:\/\/beta.pharmadiet.com\/?post_type=product&#038;p=3633"},"modified":"2025-10-09T11:46:25","modified_gmt":"2025-10-09T09:46:25","slug":"inflavet-pienso-complementario-para-la-salud-articular","status":"publish","type":"product","link":"https:\/\/beta.pharmadiet.com\/es\/productos\/inflavet-pienso-complementario-para-la-salud-articular\/","title":{"rendered":"Inflavet\u00ae"},"content":{"rendered":"<ul>\n<li>Comprimido f\u00e1cilmente divisible<\/li>\n<li>Sin prote\u00ednas de Pollo<\/li>\n<li>Sin conservantes<\/li>\n<li>Sin colorantes<\/li>\n<\/ul>\n","protected":false},"excerpt":{"rendered":"<p>Alimento complementario a base de Ra\u00edz seca de Scutellaria baicalensis<sup>1\u00a0\u00a0<\/sup>, Hojas de Vitis Vinifera y Extracto de Boswellia serrata<sup>2,3\u00a0<\/sup><\/p>\n","protected":false},"featured_media":3634,"comment_status":"open","ping_status":"closed","template":"","meta":{"_acf_changed":false,"site-sidebar-layout":"default","site-content-layout":"","ast-site-content-layout":"default","site-content-style":"default","site-sidebar-style":"default","ast-global-header-display":"","ast-banner-title-visibility":"","ast-main-header-display":"","ast-hfb-above-header-display":"","ast-hfb-below-header-display":"","ast-hfb-mobile-header-display":"","site-post-title":"","ast-breadcrumbs-content":"","ast-featured-img":"","footer-sml-layout":"","theme-transparent-header-meta":"default","adv-header-id-meta":"","stick-header-meta":"","header-above-stick-meta":"","header-main-stick-meta":"","header-below-stick-meta":"","astra-migrate-meta-layouts":"set","ast-page-background-enabled":"default","ast-page-background-meta":{"desktop":{"background-color":"var(--ast-global-color-5)","background-image":"","background-repeat":"repeat","background-position":"center center","background-size":"auto","background-attachment":"scroll","background-type":"","background-media":"","overlay-type":"","overlay-color":"","overlay-opacity":"","overlay-gradient":""},"tablet":{"background-color":"","background-image":"","background-repeat":"repeat","background-position":"center center","background-size":"auto","background-attachment":"scroll","background-type":"","background-media":"","overlay-type":"","overlay-color":"","overlay-opacity":"","overlay-gradient":""},"mobile":{"background-color":"","background-image":"","background-repeat":"repeat","background-position":"center center","background-size":"auto","background-attachment":"scroll","background-type":"","background-media":"","overlay-type":"","overlay-color":"","overlay-opacity":"","overlay-gradient":""}},"ast-content-background-meta":{"desktop":{"background-color":"var(--ast-global-color-4)","background-image":"","background-repeat":"repeat","background-position":"center center","background-size":"auto","background-attachment":"scroll","background-type":"","background-media":"","overlay-type":"","overlay-color":"","overlay-opacity":"","overlay-gradient":""},"tablet":{"background-color":"var(--ast-global-color-4)","background-image":"","background-repeat":"repeat","background-position":"center center","background-size":"auto","background-attachment":"scroll","background-type":"","background-media":"","overlay-type":"","overlay-color":"","overlay-opacity":"","overlay-gradient":""},"mobile":{"background-color":"var(--ast-global-color-4)","background-image":"","background-repeat":"repeat","background-position":"center center","background-size":"auto","background-attachment":"scroll","background-type":"","background-media":"","overlay-type":"","overlay-color":"","overlay-opacity":"","overlay-gradient":""}}},"animal":[117,119],"product_brand":[],"product_cat":[20],"product_tag":[278],"class_list":{"0":"post-3633","1":"product","2":"type-product","3":"status-publish","4":"has-post-thumbnail","6":"animal-gatos","7":"animal-perros","8":"product_cat-suplementos-articulaciones-animales","9":"product_tag-plantillab","10":"desktop-align-left","11":"tablet-align-left","12":"mobile-align-left","14":"first","15":"instock","16":"shipping-taxable","17":"product-type-simple"},"acf":{"title_indications":"","description_indication":"","items_indication":[{"imagen":"","title":"\u00bfQu\u00e9 son los procesos inflamatorios cr\u00f3nicos?","description":"Los procesos inflamatorios cr\u00f3nicos en perros y gatos son una preocupaci\u00f3n com\u00fan para los due\u00f1os de mascotas. Pueden ser causadas por diversas razones, como enfermedades autoinmunitarias, lesiones cr\u00f3nicas o problemas gastrointestinales, y pueden tener un impacto negativo en la salud de las mascotas. Los s\u00edntomas m\u00e1s habituales incluyen dolor, hinchaz\u00f3n, etc."},{"imagen":3635,"title":"","description":"Algunas de las patolog\u00edas inflamatorias cr\u00f3nicas m\u00e1s comunes en estos animales incluyen:\r\n<ul>\r\n \t<li><strong>Artritis Reumatoide:<\/strong>\u00a0Inflamaci\u00f3n cr\u00f3nica en las articulaciones, que puede causar dolor y limitar la movilidad de la zona afectada.<\/li>\r\n \t<li><strong>Enfermedad Inflamatoria Intestinal<\/strong>: Inflamaci\u00f3n cr\u00f3nica en el tracto digestivo, que puede llevar a problemas gastrointestinales.<\/li>\r\n \t<li><strong>Dermatitis At\u00f3pica:<\/strong>\u00a0Afecci\u00f3n cut\u00e1nea que provoca inflamaci\u00f3n de la piel y picaz\u00f3n constante.<\/li>\r\n<\/ul>\r\n<span style=\"font-size: 16px;\"> casos, se recomienda consultar a tu veterinario., previniendo posibles reacciones al\u00e9rgicas.<\/span>\r\n\r\nAdem\u00e1s, la inmunidad se desarrolla gradualmente a lo largo del calendario de vacunaci\u00f3n. Es esencial adaptar el plan de acuerdo con las necesidades cambiantes del cachorro, brindando protecci\u00f3n efectiva sin sobrecargar el sistema inmmunitario."},{"imagen":3636,"title":"Tras completar el calendario de vacunaciones para perros","description":"El diagn\u00f3stico y manejo de estas patolog\u00edas inflamatorias cr\u00f3nicas son esenciales para garantizar el bienestar de las mascotas. La consulta regular con un veterinario es fundamental para evaluar la salud de las mascotas y abordar cualquier signo de inflamaci\u00f3n cr\u00f3nica a tiempo.\r\n"}],"title_beneficios":"","description_benefits":"","items_benefits":null,"items_presentaciones":[{"title":"INFLAVET\u00ae","description":"Estuche con 60 comprimidos, en bl\u00edster. Bl\u00edster de 10 comprimidos, f\u00e1cilmente divisibles, para facilitar la toma. V\u00eda Oral.\r\n","imagen":3634}],"description_ingredients":"","items_ingredients":[{"title":"Ra\u00edz seca de Scutellaria baicalensis<sup>1<\/sup>","description":""},{"title":"Hojas de Vitis Vinifera","description":""},{"title":"Extracto de Boswellia serrata<sup>2,3<\/sup>\r\n","description":""}],"video":"","items_Instructions_for_use":[{"title":"Perros","description":"V\u00eda oral.\r\n<ul>\r\n \t<li>Hasta 10 kg de peso corporal: \u00bd comprimido al d\u00eda.<\/li>\r\n \t<li>De 10 a 20 kg de peso corporal: 1 comprimido al d\u00eda.<\/li>\r\n \t<li>De 20 a 30 kg de peso corporal: 1 y \u00bd comprimidos al d\u00eda.<\/li>\r\n \t<li>A partir de 30 kg de peso corporal: 2 comprimidos al d\u00eda.<\/li>\r\n<\/ul>\r\nSi se prefiere, mezclar con el alimento habitual. Excelente tolerancia digestiva."},{"title":"Gatos","description":"V\u00eda oral.\r\n\r\n\u00bd comprimido al d\u00eda.\r\n\r\nSi se prefiere, mezclar con el alimento habitual. Excelente tolerancia digestiva.\r\n"}],"image_banner_scientific_study_copiar":"","title_banner_scientific_study":"","description_banner_scientific_study":"","Scientific_study_banner":"","studies":null,"bibliografy_text":"1. Biswanath Dinda, Subhajit Dinda, Saikat DasSharma, Rajarshi Banik, Ankita Chakraborty, Manikarna Dinda, Therapeutic potentials of baicalin and its aglycone, baicalein against inflammatory disorders, European Journal of Medicinal Chemistry, Volume 131, 2017, Pages 68-80, ISSN 0223-5234, https:\/\/doi.org\/10.1016\/j.ejmech.2017.03.004.\r\n2. Reichling J, Schmo\u00a8 kel H, Fitzi J, Bucher S, Saller R. Dietary support with Boswellia resin in canine\r\ninflammatory joint and spinal disease. Schweizer Archiv fur Tierheilkunde. 2004; 146(2):71\u20139. https:\/\/doi.org\/10.1024\/0036-7281.146.2.71 PMID: 14994484\r\n3. Del Grossi Moura M, Lopes LC, Biavatti MW. Oral herbal medicines marketed in Brazil for the treatment of osteoarthritis: A systematic review and meta-analysis. Phytotherapy Research. 2017; 31(11):1676\u201385. https:\/\/doi.org\/10.1002\/ptr.5910 PMID: 28872719","features":[{"image":1262,"title":"Sin prote\u00ednas de pollo"},{"image":1267,"title":"Sin conservantes"},{"image":1213,"title":"Comprimidos f\u00e1cilmente divisibles"}],"ficha_tecnica":3634},"_links":{"self":[{"href":"https:\/\/beta.pharmadiet.com\/es\/wp-json\/wp\/v2\/product\/3633","targetHints":{"allow":["GET"]}}],"collection":[{"href":"https:\/\/beta.pharmadiet.com\/es\/wp-json\/wp\/v2\/product"}],"about":[{"href":"https:\/\/beta.pharmadiet.com\/es\/wp-json\/wp\/v2\/types\/product"}],"replies":[{"embeddable":true,"href":"https:\/\/beta.pharmadiet.com\/es\/wp-json\/wp\/v2\/comments?post=3633"}],"version-history":[{"count":11,"href":"https:\/\/beta.pharmadiet.com\/es\/wp-json\/wp\/v2\/product\/3633\/revisions"}],"predecessor-version":[{"id":5630,"href":"https:\/\/beta.pharmadiet.com\/es\/wp-json\/wp\/v2\/product\/3633\/revisions\/5630"}],"wp:featuredmedia":[{"embeddable":true,"href":"https:\/\/beta.pharmadiet.com\/es\/wp-json\/wp\/v2\/media\/3634"}],"wp:attachment":[{"href":"https:\/\/beta.pharmadiet.com\/es\/wp-json\/wp\/v2\/media?parent=3633"}],"wp:term":[{"taxonomy":"animal","embeddable":true,"href":"https:\/\/beta.pharmadiet.com\/es\/wp-json\/wp\/v2\/animal?post=3633"},{"taxonomy":"product_brand","embeddable":true,"href":"https:\/\/beta.pharmadiet.com\/es\/wp-json\/wp\/v2\/product_brand?post=3633"},{"taxonomy":"product_cat","embeddable":true,"href":"https:\/\/beta.pharmadiet.com\/es\/wp-json\/wp\/v2\/product_cat?post=3633"},{"taxonomy":"product_tag","embeddable":true,"href":"https:\/\/beta.pharmadiet.com\/es\/wp-json\/wp\/v2\/product_tag?post=3633"}],"curies":[{"name":"wp","href":"https:\/\/api.w.org\/{rel}","templated":true}]}}