{"id":3620,"date":"2025-07-31T15:46:15","date_gmt":"2025-07-31T13:46:15","guid":{"rendered":"https:\/\/beta.pharmadiet.com\/?post_type=product&#038;p=3620"},"modified":"2025-10-09T11:52:28","modified_gmt":"2025-10-09T09:52:28","slug":"hyaloral-suplemento-alimentario-razas-pequenas","status":"publish","type":"product","link":"https:\/\/beta.pharmadiet.com\/es\/productos\/hyaloral-suplemento-alimentario-razas-pequenas\/","title":{"rendered":"Hyaloral\u00ae Razas peque\u00f1as y medianas"},"content":{"rendered":"<p>Alimento complementario con la f\u00f3rmula m\u00e1s completa cuyos nutrientes a\u00f1adidos a la dieta habitual contribuyen al correcto desarrollo y mantenimiento de articulaciones, tendones y ligamentos. Especialmente pensado como suplemento articular para perros peque\u00f1os o de tama\u00f1o mediano.<\/p>\n<ul>\n<li>Evidencia cl\u00ednica demostrada en estudio propio con Hyaloral\u00ae<sup>1<\/sup><\/li>\n<li>Ingredientes con estudios cl\u00ednicos<\/li>\n<li>M\u00e1xima palatabilidad demostrada en perros y gatos con Hyaloral\u00ae<sup>2,3<\/sup><\/li>\n<li>Modos de empleo adecuados al peso de la mascota<\/li>\n<li>Comprimido f\u00e1cilmente divisible.<\/li>\n<\/ul>\n","protected":false},"excerpt":{"rendered":"<p>Alimento complementario cuyos nutrientes a\u00f1adidos a la dieta habitual contribuyen al correcto desarrollo y mantenimiento de articulaciones, tendones y ligamentos. Para perros peque\u00f1os o de tama\u00f1o mediano.<\/p>\n","protected":false},"featured_media":3621,"comment_status":"open","ping_status":"closed","template":"","meta":{"_acf_changed":false,"site-sidebar-layout":"default","site-content-layout":"","ast-site-content-layout":"default","site-content-style":"default","site-sidebar-style":"default","ast-global-header-display":"","ast-banner-title-visibility":"","ast-main-header-display":"","ast-hfb-above-header-display":"","ast-hfb-below-header-display":"","ast-hfb-mobile-header-display":"","site-post-title":"","ast-breadcrumbs-content":"","ast-featured-img":"","footer-sml-layout":"","theme-transparent-header-meta":"default","adv-header-id-meta":"","stick-header-meta":"","header-above-stick-meta":"","header-main-stick-meta":"","header-below-stick-meta":"","astra-migrate-meta-layouts":"set","ast-page-background-enabled":"default","ast-page-background-meta":{"desktop":{"background-color":"var(--ast-global-color-5)","background-image":"","background-repeat":"repeat","background-position":"center center","background-size":"auto","background-attachment":"scroll","background-type":"","background-media":"","overlay-type":"","overlay-color":"","overlay-opacity":"","overlay-gradient":""},"tablet":{"background-color":"","background-image":"","background-repeat":"repeat","background-position":"center center","background-size":"auto","background-attachment":"scroll","background-type":"","background-media":"","overlay-type":"","overlay-color":"","overlay-opacity":"","overlay-gradient":""},"mobile":{"background-color":"","background-image":"","background-repeat":"repeat","background-position":"center center","background-size":"auto","background-attachment":"scroll","background-type":"","background-media":"","overlay-type":"","overlay-color":"","overlay-opacity":"","overlay-gradient":""}},"ast-content-background-meta":{"desktop":{"background-color":"var(--ast-global-color-4)","background-image":"","background-repeat":"repeat","background-position":"center center","background-size":"auto","background-attachment":"scroll","background-type":"","background-media":"","overlay-type":"","overlay-color":"","overlay-opacity":"","overlay-gradient":""},"tablet":{"background-color":"var(--ast-global-color-4)","background-image":"","background-repeat":"repeat","background-position":"center center","background-size":"auto","background-attachment":"scroll","background-type":"","background-media":"","overlay-type":"","overlay-color":"","overlay-opacity":"","overlay-gradient":""},"mobile":{"background-color":"var(--ast-global-color-4)","background-image":"","background-repeat":"repeat","background-position":"center center","background-size":"auto","background-attachment":"scroll","background-type":"","background-media":"","overlay-type":"","overlay-color":"","overlay-opacity":"","overlay-gradient":""}}},"animal":[119],"product_brand":[],"product_cat":[20],"product_tag":[277],"class_list":{"0":"post-3620","1":"product","2":"type-product","3":"status-publish","4":"has-post-thumbnail","6":"animal-perros","7":"product_cat-suplementos-articulaciones-animales","8":"product_tag-plantillaa","9":"desktop-align-left","10":"tablet-align-left","11":"mobile-align-left","13":"first","14":"instock","15":"shipping-taxable","16":"product-type-simple"},"acf":{"title_indications":"\u00bfC\u00f3mo afecta la artrosis a nuestros perros?","description_indication":"","items_indication":[{"imagen":3623,"title":"\u00bfC\u00f3mo afecta la artrosis a nuestros perros?","description":"La artrosis en perros, peque\u00f1os o grandes, es una enfermedad degenerativa en la que la articulaci\u00f3n se ve afectada por inflamaci\u00f3n y deterioro del cart\u00edlago produciendo dolor y afectando \u00a0el movimiento y la calidad de vida del animal. Habitualmente causada por el envejecimiento, lesiones o predisposici\u00f3n gen\u00e9tica.\r\n\r\nLos perros con artrosis pueden sufrir atrofia muscular, dolor , etc."},{"imagen":3396,"title":"","description":"La atrofia muscular animal implica que los m\u00fasculos disminuyan de tama\u00f1o y pierdan fuerza. El animal pierde masa muscular, provocando una p\u00e9rdida de funcionalidad adem\u00e1s de hacer que el \u00e1rea afectada sea m\u00e1s d\u00e9bil."}],"title_beneficios":"En qu\u00e9 ayuda este suplemento alimentario a la salud articular de tu mascota","description_benefits":"Alimento complementario con nutrientes de ayuda al correcto desarrollo de articulaciones, tendones, cart\u00edlagos y ligamentos, pensado para las articulaciones de los perros.","items_benefits":[{"imagen":1268,"title":"Contribuye a un desarrollo Saludable","description":"Hyaloral Gel perros y gatos ayuda a mantener la salud de articulaciones, tendones, cart\u00edlagos y ligamentos, especialmente importante en animales j\u00f3venes en crecimiento."},{"imagen":3617,"title":"Ayuda al mantenimiento de la movilidad y la flexibilidad","description":"Reduciendo la rigidez en animales mayores."},{"imagen":1269,"title":"Mantenimiento de la salud articular:","description":"Contribuye a mantener la salud articular a lo largo del tiempo."},{"imagen":1272,"title":"Contribuye a mantener una vida activa:","description":"Con lo que tus mascotas disfrutan de actividades f\u00edsicas como jugar, correr y saltar con\u00a0comodidad, lo que contribuye a su bienestar f\u00edsico y emocional."}],"items_presentaciones":[{"title":"Hyaloral\u00ae Razas peque\u00f1as y medianas","description":"Estuches con 90 y 270 comprimidos de 0,95 g cada uno f\u00e1cilmente divisibles, para facilitar la toma.","imagen":3621}],"description_ingredients":"","items_ingredients":[{"title":"\u00c1cido Hialur\u00f3nico<sup>4,5,6,7,8<\/sup>","description":"<p class=\"p1\">Principal componente del l\u00edquido sinovial de las articulaciones, con propiedades viscoel\u00e1sticas y lubricantes. Su ingesta oral ayuda a facilitar el movimiento articular por su viscosidad; a proteger el cart\u00edlago del desgate; a reducir la inflamaci\u00f3n y a favorecer la nutrici\u00f3n del cart\u00edlago.<\/p>\r\n<p class=\"p2\">El \u00c1cido Hialur\u00f3nico (proporciona viscoelasticidad al l\u00edquido sinovial y es responsable de la lubricaci\u00f3n de la membrana sinovial y del cart\u00edlago articular. La ingesti\u00f3n oral se ha demostrado eficaz en la Osteoartritis en perros.<\/p>"},{"title":"Col\u00e1geno hidrolizado enzim\u00e1ticamente","description":"Componente mayoritario y base estructural del cart\u00edlago hialino de las articulaciones, principal tejido afectado en procesos de degeneraci\u00f3n articular. El col\u00e1geno es conocido por mantener la integridad del cart\u00edlago y su funci\u00f3n es aportar flexibilidad, elasticidad y sost\u00e9n. La administraci\u00f3n en forma hidrolizada permite una mayor una mayor absorci\u00f3n, distribuci\u00f3n\u00a0 y acumulaci\u00f3n en el cart\u00edlago articular."},{"title":"Glucosamina","description":"Aminoaz\u00facar componente del cart\u00edlago articular, sustrato y estimulador de la s\u00edntesis de condroitina y de \u00e1cido hialur\u00f3nico, protege al cart\u00edlago hialino del desgaste y favorece la nutrici\u00f3n del cart\u00edlago."},{"title":"Sulfato de condroitina","description":"Principal glucosaminoglicano de la matriz extracelular del cart\u00edlago. Nutriente que contribuye a la formaci\u00f3n de diferentes componentes del cart\u00edlago, ayuda a disminuir la destrucci\u00f3n del cart\u00edlago. y ayuda a reducir la inflamaci\u00f3n disminuyendo la acci\u00f3n de mol\u00e9culas proinflamatorias."},{"title":"Gamma Orizanol<sup>9,10,11<\/sup>","description":"Sustancia de origen natural que muestra una potente acci\u00f3n antioxidante, ayuda a la eliminaci\u00f3n de los radicales libres y a reducir la inflamaci\u00f3n.\r\n\r\nLa combinaci\u00f3n de sulfato de condroitina, glucosamina y antioxidantes en la dieta mejora el estado de las articulaciones y es eficaz para el tratamiento de perros con osteoartritis.\r\n\r\nSe ha demostrado que glucosamina y condroitina mejoran la funci\u00f3n articular y pueden ser responsables de la mejora del dolor a la manipulaci\u00f3n, la cojera y la amplitud de movimiento"}],"video":"https:\/\/www.youtube.com\/watch?v=7G0HtBd4Em0","items_Instructions_for_use":[{"title":"Perros","description":"1 comprimido\/5 kg de peso corporal al d\u00eda.\r\nSe recomienda mezclar con el alimento habitual durante un m\u00ednimo de 3 meses.\r\n\r\nAl tratarse de un alimento complementario se puede tomar de manera ininterrumpida."}],"image_banner_scientific_study_copiar":3391,"title_banner_scientific_study":"Descubre nuestro estudio cient\u00edfico 1","description_banner_scientific_study":"<h3>\u00bfQu\u00e9 investigamos?<\/h3>\r\nHemos estudiado c\u00f3mo nuestro producto Hyaloral, un pienso complementario que combina \u00e1cido hialur\u00f3nico y col\u00e1geno hidrolizado, puede prevenir la displasia de codo en perros.\r\n<h3>\u00bfQu\u00e9 hemos descubierto?<\/h3>\r\n<ul>\r\n \t<li>El grupo suplementado con el alimento complementario Hyaloral experiment\u00f3 una reducci\u00f3n significativa en la aparici\u00f3n de displasia articular, con un 95% de probabilidad de \u00e9xito.<\/li>\r\n \t<li>Adem\u00e1s, nuestro producto mostr\u00f3 ser eficaz para aliviar los s\u00edntomas de la displasia articular.<\/li>\r\n<\/ul>\r\n\u00bfQuieres ver todos los detalles de nuestro estudio? \u00a1Haz clic en el bot\u00f3n para ver el estudio completo!","Scientific_study_banner":3393,"studies":[{"header_image":"","bibliography_image":1261,"title":"Estudio Hyaloral FOPG","study":3393}],"bibliografy_text":"<ol>\r\n \t<li>Efficacy of an oral hyaluronate and collagen supplement as a preventive treatment of elbow dysplasia. Sim\u00f3n Mart\u00ed-Angulo, N\u00faria Garc\u00eda-L\u00f3pez, Ana D\u00edaz-Ramos. J. Vet. Sci. (2014), 15(4), 569-574.<\/li>\r\n \t<li>Estudio palatabilidad gatos<\/li>\r\n \t<li>\u00a0Estudio palatabilidad perros<\/li>\r\n \t<li>Alves JC, Dos Santos AMMP, Jorge P, Lavrador CFTVB, Carreira LM. Effect of a single intra-articular high molecular weight hyaluronan in a naturally occurring canine osteoarthritis model: a randomized controlled trial. J Orthop Surg Res. 2021 May 3;16(1):290. doi: 10.1186\/s13018-021-02423-4. PMID: 33941219; PMCID: PMC8091761.<\/li>\r\n \t<li>Alves et al. Effect of an oral joint suplement when compared to another in the management of hip osteoarthritis in working dogs. Topics in Compan An Med 32 (2017) 126-129.<\/li>\r\n \t<li>Bergin et al. Oral hyaluronan gel reduces post-operative tarsocrural effusion in the yearling Thoroghbred. Equine Vet J, 2006 38 (4): 375-378.<\/li>\r\n \t<li>Carmona et al. Efectos bioqu\u00edmicos y Cl\u00ednicos del hialuronato oral en Caballos andaluces j\u00f3venes con osteocondrosis tarsocrural. Arch Med Vet, 2009, 41, 139-14<\/li>\r\n \t<li>Martello, E., Bigliati, M., Adami, R., Biasibetti, E., Bisanzio, D., Meineri, G., &amp; Bruni, N. (2022). Efficacy of a dietary supplement in dogs with osteoarthritis: A randomized placebo-controlled, double-blind clinical trial. PloS one, 17(2), e0263971.\u00a0<a href=\"https:\/\/doi.org\/10.1371\/journal.pone.0263971\">https:\/\/doi.org\/10.1371\/journal.pone.0263971<\/a><\/li>\r\n \t<li>Minatel et al. Antioxidant activity of \u01b3-Oryzanol: a complex network of interactions.\u00a0 Int J Mol Sci, 2016, 17, 1107.<\/li>\r\n \t<li>Parrado et al. Prevention of brain protein and l\u00edpid oxidation elicited by a water-soluble oryzanol enzymatic extract derived from rice bran. Eur J Nutr, 2003, 42: 307-314.<\/li>\r\n \t<li>Shin et al. \u01b3-Oryzanol supresses COX-2 expression by inhibiting reactive oxygen species-mediated Erk \u00bd and Egr-1 signaling in LPS-stimulated RAW264.7 macrophages. Biochem biophysic Research Communications, 2017, 491, 486-492.<\/li>\r\n<\/ol>","features":[{"image":1270,"title":"Efectividad demostrada en estudio cl\u00ednico"},{"image":1271,"title":"Aceptaci\u00f3n del 89% en perros y gatos"},{"image":1262,"title":"Sin prote\u00ednas de pollo"},{"image":1267,"title":"Sin colorantes"},{"image":1213,"title":"Comprimidos f\u00e1cilmente divisibles"}],"ficha_tecnica":3622},"_links":{"self":[{"href":"https:\/\/beta.pharmadiet.com\/es\/wp-json\/wp\/v2\/product\/3620","targetHints":{"allow":["GET"]}}],"collection":[{"href":"https:\/\/beta.pharmadiet.com\/es\/wp-json\/wp\/v2\/product"}],"about":[{"href":"https:\/\/beta.pharmadiet.com\/es\/wp-json\/wp\/v2\/types\/product"}],"replies":[{"embeddable":true,"href":"https:\/\/beta.pharmadiet.com\/es\/wp-json\/wp\/v2\/comments?post=3620"}],"version-history":[{"count":5,"href":"https:\/\/beta.pharmadiet.com\/es\/wp-json\/wp\/v2\/product\/3620\/revisions"}],"predecessor-version":[{"id":5051,"href":"https:\/\/beta.pharmadiet.com\/es\/wp-json\/wp\/v2\/product\/3620\/revisions\/5051"}],"wp:featuredmedia":[{"embeddable":true,"href":"https:\/\/beta.pharmadiet.com\/es\/wp-json\/wp\/v2\/media\/3621"}],"wp:attachment":[{"href":"https:\/\/beta.pharmadiet.com\/es\/wp-json\/wp\/v2\/media?parent=3620"}],"wp:term":[{"taxonomy":"animal","embeddable":true,"href":"https:\/\/beta.pharmadiet.com\/es\/wp-json\/wp\/v2\/animal?post=3620"},{"taxonomy":"product_brand","embeddable":true,"href":"https:\/\/beta.pharmadiet.com\/es\/wp-json\/wp\/v2\/product_brand?post=3620"},{"taxonomy":"product_cat","embeddable":true,"href":"https:\/\/beta.pharmadiet.com\/es\/wp-json\/wp\/v2\/product_cat?post=3620"},{"taxonomy":"product_tag","embeddable":true,"href":"https:\/\/beta.pharmadiet.com\/es\/wp-json\/wp\/v2\/product_tag?post=3620"}],"curies":[{"name":"wp","href":"https:\/\/api.w.org\/{rel}","templated":true}]}}