{"id":3585,"date":"2025-07-31T13:35:11","date_gmt":"2025-07-31T11:35:11","guid":{"rendered":"https:\/\/beta.pharmadiet.com\/?post_type=product&#038;p=3585"},"modified":"2025-10-09T12:39:30","modified_gmt":"2025-10-09T10:39:30","slug":"plasmoral-digest-pienso-complementario-para-la-dieta-de-gatos-y-perros-pequenos","status":"publish","type":"product","link":"https:\/\/beta.pharmadiet.com\/es\/productos\/plasmoral-digest-pienso-complementario-para-la-dieta-de-gatos-y-perros-pequenos\/","title":{"rendered":"Digest Plasmoral\u00ae Razas peque\u00f1as y medianas"},"content":{"rendered":"<p>Suplemento alimentario con una formula innovadora a base de nutrientes de origen plasm\u00e1tico y otros nutrientes, que ayudan ante desequilibrios intestinales prolongados en el tiempo. Formato de razas medianas y peque\u00f1as.<\/p>\n<ul>\n<li>Ingredientes con estudios cl\u00ednicos<\/li>\n<li>Modos de empleo adecuados al peso de la mascota<\/li>\n<\/ul>\n","protected":false},"excerpt":{"rendered":"<p>Alimento complementario a base de nutrientes de origen plasm\u00e1tico y otros nutrientes, que ayudan ante desequilibrios intestinales prolongados en el tiempo. Formato de razas medianas y peque\u00f1as.<\/p>\n","protected":false},"featured_media":3586,"comment_status":"open","ping_status":"closed","template":"","meta":{"_acf_changed":false,"site-sidebar-layout":"default","site-content-layout":"","ast-site-content-layout":"default","site-content-style":"default","site-sidebar-style":"default","ast-global-header-display":"","ast-banner-title-visibility":"","ast-main-header-display":"","ast-hfb-above-header-display":"","ast-hfb-below-header-display":"","ast-hfb-mobile-header-display":"","site-post-title":"","ast-breadcrumbs-content":"","ast-featured-img":"","footer-sml-layout":"","theme-transparent-header-meta":"default","adv-header-id-meta":"","stick-header-meta":"","header-above-stick-meta":"","header-main-stick-meta":"","header-below-stick-meta":"","astra-migrate-meta-layouts":"set","ast-page-background-enabled":"default","ast-page-background-meta":{"desktop":{"background-color":"var(--ast-global-color-5)","background-image":"","background-repeat":"repeat","background-position":"center center","background-size":"auto","background-attachment":"scroll","background-type":"","background-media":"","overlay-type":"","overlay-color":"","overlay-opacity":"","overlay-gradient":""},"tablet":{"background-color":"","background-image":"","background-repeat":"repeat","background-position":"center center","background-size":"auto","background-attachment":"scroll","background-type":"","background-media":"","overlay-type":"","overlay-color":"","overlay-opacity":"","overlay-gradient":""},"mobile":{"background-color":"","background-image":"","background-repeat":"repeat","background-position":"center center","background-size":"auto","background-attachment":"scroll","background-type":"","background-media":"","overlay-type":"","overlay-color":"","overlay-opacity":"","overlay-gradient":""}},"ast-content-background-meta":{"desktop":{"background-color":"var(--ast-global-color-4)","background-image":"","background-repeat":"repeat","background-position":"center center","background-size":"auto","background-attachment":"scroll","background-type":"","background-media":"","overlay-type":"","overlay-color":"","overlay-opacity":"","overlay-gradient":""},"tablet":{"background-color":"var(--ast-global-color-4)","background-image":"","background-repeat":"repeat","background-position":"center center","background-size":"auto","background-attachment":"scroll","background-type":"","background-media":"","overlay-type":"","overlay-color":"","overlay-opacity":"","overlay-gradient":""},"mobile":{"background-color":"var(--ast-global-color-4)","background-image":"","background-repeat":"repeat","background-position":"center center","background-size":"auto","background-attachment":"scroll","background-type":"","background-media":"","overlay-type":"","overlay-color":"","overlay-opacity":"","overlay-gradient":""}}},"animal":[117,119],"product_brand":[],"product_cat":[24],"product_tag":[277],"class_list":{"0":"post-3585","1":"product","2":"type-product","3":"status-publish","4":"has-post-thumbnail","6":"animal-gatos","7":"animal-perros","8":"product_cat-suplementos-digestion-animales","9":"product_tag-plantillaa","10":"desktop-align-left","11":"tablet-align-left","12":"mobile-align-left","14":"first","15":"instock","16":"shipping-taxable","17":"product-type-simple"},"acf":{"title_indications":"","description_indication":"","items_indication":[{"imagen":3588,"title":"Protecci\u00f3n contra la infecci\u00f3n intestinal de perros y gatos","description":"Un componente activo y esencial para protegernos de cuerpos extra\u00f1os y agentes externos de nuestro sistema digestivo es la\u00a0<strong>mucosa intestinal.<\/strong>\u00a0Su funci\u00f3n principal es evitar que bacterias y otros organismos se vuelvan sist\u00e9micos y causen problemas en el tracto gastrointestinal y en el organismo.\r\n\r\nEntre las\u00a0<strong>infecciones intestinales en perros y gatos m\u00e1s comunes<\/strong>, aquellas que afectan al intestino delgado, se encuentran:\r\n<ul>\r\n \t<li><strong>Gastroenteritis:\u00a0<\/strong>en perros y gatos, es la inflamaci\u00f3n del est\u00f3mago e intestino delgado causado por virus o cuerpos nocivos. Produce diarrea, v\u00f3mitos, sangre en las heces en peque\u00f1as cantidades, p\u00e9rdida de apetito\u2026<\/li>\r\n \t<li><strong>Diarrea:<\/strong>\u00a0puede ser un s\u00edntoma o un trastorno gastrointestinal en s\u00ed. Puede venir acompa\u00f1ado de riesgo de deshidrataci\u00f3n, cansancio, falta de apetito.<\/li>\r\n<\/ul>\r\n<p class=\"p1\">Es importante un cambio en la alimentaci\u00f3n, recomendado siempre por un veterinario, para afrontar estas dolencias y poder recuperar la calidad de vida de la mascota.<\/p>\r\nEn resumen, la preservaci\u00f3n de la barrera intestinal es fundamental para la salud digestiva y general de los perros y gatos. La identificaci\u00f3n y el abordaje de las amenazas a esta barrera son esenciales para prevenir problemas y patolog\u00edas relacionadas con el tracto gastrointestinal. La atenci\u00f3n veterinaria adecuada y una dieta equilibrada son pasos importantes para mantener esta barrera protectora en \u00f3ptimas condiciones."}],"title_beneficios":"En qu\u00e9 ayuda Digest Plasmoral a la salud gastrointestinal de tu mascota","description_benefits":"Pienso complementario para perros con nutrientes que ayudan a restablecer la estructura y la funci\u00f3n de la barrera intestinal.","items_benefits":[{"imagen":1241,"title":"\u2022 Disminuir la severidad de las alteraciones intestinales y los trastornos en su funcionalidad:","description":"Por su contenido en micronutrientes esenciales (Zinc y Selenio) y en vitaminas (vitamina B12) que contribuyen a la protecci\u00f3n de las c\u00e9lulas frente al da\u00f1o oxidativo, ayudando al mantenimiento de la funci\u00f3n barrera de la membrana y a la permeabilidad intestinal."},{"imagen":1237,"title":"Reestablecer el microbioma intestinal de tu mascota:","description":"Por su contenido en prebi\u00f3ticos (FOS y MOS) y en prote\u00edna de probi\u00f3ticos (<em>Enterococcus faecium<\/em>), favorecen una funci\u00f3n intestinal norma y un equilibrio microbiano en gatos y perros."},{"imagen":1241,"title":"Mantener la inmunidad de la mucosa intestinal:","description":"Contribuye a reducir la incidencia de diarreas"}],"items_presentaciones":[{"title":"Digest Plasmoral\u00ae Razas peque\u00f1as y medianas","description":"Estuche con 30 sobres en polvo.","imagen":3586}],"description_ingredients":"","items_ingredients":[{"title":"Un complejo de prote\u00ednas plasm\u00e1ticas bioactivas, minerales y vitaminas\r\n\r\n\r\n","description":"Ayuda a mantener la inmunidad normal a nivel de la mucosa intestinal, contribuyendo a reducir la incidencia de diarreas.\r\n"},{"title":"Prebi\u00f3icos FOS<sup>2,3<\/sup>\u00a0(Fructo-oligosac\u00e1ridos) y MOS<sup>4<\/sup>(Manano-ologosac\u00e1ridos)\r\n","description":"Son oligosac\u00e1ridos no digeribles derivados de fructosa (FOS) y de la manosa (MOS) que contribuyen a la consistencia de las heces.\u00a0 conocidos tambi\u00e9n por contribuir a modular la respuesta inmune del animal.\r\n\r\n"},{"title":"Prote\u00edna de Enterococcus faecium<sup>5,6<\/sup>","description":"Fuente proteica derivada del probi\u00f3tico que ayuda a reequilibrar la microflora intestinal desplazando a los microorganismos pat\u00f3genos y mejorando la respuesta inmune."},{"title":"Zinc<sup>7,8<\/sup>\r\n","description":"Mineral que ayuda a disminuir la severidad de las diarreas agudas y cr\u00f3nica, a la protecci\u00f3n de las c\u00e9lulas frente al da\u00f1o oxidativo y al funcionamiento normal del sistema inmunitario."},{"title":"Selenio<sup>9,1<\/sup>","description":"Ayuda a regular la funcionalidad de las c\u00e9lulas responsables de la inmunidad innata. Contribuye al funcionamiento normal del sistema inmunitario. Contribuye a la protecci\u00f3n de las c\u00e9lulas frente al da\u00f1o oxidativo."},{"title":"Vitamina B12","description":"Ayuda al funcionamiento normal del sistema inmunitario.\r\n\r\n"}],"video":"","items_Instructions_for_use":[{"title":"\u00bfEn qu\u00e9 situaciones se recomienda su uso?","description":"Digest Plasmoral es un complemento alimentario que ayuda a la salud gastrointestinal, aportando nutrientes de ayuda en:\r\n<ol>\r\n \t<li><strong>Diarreas asociadas a:<\/strong><\/li>\r\n<\/ol>\r\n\u2013 Vacunaci\u00f3n\r\n\r\n-Terapia con antibi\u00f3ticos\r\n\r\n-Cambios de dieta\r\n\r\n-Estr\u00e9s\r\n<ol start=\"2\">\r\n \t<li><strong>Trastornos intestinales<\/strong><\/li>\r\n \t<li><strong>Sistema gastrointestinal sensible o debilitado.<\/strong><\/li>\r\n<\/ol>"},{"title":"Perros","description":"<ul>\r\n \t<li><strong>Hasta 10 kg de peso corporal:<\/strong>\u00a01 sobre al d\u00eda.<\/li>\r\n \t<li><strong>De 10 a 20 kg de peso corporal:<\/strong>\u00a02 sobres d\u00eda.<\/li>\r\n<\/ul>"},{"title":"Gatos","description":"<ul>\r\n \t<li><strong>Hasta 10 kg de peso corporal:<\/strong>\u00a01 sobre al d\u00eda.<\/li>\r\n \t<li><strong>De 10 a 20 kg de peso corporal:<\/strong>\u00a02 sobres d\u00eda.<\/li>\r\n<\/ul>"}],"image_banner_scientific_study_copiar":3391,"title_banner_scientific_study":"Estudio Plasmoral","description_banner_scientific_study":"<strong>\u00bfQu\u00e9 investigamos?<sup>1<\/sup><\/strong>\r\n\r\nSe realizo un estudio cl\u00ednico simple-ciego y controlado, realizado con 124 perros Labrador Retriever. Para ver el efecto de la suplementaci\u00f3n con Plasmoral en la funci\u00f3n inmunitaria. Al grupo control se le suministro pienso sin suplementaci\u00f3n y al otro grupo pienso con suplementaci\u00f3n a base de Plasmoral. La duraci\u00f3n fue de 1 a\u00f1o.\r\n\r\n<strong>\u00bfQu\u00e9 hemos descubierto?<\/strong>\r\n<ul>\r\n \t<li>Plasmoral demostr\u00f3 reducir significativamente la incidencia de diarreas.<\/li>\r\n \t<li>Plasmoral demostr\u00f3 contribuir al buen funcionamiento del sistema inmunitario intestinal.<\/li>\r\n \t<li>Plasmoral demostr\u00f3 contribuir al buen estado de salud general de los animales.<\/li>\r\n<\/ul>\r\n\u00bfQuieres ver todos los detalles de nuestro estudio? \u00a1Haz clic en el bot\u00f3n para ver el estudio completo!","Scientific_study_banner":3580,"studies":[{"header_image":1261,"bibliography_image":"","title":"Estudio Plasmoral","study":3580}],"bibliografy_text":"1*Mart\u00ed-Angulo S., Garc\u00eda-L\u00f3pez N., Vi\u00f1ar\u00e1s-Otero M., Varela-Sende L. Effect of oral supplementation with plasma proteins on the immune response of puppies: a randomized, controlled trial. Clin Vet Peq Anim 2022, 42 (1): 15-24\r\n2. Swanson KS et al. Supplemental frucooligosaccharides and mannanoligosaccharides influence immune fuction, illeal and total tract nutrient digestibilities, micrbial populations and concentrations of protein catabolites in the large bowel of dogs. J Nutr (2002); 132 (5):980-989.3. Swanson KS et al. effects of supplemental frucooligosaccharides and mannanoligosaccharides on colonic microbial populations, immune function and fecal odor components in the canine. J Nutr (2002); 132:1717S-1719S\r\n4. Halas V et al. Mannanoligosaccharides in nursery pig nutrition and their potential mode of action. Animals (2012): 2:261-274\r\n5. Benyacoub J et al. Supplementatio of food with Enterococcus faecium (SF68) stimulates immune function in young dogs. J Nutr. (2003). 133 (4), 1158.\r\n6. Lappin M.R et al. Pilot study to evaluate the effect of oral supplementation of Enterococcus faecium SF 68 on cats with latent feline herpesvirus1. J Feline Med Surg. 11,650 (2009).\r\n7. Canani RB et al. Mechanisms of action of zinc in acute diarrhea. Curr Opin Gastroenterol (2011); 27 (1): 8-12.\r\n8. Skrovanek S et al. Zinc and gastrointestinal disease. World J Gastrointest Pathophysiol (2014) Nov; 15;5 (4):496-513.\r\n9. K. Karacabey et al. The effect of nutritional elements on the immune system. J Obes Wt Loss Ther (2012). 2,9.\r\n10. Joseph C Avery et al. Selenium, Selenoproteins and immunity. Nutrientes. (2018) Sep 1;10(9):1203","features":[{"image":1270,"title":"Efectividad demostrada en estudio cl\u00ednico"},{"image":1262,"title":"Sin prote\u00ednas de pollo"},{"image":1267,"title":"Sin colorantes"},{"image":1267,"title":"Sin conservantes"}],"ficha_tecnica":3587},"_links":{"self":[{"href":"https:\/\/beta.pharmadiet.com\/es\/wp-json\/wp\/v2\/product\/3585","targetHints":{"allow":["GET"]}}],"collection":[{"href":"https:\/\/beta.pharmadiet.com\/es\/wp-json\/wp\/v2\/product"}],"about":[{"href":"https:\/\/beta.pharmadiet.com\/es\/wp-json\/wp\/v2\/types\/product"}],"replies":[{"embeddable":true,"href":"https:\/\/beta.pharmadiet.com\/es\/wp-json\/wp\/v2\/comments?post=3585"}],"version-history":[{"count":9,"href":"https:\/\/beta.pharmadiet.com\/es\/wp-json\/wp\/v2\/product\/3585\/revisions"}],"predecessor-version":[{"id":5679,"href":"https:\/\/beta.pharmadiet.com\/es\/wp-json\/wp\/v2\/product\/3585\/revisions\/5679"}],"wp:featuredmedia":[{"embeddable":true,"href":"https:\/\/beta.pharmadiet.com\/es\/wp-json\/wp\/v2\/media\/3586"}],"wp:attachment":[{"href":"https:\/\/beta.pharmadiet.com\/es\/wp-json\/wp\/v2\/media?parent=3585"}],"wp:term":[{"taxonomy":"animal","embeddable":true,"href":"https:\/\/beta.pharmadiet.com\/es\/wp-json\/wp\/v2\/animal?post=3585"},{"taxonomy":"product_brand","embeddable":true,"href":"https:\/\/beta.pharmadiet.com\/es\/wp-json\/wp\/v2\/product_brand?post=3585"},{"taxonomy":"product_cat","embeddable":true,"href":"https:\/\/beta.pharmadiet.com\/es\/wp-json\/wp\/v2\/product_cat?post=3585"},{"taxonomy":"product_tag","embeddable":true,"href":"https:\/\/beta.pharmadiet.com\/es\/wp-json\/wp\/v2\/product_tag?post=3585"}],"curies":[{"name":"wp","href":"https:\/\/api.w.org\/{rel}","templated":true}]}}