{"id":3577,"date":"2025-07-31T13:24:44","date_gmt":"2025-07-31T11:24:44","guid":{"rendered":"https:\/\/beta.pharmadiet.com\/?post_type=product&#038;p=3577"},"modified":"2025-10-09T12:33:45","modified_gmt":"2025-10-09T10:33:45","slug":"plasmoral-digest-pienso-complementario-perros-grandes","status":"publish","type":"product","link":"https:\/\/beta.pharmadiet.com\/es\/productos\/plasmoral-digest-pienso-complementario-perros-grandes\/","title":{"rendered":"Digest Plasmoral\u00ae Razas grandes y gigantes"},"content":{"rendered":"<p>Alimento complementario con una formula innovadora a base de nutrientes de origen plasm\u00e1tico y otros nutrientes, que ayudan ante desequilibrios intestinales prolongados en el tiempo. Formato para razas grandes y gigantes.<\/p>\n<p>\u2022 Ingredientes con estudios cl\u00ednicos<sup>1<\/sup><br \/>\n\u2022 Modos de empleo adecuados al peso de la mascota<\/p>\n","protected":false},"excerpt":{"rendered":"<p>Alimento complementario\u00a0 a base de nutrientes de origen plasm\u00e1tico y otros nutrientes, que ayudan ante desequilibrios intestinales prolongados en el tiempo. Formato para razas grandes y gigantes.<\/p>\n","protected":false},"featured_media":3578,"comment_status":"open","ping_status":"closed","template":"","meta":{"_acf_changed":false,"site-sidebar-layout":"default","site-content-layout":"","ast-site-content-layout":"default","site-content-style":"default","site-sidebar-style":"default","ast-global-header-display":"","ast-banner-title-visibility":"","ast-main-header-display":"","ast-hfb-above-header-display":"","ast-hfb-below-header-display":"","ast-hfb-mobile-header-display":"","site-post-title":"","ast-breadcrumbs-content":"","ast-featured-img":"","footer-sml-layout":"","theme-transparent-header-meta":"default","adv-header-id-meta":"","stick-header-meta":"","header-above-stick-meta":"","header-main-stick-meta":"","header-below-stick-meta":"","astra-migrate-meta-layouts":"set","ast-page-background-enabled":"default","ast-page-background-meta":{"desktop":{"background-color":"var(--ast-global-color-5)","background-image":"","background-repeat":"repeat","background-position":"center center","background-size":"auto","background-attachment":"scroll","background-type":"","background-media":"","overlay-type":"","overlay-color":"","overlay-opacity":"","overlay-gradient":""},"tablet":{"background-color":"","background-image":"","background-repeat":"repeat","background-position":"center center","background-size":"auto","background-attachment":"scroll","background-type":"","background-media":"","overlay-type":"","overlay-color":"","overlay-opacity":"","overlay-gradient":""},"mobile":{"background-color":"","background-image":"","background-repeat":"repeat","background-position":"center center","background-size":"auto","background-attachment":"scroll","background-type":"","background-media":"","overlay-type":"","overlay-color":"","overlay-opacity":"","overlay-gradient":""}},"ast-content-background-meta":{"desktop":{"background-color":"var(--ast-global-color-4)","background-image":"","background-repeat":"repeat","background-position":"center center","background-size":"auto","background-attachment":"scroll","background-type":"","background-media":"","overlay-type":"","overlay-color":"","overlay-opacity":"","overlay-gradient":""},"tablet":{"background-color":"var(--ast-global-color-4)","background-image":"","background-repeat":"repeat","background-position":"center center","background-size":"auto","background-attachment":"scroll","background-type":"","background-media":"","overlay-type":"","overlay-color":"","overlay-opacity":"","overlay-gradient":""},"mobile":{"background-color":"var(--ast-global-color-4)","background-image":"","background-repeat":"repeat","background-position":"center center","background-size":"auto","background-attachment":"scroll","background-type":"","background-media":"","overlay-type":"","overlay-color":"","overlay-opacity":"","overlay-gradient":""}}},"animal":[119],"product_brand":[],"product_cat":[24],"product_tag":[277],"class_list":{"0":"post-3577","1":"product","2":"type-product","3":"status-publish","4":"has-post-thumbnail","6":"animal-perros","7":"product_cat-suplementos-digestion-animales","8":"product_tag-plantillaa","9":"desktop-align-left","10":"tablet-align-left","11":"mobile-align-left","13":"first","14":"instock","15":"shipping-taxable","16":"product-type-simple"},"acf":{"title_indications":"","description_indication":"","items_indication":[{"imagen":3581,"title":"Protecci\u00f3n del intestino en perros","description":"La capa mucosa del intestino no es solo una estructura pasiva; es un componente activo y esencial en la protecci\u00f3n del organismo. Su funci\u00f3n principal es evitar que bacterias u otros cuerpos extra\u00f1os que entran en el sistema digestivo se vuelvan sist\u00e9micos y causen estragos en la salud.\r\n\r\nSin embargo, esta defensa vital puede verse comprometida por una serie de factores. Algunas causas de los trastornos digestivos pueden ser la presencia de bacterias pat\u00f3genas, una dieta inadecuada, alergias alimentarias, traumas, medicamentos y diferentes enfermedades."},{"imagen":3582,"title":"","description":"Cuando la barrera intestinal se ve comprometida, pueden surgir problemas para la salud de las mascotas, desde el malestar digestivo hasta dolencias graves. Estas incluyen:\r\n\r\n<strong>Mayor vulnerabilidad a infecciones:\u00a0<\/strong>La invasi\u00f3n de pat\u00f3genos puede llevar a infecciones gastrointestinales, causando s\u00edntomas como provocar v\u00f3mitos, diarrea y malestar general.\r\n\r\n<strong>Problemas de absorci\u00f3n nutricional:\u00a0<\/strong>La capa mucosa da\u00f1ada puede afectar la absorci\u00f3n adecuada de nutrientes, lo que puede resultar en deficiencias nutricionales.\r\n\r\n<strong>Inflamaci\u00f3n cr\u00f3nica:\u00a0<\/strong>La irritaci\u00f3n continua del intestino puede desencadenar inflamaci\u00f3n cr\u00f3nica, que a su vez puede contribuir a trastornos gastrointestinales a largo plazo."}],"title_beneficios":"En qu\u00e9 ayuda Digest Plasmoral a la salud gastrointestinal de tu mascota","description_benefits":"Pienso complementario para perros con nutrientes que ayudan a restablecer la estructura y la funci\u00f3n de la barrera intestinal.\r\n","items_benefits":[{"imagen":3492,"title":"Ayudar a mantener la inmunidad de la mucosa intestinal:","description":"Contribuye a reducir la incidencia de diarreas."},{"imagen":1237,"title":"Ayudar a reestablecer el microbioma intestinal de tu mascota:","description":"Por su contenido en prebi\u00f3ticos (FOS y MOS) y en prote\u00edna de probi\u00f3ticos (<em>Enterococcus faecium<\/em>\u00a0favorecen una funci\u00f3n intestinal normal, y un equilibrio microbiano en perros.\r\n"},{"imagen":1241,"title":"Ayudar a disminuir la severidad de las alteraciones intestinales y los trastornos en su funcionalidad:","description":"Por su contenido en micronutrientes esenciales (Zinc y Selenio) y en vitaminas (vitamina B12) que contribuyen a la protecci\u00f3n de las c\u00e9lulas frente al da\u00f1o oxidativo, ayudando al mantenimiento de la funci\u00f3n barrera de la membrana y a la permeabilidad intestinal.\r\n"}],"items_presentaciones":[{"title":"Digest Plasmoral\u00ae Razas grandes y gigantes","description":"Estuche con 30 sobres en polvo.","imagen":3578}],"description_ingredients":"","items_ingredients":[{"title":"Un complejo de prote\u00ednas plasm\u00e1ticas bioactivas, minerales y vitaminas\r\n\r\n\r\n","description":"Ayuda a mantener la inmunidad normal a nivel de la mucosa intestinal, contribuyendo a reducir la incidencia de diarreas."},{"title":"Prebi\u00f3icos FOS1,2 (Fructo-oligosac\u00e1ridos) y FOS3 (Levadura de cerveza (Saccharomyces cerevisae))","description":"Son oligosac\u00e1ridos no digeribles derivados de fructosa (FOS) y de la manosa (MOS) que contribuyen a la consistencia de las heces. conocidos tambi\u00e9n por contribuir a modular la respuesta inmune del animal\r\n\r\n\r\n"},{"title":"Prote\u00edna de Enterococcus faecium<sup>5,6<\/sup>\r\n","description":"Fuente proteica derivada del probi\u00f3tico que ayuda a reequilibrar la microflora intestinal desplazando a los microorganismos pat\u00f3genos y mejorando la respuesta inmune."},{"title":"Zinc<sup>7,8<\/sup>\r\n","description":"Mineral que ayuda a disminuir la severidad de las diarreas agudas y cr\u00f3nica, a la protecci\u00f3n de las c\u00e9lulas frente al da\u00f1o oxidativo y al funcionamiento normal del sistema inmunitario."},{"title":"Selenio<sup>9,10<\/sup>\r\n","description":"Ayuda a regular la funcionalidad de las c\u00e9lulas responsables de la inmunidad innata. Contribuye al funcionamiento normal del sistema inmunitario. Contribuye a la protecci\u00f3n de las c\u00e9lulas frente al da\u00f1o oxidativo.\r\n\r\n"},{"title":"Vitamina B12","description":"Ayuda al funcionamiento normal del sistema inmunitario."}],"video":"","items_Instructions_for_use":[{"title":"\u00bfEn qu\u00e9 situaciones se recomienda su uso?","description":"Digest Plasmoral es un alimento complementario que ayuda a la salud gastrointestinal, aportando nutrientes de ayuda en:\r\n<ol>\r\n \t<li><strong>Diarreas asociadas a:<\/strong><\/li>\r\n<\/ol>\r\n<ul>\r\n \t<li>Vacunaci\u00f3n<\/li>\r\n \t<li>Terapia con antibi\u00f3ticos<\/li>\r\n \t<li>Cambios de dieta<\/li>\r\n \t<li>Estr\u00e9s<\/li>\r\n<\/ul>\r\n<ol start=\"2\">\r\n \t<li><strong>Trastornos intestinales<\/strong><\/li>\r\n \t<li><strong>Sistema gastrointestinal sensible o debilitado.<\/strong><\/li>\r\n<\/ol>"},{"title":"Perros","description":"<ul>\r\n \t<li><strong>De 20 kg a 30 kg de peso corporal:<\/strong>\u00a01 sobre al d\u00eda.<\/li>\r\n \t<li><strong>A partir de 30 kg de peso corporal:<\/strong>\u00a02 sobres d\u00eda.<\/li>\r\n<\/ul>"},{"title":"Otras indicaciones","description":"V\u00eda oral\r\n\r\nAgitar antes de usar.\r\n\r\nAdministrar 2 veces al d\u00eda, dividiendo en dos tomas la cantidad diaria.\r\n\r\nDespu\u00e9s de su uso, cerrar bien el frasco y lavar cuidadosamente la jeringa dosificadora."}],"image_banner_scientific_study_copiar":3391,"title_banner_scientific_study":"Estudio Plasmoral","description_banner_scientific_study":"<h3 style=\"color: white;\">\u00bfQu\u00e9 investigamos?<\/h3>\r\nSe realiz\u00f3 un estudio cl\u00ednico simple-ciego y controlado, realizado con 124 perros Labrador Retriever.Se evalu\u00f3 el efecto de la suplementaci\u00f3n con Plasmoral en la funci\u00f3n inmunitaria durante un a\u00f1o. Al grupo control se le suministro pienso sin suplementaci\u00f3n y al otro grupo pienso con suplementaci\u00f3n a base de Plasmoral.\r\n<h3 style=\"color: white;\">\u00bfQu\u00e9 hemos descubierto?<\/h3>\r\n<ul>\r\n \t<li>Plasmoral demostr\u00f3 reducir significativamente la incidencia de diarreas.<\/li>\r\n \t<li>Plasmoral demostr\u00f3 contribuir al buen estado de salud general de los animales<\/li>\r\n \t<li>Plasmoral demostr\u00f3 contribuir al buen funcionamiento del sistema inmunitario intestinal.<\/li>\r\n<\/ul>\r\nQuieres ver todos los detalles de nuestro estudio? \u00a1Haz clic en el bot\u00f3n para ver el estudio completo?","Scientific_study_banner":3580,"studies":[{"header_image":1261,"bibliography_image":"","title":"Estudio Plasmoral","study":3580}],"bibliografy_text":"1*Mart\u00ed-Angulo S., Garc\u00eda-L\u00f3pez N., Vi\u00f1ar\u00e1s-Otero M., Varela-Sende L. Effect of oral supplementation with plasma proteins on the immune response of puppies: a randomized, controlled trial. Clin Vet Peq Anim 2022, 42 (1): 15-24\r\n2. Swanson KS et al. Supplemental frucooligosaccharides and mannanoligosaccharides influence immune fuction, illeal and total tract nutrient digestibilities, micrbial populations and concentrations of protein catabolites in the large bowel of dogs. J Nutr (2002); 132 (5):980-989.\r\n3. Swanson KS et al. effects of supplemental frucooligosaccharides and mannanoligosaccharides on colonic microbial populations, immune function and fecal odor components in the canine. J Nutr (2002); 132:1717S-1719S\r\n4. Halas V et al. Mannanoligosaccharides in nursery pig nutrition and their potential mode of action. Animals (2012): 2:261-274\r\n5. Benyacoub J et al. Supplementatio of food with Enterococcus faecium (SF68) stimulates immune function in young dogs. J Nutr. (2003). 133 (4), 1158.\r\n6. Lappin M.R et al. Pilot study to evaluate the effect of oral supplementation of Enterococcus faecium SF 68 on cats with latent feline herpesvirus1. J Feline Med Surg. 11,650 (2009).\r\n7. Canani RB et al. Mechanisms of action of zinc in acute diarrhea. Curr Opin Gastroenterol (2011); 27 (1): 8-12.\r\n8. Skrovanek S et al. Zinc and gastrointestinal disease. World J Gastrointest Pathophysiol (2014) Nov; 15;5 (4):496-513.\r\n9. K. Karacabey et al. The effect of nutritional elements on the immune system. J Obes Wt Loss Ther (2012). 2,9.\r\n10. Joseph C Avery et al. Selenium, Selenoproteins and immunity. Nutrientes. (2018) Sep 1;10(9):1203","features":[{"image":1270,"title":"Efectividad demostrada en estudio cl\u00ednico"},{"image":1262,"title":"Sin prote\u00ednas de pollo"},{"image":1267,"title":"Sin colorantes"},{"image":1267,"title":"Sin conservantes"}],"ficha_tecnica":3579},"_links":{"self":[{"href":"https:\/\/beta.pharmadiet.com\/es\/wp-json\/wp\/v2\/product\/3577","targetHints":{"allow":["GET"]}}],"collection":[{"href":"https:\/\/beta.pharmadiet.com\/es\/wp-json\/wp\/v2\/product"}],"about":[{"href":"https:\/\/beta.pharmadiet.com\/es\/wp-json\/wp\/v2\/types\/product"}],"replies":[{"embeddable":true,"href":"https:\/\/beta.pharmadiet.com\/es\/wp-json\/wp\/v2\/comments?post=3577"}],"version-history":[{"count":10,"href":"https:\/\/beta.pharmadiet.com\/es\/wp-json\/wp\/v2\/product\/3577\/revisions"}],"predecessor-version":[{"id":5672,"href":"https:\/\/beta.pharmadiet.com\/es\/wp-json\/wp\/v2\/product\/3577\/revisions\/5672"}],"wp:featuredmedia":[{"embeddable":true,"href":"https:\/\/beta.pharmadiet.com\/es\/wp-json\/wp\/v2\/media\/3578"}],"wp:attachment":[{"href":"https:\/\/beta.pharmadiet.com\/es\/wp-json\/wp\/v2\/media?parent=3577"}],"wp:term":[{"taxonomy":"animal","embeddable":true,"href":"https:\/\/beta.pharmadiet.com\/es\/wp-json\/wp\/v2\/animal?post=3577"},{"taxonomy":"product_brand","embeddable":true,"href":"https:\/\/beta.pharmadiet.com\/es\/wp-json\/wp\/v2\/product_brand?post=3577"},{"taxonomy":"product_cat","embeddable":true,"href":"https:\/\/beta.pharmadiet.com\/es\/wp-json\/wp\/v2\/product_cat?post=3577"},{"taxonomy":"product_tag","embeddable":true,"href":"https:\/\/beta.pharmadiet.com\/es\/wp-json\/wp\/v2\/product_tag?post=3577"}],"curies":[{"name":"wp","href":"https:\/\/api.w.org\/{rel}","templated":true}]}}