{"id":3570,"date":"2025-07-31T13:13:27","date_gmt":"2025-07-31T11:13:27","guid":{"rendered":"https:\/\/beta.pharmadiet.com\/?post_type=product&#038;p=3570"},"modified":"2025-10-09T12:32:37","modified_gmt":"2025-10-09T10:32:37","slug":"dermadual-suplemento-piel-pelaje-gatos","status":"publish","type":"product","link":"https:\/\/beta.pharmadiet.com\/es\/productos\/dermadual-suplemento-piel-pelaje-gatos\/","title":{"rendered":"Dermadual\u00ae"},"content":{"rendered":"<p>Alimento complementario a base de malta, glicerina vegetal, aceite de pescado (aporta Omega 3), manitol, cristobalita, estearato de magnesio.<\/p>\n<ul>\n<li><strong>Presentaciones en gel con jeringa dosificadora<\/strong><\/li>\n<\/ul>\n","protected":false},"excerpt":{"rendered":"<p>Alimento complementario a base de malta, glicerina vegetal, aceite de pescado (aporta Omega 3), manitol, cristobalita, estearato de magnesio.<\/p>\n","protected":false},"featured_media":3571,"comment_status":"open","ping_status":"closed","template":"","meta":{"_acf_changed":false,"site-sidebar-layout":"default","site-content-layout":"","ast-site-content-layout":"default","site-content-style":"default","site-sidebar-style":"default","ast-global-header-display":"","ast-banner-title-visibility":"","ast-main-header-display":"","ast-hfb-above-header-display":"","ast-hfb-below-header-display":"","ast-hfb-mobile-header-display":"","site-post-title":"","ast-breadcrumbs-content":"","ast-featured-img":"","footer-sml-layout":"","theme-transparent-header-meta":"default","adv-header-id-meta":"","stick-header-meta":"","header-above-stick-meta":"","header-main-stick-meta":"","header-below-stick-meta":"","astra-migrate-meta-layouts":"set","ast-page-background-enabled":"default","ast-page-background-meta":{"desktop":{"background-color":"var(--ast-global-color-5)","background-image":"","background-repeat":"repeat","background-position":"center center","background-size":"auto","background-attachment":"scroll","background-type":"","background-media":"","overlay-type":"","overlay-color":"","overlay-opacity":"","overlay-gradient":""},"tablet":{"background-color":"","background-image":"","background-repeat":"repeat","background-position":"center center","background-size":"auto","background-attachment":"scroll","background-type":"","background-media":"","overlay-type":"","overlay-color":"","overlay-opacity":"","overlay-gradient":""},"mobile":{"background-color":"","background-image":"","background-repeat":"repeat","background-position":"center center","background-size":"auto","background-attachment":"scroll","background-type":"","background-media":"","overlay-type":"","overlay-color":"","overlay-opacity":"","overlay-gradient":""}},"ast-content-background-meta":{"desktop":{"background-color":"var(--ast-global-color-4)","background-image":"","background-repeat":"repeat","background-position":"center center","background-size":"auto","background-attachment":"scroll","background-type":"","background-media":"","overlay-type":"","overlay-color":"","overlay-opacity":"","overlay-gradient":""},"tablet":{"background-color":"var(--ast-global-color-4)","background-image":"","background-repeat":"repeat","background-position":"center center","background-size":"auto","background-attachment":"scroll","background-type":"","background-media":"","overlay-type":"","overlay-color":"","overlay-opacity":"","overlay-gradient":""},"mobile":{"background-color":"var(--ast-global-color-4)","background-image":"","background-repeat":"repeat","background-position":"center center","background-size":"auto","background-attachment":"scroll","background-type":"","background-media":"","overlay-type":"","overlay-color":"","overlay-opacity":"","overlay-gradient":""}}},"animal":[117,118],"product_brand":[],"product_cat":[31],"product_tag":[283],"class_list":{"0":"post-3570","1":"product","2":"type-product","3":"status-publish","4":"has-post-thumbnail","6":"animal-gatos","7":"animal-hurones","8":"product_cat-suplementos-geles-piel-pelo-animales","9":"product_tag-plantillae","10":"desktop-align-left","11":"tablet-align-left","12":"mobile-align-left","14":"first","15":"instock","16":"shipping-taxable","17":"product-type-simple"},"acf":{"title_indications":"","description_indication":"","items_indication":[{"imagen":3573,"title":"C\u00f3mo cuidar el pelaje de los gatos","description":"El cuidado del pelaje de los gatos es esencial para mantenerlo con brillo y prevenir problemas en la piel. Hay una serie de problemas que pueden aparecer si descuidamos este aspecto.\r\n<ul>\r\n \t<li><strong>Enredos y nudos<\/strong>: un buen cepillado regular previene de enredos y nudos que pueden ser inc\u00f3modos y, en casos graves, pueden incluso requerir la peluquer\u00eda para ser resueltos.<\/li>\r\n \t<li><strong>Piel Irritada y problemas cut\u00e1neos<\/strong>: La acumulaci\u00f3n de pelo suelto (o pelo muerto) y suciedad en el pelaje puede causar irritaci\u00f3n u otros problemas. Estos pueden ser picaz\u00f3n, enrojecimiento y, en casos extremos, infecciones de la piel.<\/li>\r\n \t<li><strong>Mala termorregulaci\u00f3n<\/strong>: un pelaje descuidado puede dificultar la capacidad de tu gato para mantener una temperatura corporal adecuada, especialmente en climas fr\u00edos.<\/li>\r\n<\/ul>"},{"imagen":3574,"title":"","description":"Recuerda que, seg\u00fan el tipo de pelaje, necesitar\u00e1s cuidar el pelo del gato de una forma u otra.\r\n\r\n<strong>Las bolas de pelo y su relaci\u00f3n con el cuidado del pelaje en gatos<\/strong>\r\n\r\nCuando un gato se acicala, ingiere pelo suelto. Si no se elimina el pelo muerto a trav\u00e9s del cepillado, puede acumularse en el tracto digestivo y formar bolas de pelo. Estas asocian generalmente a dos tipos de problemas:\r\n\r\n<strong>Problemas Gastrointestinales<\/strong>: v\u00f3mitos, estre\u00f1imiento y, en casos graves, obstrucciones intestinales. Estos problemas pueden ser dolorosos y requerir atenci\u00f3n veterinaria.\r\n\r\n<strong>Malestar General<\/strong>: Las bolas de pelo pueden causar malestar general en el gato, lo que puede manifestarse como letargo, p\u00e9rdida de apetito y cambios en su comportamiento. Tambi\u00e9n deber\u00edas acudir al veterinario."}],"title_beneficios":"","description_benefits":"","items_benefits":null,"items_presentaciones":[{"title":"Dermadual\u00ae","description":"Envase de 50 ml con jeringa dosificador. Gel v\u00eda oral.","imagen":3571}],"description_ingredients":"","items_ingredients":[{"title":"Taurina","description":"<span style=\"font-size: 16px;\">Amino\u00e1cido esencial en gatos.<\/span>"},{"title":"Malta","description":"Nutriente que contribuye al mantenimiento del estado saludable del animal.\r\n\r\n\r\n"},{"title":"Aceite de Salm\u00f3n (Aporta \u00e1cidos grasos Omega3)","description":"Aporta Omega 3. Contribuyendo al mantenimiento de la piel"},{"title":"Vitaminas B1, B2, B5 (Acido pantot\u00e9nico), B6, B12, \u00c1cido f\u00f3lico","description":"Contribuyen al mantenimiento de la piel en condiciones normales."},{"title":"Biotina","description":"Contribuye al mantenimiento del pelo en condiciones normales."},{"title":"Cinc","description":"Contribuye al mantenimiento en condiciones normales del pelo, piel y u\u00f1as."}],"video":"","items_Instructions_for_use":[{"title":"Generales","description":"V\u00eda Oral.\r\nAgitar antes de usar.\r\nMezclar con el alimento habitual."},{"title":"Gatos de menos de 1 a\u00f1o","description":"0,5 ml al d\u00eda.\r\n\r\n\r\n"},{"title":"Gatos adultos","description":"1 ml al d\u00eda.\r\n\r\n\r\n"},{"title":"Hurones","description":"0,5 ml al d\u00eda.\r\n\r\n\r\n"}],"image_banner_scientific_study_copiar":"","title_banner_scientific_study":"","description_banner_scientific_study":"","Scientific_study_banner":"","studies":null,"bibliografy_text":"Wilhem et al. Breed-associated phenotypes in canine atopic dermatitis. Vet Dermatol.2011","features":[{"image":1262,"title":"Sin prote\u00ednas de pollo"},{"image":1267,"title":"Sin colorantes"},{"image":1217,"title":"Sin az\u00facares"}],"ficha_tecnica":3572},"_links":{"self":[{"href":"https:\/\/beta.pharmadiet.com\/es\/wp-json\/wp\/v2\/product\/3570","targetHints":{"allow":["GET"]}}],"collection":[{"href":"https:\/\/beta.pharmadiet.com\/es\/wp-json\/wp\/v2\/product"}],"about":[{"href":"https:\/\/beta.pharmadiet.com\/es\/wp-json\/wp\/v2\/types\/product"}],"replies":[{"embeddable":true,"href":"https:\/\/beta.pharmadiet.com\/es\/wp-json\/wp\/v2\/comments?post=3570"}],"version-history":[{"count":8,"href":"https:\/\/beta.pharmadiet.com\/es\/wp-json\/wp\/v2\/product\/3570\/revisions"}],"predecessor-version":[{"id":5671,"href":"https:\/\/beta.pharmadiet.com\/es\/wp-json\/wp\/v2\/product\/3570\/revisions\/5671"}],"wp:featuredmedia":[{"embeddable":true,"href":"https:\/\/beta.pharmadiet.com\/es\/wp-json\/wp\/v2\/media\/3571"}],"wp:attachment":[{"href":"https:\/\/beta.pharmadiet.com\/es\/wp-json\/wp\/v2\/media?parent=3570"}],"wp:term":[{"taxonomy":"animal","embeddable":true,"href":"https:\/\/beta.pharmadiet.com\/es\/wp-json\/wp\/v2\/animal?post=3570"},{"taxonomy":"product_brand","embeddable":true,"href":"https:\/\/beta.pharmadiet.com\/es\/wp-json\/wp\/v2\/product_brand?post=3570"},{"taxonomy":"product_cat","embeddable":true,"href":"https:\/\/beta.pharmadiet.com\/es\/wp-json\/wp\/v2\/product_cat?post=3570"},{"taxonomy":"product_tag","embeddable":true,"href":"https:\/\/beta.pharmadiet.com\/es\/wp-json\/wp\/v2\/product_tag?post=3570"}],"curies":[{"name":"wp","href":"https:\/\/api.w.org\/{rel}","templated":true}]}}