{"id":3535,"date":"2025-07-31T12:35:51","date_gmt":"2025-07-31T10:35:51","guid":{"rendered":"https:\/\/beta.pharmadiet.com\/?post_type=product&#038;p=3535"},"modified":"2025-10-13T16:18:06","modified_gmt":"2025-10-13T14:18:06","slug":"cognidine-suplemento-alimentario-funcion-cognitiva-mascotas","status":"publish","type":"product","link":"https:\/\/beta.pharmadiet.com\/es\/productos\/cognidine-suplemento-alimentario-funcion-cognitiva-mascotas\/","title":{"rendered":"Cognidine\u00ae"},"content":{"rendered":"<ul>\n<li>Sin prote\u00ednas de pollo<\/li>\n<li>Sin conservantes<\/li>\n<li>Sin colorantes<\/li>\n<li>Modos de empleo adecuados al peso de la mascota<\/li>\n<li>Comprimidos f\u00e1cilmente divisibles<\/li>\n<\/ul>\n","protected":false},"excerpt":{"rendered":"<p>Alimento complementario a base de\u00a0levaduras (<em>Saccharomyces cerevisae<\/em>), fosfato tric\u00e1lcico, harina de krill, almid\u00f3n de patata, estearato de magnesio, cristobalita, pulpa de manzana seca, manitol.<\/p>\n","protected":false},"featured_media":3536,"comment_status":"open","ping_status":"closed","template":"","meta":{"_acf_changed":false,"site-sidebar-layout":"default","site-content-layout":"","ast-site-content-layout":"default","site-content-style":"default","site-sidebar-style":"default","ast-global-header-display":"","ast-banner-title-visibility":"","ast-main-header-display":"","ast-hfb-above-header-display":"","ast-hfb-below-header-display":"","ast-hfb-mobile-header-display":"","site-post-title":"","ast-breadcrumbs-content":"","ast-featured-img":"","footer-sml-layout":"","theme-transparent-header-meta":"default","adv-header-id-meta":"","stick-header-meta":"","header-above-stick-meta":"","header-main-stick-meta":"","header-below-stick-meta":"","astra-migrate-meta-layouts":"set","ast-page-background-enabled":"default","ast-page-background-meta":{"desktop":{"background-color":"var(--ast-global-color-5)","background-image":"","background-repeat":"repeat","background-position":"center center","background-size":"auto","background-attachment":"scroll","background-type":"","background-media":"","overlay-type":"","overlay-color":"","overlay-opacity":"","overlay-gradient":""},"tablet":{"background-color":"","background-image":"","background-repeat":"repeat","background-position":"center center","background-size":"auto","background-attachment":"scroll","background-type":"","background-media":"","overlay-type":"","overlay-color":"","overlay-opacity":"","overlay-gradient":""},"mobile":{"background-color":"","background-image":"","background-repeat":"repeat","background-position":"center center","background-size":"auto","background-attachment":"scroll","background-type":"","background-media":"","overlay-type":"","overlay-color":"","overlay-opacity":"","overlay-gradient":""}},"ast-content-background-meta":{"desktop":{"background-color":"var(--ast-global-color-4)","background-image":"","background-repeat":"repeat","background-position":"center center","background-size":"auto","background-attachment":"scroll","background-type":"","background-media":"","overlay-type":"","overlay-color":"","overlay-opacity":"","overlay-gradient":""},"tablet":{"background-color":"var(--ast-global-color-4)","background-image":"","background-repeat":"repeat","background-position":"center center","background-size":"auto","background-attachment":"scroll","background-type":"","background-media":"","overlay-type":"","overlay-color":"","overlay-opacity":"","overlay-gradient":""},"mobile":{"background-color":"var(--ast-global-color-4)","background-image":"","background-repeat":"repeat","background-position":"center center","background-size":"auto","background-attachment":"scroll","background-type":"","background-media":"","overlay-type":"","overlay-color":"","overlay-opacity":"","overlay-gradient":""}}},"animal":[117,119],"product_brand":[],"product_cat":[23],"product_tag":[283],"class_list":{"0":"post-3535","1":"product","2":"type-product","3":"status-publish","4":"has-post-thumbnail","6":"animal-gatos","7":"animal-perros","8":"product_cat-suplementos-comportamiento-animales","9":"product_tag-plantillae","10":"desktop-align-left","11":"tablet-align-left","12":"mobile-align-left","14":"first","15":"instock","16":"shipping-taxable","17":"product-type-simple"},"acf":{"title_indications":"","description_indication":"","items_indication":[{"imagen":3538,"title":"Disfunci\u00f3n cognitiva en perros y gatos","description":"El\u00a0<strong>S\u00edndrome de Disfunci\u00f3n Cognitiva en gatos y perros<\/strong>\u00a0(SDC) es una condici\u00f3n cl\u00ednica que afecta a\u00a0<strong>mascotas de edad avanzada<\/strong>, y se caracteriza por una serie de des\u00f3rdenes neurol\u00f3gicos que impactan negativamente en sus funciones cognitivas, en cambios de comportamiento, en sus interacciones sociales y en su calidad de vida.\r\n\r\nEn t\u00e9rminos de signos cl\u00ednicos, estos cambios incluyen:\r\n<ul>\r\n \t<li>Alteraci\u00f3n en la interacci\u00f3n con sus due\u00f1os u otros animales.<\/li>\r\n \t<li>Desorientaci\u00f3n y confusi\u00f3n, ansiedad e inquietud.<\/li>\r\n \t<li>Trastornos en el ciclo sue\u00f1o-vigilia, cambios en los patrones de comportamiento.<\/li>\r\n \t<li>Alteraciones en las rutinas diarias.<\/li>\r\n \t<li>Cambios en la funci\u00f3n motora.<\/li>\r\n<\/ul>\r\nEl SDC se ha convertido en un \u00e1rea de investigaci\u00f3n y\u00a0<strong>atenci\u00f3n veterinaria<\/strong>\u00a0cada vez m\u00e1s importante. El diagn\u00f3stico temprano y la intervenci\u00f3n adecuada son clave para abordar este s\u00edndrome."},{"imagen":3539,"title":"Factores asociados al S\u00edndrome de Disfunci\u00f3n Cognitiva en perros y gatos","description":"El SDC Se manifiesta de diversa forma:\r\n<ul>\r\n \t<li><strong>Cambios macrosc\u00f3picos en el cerebro:<\/strong>\u00a0atrofia cortical, que afecta especialmente las \u00e1reas cerebrales relacionadas con la memoria y el aprendizaje, as\u00ed como al hipocampo, estructura que contribuye a la formaci\u00f3n de nuevos recuerdos.<\/li>\r\n \t<li><strong>Cambios neuronales:<\/strong>\u00a0como la p\u00e9rdida de c\u00e9lulas nerviosas en \u00e1reas cerebrales clave.<\/li>\r\n \t<li><strong>Da\u00f1o oxidativo y la inflamaci\u00f3n:<\/strong>\u00a0conduce al deterioro de prote\u00ednas, l\u00edpidos y nucle\u00f3tidos en el cerebro, lo que eventualmente resulta en la muerte de neuronas.<\/li>\r\n \t<li><strong>Acumulaci\u00f3n de la prote\u00edna \u00df-amiloide:<\/strong>\u00a0puede contribuir a la p\u00e9rdida neuronal y a la atrofia cerebral<\/li>\r\n<\/ul>\r\nEl SDC puede derivar tambi\u00e9n de<strong>\u00a0patolog\u00edas cerebrovasculares:<\/strong>\u00a0cambios vasculares cerebrales,gliosis y dilataci\u00f3n ventricular, dando lugar a atrofi\u00ada cerebral, agrandamiento ventricular y lesiones en los l\u00f3bulos mediales temporales."}],"title_beneficios":"","description_benefits":"","items_benefits":null,"items_presentaciones":[{"title":"Cognidine\u00ae","description":"Estuche con 60 comprimidos, en bl\u00edster. Bl\u00edster de 10 comprimidos.","imagen":3536}],"description_ingredients":"","items_ingredients":[{"title":"Uridina<sup>1,2<\/sup>","description":""},{"title":"Pulpa de manzana seca","description":""},{"title":"Tript\u00f3fano<sup>5,6<\/sup>","description":""},{"title":"Biotina","description":""},{"title":"Selenio y Cinc","description":""},{"title":"Harina de Krill","description":""}],"video":"","items_Instructions_for_use":[{"title":"Gatos","description":"1 comprimido al d\u00eda."},{"title":"Perros","description":"<ul>\r\n \t<li><strong>Hasta 10 kg de peso:<\/strong>\u00a01 comprimido al d\u00eda.<\/li>\r\n \t<li><strong>De 10 a 20 kg de peso:<\/strong>\u00a02 comprimidos al d\u00eda.<\/li>\r\n \t<li><strong>De 20 a 30 kg de peso:<\/strong>\u00a03 comprimidos al d\u00eda.<\/li>\r\n \t<li><strong>De 30 a 40 kg de peso:<\/strong>\u00a04 comprimidos al d\u00eda.<\/li>\r\n \t<li><strong>A partir de 40 kg de peso:<\/strong>\u00a05 comprimidos al d\u00eda.<\/li>\r\n<\/ul>"},{"title":"Otras indicaciones","description":"V\u00eda Oral.\r\n\r\nSi se prefiere, mezclar con el alimento habitual.\r\n\r\nAl tratarse de un suplemento alimentario se podr\u00eda tomar de manera ininterrumpida."}],"image_banner_scientific_study_copiar":"","title_banner_scientific_study":"","description_banner_scientific_study":"","Scientific_study_banner":"","studies":null,"bibliografy_text":"<ol>\r\n \t<li>Wattig B et al. Acceleration of nerve and muscle regeneration by administration of nucleotides\u2013electroneurophysiological and morphometrical investigations. Acta Histochem Suppl. 1992;42:333-9.<\/li>\r\n \t<li>Chen TH et al. A nucleoside-nucleotide mixture may reduce memory deterioration in old senescence-accelerated mice. . J Nutr. 2000 Dec;130(12):3085-9.<\/li>\r\n \t<li>Harris CB. Dietary pyrroloquinoline quinone (PQQ) alters indicators of inflammation and mitochondrial-related metabolism in human subjects.1. J Nutr Biochem. 2013 Dec;24(12):2076-84.<\/li>\r\n \t<li>He B. Effects of pyrroloquinoline quinine on oxidative stress- induced apoptosis of Schwann cells and its mechanism. Zhonghua Zheng Xing Wai Ke Za Zhi. 2014 Mar;30(2):111-7<\/li>\r\n \t<li>Silber BY. Effects of tryptophan loading on human cognition, mood, and sleep. Neuroscience and Biobehavioral Reviews .2010; 34: 387\u2013407.<\/li>\r\n \t<li>Jean S. DeNapoli. Effect of dietary protein content and tryptophan supplementation on dominance aggression, territorial aggression, and hyperactivity in dogs. 2000; JAVMA, Vol 217, No. 4.<\/li>\r\n \t<li>Murphy T, et al. Effects of diet on brain plasticity in animal and human Studies: mind the gap. Neural Plasticity.2014; ID 563160.<\/li>\r\n<\/ol>","features":[{"image":1262,"title":"Sin prote\u00ednas de pollo"},{"image":1267,"title":"Sin conservantes"},{"image":1213,"title":"Comprimidos f\u00e1cilmente divisibles"}],"ficha_tecnica":3553},"_links":{"self":[{"href":"https:\/\/beta.pharmadiet.com\/es\/wp-json\/wp\/v2\/product\/3535","targetHints":{"allow":["GET"]}}],"collection":[{"href":"https:\/\/beta.pharmadiet.com\/es\/wp-json\/wp\/v2\/product"}],"about":[{"href":"https:\/\/beta.pharmadiet.com\/es\/wp-json\/wp\/v2\/types\/product"}],"replies":[{"embeddable":true,"href":"https:\/\/beta.pharmadiet.com\/es\/wp-json\/wp\/v2\/comments?post=3535"}],"version-history":[{"count":9,"href":"https:\/\/beta.pharmadiet.com\/es\/wp-json\/wp\/v2\/product\/3535\/revisions"}],"predecessor-version":[{"id":5701,"href":"https:\/\/beta.pharmadiet.com\/es\/wp-json\/wp\/v2\/product\/3535\/revisions\/5701"}],"wp:featuredmedia":[{"embeddable":true,"href":"https:\/\/beta.pharmadiet.com\/es\/wp-json\/wp\/v2\/media\/3536"}],"wp:attachment":[{"href":"https:\/\/beta.pharmadiet.com\/es\/wp-json\/wp\/v2\/media?parent=3535"}],"wp:term":[{"taxonomy":"animal","embeddable":true,"href":"https:\/\/beta.pharmadiet.com\/es\/wp-json\/wp\/v2\/animal?post=3535"},{"taxonomy":"product_brand","embeddable":true,"href":"https:\/\/beta.pharmadiet.com\/es\/wp-json\/wp\/v2\/product_brand?post=3535"},{"taxonomy":"product_cat","embeddable":true,"href":"https:\/\/beta.pharmadiet.com\/es\/wp-json\/wp\/v2\/product_cat?post=3535"},{"taxonomy":"product_tag","embeddable":true,"href":"https:\/\/beta.pharmadiet.com\/es\/wp-json\/wp\/v2\/product_tag?post=3535"}],"curies":[{"name":"wp","href":"https:\/\/api.w.org\/{rel}","templated":true}]}}