{"id":3409,"date":"2025-07-31T10:24:22","date_gmt":"2025-07-31T08:24:22","guid":{"rendered":"https:\/\/beta.pharmadiet.com\/?post_type=product&#038;p=3409"},"modified":"2025-10-09T12:46:10","modified_gmt":"2025-10-09T10:46:10","slug":"calmatonine-suplementos-comportamiento-animales","status":"publish","type":"product","link":"https:\/\/beta.pharmadiet.com\/es\/productos\/calmatonine-suplementos-comportamiento-animales\/","title":{"rendered":"Calmatonine\u00ae XR"},"content":{"rendered":"<ul>\n<li>Nueva Formula<\/li>\n<li>Tecnolog\u00eda BICAPA<\/li>\n<li>Sin prote\u00ednas de pollo<\/li>\n<li>Sin conservantes<\/li>\n<li>Modos de empleo adecuados al peso de la mascota<\/li>\n<li>Comprimidos f\u00e1cilmente divisibles<\/li>\n<\/ul>\n","protected":false},"excerpt":{"rendered":"<p>Alimento complementario con prote\u00edna de leche, germen de arroz, valeriana, passiflora, tript\u00f3fano, vitamina B6, magnesio y niacinamida.<\/p>\n","protected":false},"featured_media":3411,"comment_status":"open","ping_status":"closed","template":"","meta":{"_acf_changed":false,"site-sidebar-layout":"default","site-content-layout":"","ast-site-content-layout":"default","site-content-style":"default","site-sidebar-style":"default","ast-global-header-display":"","ast-banner-title-visibility":"","ast-main-header-display":"","ast-hfb-above-header-display":"","ast-hfb-below-header-display":"","ast-hfb-mobile-header-display":"","site-post-title":"","ast-breadcrumbs-content":"","ast-featured-img":"","footer-sml-layout":"","theme-transparent-header-meta":"default","adv-header-id-meta":"","stick-header-meta":"","header-above-stick-meta":"","header-main-stick-meta":"","header-below-stick-meta":"","astra-migrate-meta-layouts":"set","ast-page-background-enabled":"default","ast-page-background-meta":{"desktop":{"background-color":"var(--ast-global-color-5)","background-image":"","background-repeat":"repeat","background-position":"center center","background-size":"auto","background-attachment":"scroll","background-type":"","background-media":"","overlay-type":"","overlay-color":"","overlay-opacity":"","overlay-gradient":""},"tablet":{"background-color":"","background-image":"","background-repeat":"repeat","background-position":"center center","background-size":"auto","background-attachment":"scroll","background-type":"","background-media":"","overlay-type":"","overlay-color":"","overlay-opacity":"","overlay-gradient":""},"mobile":{"background-color":"","background-image":"","background-repeat":"repeat","background-position":"center center","background-size":"auto","background-attachment":"scroll","background-type":"","background-media":"","overlay-type":"","overlay-color":"","overlay-opacity":"","overlay-gradient":""}},"ast-content-background-meta":{"desktop":{"background-color":"var(--ast-global-color-4)","background-image":"","background-repeat":"repeat","background-position":"center center","background-size":"auto","background-attachment":"scroll","background-type":"","background-media":"","overlay-type":"","overlay-color":"","overlay-opacity":"","overlay-gradient":""},"tablet":{"background-color":"var(--ast-global-color-4)","background-image":"","background-repeat":"repeat","background-position":"center center","background-size":"auto","background-attachment":"scroll","background-type":"","background-media":"","overlay-type":"","overlay-color":"","overlay-opacity":"","overlay-gradient":""},"mobile":{"background-color":"var(--ast-global-color-4)","background-image":"","background-repeat":"repeat","background-position":"center center","background-size":"auto","background-attachment":"scroll","background-type":"","background-media":"","overlay-type":"","overlay-color":"","overlay-opacity":"","overlay-gradient":""}}},"animal":[117,118,119,150],"product_brand":[],"product_cat":[23],"product_tag":[284],"class_list":{"0":"post-3409","1":"product","2":"type-product","3":"status-publish","4":"has-post-thumbnail","6":"animal-gatos","7":"animal-hurones","8":"animal-perros","9":"animal-roedores","10":"product_cat-suplementos-comportamiento-animales","11":"product_tag-plantillaf","12":"desktop-align-left","13":"tablet-align-left","14":"mobile-align-left","16":"first","17":"instock","18":"shipping-taxable","19":"product-type-simple"},"acf":{"title_indications":"","description_indication":"","items_indication":[{"imagen":1257,"title":" \u00bfC\u00f3mo funciona la tecnolog\u00eda bicapa?","description":"<strong>1. LA LIBERACI\u00d3N INMEDIATA: <\/strong>Liberaci\u00f3n de una cantidad inicial del producto para obtener un efecto inmediato\r\n<strong>2. LA LIBERACI\u00d3N PROLONGADA:<\/strong> Liberaci\u00f3n de manera m\u00e1s lenta y sostenida, manteniendo una duraci\u00f3n de acci\u00f3n m\u00e1s prolongada."},{"imagen":4962,"title":"Problemas de comportamiento en perros y gatos","description":"Si notas que tu mascota <strong>reacciona de forma diferente<\/strong> o act\u00faa de un modo raro, puede que est\u00e9 sucediendo algo que le afecte a su bienestar y tranquilidad. Entre las causas m\u00e1s comunes que se relacionan con problemas de comportamiento se encuentran:\r\n<ul>\r\n \t<li><strong>Enfermedades o dolencias.<\/strong> Digestivas, d\u00e9rmicas, renales, hep\u00e1ticas\u2026 cualquier enfermedad puede estar afectando al comportamiento de tu animal.<\/li>\r\n \t<li><strong>Cambios de entorno.<\/strong> Mudanzas, cambios de caja de arena o caseta, cambio de habitaci\u00f3n, un nuevo miembro en la familia\u2026 pueden afectar al estado an\u00edmico de perros y gatos.<\/li>\r\n \t<li><strong>Nueva zona de paseo.<\/strong> Especialmente para perros, cuando muestran agresividad con otros perros, puede deberse a un cambio en la zona de paseo o nuevos animales que no conoce.<\/li>\r\n<\/ul>\r\nAnte problemas conductuales, lo mejor es una visita al veterinario. As\u00ed podr\u00e1 descartar cualquier dolencia y proponer el tratamiento adecuado en caso de realizar un diagn\u00f3stico positivo."}],"title_beneficios":"","description_benefits":"","items_benefits":null,"items_presentaciones":[{"title":"Calmatonine\u00ae XR","description":"Envase cl\u00ednico con 120 comprimidos bicapa, en bl\u00edster de 10 comprimidos cada uno y sobres de dispensaci\u00f3n.","imagen":3411}],"description_ingredients":"","items_ingredients":[{"title":"Capa superior (de liberaci\u00f3n inmediata)","description":""},{"title":"Prote\u00edna de leche hidrolizada (aporta alfa-casozepina)","description":""},{"title":"Germen de arroz (aporta GABA)","description":""},{"title":"Ra\u00edz de valeriana y Extracto de pasiflora incartnata","description":""},{"title":"Capa inferior (de liberaci\u00f3n retardada)","description":""},{"title":"Tript\u00f3fano","description":""},{"title":"Vitamina B6 y Magnesio, Niacinamida","description":""}],"video":"","items_Instructions_for_use":[{"title":"Gatos","description":"Entre \u00bd y 1 comprimido al d\u00eda."},{"title":"Perros","description":"<ul>\r\n \t<li><strong>Hasta 10 kg de peso:<\/strong>\u00a0Entre \u00bd y 1 comprimido al d\u00eda.<\/li>\r\n \t<li><strong>De 10 a 20 kg de peso:<\/strong>\u00a0Entre 1 y 2 comprimidos al d\u00eda.<\/li>\r\n \t<li><strong>De 20 a 30 kg de peso:<\/strong>\u00a0Entre 1 y \u00bd y 3 comprimidos al d\u00eda.<\/li>\r\n \t<li><strong>De 30 a 40 kg de peso:<\/strong>\u00a0Entre 2 y 4 comprimidos al d\u00eda.<\/li>\r\n \t<li><strong>A partir de 40 kg de peso:<\/strong>\u00a0Entre 3 y 6 comprimidos al d\u00eda.<\/li>\r\n<\/ul>"},{"title":"Hurones y roedores:","description":"0,25 comprimido al d\u00eda."},{"title":"Otras indicaciones","description":"V\u00eda Oral.\r\n\r\nPara un uso puntual, se recomienda tomarlo 30 minutos o una ahora antes, o puede tomarse diariamente durante 6 semanas, de forma continuada.\r\n\r\nSe recomienda tomar los comprimidos enteros o partidos por la mitad, no triturar.\r\n\r\nSi se prefiere, mezclar con el alimento habitual.\r\n\r\nAl tratarse de un suplemento alimentario se podr\u00eda tomar de manera ininterrumpida."}],"image_banner_scientific_study_copiar":"","title_banner_scientific_study":"","description_banner_scientific_study":"","Scientific_study_banner":"","studies":null,"bibliografy_text":"","features":[{"image":1221,"title":"Tecnolog\u00eda bicapa"},{"image":1262,"title":"Sin prote\u00ednas de pollo"},{"image":1267,"title":"Sin conservantes"},{"image":1213,"title":"Comprimidos f\u00e1cilmente divisibles"}],"ficha_tecnica":3555},"_links":{"self":[{"href":"https:\/\/beta.pharmadiet.com\/es\/wp-json\/wp\/v2\/product\/3409","targetHints":{"allow":["GET"]}}],"collection":[{"href":"https:\/\/beta.pharmadiet.com\/es\/wp-json\/wp\/v2\/product"}],"about":[{"href":"https:\/\/beta.pharmadiet.com\/es\/wp-json\/wp\/v2\/types\/product"}],"replies":[{"embeddable":true,"href":"https:\/\/beta.pharmadiet.com\/es\/wp-json\/wp\/v2\/comments?post=3409"}],"version-history":[{"count":18,"href":"https:\/\/beta.pharmadiet.com\/es\/wp-json\/wp\/v2\/product\/3409\/revisions"}],"predecessor-version":[{"id":5687,"href":"https:\/\/beta.pharmadiet.com\/es\/wp-json\/wp\/v2\/product\/3409\/revisions\/5687"}],"wp:featuredmedia":[{"embeddable":true,"href":"https:\/\/beta.pharmadiet.com\/es\/wp-json\/wp\/v2\/media\/3411"}],"wp:attachment":[{"href":"https:\/\/beta.pharmadiet.com\/es\/wp-json\/wp\/v2\/media?parent=3409"}],"wp:term":[{"taxonomy":"animal","embeddable":true,"href":"https:\/\/beta.pharmadiet.com\/es\/wp-json\/wp\/v2\/animal?post=3409"},{"taxonomy":"product_brand","embeddable":true,"href":"https:\/\/beta.pharmadiet.com\/es\/wp-json\/wp\/v2\/product_brand?post=3409"},{"taxonomy":"product_cat","embeddable":true,"href":"https:\/\/beta.pharmadiet.com\/es\/wp-json\/wp\/v2\/product_cat?post=3409"},{"taxonomy":"product_tag","embeddable":true,"href":"https:\/\/beta.pharmadiet.com\/es\/wp-json\/wp\/v2\/product_tag?post=3409"}],"curies":[{"name":"wp","href":"https:\/\/api.w.org\/{rel}","templated":true}]}}