{"id":273,"date":"2025-05-22T12:12:16","date_gmt":"2025-05-22T10:12:16","guid":{"rendered":"http:\/\/pharmadiet01.test\/?post_type=product&#038;p=273"},"modified":"2025-10-20T18:28:32","modified_gmt":"2025-10-20T16:28:32","slug":"aloevet-gel-topico-hidratante-animales","status":"publish","type":"product","link":"https:\/\/beta.pharmadiet.com\/es\/productos\/aloevet-gel-topico-hidratante-animales\/","title":{"rendered":"Aloevet\u00ae"},"content":{"rendered":"<p>Aloevet\u00ae proporciona nutrientes para a protecci\u00f3n de peque\u00f1as lesiones de la piel, en extremidades y zonas especialmente sensibles como almohadillas plantares, codera, trufa, hocico.<\/p>\n<ul>\n<li>Gel de uso t\u00f3pico.<\/li>\n<li>Envase dosificador.<\/li>\n<\/ul>\n","protected":false},"excerpt":{"rendered":"<p>Gel de uso t\u00f3pico, hidratante, indicado para la protecci\u00f3n de peque\u00f1as lesiones de la piel, en extremidades y zonas especialmente sensibles como almohadillas plantares, codera, trufa, hocico.<\/p>\n","protected":false},"featured_media":274,"comment_status":"open","ping_status":"closed","template":"","meta":{"_acf_changed":false,"site-sidebar-layout":"default","site-content-layout":"","ast-site-content-layout":"default","site-content-style":"default","site-sidebar-style":"default","ast-global-header-display":"","ast-banner-title-visibility":"","ast-main-header-display":"","ast-hfb-above-header-display":"","ast-hfb-below-header-display":"","ast-hfb-mobile-header-display":"","site-post-title":"","ast-breadcrumbs-content":"","ast-featured-img":"","footer-sml-layout":"","theme-transparent-header-meta":"default","adv-header-id-meta":"","stick-header-meta":"","header-above-stick-meta":"","header-main-stick-meta":"","header-below-stick-meta":"","astra-migrate-meta-layouts":"set","ast-page-background-enabled":"default","ast-page-background-meta":{"desktop":{"background-color":"var(--ast-global-color-5)","background-image":"","background-repeat":"repeat","background-position":"center center","background-size":"auto","background-attachment":"scroll","background-type":"","background-media":"","overlay-type":"","overlay-color":"","overlay-opacity":"","overlay-gradient":""},"tablet":{"background-color":"","background-image":"","background-repeat":"repeat","background-position":"center center","background-size":"auto","background-attachment":"scroll","background-type":"","background-media":"","overlay-type":"","overlay-color":"","overlay-opacity":"","overlay-gradient":""},"mobile":{"background-color":"","background-image":"","background-repeat":"repeat","background-position":"center center","background-size":"auto","background-attachment":"scroll","background-type":"","background-media":"","overlay-type":"","overlay-color":"","overlay-opacity":"","overlay-gradient":""}},"ast-content-background-meta":{"desktop":{"background-color":"var(--ast-global-color-4)","background-image":"","background-repeat":"repeat","background-position":"center center","background-size":"auto","background-attachment":"scroll","background-type":"","background-media":"","overlay-type":"","overlay-color":"","overlay-opacity":"","overlay-gradient":""},"tablet":{"background-color":"var(--ast-global-color-4)","background-image":"","background-repeat":"repeat","background-position":"center center","background-size":"auto","background-attachment":"scroll","background-type":"","background-media":"","overlay-type":"","overlay-color":"","overlay-opacity":"","overlay-gradient":""},"mobile":{"background-color":"var(--ast-global-color-4)","background-image":"","background-repeat":"repeat","background-position":"center center","background-size":"auto","background-attachment":"scroll","background-type":"","background-media":"","overlay-type":"","overlay-color":"","overlay-opacity":"","overlay-gradient":""}}},"animal":[223,149,117,118,119,120,150],"product_brand":[],"product_cat":[31],"product_tag":[279],"class_list":{"0":"post-273","1":"product","2":"type-product","3":"status-publish","4":"has-post-thumbnail","6":"animal-aves","7":"animal-conejos","8":"animal-gatos","9":"animal-hurones","10":"animal-perros","11":"animal-reptiles","12":"animal-roedores","13":"product_cat-suplementos-geles-piel-pelo-animales","14":"product_tag-plantillac","15":"desktop-align-left","16":"tablet-align-left","17":"mobile-align-left","19":"first","20":"instock","21":"shipping-taxable","22":"product-type-simple"},"acf":{"title_indications":"","description_indication":"","items_indication":[{"imagen":4013,"title":"Lesiones de piel en perros y gatos: almohadillas, coderas, trufa y hocico","description":"Las peque\u00f1as lesiones en las extremidades y zonas especialmente sensibles son preocupaciones en mascotas como perros y gatos. Estas zonas incluyen las almohadillas plantares, codera, trufa y hocico. \u00bfPor qu\u00e9? Porque son \u00e1reas que se exponen constantemente al exterior cuando los animales se mueven, pudiendo generar problemas en la piel de los gatos y perros de diferente gravedad.\r\n\r\n<strong>Almohadillas Plantares:<\/strong>\r\n<p style=\"text-align: left;\">Son las almohadillas de piel gruesa en las patas de perros y gatos. Pueden sufrir peque\u00f1as lesiones debido a diversas razones, como caminar sobre superficies abrasivas o afiladas, quemaduras por calor o fr\u00edo, y objetos extra\u00f1os incrustados. Si crees que puede haber un problema, revisa las patas de tu mascota en busca de heridas en la piel, abrasiones, quemaduras o inflamaci\u00f3n. Tu mascota puede cojear o lamer excesivamente las patas si tienen dolor.<\/p>"},{"imagen":4014,"title":"","description":"<strong>Codera:<\/strong>\r\n\r\nSon peque\u00f1as articulaciones en los codos de las patas delanteras, pueden sufrir lesiones debido a la fricci\u00f3n constante con superficies duras o rugosas, pudiendo causas un problema dermatol\u00f3gico. Busca hinchaz\u00f3n, enrojecimiento o callosidades en las coderas de tu mascota. Pueden lamer (acicalamiento excesivo) o morder la zona afectada.\r\n\r\n<strong>Trufa y Hocico:<\/strong>\r\n\r\nPueden ser sensibles y propensos a lesiones debido a su exposici\u00f3n al aire libre y a posibles alergias. Si detectas algo raro como sequedad, descamaci\u00f3n, enrojecimiento o heridas, debes acudir al veterinario. Tambi\u00e9n presta atenci\u00f3n a si estornudan o se frotan la nariz constantemente.\r\n\r\nEs esencial que est\u00e9s atento a las se\u00f1ales de lesiones en estas zonas sensibles . En caso de necesidad, se tratar\u00e1 adecuadamente a trav\u00e9s de la atenci\u00f3n de tu veterinario de confianza."}],"title_beneficios":"En qu\u00e9 ayuda Aloevet\u00ae a la salud d\u00e9rmica de las mascotas","description_benefits":"Aloevet \u00a0est\u00e1 recomendado para","items_benefits":[{"imagen":3481,"title":"Ayudar a mantener hidratada la piel","description":""},{"imagen":3485,"title":"Ayuda al mantenimiento del buen estado de la piel","description":""},{"imagen":3492,"title":"Contribuye a proteger de peque\u00f1as lesiones","description":"Tanto en extremidades y zonas especialmente sensibles como almohadillas plantares, codera, trufa y hocico."}],"items_presentaciones":[{"title":"Aloevet\u00ae","description":"Estuche con envase dosificador de 50 ml.\r\n\r\nGel de uso t\u00f3pico.","imagen":274}],"description_ingredients":"","items_ingredients":[{"title":"Gel de Aloe Vera, Extracto de Centella asi\u00e1tica, Hialuronato s\u00f3dico","description":"Ayudan a hidratar y a proteger frente a peque\u00f1as lesiones de la piel."},{"title":"Col\u00e1geno hidrolizado","description":"Ayuda al mantenimiento del buen estado de la piel."},{"title":"Vitaminas A y E","description":"Vitaminas con actividad antioxidante que ayudan a la salud de la piel."}],"video":"","items_Instructions_for_use":[{"title":"Generales","description":"Uso t\u00f3pico.\r\n\r\nEl dispositivo cuenta con un cierre de seguridad que podr\u00e1 usted observar marcado en la parte superior como OFF y ON. Antes de aplicar el producto, aseg\u00farese que el dispositivo est\u00e1 abierto, girando ligeramente la parte superior hacia la derecha.\r\n\r\nAplicar una peque\u00f1a cantidad de ALOEVET\u00ae GEL en el \u00e1rea afectada de la piel y extender uniformemente. Aplicar de dos a tres veces al d\u00eda.\r\n\r\nUna vez realizada la aplicaci\u00f3n, gire ligeramente la parte superior del dispositivo hacia la izquierda para asegurar que quede cerrado evitando la posible salida del producto."}],"image_banner_scientific_study_copiar":"","title_banner_scientific_study":"","description_banner_scientific_study":"","Scientific_study_banner":"","studies":null,"bibliografy_text":"","features":[{"image":3481,"title":"Hidrataci\u00f3n"},{"image":1219,"title":"Gel No pegajoso"},{"image":1220,"title":"No necesita Nevera"}],"ficha_tecnica":3557},"_links":{"self":[{"href":"https:\/\/beta.pharmadiet.com\/es\/wp-json\/wp\/v2\/product\/273","targetHints":{"allow":["GET"]}}],"collection":[{"href":"https:\/\/beta.pharmadiet.com\/es\/wp-json\/wp\/v2\/product"}],"about":[{"href":"https:\/\/beta.pharmadiet.com\/es\/wp-json\/wp\/v2\/types\/product"}],"replies":[{"embeddable":true,"href":"https:\/\/beta.pharmadiet.com\/es\/wp-json\/wp\/v2\/comments?post=273"}],"version-history":[{"count":20,"href":"https:\/\/beta.pharmadiet.com\/es\/wp-json\/wp\/v2\/product\/273\/revisions"}],"predecessor-version":[{"id":5766,"href":"https:\/\/beta.pharmadiet.com\/es\/wp-json\/wp\/v2\/product\/273\/revisions\/5766"}],"wp:featuredmedia":[{"embeddable":true,"href":"https:\/\/beta.pharmadiet.com\/es\/wp-json\/wp\/v2\/media\/274"}],"wp:attachment":[{"href":"https:\/\/beta.pharmadiet.com\/es\/wp-json\/wp\/v2\/media?parent=273"}],"wp:term":[{"taxonomy":"animal","embeddable":true,"href":"https:\/\/beta.pharmadiet.com\/es\/wp-json\/wp\/v2\/animal?post=273"},{"taxonomy":"product_brand","embeddable":true,"href":"https:\/\/beta.pharmadiet.com\/es\/wp-json\/wp\/v2\/product_brand?post=273"},{"taxonomy":"product_cat","embeddable":true,"href":"https:\/\/beta.pharmadiet.com\/es\/wp-json\/wp\/v2\/product_cat?post=273"},{"taxonomy":"product_tag","embeddable":true,"href":"https:\/\/beta.pharmadiet.com\/es\/wp-json\/wp\/v2\/product_tag?post=273"}],"curies":[{"name":"wp","href":"https:\/\/api.w.org\/{rel}","templated":true}]}}