{"id":17409,"date":"2026-02-16T13:03:56","date_gmt":"2026-02-16T12:03:56","guid":{"rendered":"https:\/\/beta.pharmadiet.com\/es\/?post_type=product&#038;p=17409"},"modified":"2026-02-16T15:29:35","modified_gmt":"2026-02-16T14:29:35","slug":"hyaloral-plasma","status":"publish","type":"product","link":"https:\/\/beta.pharmadiet.com\/es\/productos\/hyaloral-plasma\/","title":{"rendered":"Hyaloral\u00ae Plasma"},"content":{"rendered":"<ul>\n<li>Ingredientes con estudios cl\u00ednicos<\/li>\n<li>Modos de empleo adecuados al peso de la mascota<\/li>\n<li>Comprimido f\u00e1cilmente divisible.<\/li>\n<\/ul>\n","protected":false},"excerpt":{"rendered":"<p>Alimento complementario que, a\u00f1adido a la dieta habitual, contribuye al desarrollo y mantenimiento de articulaciones, tendones y ligamentos y la respuesta inmunitaria general de la mascota.<\/p>\n","protected":false},"featured_media":17410,"comment_status":"open","ping_status":"closed","template":"","meta":{"_acf_changed":false,"site-sidebar-layout":"default","site-content-layout":"","ast-site-content-layout":"default","site-content-style":"default","site-sidebar-style":"default","ast-global-header-display":"","ast-banner-title-visibility":"","ast-main-header-display":"","ast-hfb-above-header-display":"","ast-hfb-below-header-display":"","ast-hfb-mobile-header-display":"","site-post-title":"","ast-breadcrumbs-content":"","ast-featured-img":"","footer-sml-layout":"","theme-transparent-header-meta":"default","adv-header-id-meta":"","stick-header-meta":"","header-above-stick-meta":"","header-main-stick-meta":"","header-below-stick-meta":"","astra-migrate-meta-layouts":"set","ast-page-background-enabled":"default","ast-page-background-meta":{"desktop":{"background-color":"var(--ast-global-color-5)","background-image":"","background-repeat":"repeat","background-position":"center center","background-size":"auto","background-attachment":"scroll","background-type":"","background-media":"","overlay-type":"","overlay-color":"","overlay-opacity":"","overlay-gradient":""},"tablet":{"background-color":"","background-image":"","background-repeat":"repeat","background-position":"center center","background-size":"auto","background-attachment":"scroll","background-type":"","background-media":"","overlay-type":"","overlay-color":"","overlay-opacity":"","overlay-gradient":""},"mobile":{"background-color":"","background-image":"","background-repeat":"repeat","background-position":"center center","background-size":"auto","background-attachment":"scroll","background-type":"","background-media":"","overlay-type":"","overlay-color":"","overlay-opacity":"","overlay-gradient":""}},"ast-content-background-meta":{"desktop":{"background-color":"var(--ast-global-color-4)","background-image":"","background-repeat":"repeat","background-position":"center center","background-size":"auto","background-attachment":"scroll","background-type":"","background-media":"","overlay-type":"","overlay-color":"","overlay-opacity":"","overlay-gradient":""},"tablet":{"background-color":"var(--ast-global-color-4)","background-image":"","background-repeat":"repeat","background-position":"center center","background-size":"auto","background-attachment":"scroll","background-type":"","background-media":"","overlay-type":"","overlay-color":"","overlay-opacity":"","overlay-gradient":""},"mobile":{"background-color":"var(--ast-global-color-4)","background-image":"","background-repeat":"repeat","background-position":"center center","background-size":"auto","background-attachment":"scroll","background-type":"","background-media":"","overlay-type":"","overlay-color":"","overlay-opacity":"","overlay-gradient":""}}},"animal":[117,118,119,150],"product_brand":[],"product_cat":[20],"product_tag":[283],"class_list":{"0":"post-17409","1":"product","2":"type-product","3":"status-publish","4":"has-post-thumbnail","6":"animal-gatos","7":"animal-hurones","8":"animal-perros","9":"animal-roedores","10":"product_cat-suplementos-articulaciones-animales","11":"product_tag-plantillae","12":"desktop-align-left","13":"tablet-align-left","14":"mobile-align-left","16":"first","17":"instock","18":"shipping-taxable","19":"product-type-simple"},"acf":{"title_indications":"\u00bfC\u00f3mo afecta la artrosis a nuestros perros?","description_indication":"","items_indication":[{"imagen":3623,"title":"\u00bfC\u00f3mo afecta la artrosis a nuestros perros?","description":"La artrosis en perros, peque\u00f1os o grandes, es una enfermedad degenerativa en la que la articulaci\u00f3n se ve afectada por inflamaci\u00f3n y deterioro del cart\u00edlago produciendo dolor y afectando \u00a0el movimiento y la calidad de vida del animal. Habitualmente causada por el envejecimiento, lesiones o predisposici\u00f3n gen\u00e9tica.\r\n\r\nLos perros con artrosis pueden sufrir atrofia muscular, dolor , etc."},{"imagen":3396,"title":"","description":"La atrofia muscular animal implica que los m\u00fasculos disminuyan de tama\u00f1o y pierdan fuerza. El animal pierde masa muscular, provocando una p\u00e9rdida de funcionalidad adem\u00e1s de hacer que el \u00e1rea afectada sea m\u00e1s d\u00e9bil."}],"title_beneficios":"En qu\u00e9 ayuda este suplemento alimentario a la salud articular de tu mascota","description_benefits":"Alimento complementario con nutrientes de ayuda al correcto desarrollo de articulaciones, tendones, cart\u00edlagos y ligamentos, pensado para las articulaciones de los perros.","items_benefits":[{"imagen":1268,"title":"Contribuye a un desarrollo Saludable","description":"Hyaloral Gel perros y gatos ayuda a mantener la salud de articulaciones, tendones, cart\u00edlagos y ligamentos, especialmente importante en animales j\u00f3venes en crecimiento."},{"imagen":3617,"title":"Ayuda al mantenimiento de la movilidad y la flexibilidad","description":"Reduciendo la rigidez en animales mayores."},{"imagen":1269,"title":"Mantenimiento de la salud articular:","description":"Contribuye a mantener la salud articular a lo largo del tiempo."},{"imagen":1272,"title":"Contribuye a mantener una vida activa:","description":"Con lo que tus mascotas disfrutan de actividades f\u00edsicas como jugar, correr y saltar con\u00a0comodidad, lo que contribuye a su bienestar f\u00edsico y emocional."}],"items_presentaciones":[{"title":"Hyaloral\u00ae Plasma ","description":"Estuche con 120 comprimidos de 4,5 g cada uno f\u00e1cilmente divisibles, para facilitar la toma.","imagen":17417},{"title":"","description":"Estuche con 360 comprimidos de 4,5 g cada uno f\u00e1cilmente divisibles, para facilitar la toma.","imagen":17415}],"description_ingredients":"","items_ingredients":[{"title":"\u00c1cido Hialur\u00f3nico<sup>4,5,6,7,8<\/sup>","description":""},{"title":"Col\u00e1geno hidrolizado enzim\u00e1ticamente","description":""},{"title":"Prote\u00ednas de Plasma","description":""},{"title":"Glucosamina","description":""},{"title":"Sulfato de condroitina","description":""},{"title":"Gamma Orizanol<sup>9,10,11<\/sup>","description":""}],"video":"","items_Instructions_for_use":[{"title":"General","description":"<ul>\r\n \t<li>1\/4 de comprimido por cada 5 kg de peso corporal al d\u00eda.<\/li>\r\n \t<li>A partir de 40 kg de peso corporal: 2 comprimidos al d\u00eda\r\nen una sola toma.<\/li>\r\n<\/ul>\r\nLa ranura que posee el comprimido permite partirse en\r\n4, por lo que puede ajustarse la dosis seg\u00fan el peso de la\r\nmascota.\r\n\r\nSe recomienda mezclar con el alimento habitual durante\r\nun m\u00ednimo de 3 meses.\r\n\r\nAl tratarse de un alimento complementario se puede\r\ntomar de manera ininterrumpida."}],"image_banner_scientific_study_copiar":3391,"title_banner_scientific_study":"Descubre nuestro estudio cient\u00edfico 1","description_banner_scientific_study":"<h3>\u00bfQu\u00e9 investigamos?<\/h3>\r\nHemos estudiado c\u00f3mo nuestro producto Hyaloral, un pienso complementario que combina \u00e1cido hialur\u00f3nico y col\u00e1geno hidrolizado, puede prevenir la displasia de codo en perros.\r\n<h3>\u00bfQu\u00e9 hemos descubierto?<\/h3>\r\n<ul>\r\n \t<li>El grupo suplementado con el alimento complementario Hyaloral experiment\u00f3 una reducci\u00f3n significativa en la aparici\u00f3n de displasia articular, con un 95% de probabilidad de \u00e9xito.<\/li>\r\n \t<li>Adem\u00e1s, nuestro producto mostr\u00f3 ser eficaz para aliviar los s\u00edntomas de la displasia articular.<\/li>\r\n<\/ul>\r\n\u00bfQuieres ver todos los detalles de nuestro estudio? \u00a1Haz clic en el bot\u00f3n para ver el estudio completo!","Scientific_study_banner":3393,"studies":[{"header_image":"","bibliography_image":1261,"title":"Estudio Hyaloral FOPG","study":3393}],"bibliografy_text":"<ol>\r\n \t<li>Efficacy of an oral hyaluronate and collagen supplement as a preventive treatment of elbow dysplasia. Sim\u00f3n Mart\u00ed-Angulo, N\u00faria Garc\u00eda-L\u00f3pez, Ana D\u00edaz-Ramos. J. Vet. Sci. (2014), 15(4), 569-574.<\/li>\r\n \t<li>Estudio palatabilidad gatos<\/li>\r\n \t<li>\u00a0Estudio palatabilidad perros<\/li>\r\n \t<li>Alves JC, Dos Santos AMMP, Jorge P, Lavrador CFTVB, Carreira LM. Effect of a single intra-articular high molecular weight hyaluronan in a naturally occurring canine osteoarthritis model: a randomized controlled trial. J Orthop Surg Res. 2021 May 3;16(1):290. doi: 10.1186\/s13018-021-02423-4. PMID: 33941219; PMCID: PMC8091761.<\/li>\r\n \t<li>Alves et al. Effect of an oral joint suplement when compared to another in the management of hip osteoarthritis in working dogs. Topics in Compan An Med 32 (2017) 126-129.<\/li>\r\n \t<li>Bergin et al. Oral hyaluronan gel reduces post-operative tarsocrural effusion in the yearling Thoroghbred. Equine Vet J, 2006 38 (4): 375-378.<\/li>\r\n \t<li>Carmona et al. Efectos bioqu\u00edmicos y Cl\u00ednicos del hialuronato oral en Caballos andaluces j\u00f3venes con osteocondrosis tarsocrural. Arch Med Vet, 2009, 41, 139-14<\/li>\r\n \t<li>Martello, E., Bigliati, M., Adami, R., Biasibetti, E., Bisanzio, D., Meineri, G., &amp; Bruni, N. (2022). Efficacy of a dietary supplement in dogs with osteoarthritis: A randomized placebo-controlled, double-blind clinical trial. PloS one, 17(2), e0263971.\u00a0<a href=\"https:\/\/doi.org\/10.1371\/journal.pone.0263971\">https:\/\/doi.org\/10.1371\/journal.pone.0263971<\/a><\/li>\r\n \t<li>Minatel et al. Antioxidant activity of \u01b3-Oryzanol: a complex network of interactions.\u00a0 Int J Mol Sci, 2016, 17, 1107.<\/li>\r\n \t<li>Parrado et al. Prevention of brain protein and l\u00edpid oxidation elicited by a water-soluble oryzanol enzymatic extract derived from rice bran. Eur J Nutr, 2003, 42: 307-314.<\/li>\r\n \t<li>Shin et al. \u01b3-Oryzanol supresses COX-2 expression by inhibiting reactive oxygen species-mediated Erk \u00bd and Egr-1 signaling in LPS-stimulated RAW264.7 macrophages. Biochem biophysic Research Communications, 2017, 491, 486-492.<\/li>\r\n<\/ol>","features":[{"image":1262,"title":"Sin prote\u00ednas de pollo"},{"image":1267,"title":"Sin colorantes"},{"image":1267,"title":"Sin conservantes"}],"ficha_tecnica":3622},"_links":{"self":[{"href":"https:\/\/beta.pharmadiet.com\/es\/wp-json\/wp\/v2\/product\/17409","targetHints":{"allow":["GET"]}}],"collection":[{"href":"https:\/\/beta.pharmadiet.com\/es\/wp-json\/wp\/v2\/product"}],"about":[{"href":"https:\/\/beta.pharmadiet.com\/es\/wp-json\/wp\/v2\/types\/product"}],"replies":[{"embeddable":true,"href":"https:\/\/beta.pharmadiet.com\/es\/wp-json\/wp\/v2\/comments?post=17409"}],"version-history":[{"count":5,"href":"https:\/\/beta.pharmadiet.com\/es\/wp-json\/wp\/v2\/product\/17409\/revisions"}],"predecessor-version":[{"id":17418,"href":"https:\/\/beta.pharmadiet.com\/es\/wp-json\/wp\/v2\/product\/17409\/revisions\/17418"}],"wp:featuredmedia":[{"embeddable":true,"href":"https:\/\/beta.pharmadiet.com\/es\/wp-json\/wp\/v2\/media\/17410"}],"wp:attachment":[{"href":"https:\/\/beta.pharmadiet.com\/es\/wp-json\/wp\/v2\/media?parent=17409"}],"wp:term":[{"taxonomy":"animal","embeddable":true,"href":"https:\/\/beta.pharmadiet.com\/es\/wp-json\/wp\/v2\/animal?post=17409"},{"taxonomy":"product_brand","embeddable":true,"href":"https:\/\/beta.pharmadiet.com\/es\/wp-json\/wp\/v2\/product_brand?post=17409"},{"taxonomy":"product_cat","embeddable":true,"href":"https:\/\/beta.pharmadiet.com\/es\/wp-json\/wp\/v2\/product_cat?post=17409"},{"taxonomy":"product_tag","embeddable":true,"href":"https:\/\/beta.pharmadiet.com\/es\/wp-json\/wp\/v2\/product_tag?post=17409"}],"curies":[{"name":"wp","href":"https:\/\/api.w.org\/{rel}","templated":true}]}}