{"id":3699,"date":"2025-08-04T16:55:20","date_gmt":"2025-08-04T14:55:20","guid":{"rendered":"https:\/\/beta.pharmadiet.com\/?post_type=product&#038;p=3699"},"modified":"2025-11-21T10:49:43","modified_gmt":"2025-11-21T09:49:43","slug":"lysinviral-plus","status":"publish","type":"product","link":"https:\/\/beta.pharmadiet.com\/cl\/productos\/lysinviral-plus\/","title":{"rendered":"Lysinviral plus\u00ae"},"content":{"rendered":"<ul>\n<li>Agitar antes de usar<\/li>\n<li>Sin prote\u00ednas de pollo<\/li>\n<li>Sin colorantes<\/li>\n<\/ul>\n","protected":false},"excerpt":{"rendered":"<p>Alimento complementario con nutrientes que contribuyen a estabilizar la flora intestinal de los gatos.<\/p>\n","protected":false},"featured_media":3688,"comment_status":"open","ping_status":"closed","template":"","meta":{"_acf_changed":false,"site-sidebar-layout":"default","site-content-layout":"","ast-site-content-layout":"default","site-content-style":"default","site-sidebar-style":"default","ast-global-header-display":"","ast-banner-title-visibility":"","ast-main-header-display":"","ast-hfb-above-header-display":"","ast-hfb-below-header-display":"","ast-hfb-mobile-header-display":"","site-post-title":"","ast-breadcrumbs-content":"","ast-featured-img":"","footer-sml-layout":"","theme-transparent-header-meta":"default","adv-header-id-meta":"","stick-header-meta":"","header-above-stick-meta":"","header-main-stick-meta":"","header-below-stick-meta":"","astra-migrate-meta-layouts":"set","ast-page-background-enabled":"default","ast-page-background-meta":{"desktop":{"background-color":"var(--ast-global-color-5)","background-image":"","background-repeat":"repeat","background-position":"center center","background-size":"auto","background-attachment":"scroll","background-type":"","background-media":"","overlay-type":"","overlay-color":"","overlay-opacity":"","overlay-gradient":""},"tablet":{"background-color":"","background-image":"","background-repeat":"repeat","background-position":"center center","background-size":"auto","background-attachment":"scroll","background-type":"","background-media":"","overlay-type":"","overlay-color":"","overlay-opacity":"","overlay-gradient":""},"mobile":{"background-color":"","background-image":"","background-repeat":"repeat","background-position":"center center","background-size":"auto","background-attachment":"scroll","background-type":"","background-media":"","overlay-type":"","overlay-color":"","overlay-opacity":"","overlay-gradient":""}},"ast-content-background-meta":{"desktop":{"background-color":"var(--ast-global-color-4)","background-image":"","background-repeat":"repeat","background-position":"center center","background-size":"auto","background-attachment":"scroll","background-type":"","background-media":"","overlay-type":"","overlay-color":"","overlay-opacity":"","overlay-gradient":""},"tablet":{"background-color":"var(--ast-global-color-4)","background-image":"","background-repeat":"repeat","background-position":"center center","background-size":"auto","background-attachment":"scroll","background-type":"","background-media":"","overlay-type":"","overlay-color":"","overlay-opacity":"","overlay-gradient":""},"mobile":{"background-color":"var(--ast-global-color-4)","background-image":"","background-repeat":"repeat","background-position":"center center","background-size":"auto","background-attachment":"scroll","background-type":"","background-media":"","overlay-type":"","overlay-color":"","overlay-opacity":"","overlay-gradient":""}}},"animal":[117],"product_brand":[],"product_cat":[25],"product_tag":[279],"class_list":{"0":"post-3699","1":"product","2":"type-product","3":"status-publish","4":"has-post-thumbnail","6":"animal-gatos","7":"product_cat-suplementos-defensas-animales","8":"product_tag-plantillac","9":"desktop-align-left","10":"tablet-align-left","11":"mobile-align-left","13":"first","14":"instock","15":"shipping-taxable","16":"product-type-simple"},"acf":{"title_indications":"","description_indication":"","items_indication":[{"imagen":"","title":"Sobre el Herpes Virus Felino (HVF-1)","description":"El herpes virus felino tipo 1 es una infecci\u00f3n viral que afecta a los gatos en todo el mundo, siendo\u00a0<strong>una de las principales causas de infecciones respiratorias en gatos dom\u00e9sticos.<\/strong>\u00a0Tambi\u00e9n es conocido como el virus de la rinotraque\u00edtis felina, debido a que causa s\u00edntomas respiratorios en los felinos."},{"imagen":3691,"title":"S\u00edntomas del Herpes Virus Felino","description":"Los gatos infectados con el HVF-1 pueden presentar una serie de signos cl\u00ednicos relacionados principalmente con tracto respiratorio superior.\r\n<ul>\r\n \t<li>Estornudos y tos.<\/li>\r\n \t<li>Secreci\u00f3n nasal y ocular.<\/li>\r\n \t<li>Fiebre<\/li>\r\n \t<li>Letargo.<\/li>\r\n \t<li>En casos m\u00e1s graves, la infecci\u00f3n puede llevar a \u00falceras en la boca y dificultades para respirar.<\/li>\r\n<\/ul>"},{"imagen":3690,"title":"Transmisi\u00f3n","description":"Es importante destacar que los\u00a0<strong>gatos pueden portar el virus de por vida<\/strong>, y los episodios de reactivaci\u00f3n de la enfermedad respiratoria son comunes, especialmente en situaciones de estr\u00e9s.\r\n\r\nEl HVF-1 se propaga principalmente a trav\u00e9s del contacto directo entre gatos infectados (acicalamiento mutuo o inhalaci\u00f3n de part\u00edculas virales en el ambiente). Tambi\u00e9n es transmisible madre-cr\u00eda.\r\n\r\nRecuerda que, ante cualquier s\u00edntoma o comportamiento extra\u00f1o, debes consultar con tu veterinario para que realice el diagn\u00f3stico y tratamiento adecuado."}],"title_beneficios":"En qu\u00e9 ayudan los nutrientes de Lysinviral Plus\u00ae a la salud y defensas de los gatos:","description_benefits":"","items_benefits":[{"imagen":1236,"title":"","description":"Contribuir a estabilizar la flora intestinal."}],"items_presentaciones":[{"title":"Lysinviral Plus\u00ae","description":"Envase de 50 ml con jeringa dosificadora.","imagen":3688}],"description_ingredients":"","items_ingredients":[{"title":"L-lisina","description":"Amino\u00e1cido conocido por sus propiedades antivirales.\r\n\r\n&nbsp;"},{"title":"Aceite de pescado (EPA y DHA)","description":"Aporta Omega 3\r\n\r\n&nbsp;"},{"title":"Salvado de avena (Beta-Glucano)","description":"Aporta Beta-Glucanos\r\n\r\n&nbsp;"},{"title":"Enterococcus faecium","description":"Ayuda a reequilibrar la microflora intestinal desplazando a los microorganismos pat\u00f3genos, contribuyendo a la respuesta inmune espec\u00edfica y no espec\u00edfica normales.\r\n\r\n&nbsp;"},{"title":"Taurina","description":"Nutriente conocido por ser esencial en gatos.\r\n\r\n&nbsp;"}],"video":"","items_Instructions_for_use":[{"title":" Gatitos (menos de 6 meses de edad)","description":"1-2 ml\/d\u00eda"},{"title":"Gatos adultos (m\u00e1s de 6 meses de edad)","description":"2-4 ml\/d\u00eda"},{"title":"Otras indicaciones","description":"V\u00eda oral.\r\n\r\nAgitar el envase antes del uso.\r\n\r\nTomar directamente o bien mezclado con el alimento habitual.\r\n\r\nSe recomienda utilizarlo de 2 a 3 semanas"}],"image_banner_scientific_study_copiar":"","title_banner_scientific_study":"","description_banner_scientific_study":"","Scientific_study_banner":"","studies":null,"bibliografy_text":"","features":[{"image":1262,"title":"Sin prote\u00ednas de pollo"},{"image":1218,"title":"Agitar antes de usar"},{"image":1267,"title":"Sin colorantes"}],"ficha_tecnica":3689},"_links":{"self":[{"href":"https:\/\/beta.pharmadiet.com\/cl\/wp-json\/wp\/v2\/product\/3699","targetHints":{"allow":["GET"]}}],"collection":[{"href":"https:\/\/beta.pharmadiet.com\/cl\/wp-json\/wp\/v2\/product"}],"about":[{"href":"https:\/\/beta.pharmadiet.com\/cl\/wp-json\/wp\/v2\/types\/product"}],"replies":[{"embeddable":true,"href":"https:\/\/beta.pharmadiet.com\/cl\/wp-json\/wp\/v2\/comments?post=3699"}],"version-history":[{"count":11,"href":"https:\/\/beta.pharmadiet.com\/cl\/wp-json\/wp\/v2\/product\/3699\/revisions"}],"predecessor-version":[{"id":17334,"href":"https:\/\/beta.pharmadiet.com\/cl\/wp-json\/wp\/v2\/product\/3699\/revisions\/17334"}],"wp:featuredmedia":[{"embeddable":true,"href":"https:\/\/beta.pharmadiet.com\/cl\/wp-json\/wp\/v2\/media\/3688"}],"wp:attachment":[{"href":"https:\/\/beta.pharmadiet.com\/cl\/wp-json\/wp\/v2\/media?parent=3699"}],"wp:term":[{"taxonomy":"animal","embeddable":true,"href":"https:\/\/beta.pharmadiet.com\/cl\/wp-json\/wp\/v2\/animal?post=3699"},{"taxonomy":"product_brand","embeddable":true,"href":"https:\/\/beta.pharmadiet.com\/cl\/wp-json\/wp\/v2\/product_brand?post=3699"},{"taxonomy":"product_cat","embeddable":true,"href":"https:\/\/beta.pharmadiet.com\/cl\/wp-json\/wp\/v2\/product_cat?post=3699"},{"taxonomy":"product_tag","embeddable":true,"href":"https:\/\/beta.pharmadiet.com\/cl\/wp-json\/wp\/v2\/product_tag?post=3699"}],"curies":[{"name":"wp","href":"https:\/\/api.w.org\/{rel}","templated":true}]}}