{"id":3687,"date":"2025-08-04T16:37:46","date_gmt":"2025-08-04T14:37:46","guid":{"rendered":"https:\/\/beta.pharmadiet.com\/?post_type=product&#038;p=3687"},"modified":"2025-11-21T10:51:32","modified_gmt":"2025-11-21T09:51:32","slug":"nacotil","status":"publish","type":"product","link":"https:\/\/beta.pharmadiet.com\/cl\/productos\/nacotil\/","title":{"rendered":"Nacotil\u00ae"},"content":{"rendered":"<ul>\n<li>Estudios de usabilidad dermatol\u00f3gica<\/li>\n<li>pH=7<\/li>\n<li>No irritante<\/li>\n<\/ul>\n","protected":false},"excerpt":{"rendered":"<p>Soluci\u00f3n \u00f3tica de uso externo para la higiene regular del o\u00eddo externo y\/o limpieza. Para el mantenimiento de las condiciones fisiol\u00f3gicas del o\u00eddo. No irritante. Soluci\u00f3n no oleosa. pH=7. V\u00eda \u00f3tica.<\/p>\n","protected":false},"featured_media":3693,"comment_status":"open","ping_status":"closed","template":"","meta":{"_acf_changed":false,"site-sidebar-layout":"default","site-content-layout":"","ast-site-content-layout":"default","site-content-style":"default","site-sidebar-style":"default","ast-global-header-display":"","ast-banner-title-visibility":"","ast-main-header-display":"","ast-hfb-above-header-display":"","ast-hfb-below-header-display":"","ast-hfb-mobile-header-display":"","site-post-title":"","ast-breadcrumbs-content":"","ast-featured-img":"","footer-sml-layout":"","theme-transparent-header-meta":"default","adv-header-id-meta":"","stick-header-meta":"","header-above-stick-meta":"","header-main-stick-meta":"","header-below-stick-meta":"","astra-migrate-meta-layouts":"set","ast-page-background-enabled":"default","ast-page-background-meta":{"desktop":{"background-color":"var(--ast-global-color-5)","background-image":"","background-repeat":"repeat","background-position":"center center","background-size":"auto","background-attachment":"scroll","background-type":"","background-media":"","overlay-type":"","overlay-color":"","overlay-opacity":"","overlay-gradient":""},"tablet":{"background-color":"","background-image":"","background-repeat":"repeat","background-position":"center center","background-size":"auto","background-attachment":"scroll","background-type":"","background-media":"","overlay-type":"","overlay-color":"","overlay-opacity":"","overlay-gradient":""},"mobile":{"background-color":"","background-image":"","background-repeat":"repeat","background-position":"center center","background-size":"auto","background-attachment":"scroll","background-type":"","background-media":"","overlay-type":"","overlay-color":"","overlay-opacity":"","overlay-gradient":""}},"ast-content-background-meta":{"desktop":{"background-color":"var(--ast-global-color-4)","background-image":"","background-repeat":"repeat","background-position":"center center","background-size":"auto","background-attachment":"scroll","background-type":"","background-media":"","overlay-type":"","overlay-color":"","overlay-opacity":"","overlay-gradient":""},"tablet":{"background-color":"var(--ast-global-color-4)","background-image":"","background-repeat":"repeat","background-position":"center center","background-size":"auto","background-attachment":"scroll","background-type":"","background-media":"","overlay-type":"","overlay-color":"","overlay-opacity":"","overlay-gradient":""},"mobile":{"background-color":"var(--ast-global-color-4)","background-image":"","background-repeat":"repeat","background-position":"center center","background-size":"auto","background-attachment":"scroll","background-type":"","background-media":"","overlay-type":"","overlay-color":"","overlay-opacity":"","overlay-gradient":""}}},"animal":[149,117,118,119,150],"product_brand":[],"product_cat":[28],"product_tag":[277],"class_list":{"0":"post-3687","1":"product","2":"type-product","3":"status-publish","4":"has-post-thumbnail","6":"animal-conejos","7":"animal-gatos","8":"animal-hurones","9":"animal-perros","10":"animal-roedores","11":"product_cat-soluciones-oidos-animales","12":"product_tag-plantillaa","13":"desktop-align-left","14":"tablet-align-left","15":"mobile-align-left","17":"first","18":"instock","19":"shipping-taxable","20":"product-type-simple"},"acf":{"title_indications":"","description_indication":"","items_indication":[{"imagen":3696,"title":"Otitis, una de las patolog\u00edas m\u00e1s comunes en los animales","description":"La otitis externa es un proceso inflamatorio que afecta al pabell\u00f3n auricular y al conducto del o\u00eddo externo, pudiendo llegar a afectar a la membrana timp\u00e1nica y a la p\u00e9rdida de la audici\u00f3n.\r\n\r\nEs una de las patolog\u00edas m\u00e1s comunes en los animales, con una prevalencia del 10-20% en perros y de un 2-10% en gatos.\r\n\r\nSuele evolucionar en una otitis cr\u00f3nica o recurrente con ciclos continuos de infecci\u00f3n e inflamaci\u00f3n, resistentes a tratamientos antibi\u00f3ticos y antif\u00fangicos. Recomendamos acudir al veterinario ante cualquier se\u00f1al extra\u00f1a (un perro que sacuda la cabeza en exceso, presencia excesiva de cerumen en el canal auditivo\u2026)"},{"imagen":3697,"title":"Causas y factores de riesgo de la otitis en perros y gatos","description":"La otitis externa (OE) en animales puede ser influida por varios factores y causas.\r\n<ul>\r\n \t<li><strong>Factores predisponentes<\/strong>\u00a0incluyen caracter\u00edsticas anat\u00f3micas espec\u00edficas del animal, como canales auditivos externos (CAE) estrechos o peque\u00f1os, que se ven en razas como el Sharpei, o exceso de humedad en el CAE, com\u00fan en razas con orejas pendulares. Tambi\u00e9n se considera la hipertricosis en el CAE, t\u00edpica en razas toy.<\/li>\r\n \t<li>Las\u00a0<strong>causas primarias o desencadenantes<\/strong>\u00a0son aquellas que inician directamente la OE, e incluyen enfermedades al\u00e9rgicas (como alergias alimentarias y dermatitis at\u00f3pica), enfermedades endocrinas (por ejemplo, hipotiroidismo), par\u00e1sitos (como Otodectes cynotis y Demodex canis), y traumatismos, que pueden ser iatrog\u00e9nicos o autoinducidos.<\/li>\r\n \t<li>Las\u00a0<strong>causas secundarias<\/strong>, como infecci\u00f3n bacteriana (Pseudomonas aeruginosa, Staphylococcus spp, y otros) y levaduras (Malassezia pachydermatitis), contribuyen a la otitis en o\u00eddos ya anormales o en presencia de factores predisponentes.<\/li>\r\n \t<li>Por \u00faltimo, los\u00a0<strong>factores agravantes<\/strong>\u00a0impiden la resoluci\u00f3n de la OE y est\u00e1n asociados a cambios estructurales e inflamatorios cr\u00f3nicos en el o\u00eddo, incluyendo liquenificaci\u00f3n, hiperqueratosis, hiperplasia seb\u00e1cea, ulceraciones, tumores y otitis media.<\/li>\r\n<\/ul>"}],"title_beneficios":"En qu\u00e9 ayuda Nacotil\u00ae a la salud \u00f3tica de las mascotas","description_benefits":"Nacotil\u00ae es un limpiador \u00f3tico compuesto por ingredientes para:\r\n\r\n&nbsp;","items_benefits":[{"imagen":1231,"title":"","description":"Ayudar a mantener una higiene regular del pabell\u00f3n auricular y del o\u00eddo externo."},{"imagen":1250,"title":"","description":"Ayuda a prevenir la formaci\u00f3n de biofilms."}],"items_presentaciones":[{"title":"Nacotil\u00ae","description":"Estuche conteniendo envase de 125 ml con tapa canulada de silicona.","imagen":3693}],"description_ingredients":"","items_ingredients":[{"title":"NAC (N acetil-ciste\u00edna)","description":"Compuesto que presenta una elevada capacidad de disrupci\u00f3n de biofilms y evita su formaci\u00f3n de nuevo. Tambi\u00e9n presenta capacidad mucol\u00edtica, antioxidante e hidratante."},{"title":"\u00c1cido b\u00f3rico","description":"<span style=\"font-size: 16px;\">De utilidad en casos de infecciones como las producidas por Malassezia spp.<\/span>"},{"title":"Hialuronato s\u00f3dico","description":"<span style=\"font-size: 16px;\">Compuesto viscoel\u00e1stico con acci\u00f3n hidratante.<\/span>"},{"title":"Aceite esencial de citrus medical limonum","description":"Ayuda a mantener una higiene saludable."},{"title":"Gluconato de zinc","description":"De ayuda frente a infecciones, para el correcto funcionamiento de la piel."}],"video":"","items_Instructions_for_use":[{"title":"Indicaciones","description":"Uso t\u00f3pico.\r\n\r\nPosicionar el canal auditivo lo m\u00e1s vertical posible. Presionando el envase, aplicar la cantidad necesaria de NACOTIL\u00ae para llenar el conducto seg\u00fan su capacidad.\r\n\r\nRealizar un ligero masaje en la base de la oreja para permitir la correcta distribuci\u00f3n del producto. Si es necesario, posteriormente, limpiar el interior del pabell\u00f3n con un algod\u00f3n o gasa est\u00e9ril.\r\n\r\nAl final, dejar caer 2-3 gotas de producto y limpiar externamente la c\u00e1nula con una gasa limpia.\r\n\r\nUsar una vez al d\u00eda, durante un m\u00ednimo de 3 semanas.\r\n\r\nUsar NACOTIL\u00ae para el mantenimiento de las condiciones fisiol\u00f3gicas de la zona auricular. Dejar pasar 30 minutos antes de cualquier aplicaci\u00f3n posterior. Envase de uso individual.\r\n\r\nConservar a temperatura inferior a 30\u00baC en un lugar fresco y protegido de fuentes de calor. Una vez abierto, conservar a temperatura ambiente (&lt;30\u00baC) o en nevera y desechar al cabo de 30 d\u00edas."}],"image_banner_scientific_study_copiar":3391,"title_banner_scientific_study":"Estudio Usabilidad dermatol\u00f3gica del limpiador \u00f3tico Nacotil\u00ae en veterinaria","description_banner_scientific_study":"<h3><span style=\"color: #ffffff;\">\u00bfQu\u00e9 investigamos?<\/span><\/h3>\r\nHemos estudiado el grado de satisfacci\u00f3n del veterinario sobre el tratamiento coadyuvante de Nacotil<strong>\u00ae<\/strong>\u00a0como limpiador \u00f3tico en Otitis canina aguda y cr\u00f3nica.\r\n<h3><span style=\"color: #ffffff;\">\u00bfQu\u00e9 hemos descubierto?<\/span><\/h3>\r\n<ul>\r\n \t<li>Nacotil\u00ae ha demostrado que puede ayudar en la eliminaci\u00f3n de organismos pat\u00f3genos, actuando como agente limpiador, antioxidante y disruptor de biofilms bacterianos en otitis canina.<\/li>\r\n \t<li>Nacotil\u00ae puede ser usado como un nuevo tratamiento limpiador coadyuvante en otitis externa canina, tanto aguda como cr\u00f3nica. Especialmente en los casos diagnosticados con presencia de biofilms, con relevantes beneficios cl\u00ednicos y una clara satisfacci\u00f3n tanto de propietarios como veterinarios.<\/li>\r\n \t<li>Se recomienda utilizar Nacotil diariamente durante un m\u00ednimo de 3 semanas. En casos recurrentes consultar a su veterinario sobre la paute de mantenimiento a seguir despu\u00e9s.<\/li>\r\n \t<li>No han referido efectos adversos<\/li>\r\n<\/ul>\r\n\u00bfQuieres ver todos los detalles de nuestro estudio? \u00a1Haz clic en el bot\u00f3n para ver el estudio completo!","Scientific_study_banner":3698,"studies":[{"header_image":1261,"bibliography_image":"","title":"Estudio Usabilidad dermatol\u00f3gica del limpiador \u00f3tico Nacotil\u00ae en veterinaria","study":3698}],"bibliografy_text":"<ol>\r\n \t<li>Estudio de usabilidad dermatol\u00f3gica del limpiador \u00f3tico nacotil en veterinaria.<\/li>\r\n<\/ol>","features":[{"image":1220,"title":"No necesita nevera"},{"image":1235,"title":"Soluci\u00f3n lista para uso con c\u00e1nula siliconada"}],"ficha_tecnica":3695},"_links":{"self":[{"href":"https:\/\/beta.pharmadiet.com\/cl\/wp-json\/wp\/v2\/product\/3687","targetHints":{"allow":["GET"]}}],"collection":[{"href":"https:\/\/beta.pharmadiet.com\/cl\/wp-json\/wp\/v2\/product"}],"about":[{"href":"https:\/\/beta.pharmadiet.com\/cl\/wp-json\/wp\/v2\/types\/product"}],"replies":[{"embeddable":true,"href":"https:\/\/beta.pharmadiet.com\/cl\/wp-json\/wp\/v2\/comments?post=3687"}],"version-history":[{"count":11,"href":"https:\/\/beta.pharmadiet.com\/cl\/wp-json\/wp\/v2\/product\/3687\/revisions"}],"predecessor-version":[{"id":17335,"href":"https:\/\/beta.pharmadiet.com\/cl\/wp-json\/wp\/v2\/product\/3687\/revisions\/17335"}],"wp:featuredmedia":[{"embeddable":true,"href":"https:\/\/beta.pharmadiet.com\/cl\/wp-json\/wp\/v2\/media\/3693"}],"wp:attachment":[{"href":"https:\/\/beta.pharmadiet.com\/cl\/wp-json\/wp\/v2\/media?parent=3687"}],"wp:term":[{"taxonomy":"animal","embeddable":true,"href":"https:\/\/beta.pharmadiet.com\/cl\/wp-json\/wp\/v2\/animal?post=3687"},{"taxonomy":"product_brand","embeddable":true,"href":"https:\/\/beta.pharmadiet.com\/cl\/wp-json\/wp\/v2\/product_brand?post=3687"},{"taxonomy":"product_cat","embeddable":true,"href":"https:\/\/beta.pharmadiet.com\/cl\/wp-json\/wp\/v2\/product_cat?post=3687"},{"taxonomy":"product_tag","embeddable":true,"href":"https:\/\/beta.pharmadiet.com\/cl\/wp-json\/wp\/v2\/product_tag?post=3687"}],"curies":[{"name":"wp","href":"https:\/\/api.w.org\/{rel}","templated":true}]}}