{"id":3674,"date":"2025-08-04T16:23:00","date_gmt":"2025-08-04T14:23:00","guid":{"rendered":"https:\/\/beta.pharmadiet.com\/?post_type=product&#038;p=3674"},"modified":"2025-11-21T10:46:41","modified_gmt":"2025-11-21T09:46:41","slug":"lactadiet-leche-perros-calostro","status":"publish","type":"product","link":"https:\/\/beta.pharmadiet.com\/cl\/productos\/lactadiet-leche-perros-calostro\/","title":{"rendered":"Lactadiet\u00ae Perros con Calostro"},"content":{"rendered":"<p>Lactadiet\u00ae Perros con Calostro aporta nutrientes de ayuda para:<\/p>\n<ul>\n<li>El desarrollo de las cr\u00edas reci\u00e9n nacidas hu\u00e9rfanas, incapaces de succionar o con otros problemas de lactancia.<\/li>\n<li>El desarrollo de los tejidos cerebrales y visuales.<\/li>\n<li>Apoyar el sistema inmunitario.<\/li>\n<\/ul>\n","protected":false},"excerpt":{"rendered":"<p>Alimento complementario de lactancia enriquecida con nutrientes que contribuyen al desarrollo de cachorros y roedores reci\u00e9n nacidos, hasta el destete.<\/p>\n","protected":false},"featured_media":3675,"comment_status":"open","ping_status":"closed","template":"","meta":{"_acf_changed":false,"site-sidebar-layout":"default","site-content-layout":"","ast-site-content-layout":"default","site-content-style":"default","site-sidebar-style":"default","ast-global-header-display":"","ast-banner-title-visibility":"","ast-main-header-display":"","ast-hfb-above-header-display":"","ast-hfb-below-header-display":"","ast-hfb-mobile-header-display":"","site-post-title":"","ast-breadcrumbs-content":"","ast-featured-img":"","footer-sml-layout":"","theme-transparent-header-meta":"default","adv-header-id-meta":"","stick-header-meta":"","header-above-stick-meta":"","header-main-stick-meta":"","header-below-stick-meta":"","astra-migrate-meta-layouts":"set","ast-page-background-enabled":"default","ast-page-background-meta":{"desktop":{"background-color":"var(--ast-global-color-5)","background-image":"","background-repeat":"repeat","background-position":"center center","background-size":"auto","background-attachment":"scroll","background-type":"","background-media":"","overlay-type":"","overlay-color":"","overlay-opacity":"","overlay-gradient":""},"tablet":{"background-color":"","background-image":"","background-repeat":"repeat","background-position":"center center","background-size":"auto","background-attachment":"scroll","background-type":"","background-media":"","overlay-type":"","overlay-color":"","overlay-opacity":"","overlay-gradient":""},"mobile":{"background-color":"","background-image":"","background-repeat":"repeat","background-position":"center center","background-size":"auto","background-attachment":"scroll","background-type":"","background-media":"","overlay-type":"","overlay-color":"","overlay-opacity":"","overlay-gradient":""}},"ast-content-background-meta":{"desktop":{"background-color":"var(--ast-global-color-4)","background-image":"","background-repeat":"repeat","background-position":"center center","background-size":"auto","background-attachment":"scroll","background-type":"","background-media":"","overlay-type":"","overlay-color":"","overlay-opacity":"","overlay-gradient":""},"tablet":{"background-color":"var(--ast-global-color-4)","background-image":"","background-repeat":"repeat","background-position":"center center","background-size":"auto","background-attachment":"scroll","background-type":"","background-media":"","overlay-type":"","overlay-color":"","overlay-opacity":"","overlay-gradient":""},"mobile":{"background-color":"var(--ast-global-color-4)","background-image":"","background-repeat":"repeat","background-position":"center center","background-size":"auto","background-attachment":"scroll","background-type":"","background-media":"","overlay-type":"","overlay-color":"","overlay-opacity":"","overlay-gradient":""}}},"animal":[119,150],"product_brand":[],"product_cat":[233],"product_tag":[279],"class_list":{"0":"post-3674","1":"product","2":"type-product","3":"status-publish","4":"has-post-thumbnail","6":"animal-perros","7":"animal-roedores","8":"product_cat-leches-maternizadas-enriquecidas-animales","9":"product_tag-plantillac","10":"desktop-align-left","11":"tablet-align-left","12":"mobile-align-left","14":"first","15":"instock","16":"shipping-taxable","17":"product-type-simple"},"acf":{"title_indications":"","description_indication":"","items_indication":[{"imagen":"","title":"Cuidados y riesgos en cachorros reci\u00e9n nacidos","description":"<span style=\"font-size: 16px;\">Los cachorros reci\u00e9n nacidos o con pocas semanas de vida pueden ver interrumpido su correcto desarrollo si no tienen unas condiciones y alimentaci\u00f3n adecuada, especialmente si les falta leche materna.<\/span>"},{"imagen":3678,"title":"Algunos cuidados recomendados para un cachorro reci\u00e9n nacido, especialmente si le falta su madre, son:","description":"<strong>Correcta alimentaci\u00f3n.\u00a0<\/strong>Con los nutrientes esenciales que contribuyen a un correcto desarrollo y crecimiento.\r\n\r\n<strong>Limpieza como lo har\u00eda su madre.\u00a0<\/strong>Limpiar con un pa\u00f1o h\u00famedo, frotando su abdomen presionando en direcci\u00f3n al ano (as\u00ed estimulas su digesti\u00f3n)."},{"imagen":3679,"title":"","description":"&gt;\r\n\r\n<strong>Proporcionar una fuente de calor\u00a0<\/strong>y vigilar que la cama est\u00e9 siempre seca.\r\n\r\n<strong>Estimula que se muevan,\u00a0<\/strong>pero recuerda que no deber\u00edan salir a la calle a pasear sin la vacunaci\u00f3n completa."}],"title_beneficios":"En qu\u00e9 ayuda Lactadiet perros con calostro al desarrollo de las cr\u00edas.","description_benefits":"","items_benefits":[{"imagen":1251,"title":"El desarrollo de las cr\u00edas reci\u00e9n nacidos:","description":"A los cachorros hu\u00e9rfanos, incapaces de succionar o con problemas de lactancia. Lactadiet perros con calostro es fuente de nutrientes adecuados para el correcto desarrollo.\r\n\r\n&nbsp;"},{"imagen":1237,"title":"El desarrollo normal de los tejidos cerebrales y visuales","description":"En perros reci\u00e9n nacidos o con pocos meses de vida.\r\n\r\n&nbsp;"},{"imagen":1238,"title":"","description":"El apoyo al sistema inmunitario normal"}],"items_presentaciones":[{"title":"Lactadiet\u00ae Perros con Calostro","description":"Estuche de 300 g con 40 sobres de 7, 5 g cada uno (incluye biber\u00f3n y 3 tetinas de tama\u00f1o adecuado para la cr\u00eda).","imagen":3675},{"title":"Lactadiet\u00ae Perros con Calostro","description":"Estuche de 1.005 g con 134 sobres de 7,5 g cada uno (incluye biber\u00f3n y 3 tetinas de tama\u00f1o adecuado para la cr\u00eda).","imagen":3677}],"description_ingredients":"","items_ingredients":[{"title":"Minerales","description":"Calcio, fosforo, magnesio, potasio, cloro, manganeso, zinc, cobre, hierro, selenio e iodo. Entre muchas funciones, contribuyen al correcto desarrollo de la cr\u00eda."},{"title":"Vitaminas hidrosolubles y liposolubles","description":"Vitamina A,y vitaminas del grupo B: niacina (B3), tiamina (B1) riboflavina (B2), cloruro de colina), \u00c1cido pantot\u00e9nico, piridoxina (B6), Biotina), \u00e1cido f\u00f3lico y cianocobalamina (B12), vitamina C, vitamina D3,) vitamina E, vitamina K. que contribuyen al correcto desarrollo en las etapas iniciales de crecimiento de la mascota."},{"title":"\u00c1cidos grasos","description":"\u00c1cido linoleico (Omega 6), \u00e1cido linol\u00e9nico (Omega 3) EPA + DHA (Omega 3). Contribuyen correcto desarrollo de los diferentes \u00f3rganos corporales."},{"title":"Calostro","description":"Es una fuente elevada de prote\u00ednas y otros nutrientes con un papel fundamental en el desarrollo del sistema inmunitario del cachorro."}],"video":"","items_Instructions_for_use":[{"title":"Generales","description":"V\u00eda oral\r\n<ol>\r\n \t<li>Calentar agua a una temperatura aproximada de 40\u00baC.<\/li>\r\n \t<li>Verterla en el biber\u00f3n y posteriormente a\u00f1adir 1 sobre de la leche maternizada en polvo por cada 30 ml de agua.<\/li>\r\n \t<li>Agitar hasta obtener una mezcla homog\u00e9nea.<\/li>\r\n \t<li>Servir antes de una hora tras su preparaci\u00f3n.<\/li>\r\n \t<li>Una vez reconstituida, conservar refrigerada.<\/li>\r\n \t<li>Agitar antes de usar.<\/li>\r\n<\/ol>"},{"title":"Perros y roedores","description":"El n\u00famero de tomas al d\u00eda y la cantidad diaria de leche maternizada var\u00edan en funci\u00f3n de la edad y del peso de cada cr\u00eda* Tabla orientativa del volumen de leche necesario para un buen desarrollo de la cr\u00eda:\r\n\r\n<img src=\"https:\/\/pharmadiet.com\/wp-content\/uploads\/2023\/11\/image_2023-11-24_120731731-1024x309.png\" \/>\r\n\r\n*A partir de la 4\u00aa semana y hasta el final del destete, el n\u00famero de tomas diarias y la cantidad de leche maternizada se establecer\u00e1n seg\u00fan necesidad."}],"image_banner_scientific_study_copiar":"","title_banner_scientific_study":"","description_banner_scientific_study":"","Scientific_study_banner":"","studies":null,"bibliografy_text":"","features":[{"image":1262,"title":"Sin prote\u00ednas de pollo"},{"image":1225,"title":"Contiene Biber\u00f3n con 3 tetinas"},{"image":1267,"title":"Sin conservantes"}],"ficha_tecnica":3676},"_links":{"self":[{"href":"https:\/\/beta.pharmadiet.com\/cl\/wp-json\/wp\/v2\/product\/3674","targetHints":{"allow":["GET"]}}],"collection":[{"href":"https:\/\/beta.pharmadiet.com\/cl\/wp-json\/wp\/v2\/product"}],"about":[{"href":"https:\/\/beta.pharmadiet.com\/cl\/wp-json\/wp\/v2\/types\/product"}],"replies":[{"embeddable":true,"href":"https:\/\/beta.pharmadiet.com\/cl\/wp-json\/wp\/v2\/comments?post=3674"}],"version-history":[{"count":8,"href":"https:\/\/beta.pharmadiet.com\/cl\/wp-json\/wp\/v2\/product\/3674\/revisions"}],"predecessor-version":[{"id":17332,"href":"https:\/\/beta.pharmadiet.com\/cl\/wp-json\/wp\/v2\/product\/3674\/revisions\/17332"}],"wp:featuredmedia":[{"embeddable":true,"href":"https:\/\/beta.pharmadiet.com\/cl\/wp-json\/wp\/v2\/media\/3675"}],"wp:attachment":[{"href":"https:\/\/beta.pharmadiet.com\/cl\/wp-json\/wp\/v2\/media?parent=3674"}],"wp:term":[{"taxonomy":"animal","embeddable":true,"href":"https:\/\/beta.pharmadiet.com\/cl\/wp-json\/wp\/v2\/animal?post=3674"},{"taxonomy":"product_brand","embeddable":true,"href":"https:\/\/beta.pharmadiet.com\/cl\/wp-json\/wp\/v2\/product_brand?post=3674"},{"taxonomy":"product_cat","embeddable":true,"href":"https:\/\/beta.pharmadiet.com\/cl\/wp-json\/wp\/v2\/product_cat?post=3674"},{"taxonomy":"product_tag","embeddable":true,"href":"https:\/\/beta.pharmadiet.com\/cl\/wp-json\/wp\/v2\/product_tag?post=3674"}],"curies":[{"name":"wp","href":"https:\/\/api.w.org\/{rel}","templated":true}]}}