{"id":3656,"date":"2025-07-31T17:07:38","date_gmt":"2025-07-31T15:07:38","guid":{"rendered":"https:\/\/beta.pharmadiet.com\/?post_type=product&#038;p=3656"},"modified":"2025-11-21T10:42:55","modified_gmt":"2025-11-21T09:42:55","slug":"lactadiet-leche-gatos-calostro","status":"publish","type":"product","link":"https:\/\/beta.pharmadiet.com\/cl\/productos\/lactadiet-leche-gatos-calostro\/","title":{"rendered":"Lactadiet\u00ae Gatos con Calostro"},"content":{"rendered":"<p>Lactadiet\u00ae Gatos con Calostro aporta nutrientes de ayuda para:<\/p>\n<ul>\n<li>El desarrollo de las cr\u00edas reci\u00e9n nacidas hu\u00e9rfanas, incapaces de succionar o con otros problemas de lactancia.<\/li>\n<li>El desarrollo de los tejidos cerebrales y visuales en gatos reci\u00e9n nacidos o con pocas semanas de edad.<\/li>\n<li>El apoyo al sistema inmunitario.<\/li>\n<\/ul>\n","protected":false},"excerpt":{"rendered":"<p>Alimento complementario de lactancia enriquecida con nutrientes que contribuyen al desarrollo de la cr\u00eda desde el nacimiento hasta el destete. Con Calostro. Indicado para gatos y hurones.<\/p>\n","protected":false},"featured_media":3657,"comment_status":"open","ping_status":"closed","template":"","meta":{"_acf_changed":false,"site-sidebar-layout":"default","site-content-layout":"","ast-site-content-layout":"default","site-content-style":"default","site-sidebar-style":"default","ast-global-header-display":"","ast-banner-title-visibility":"","ast-main-header-display":"","ast-hfb-above-header-display":"","ast-hfb-below-header-display":"","ast-hfb-mobile-header-display":"","site-post-title":"","ast-breadcrumbs-content":"","ast-featured-img":"","footer-sml-layout":"","theme-transparent-header-meta":"default","adv-header-id-meta":"","stick-header-meta":"","header-above-stick-meta":"","header-main-stick-meta":"","header-below-stick-meta":"","astra-migrate-meta-layouts":"set","ast-page-background-enabled":"default","ast-page-background-meta":{"desktop":{"background-color":"var(--ast-global-color-5)","background-image":"","background-repeat":"repeat","background-position":"center center","background-size":"auto","background-attachment":"scroll","background-type":"","background-media":"","overlay-type":"","overlay-color":"","overlay-opacity":"","overlay-gradient":""},"tablet":{"background-color":"","background-image":"","background-repeat":"repeat","background-position":"center center","background-size":"auto","background-attachment":"scroll","background-type":"","background-media":"","overlay-type":"","overlay-color":"","overlay-opacity":"","overlay-gradient":""},"mobile":{"background-color":"","background-image":"","background-repeat":"repeat","background-position":"center center","background-size":"auto","background-attachment":"scroll","background-type":"","background-media":"","overlay-type":"","overlay-color":"","overlay-opacity":"","overlay-gradient":""}},"ast-content-background-meta":{"desktop":{"background-color":"var(--ast-global-color-4)","background-image":"","background-repeat":"repeat","background-position":"center center","background-size":"auto","background-attachment":"scroll","background-type":"","background-media":"","overlay-type":"","overlay-color":"","overlay-opacity":"","overlay-gradient":""},"tablet":{"background-color":"var(--ast-global-color-4)","background-image":"","background-repeat":"repeat","background-position":"center center","background-size":"auto","background-attachment":"scroll","background-type":"","background-media":"","overlay-type":"","overlay-color":"","overlay-opacity":"","overlay-gradient":""},"mobile":{"background-color":"var(--ast-global-color-4)","background-image":"","background-repeat":"repeat","background-position":"center center","background-size":"auto","background-attachment":"scroll","background-type":"","background-media":"","overlay-type":"","overlay-color":"","overlay-opacity":"","overlay-gradient":""}}},"animal":[117,118],"product_brand":[],"product_cat":[233],"product_tag":[279],"class_list":{"0":"post-3656","1":"product","2":"type-product","3":"status-publish","4":"has-post-thumbnail","6":"animal-gatos","7":"animal-hurones","8":"product_cat-leches-maternizadas-enriquecidas-animales","9":"product_tag-plantillac","10":"desktop-align-left","11":"tablet-align-left","12":"mobile-align-left","14":"first","15":"instock","16":"shipping-taxable","17":"product-type-simple"},"acf":{"title_indications":"C\u00f3mo cuidar a un gato reci\u00e9n nacido: problemas de lactancia y m\u00e1s","description_indication":"Los gatos reci\u00e9n nacidos hu\u00e9rfanos o con dificultades para succionar y lactar pueden tener unos problemas que pongan en riesgo su salud, calidad de vida y supervivencia.\r\n\r\nEntre los problemas m\u00e1s urgentes a los que se enfrenta una cr\u00eda reci\u00e9n nacida o con pocos d\u00edas de vida:","items_indication":[{"imagen":3663,"title":"Desnutrici\u00f3n","description":"La falta de nutrientes esenciales que se obtienen de la leche materna de forma natural."},{"imagen":3662,"title":"Deshidrataci\u00f3n:","description":"La falta de lactancia puede llevar a la deshidrataci\u00f3n a gatos y hurones que proporciona la leche materna."},{"imagen":3664,"title":"Inmunidad comprometida:","description":"La leche materna tambi\u00e9n proporciona inmunidad pasiva a trav\u00e9s de anticuerpos de la madre. Sin esta protecci\u00f3n natural, son m\u00e1s susceptibles a infecciones y enfermedades."},{"imagen":3665,"title":"Problemas de desarrollo:","description":"La falta de un alimento adecuado durante las primeras semanas de vida puede afectar negativamente el desarrollo f\u00edsico y cognitivo de las cr\u00edas."}],"title_beneficios":"En qu\u00e9 ayuda Lactadiet gatos con calostro al desarrollo de las cr\u00edas.","description_benefits":"Alimento complementario de lactancia para gatos y hurones reci\u00e9n nacidos con nutrientes que ayuda en:","items_benefits":[{"imagen":1251,"title":"El desarrollo de las cr\u00edas reci\u00e9n nacidas","description":"Lactadiet es fuente de nutrientes adecuados para el desarrollo y el crecimiento de las cr\u00edas.\r\n\r\n&nbsp;"},{"imagen":1238,"title":"El crecimiento normal de los tejidos cerebrales y visuales.","description":"Sus minerales, \u00e1cidos grasos y vitaminas contribuyen al desarrollo normal de las c\u00e9lulas del animal."}],"items_presentaciones":[{"title":"Lactadiet\u00ae Gatos con Calostro","description":"<div class=\"bde-column-199-104-17424-1-199-2 bde-column bde-column-199-104\">\r\n<div class=\"bde-rich-text-199-116-17424-1-199-2 bde-rich-text bde-rich-text-199-116 breakdance-rich-text-styles\">\r\n<div class=\"bde-column-199-104-981-1-199-2 bde-column bde-column-199-104\">\r\n<div class=\"bde-rich-text-199-116-981-1-199-2 bde-rich-text bde-rich-text-199-116 breakdance-rich-text-styles\">\r\n<div class=\"bde-column-199-104-963-1-199-2 bde-column bde-column-199-104\">\r\n<div class=\"bde-rich-text-199-116-963-1-199-2 bde-rich-text bde-rich-text-199-116 breakdance-rich-text-styles\">\r\n<div class=\"bde-column-199-104-1050-1-199-2 bde-column bde-column-199-104\">\r\n<div class=\"bde-rich-text-199-116-1050-1-199-2 bde-rich-text bde-rich-text-199-116 breakdance-rich-text-styles\">\r\n<div class=\"bde-column-199-104-1000-1-199-2 bde-column bde-column-199-104\">\r\n<div class=\"bde-rich-text-199-116-1000-1-199-2 bde-rich-text bde-rich-text-199-116 breakdance-rich-text-styles\">\r\n<div class=\"bde-column-199-104-1085-1-199-2 bde-column bde-column-199-104\">\r\n<div class=\"bde-rich-text-199-116-1085-1-199-2 bde-rich-text bde-rich-text-199-116 breakdance-rich-text-styles\">\r\n<div class=\"bde-column-199-104-1091-1-199-2 bde-column bde-column-199-104\">\r\n<div class=\"bde-rich-text-199-116-1091-1-199-2 bde-rich-text bde-rich-text-199-116 breakdance-rich-text-styles\">\r\n<div class=\"bde-column-199-104-1124-1-199-2 bde-column bde-column-199-104\">\r\n<div class=\"bde-rich-text-199-116-1124-1-199-2 bde-rich-text bde-rich-text-199-116 breakdance-rich-text-styles\">\r\n<div class=\"bde-column-199-104-1100-1-199-2 bde-column bde-column-199-104\">\r\n<div class=\"bde-rich-text-199-116-1100-1-199-2 bde-rich-text bde-rich-text-199-116 breakdance-rich-text-styles\">\r\n\r\nEstuche de 300 g con 40 sobres de 7, 5 g cada uno (incluye biber\u00f3n y 2 tetinas de tama\u00f1o adecuado para la cr\u00eda).\r\n\r\n<\/div>\r\n<\/div>\r\n<div class=\"bde-column-199-105-1100-1-199-2 bde-column bde-column-199-105\">\r\n<div class=\"bde-image-199-108-1100-1-199-2 bde-image bde-image-199-108\">\r\n<figure class=\"breakdance-image breakdance-image--1102\">\r\n<div class=\"breakdance-image-container\"><\/div><\/figure>\r\n<\/div>\r\n<\/div>\r\n<\/div>\r\n<\/div>\r\n<div class=\"bde-column-199-105-1124-1-199-2 bde-column bde-column-199-105\">\r\n<div class=\"bde-image-199-108-1124-1-199-2 bde-image bde-image-199-108\">\r\n<figure class=\"breakdance-image breakdance-image--1125\">\r\n<div class=\"breakdance-image-container\"><\/div><\/figure>\r\n<\/div>\r\n<\/div>\r\n<\/div>\r\n<\/div>\r\n<div class=\"bde-column-199-105-1091-1-199-2 bde-column bde-column-199-105\">\r\n<div class=\"bde-image-199-108-1091-1-199-2 bde-image bde-image-199-108\">\r\n<figure class=\"breakdance-image breakdance-image--1093\">\r\n<div class=\"breakdance-image-container\"><\/div><\/figure>\r\n<\/div>\r\n<\/div>\r\n<\/div>\r\n<\/div>\r\n<\/div>\r\n<\/div>\r\n<div class=\"bde-column-199-105-1000-1-199-2 bde-column bde-column-199-105\">\r\n<div class=\"bde-image-199-108-1000-1-199-2 bde-image bde-image-199-108\">\r\n<figure class=\"breakdance-image breakdance-image--1001\">\r\n<div class=\"breakdance-image-container\"><\/div><\/figure>\r\n<\/div>\r\n<\/div>\r\n<\/div>\r\n<\/div>\r\n<div class=\"bde-column-199-105-1050-1-199-2 bde-column bde-column-199-105\">\r\n<div class=\"bde-image-199-108-1050-1-199-2 bde-image bde-image-199-108\">\r\n<figure class=\"breakdance-image breakdance-image--1053\">\r\n<div class=\"breakdance-image-container\"><\/div><\/figure>\r\n<\/div>\r\n<\/div>\r\n<\/div>\r\n<\/div>\r\n<div class=\"bde-column-199-105-963-1-199-2 bde-column bde-column-199-105\">\r\n<div class=\"bde-image-199-108-963-1-199-2 bde-image bde-image-199-108\">\r\n<figure class=\"breakdance-image breakdance-image--977\">\r\n<div class=\"breakdance-image-container\"><\/div><\/figure>\r\n<\/div>\r\n<\/div>\r\n<\/div>\r\n<\/div>\r\n<div class=\"bde-column-199-105-981-1-199-2 bde-column bde-column-199-105\">\r\n<div class=\"bde-image-199-108-981-1-199-2 bde-image bde-image-199-108\">\r\n<figure class=\"breakdance-image breakdance-image--982\">\r\n<div class=\"breakdance-image-container\"><\/div><\/figure>\r\n<\/div>\r\n<\/div>\r\n<\/div>\r\n<\/div>","imagen":3657},{"title":"Lactadiet\u00ae Gatos con Calostro","description":"<div class=\"bde-column-199-104-1100-2-199-2 bde-column bde-column-199-104\">\r\n<div class=\"bde-rich-text-199-116-1100-2-199-2 bde-rich-text bde-rich-text-199-116 breakdance-rich-text-styles\">\r\n\r\nEstuche de 1.005 g con 134 sobres de 7,5 g cada uno (incluye biber\u00f3n y 2 tetinas de tama\u00f1o adecuado para la cr\u00eda).\r\n\r\n<\/div>\r\n<\/div>\r\n<div class=\"bde-column-199-105-1100-2-199-2 bde-column bde-column-199-105\">\r\n<div class=\"bde-image-199-108-1100-2-199-2 bde-image bde-image-199-108\">\r\n<figure class=\"breakdance-image breakdance-image--1101\">\r\n<div class=\"breakdance-image-container\"><\/div><\/figure>\r\n<\/div>\r\n<\/div>","imagen":3661}],"description_ingredients":"<div class=\"bde-rich-text-130-203 bde-rich-text breakdance-rich-text-styles\">\r\n\r\n&nbsp;\r\n\r\n<\/div>\r\n<div class=\"bde-fancy-divider-130-154 bde-fancy-divider\">\r\n<div class=\"bde-fancy-divider__wrapper\"><\/div>\r\n<\/div>","items_ingredients":[{"title":"<div class=\"bde-column-206-101-17424-1-206-3 bde-column bde-column-206-101\">\r\n<div class=\"bde-text-206-102-17424-1-206-3 bde-text bde-text-206-102\">\r\n<div class=\"bde-column-206-101-1050-1-206-3 bde-column bde-column-206-101\">\r\n<div class=\"bde-text-206-102-1050-1-206-3 bde-text bde-text-206-102\">\r\n<div class=\"bde-column-206-101-1000-1-206-3 bde-column bde-column-206-101\">\r\n<div class=\"bde-text-206-102-1000-1-206-3 bde-text bde-text-206-102\">\r\n<div class=\"bde-column-206-101-1085-1-206-3 bde-column bde-column-206-101\">\r\n<div class=\"bde-text-206-102-1085-1-206-3 bde-text bde-text-206-102\">\r\n<div class=\"bde-column-206-101-1091-1-206-3 bde-column bde-column-206-101\">\r\n<div class=\"bde-text-206-102-1091-1-206-3 bde-text bde-text-206-102\">\r\n<div class=\"bde-column-206-101-1124-1-206-3 bde-column bde-column-206-101\">\r\n<div class=\"bde-text-206-102-1124-1-206-3 bde-text bde-text-206-102\">\r\n<div class=\"bde-column-206-101-1100-1-206-3 bde-column bde-column-206-101\">\r\n<div class=\"bde-text-206-102-1100-1-206-3 bde-text bde-text-206-102\">\r\n\r\nMinerales\r\n\r\n<\/div>\r\n<\/div>\r\n<div class=\"bde-column-206-103-1100-1-206-3 bde-column bde-column-206-103\">\r\n<div class=\"bde-rich-text-206-104-1100-1-206-3 bde-rich-text bde-rich-text-206-104 breakdance-rich-text-styles\"><\/div>\r\n<\/div>\r\n<\/div>\r\n<\/div>\r\n<div class=\"bde-column-206-103-1124-1-206-3 bde-column bde-column-206-103\">\r\n<div class=\"bde-rich-text-206-104-1124-1-206-3 bde-rich-text bde-rich-text-206-104 breakdance-rich-text-styles\"><\/div>\r\n<\/div>\r\n<\/div>\r\n<\/div>\r\n<\/div>\r\n<\/div>\r\n<div class=\"bde-column-206-103-1085-1-206-3 bde-column bde-column-206-103\">\r\n<div class=\"bde-rich-text-206-104-1085-1-206-3 bde-rich-text bde-rich-text-206-104 breakdance-rich-text-styles\"><\/div>\r\n<\/div>\r\n<\/div>\r\n<\/div>\r\n<div class=\"bde-column-206-103-1000-1-206-3 bde-column bde-column-206-103\">\r\n<div class=\"bde-rich-text-206-104-1000-1-206-3 bde-rich-text bde-rich-text-206-104 breakdance-rich-text-styles\">\r\n<p class=\"p1\"><\/p>\r\n\r\n<\/div>\r\n<\/div>\r\n<\/div>\r\n<\/div>\r\n<\/div>\r\n<\/div>","description":"<article class=\"bde-loop-item ee-post bde-dynamic-repeater-item\">\r\n<div class=\"bde-columns-206-100-1085-1-206-3 bde-columns bde-columns-206-100\">\r\n<div class=\"bde-column-206-103-1085-1-206-3 bde-column bde-column-206-103\">\r\n<div class=\"bde-rich-text-206-104-1085-1-206-3 bde-rich-text bde-rich-text-206-104 breakdance-rich-text-styles\"><article class=\"bde-loop-item ee-post bde-dynamic-repeater-item\">\r\n<div class=\"bde-columns-206-100-1100-1-206-3 bde-columns bde-columns-206-100\">\r\n<div class=\"bde-column-206-103-1100-1-206-3 bde-column bde-column-206-103\">\r\n<div class=\"bde-rich-text-206-104-1100-1-206-3 bde-rich-text bde-rich-text-206-104 breakdance-rich-text-styles\">\r\n\r\nCalcio, fosforo, magnesio, potasio, cloro, manganeso, zinc, cobre, hierro, selenio e iodo. Entre muchas funciones, contribuyen al correcto desarrollo de la cr\u00eda.\r\n\r\n<\/div>\r\n<\/div>\r\n<\/div>\r\n<\/article><article class=\"bde-loop-item ee-post bde-dynamic-repeater-item\">\r\n<div class=\"bde-columns-206-100-1100-2-206-3 bde-columns bde-columns-206-100\">\r\n<div class=\"bde-column-206-101-1100-2-206-3 bde-column bde-column-206-101\">\r\n<div class=\"bde-text-206-102-1100-2-206-3 bde-text bde-text-206-102\"><\/div>\r\n<\/div>\r\n<\/div>\r\n<\/article><\/div>\r\n<\/div>\r\n<\/div>\r\n<\/article>"},{"title":"<div class=\"bde-column-206-101-17424-2-206-3 bde-column bde-column-206-101\">\r\n<div class=\"bde-text-206-102-17424-2-206-3 bde-text bde-text-206-102\">\r\n<div class=\"bde-column-206-101-1050-2-206-3 bde-column bde-column-206-101\">\r\n<div class=\"bde-text-206-102-1050-2-206-3 bde-text bde-text-206-102\">\r\n<div class=\"bde-column-206-101-1000-2-206-3 bde-column bde-column-206-101\">\r\n<div class=\"bde-text-206-102-1000-2-206-3 bde-text bde-text-206-102\">\r\n<div class=\"bde-column-206-101-1085-2-206-3 bde-column bde-column-206-101\">\r\n<div class=\"bde-text-206-102-1085-2-206-3 bde-text bde-text-206-102\">\r\n<div class=\"bde-column-206-101-1124-2-206-2 bde-column bde-column-206-101\">\r\n<div class=\"bde-text-206-102-1124-2-206-2 bde-text bde-text-206-102\">\r\n<div class=\"bde-column-206-101-1100-2-206-3 bde-column bde-column-206-101\">\r\n<div class=\"bde-text-206-102-1100-2-206-3 bde-text bde-text-206-102\">\r\n\r\nVitaminas hidrosolubles y liposolubles\r\n\r\n<\/div>\r\n<\/div>\r\n<div class=\"bde-column-206-103-1100-2-206-3 bde-column bde-column-206-103\">\r\n<div class=\"bde-rich-text-206-104-1100-2-206-3 bde-rich-text bde-rich-text-206-104 breakdance-rich-text-styles\"><\/div>\r\n<\/div>\r\n<\/div>\r\n<\/div>\r\n<div class=\"bde-column-206-103-1124-2-206-2 bde-column bde-column-206-103\">\r\n<div class=\"bde-rich-text-206-104-1124-2-206-2 bde-rich-text bde-rich-text-206-104 breakdance-rich-text-styles\"><\/div>\r\n<\/div>\r\n<\/div>\r\n<\/div>\r\n<div class=\"bde-column-206-103-1085-2-206-3 bde-column bde-column-206-103\">\r\n<div class=\"bde-rich-text-206-104-1085-2-206-3 bde-rich-text bde-rich-text-206-104 breakdance-rich-text-styles\"><\/div>\r\n<\/div>\r\n<\/div>\r\n<\/div>\r\n<\/div>\r\n<\/div>\r\n<\/div>\r\n<\/div>","description":"<article class=\"bde-loop-item ee-post bde-dynamic-repeater-item\">\r\n<div class=\"bde-columns-206-100-1085-2-206-3 bde-columns bde-columns-206-100\">\r\n<div class=\"bde-column-206-103-1085-2-206-3 bde-column bde-column-206-103\">\r\n<div class=\"bde-rich-text-206-104-1085-2-206-3 bde-rich-text bde-rich-text-206-104 breakdance-rich-text-styles\"><article class=\"bde-loop-item ee-post bde-dynamic-repeater-item\">\r\n<div class=\"bde-columns-206-100-1100-2-206-3 bde-columns bde-columns-206-100\">\r\n<div class=\"bde-column-206-103-1100-2-206-3 bde-column bde-column-206-103\">\r\n<div class=\"bde-rich-text-206-104-1100-2-206-3 bde-rich-text bde-rich-text-206-104 breakdance-rich-text-styles\">\r\n\r\nVitamina A,y vitaminas del grupo B: niacina (B3), tiamina (B1), riboflavina (B2), Cloruro de colina), \u00c1cido pantot\u00e9nico, piridoxina (B6), Biotina), \u00e1cido f\u00f3lico y cianocobalamina (B12), vitamina C, vitamina D3,) vitamina E, vitamina K. que contribuyen al correcto desarrollo en las etapas iniciales de crecimiento de la mascota.\r\n\r\n<\/div>\r\n<\/div>\r\n<\/div>\r\n<\/article><article class=\"bde-loop-item ee-post bde-dynamic-repeater-item\">\r\n<div class=\"bde-columns-206-100-1100-3-206-2 bde-columns bde-columns-206-100\">\r\n<div class=\"bde-column-206-101-1100-3-206-2 bde-column bde-column-206-101\">\r\n<div class=\"bde-text-206-102-1100-3-206-2 bde-text bde-text-206-102\"><\/div>\r\n<\/div>\r\n<\/div>\r\n<\/article><\/div>\r\n<\/div>\r\n<\/div>\r\n<\/article><article class=\"bde-loop-item ee-post bde-dynamic-repeater-item\">\r\n<div class=\"bde-columns-206-100-1085-3-206-3 bde-columns bde-columns-206-100\">\r\n<div class=\"bde-column-206-101-1085-3-206-3 bde-column bde-column-206-101\">\r\n<div class=\"bde-text-206-102-1085-3-206-3 bde-text bde-text-206-102\"><article class=\"bde-loop-item ee-post bde-dynamic-repeater-item\">\r\n<div class=\"bde-columns-206-100-1124-3-206-2 bde-columns bde-columns-206-100\">\r\n<div class=\"bde-column-206-101-1124-3-206-2 bde-column bde-column-206-101\">\r\n<div class=\"bde-text-206-102-1124-3-206-2 bde-text bde-text-206-102\"><\/div>\r\n<\/div>\r\n<\/div>\r\n<\/article><\/div>\r\n<\/div>\r\n<\/div>\r\n<\/article>"},{"title":"<div class=\"bde-column-206-101-17424-3-206-3 bde-column bde-column-206-101\">\r\n<div class=\"bde-text-206-102-17424-3-206-3 bde-text bde-text-206-102\">\r\n<div class=\"bde-column-206-101-1050-3-206-3 bde-column bde-column-206-101\">\r\n<div class=\"bde-text-206-102-1050-3-206-3 bde-text bde-text-206-102\">\r\n<div class=\"bde-column-206-101-1000-3-206-2 bde-column bde-column-206-101\">\r\n<div class=\"bde-text-206-102-1000-3-206-2 bde-text bde-text-206-102\">\r\n<div class=\"bde-column-206-101-1085-3-206-3 bde-column bde-column-206-101\">\r\n<div class=\"bde-text-206-102-1085-3-206-3 bde-text bde-text-206-102\">\r\n<div class=\"bde-column-206-101-1124-3-206-2 bde-column bde-column-206-101\">\r\n<div class=\"bde-text-206-102-1124-3-206-2 bde-text bde-text-206-102\">\r\n<div class=\"bde-column-206-101-1100-3-206-2 bde-column bde-column-206-101\">\r\n<div class=\"bde-text-206-102-1100-3-206-2 bde-text bde-text-206-102\">\r\n\r\n\u00c1cidos grasos\r\n\r\n<\/div>\r\n<\/div>\r\n<div class=\"bde-column-206-103-1100-3-206-2 bde-column bde-column-206-103\">\r\n<div class=\"bde-rich-text-206-104-1100-3-206-2 bde-rich-text bde-rich-text-206-104 breakdance-rich-text-styles\"><\/div>\r\n<\/div>\r\n<\/div>\r\n<\/div>\r\n<div class=\"bde-column-206-103-1124-3-206-2 bde-column bde-column-206-103\">\r\n<div class=\"bde-rich-text-206-104-1124-3-206-2 bde-rich-text bde-rich-text-206-104 breakdance-rich-text-styles\"><\/div>\r\n<\/div>\r\n<\/div>\r\n<\/div>\r\n<div class=\"bde-column-206-103-1085-3-206-3 bde-column bde-column-206-103\">\r\n<div class=\"bde-rich-text-206-104-1085-3-206-3 bde-rich-text bde-rich-text-206-104 breakdance-rich-text-styles\"><\/div>\r\n<\/div>\r\n<\/div>\r\n<\/div>\r\n<\/div>\r\n<\/div>\r\n<\/div>\r\n<\/div>","description":"<article class=\"bde-loop-item ee-post bde-dynamic-repeater-item\">\r\n<div class=\"bde-columns-206-100-1085-3-206-3 bde-columns bde-columns-206-100\">\r\n<div class=\"bde-column-206-103-1085-3-206-3 bde-column bde-column-206-103\">\r\n<div class=\"bde-rich-text-206-104-1085-3-206-3 bde-rich-text bde-rich-text-206-104 breakdance-rich-text-styles\"><article class=\"bde-loop-item ee-post bde-dynamic-repeater-item\">\r\n<div class=\"bde-columns-206-100-1100-3-206-2 bde-columns bde-columns-206-100\">\r\n<div class=\"bde-column-206-103-1100-3-206-2 bde-column bde-column-206-103\">\r\n<div class=\"bde-rich-text-206-104-1100-3-206-2 bde-rich-text bde-rich-text-206-104 breakdance-rich-text-styles\">\r\n\r\n\u00c1cido linoleico (Omega 6), \u00e1cido linol\u00e9nico (Omega 3) EPA + DHA (Omega 3). Contribuyen correcto desarrollo de los diferentes \u00f3rganos corporales.\r\n\r\n<\/div>\r\n<\/div>\r\n<\/div>\r\n<\/article><article class=\"bde-loop-item ee-post bde-dynamic-repeater-item\">\r\n<div class=\"bde-columns-206-100-1100-4-206-2 bde-columns bde-columns-206-100\">\r\n<div class=\"bde-column-206-101-1100-4-206-2 bde-column bde-column-206-101\">\r\n<div class=\"bde-text-206-102-1100-4-206-2 bde-text bde-text-206-102\"><\/div>\r\n<\/div>\r\n<\/div>\r\n<\/article><\/div>\r\n<\/div>\r\n<\/div>\r\n<\/article><article class=\"bde-loop-item ee-post bde-dynamic-repeater-item\">\r\n<div class=\"bde-columns-206-100-1085-4-206-2 bde-columns bde-columns-206-100\">\r\n<div class=\"bde-column-206-101-1085-4-206-2 bde-column bde-column-206-101\">\r\n<div class=\"bde-text-206-102-1085-4-206-2 bde-text bde-text-206-102\"><section class=\"bde-section-130-146 bde-section\">\r\n<div class=\"section-container\"><\/div>\r\n<\/section><\/div>\r\n<\/div>\r\n<\/div>\r\n<\/article>"},{"title":"<div class=\"bde-column-206-101-1100-4-206-2 bde-column bde-column-206-101\">\r\n<div class=\"bde-text-206-102-1100-4-206-2 bde-text bde-text-206-102\">\r\n\r\nTaurina\r\n\r\n<\/div>\r\n<\/div>","description":"Elemento que ayuda a mantener la temperatura corporal, as\u00ed como a absorber grasas importantes que necesitar\u00e1n para el crecimiento muscular."},{"title":"Calostro","description":"Es una fuente elevada de prote\u00ednas y otros nutrientes con un papel fundamental en el desarrollo del sistema inmunitario del cachorro."}],"video":"","items_Instructions_for_use":[{"title":"Generales","description":"V\u00eda oral\r\n<ol>\r\n \t<li>Calentar agua a una temperatura aproximada de 40\u00baC.<\/li>\r\n \t<li>Verterla en el biber\u00f3n y posteriormente a\u00f1adir 1 sobre de la leche maternizada en polvo por cada 30 ml de agua.<\/li>\r\n \t<li>Agitar hasta obtener una mezcla homog\u00e9nea.<\/li>\r\n \t<li>Servir antes de una hora tras su preparaci\u00f3n.<\/li>\r\n \t<li>Una vez reconstituida, conservar refrigerada.<\/li>\r\n \t<li>Agitar antes de usar.<\/li>\r\n<\/ol>"},{"title":"Gatos y Hurones","description":"El n\u00famero de tomas al d\u00eda y la cantidad diaria de leche maternizada var\u00edan en funci\u00f3n de la edad y del peso de cada cr\u00eda* Tabla orientativa del volumen de leche necesario para un buen desarrollo de la cr\u00eda:\r\n\r\n<img src=\"https:\/\/pharmadiet.com\/wp-content\/uploads\/2023\/11\/image_2023-11-24_115214260-1024x315.png\" \/>"}],"image_banner_scientific_study_copiar":"","title_banner_scientific_study":"","description_banner_scientific_study":"","Scientific_study_banner":"","studies":null,"bibliografy_text":"","features":[{"image":1262,"title":"Sin prote\u00ednas de pollo"},{"image":1225,"title":"Contiene Biber\u00f3n con 2 tetinas"},{"image":1267,"title":"Sin conservantes"}],"ficha_tecnica":3660},"_links":{"self":[{"href":"https:\/\/beta.pharmadiet.com\/cl\/wp-json\/wp\/v2\/product\/3656","targetHints":{"allow":["GET"]}}],"collection":[{"href":"https:\/\/beta.pharmadiet.com\/cl\/wp-json\/wp\/v2\/product"}],"about":[{"href":"https:\/\/beta.pharmadiet.com\/cl\/wp-json\/wp\/v2\/types\/product"}],"replies":[{"embeddable":true,"href":"https:\/\/beta.pharmadiet.com\/cl\/wp-json\/wp\/v2\/comments?post=3656"}],"version-history":[{"count":6,"href":"https:\/\/beta.pharmadiet.com\/cl\/wp-json\/wp\/v2\/product\/3656\/revisions"}],"predecessor-version":[{"id":17331,"href":"https:\/\/beta.pharmadiet.com\/cl\/wp-json\/wp\/v2\/product\/3656\/revisions\/17331"}],"wp:featuredmedia":[{"embeddable":true,"href":"https:\/\/beta.pharmadiet.com\/cl\/wp-json\/wp\/v2\/media\/3657"}],"wp:attachment":[{"href":"https:\/\/beta.pharmadiet.com\/cl\/wp-json\/wp\/v2\/media?parent=3656"}],"wp:term":[{"taxonomy":"animal","embeddable":true,"href":"https:\/\/beta.pharmadiet.com\/cl\/wp-json\/wp\/v2\/animal?post=3656"},{"taxonomy":"product_brand","embeddable":true,"href":"https:\/\/beta.pharmadiet.com\/cl\/wp-json\/wp\/v2\/product_brand?post=3656"},{"taxonomy":"product_cat","embeddable":true,"href":"https:\/\/beta.pharmadiet.com\/cl\/wp-json\/wp\/v2\/product_cat?post=3656"},{"taxonomy":"product_tag","embeddable":true,"href":"https:\/\/beta.pharmadiet.com\/cl\/wp-json\/wp\/v2\/product_tag?post=3656"}],"curies":[{"name":"wp","href":"https:\/\/api.w.org\/{rel}","templated":true}]}}