{"id":3625,"date":"2025-07-31T16:05:35","date_gmt":"2025-07-31T14:05:35","guid":{"rendered":"https:\/\/beta.pharmadiet.com\/?post_type=product&#038;p=3625"},"modified":"2025-11-21T10:18:13","modified_gmt":"2025-11-21T09:18:13","slug":"inmmunity-plasmoral","status":"publish","type":"product","link":"https:\/\/beta.pharmadiet.com\/cl\/productos\/inmmunity-plasmoral\/","title":{"rendered":"Immunity Plasmoral\u00ae"},"content":{"rendered":"<ul>\n<li>Ingredientes con estudios cl\u00ednicos<\/li>\n<li>Modos de empleo adecuados al peso de la mascota<\/li>\n<li>Comprimido f\u00e1cilmente divisible<\/li>\n<\/ul>\n","protected":false},"excerpt":{"rendered":"<p>Alimento complementario con una composici\u00f3n innovadora a base un complejo de prote\u00ednas plasm\u00e1ticas bioactivas de origen plasm\u00e1tico y otros nutrientes, que act\u00faan favoreciendo la respuesta inmunitaria general del animal.<\/p>\n","protected":false},"featured_media":3628,"comment_status":"open","ping_status":"closed","template":"","meta":{"_acf_changed":false,"site-sidebar-layout":"default","site-content-layout":"","ast-site-content-layout":"default","site-content-style":"default","site-sidebar-style":"default","ast-global-header-display":"","ast-banner-title-visibility":"","ast-main-header-display":"","ast-hfb-above-header-display":"","ast-hfb-below-header-display":"","ast-hfb-mobile-header-display":"","site-post-title":"","ast-breadcrumbs-content":"","ast-featured-img":"","footer-sml-layout":"","theme-transparent-header-meta":"default","adv-header-id-meta":"","stick-header-meta":"","header-above-stick-meta":"","header-main-stick-meta":"","header-below-stick-meta":"","astra-migrate-meta-layouts":"set","ast-page-background-enabled":"default","ast-page-background-meta":{"desktop":{"background-color":"var(--ast-global-color-5)","background-image":"","background-repeat":"repeat","background-position":"center center","background-size":"auto","background-attachment":"scroll","background-type":"","background-media":"","overlay-type":"","overlay-color":"","overlay-opacity":"","overlay-gradient":""},"tablet":{"background-color":"","background-image":"","background-repeat":"repeat","background-position":"center center","background-size":"auto","background-attachment":"scroll","background-type":"","background-media":"","overlay-type":"","overlay-color":"","overlay-opacity":"","overlay-gradient":""},"mobile":{"background-color":"","background-image":"","background-repeat":"repeat","background-position":"center center","background-size":"auto","background-attachment":"scroll","background-type":"","background-media":"","overlay-type":"","overlay-color":"","overlay-opacity":"","overlay-gradient":""}},"ast-content-background-meta":{"desktop":{"background-color":"var(--ast-global-color-4)","background-image":"","background-repeat":"repeat","background-position":"center center","background-size":"auto","background-attachment":"scroll","background-type":"","background-media":"","overlay-type":"","overlay-color":"","overlay-opacity":"","overlay-gradient":""},"tablet":{"background-color":"var(--ast-global-color-4)","background-image":"","background-repeat":"repeat","background-position":"center center","background-size":"auto","background-attachment":"scroll","background-type":"","background-media":"","overlay-type":"","overlay-color":"","overlay-opacity":"","overlay-gradient":""},"mobile":{"background-color":"var(--ast-global-color-4)","background-image":"","background-repeat":"repeat","background-position":"center center","background-size":"auto","background-attachment":"scroll","background-type":"","background-media":"","overlay-type":"","overlay-color":"","overlay-opacity":"","overlay-gradient":""}}},"animal":[117,119],"product_brand":[],"product_cat":[25],"product_tag":[277],"class_list":{"0":"post-3625","1":"product","2":"type-product","3":"status-publish","4":"has-post-thumbnail","6":"animal-gatos","7":"animal-perros","8":"product_cat-suplementos-defensas-animales","9":"product_tag-plantillaa","10":"desktop-align-left","11":"tablet-align-left","12":"mobile-align-left","14":"first","15":"instock","16":"shipping-taxable","17":"product-type-simple"},"acf":{"title_indications":"Vacunaci\u00f3n de perros cachorros: qu\u00e9 hay que saber","description_indication":"El plan de vacunaci\u00f3n de cada cachorro es \u00fanico seg\u00fan su raza y necesidades. El veterinario establecer\u00e1 un enfoque individualizado que garantice la protecci\u00f3n adecuada sin exponer innecesariamente al cachorro a vacunas no requeridas.","items_indication":[{"imagen":3629,"title":"Per\u00edodo de pre-vacunaci\u00f3n en perros","description":"Antes de administrar las vacunas, es esencial asegurarse de que el cachorro est\u00e9 en buena salud. Esto incluye evaluar su estado nutricional y asegurarse de que est\u00e9 libre de par\u00e1sitos u otros cuerpos extra\u00f1os.\r\n<h3>Durante el per\u00edodo de vacunaci\u00f3n en perros<\/h3>\r\nLas vacunas pueden generar efectos secundarios leves, como fiebre, cansancio o fatiga. En esos casos, se recomienda consultar a tu veterinario., previniendo posibles reacciones al\u00e9rgicas.\r\n\r\nAdem\u00e1s, la inmunidad se desarrolla gradualmente a lo largo del calendario de vacunaci\u00f3n. Es esencial adaptar el plan de acuerdo con las necesidades cambiantes del cachorro, brindando protecci\u00f3n efectiva sin sobrecargar el sistema inmmunitario."},{"imagen":3630,"title":"Tras completar el calendario de vacunaciones para perros","description":"Cuando termine el calendario de vacunaci\u00f3n de tu perro, sigue con revisiones veterinarias anuales, mant\u00e9n actualizadas las vacunas de refuerzo, desparasita regularmente, y aseg\u00farate de llevar un control de su salud general con el veterinario para prevenir enfermedades y garantizar su bienestar a largo plazo."}],"title_beneficios":"En qu\u00e9 ayuda Immunity Plasmoral a la salud de tu mascota","description_benefits":"Suplemento alimentario con nutrientes que ayuda a:\r\n\r\n&nbsp;","items_benefits":[{"imagen":1236,"title":"Ayuda a mantener la inmunidad de la mucosa intestinal","description":"Contribuye a reducir la incidencia de diarreas, y ayuda en la sintomatolog\u00eda en caso de enteropat\u00edas e inflamaci\u00f3n intestinal.\r\n\r\n&nbsp;"},{"imagen":1241,"title":"","description":"Ayuda en la protecci\u00f3n frente a infecciones"},{"imagen":1235,"title":"Ayuda a mejorar la sintomatolog\u00eda asociada a periodos de vacunaci\u00f3n","description":"Tanto en periodos pre y postvacunales, especialmente en cachorros.\r\n\r\n&nbsp;"},{"imagen":1236,"title":"Ayuda a contribuir frente a la inmunosupresi\u00f3n adquirida","description":"Por el uso prolongado de f\u00e1rmacos potencialmente inmunosupresores."}],"items_presentaciones":[{"title":"Immunity Plasmoral\u00ae","description":"Estuche con 60 comprimidos, en bl\u00edster. Bl\u00edster de 10 comprimidos f\u00e1cilmente divisibles.","imagen":3628}],"description_ingredients":"","items_ingredients":[{"title":"Un complejo de prote\u00ednas plasm\u00e1ticas bioactivas, minerales y vitaminas","description":""},{"title":"Salvado de avena","description":""},{"title":"Extracto seco de Scutellaria baicalensis","description":""},{"title":"Ginseng","description":"<article class=\"bde-loop-item ee-post bde-dynamic-repeater-item\">\r\n<div class=\"bde-columns-206-100-981-4-206-2 bde-columns bde-columns-206-100\">\r\n<div class=\"bde-column-206-103-981-4-206-2 bde-column bde-column-206-103\">\r\n<div class=\"bde-rich-text-206-104-981-4-206-2 bde-rich-text bde-rich-text-206-104 breakdance-rich-text-styles\">\r\n\r\n&nbsp;\r\n\r\n<\/div>\r\n<\/div>\r\n<\/div>\r\n<\/article><article class=\"bde-loop-item ee-post bde-dynamic-repeater-item\">\r\n<div class=\"bde-columns-206-100-981-5-206-2 bde-columns bde-columns-206-100\">\r\n<div class=\"bde-column-206-101-981-5-206-2 bde-column bde-column-206-101\">\r\n<div class=\"bde-text-206-102-981-5-206-2 bde-text bde-text-206-102\"><\/div>\r\n<\/div>\r\n<\/div>\r\n<\/article>"},{"title":"Selenio","description":""},{"title":"Vitamina B6 y B12","description":""},{"title":"Biotina","description":""}],"video":"","items_Instructions_for_use":[{"title":"Perros","description":"<ul>\r\n \t<li><strong>Por cada 10kg de peso corporal:<\/strong>\u00a01 comprimido al d\u00eda.<\/li>\r\n \t<li><strong>A partir de 40 kg de peso corporal:<\/strong>\u00a04 comprimidos al d\u00eda.<\/li>\r\n<\/ul>"},{"title":"Gatos","description":"\u00bd comprimidos al d\u00eda"},{"title":"Otras indicaciones","description":"V\u00eda oral"}],"image_banner_scientific_study_copiar":3391,"title_banner_scientific_study":"Estudio Plasmoral","description_banner_scientific_study":"<h3><span style=\"color: #ffffff;\">\u00bfQu\u00e9 investigamos?<\/span><\/h3>\r\nSe realizo un estudio cl\u00ednico simple-ciego y controlado, realizado con 124 perros Labrador Retriever. Para ver el efecto de la suplementaci\u00f3n con Plasmoral en la funci\u00f3n inmunitaria. Al grupo control se le suministro pienso sin suplementaci\u00f3n y al otro grupo pienso con suplementaci\u00f3n a base de Plasmoral. La duraci\u00f3n fue de 1 a\u00f1o.\r\n<h3><span style=\"color: #ffffff;\">\u00bfQu\u00e9 hemos descubierto?<\/span><\/h3>\r\n<ul>\r\n \t<li style=\"list-style-type: none;\">\r\n<ul>\r\n \t<li>Plasmoral demostr\u00f3 reducir la medicaci\u00f3n concomitante.<\/li>\r\n \t<li>Plasmoral demostr\u00f3 contribuir al buen estado de salud general de los animales.<\/li>\r\n \t<li>Plasmoral demostr\u00f3 reducir significativamente la frecuencia de diarreas<\/li>\r\n<\/ul>\r\n<\/li>\r\n<\/ul>\r\n<span style=\"font-size: 16px;\">\u00bfQuieres ver todos los detalles de nuestro estudio? \u00a1Haz clic en el bot\u00f3n para ver el estudio completo!<\/span>","Scientific_study_banner":3627,"studies":[{"header_image":"","bibliography_image":1261,"title":"Estudio Plasmoral","study":3627}],"bibliografy_text":"<ol>\r\n \t<li><em>1.Mart\u00ed-Angulo S., Garc\u00eda-L\u00f3pez N., Vi\u00f1ar\u00e1s-Otero M., Varela-Sende L. Effect of oral supplementation with plasma proteins on the immune response of puppies: a randomized, controlled trial. Clin Vet Peq Anim 2022, 42 (1): 15-24<\/em><em>2. Vetvicka V, Fernandez-Botran R.\u00a0<\/em><em>\u03b2<\/em><em>-Glucan and parasites. Helminthologia. 2018; 55(3):177-184<\/em><em>3.Ratan Z, Youn S, Kwak Y, Hac C, Haidere M, Kim J et al. Adaptogenic effects of Panax ginseng on modulation of immune functions.\u00a0<\/em><em>Journal of Ginseng Research. 2021; 45(1):32-40<\/em><\/li>\r\n<\/ol>","features":[{"image":1270,"title":"Efectividad demostrada en estudio cl\u00ednico"},{"image":1267,"title":"Sin conservantes"},{"image":1262,"title":"Sin prote\u00ednas de pollo"},{"image":1267,"title":"Sin colorantes"},{"image":1213,"title":"Comprimidos f\u00e1cilmente divisibles"}],"ficha_tecnica":3626},"_links":{"self":[{"href":"https:\/\/beta.pharmadiet.com\/cl\/wp-json\/wp\/v2\/product\/3625","targetHints":{"allow":["GET"]}}],"collection":[{"href":"https:\/\/beta.pharmadiet.com\/cl\/wp-json\/wp\/v2\/product"}],"about":[{"href":"https:\/\/beta.pharmadiet.com\/cl\/wp-json\/wp\/v2\/types\/product"}],"replies":[{"embeddable":true,"href":"https:\/\/beta.pharmadiet.com\/cl\/wp-json\/wp\/v2\/comments?post=3625"}],"version-history":[{"count":12,"href":"https:\/\/beta.pharmadiet.com\/cl\/wp-json\/wp\/v2\/product\/3625\/revisions"}],"predecessor-version":[{"id":17329,"href":"https:\/\/beta.pharmadiet.com\/cl\/wp-json\/wp\/v2\/product\/3625\/revisions\/17329"}],"wp:featuredmedia":[{"embeddable":true,"href":"https:\/\/beta.pharmadiet.com\/cl\/wp-json\/wp\/v2\/media\/3628"}],"wp:attachment":[{"href":"https:\/\/beta.pharmadiet.com\/cl\/wp-json\/wp\/v2\/media?parent=3625"}],"wp:term":[{"taxonomy":"animal","embeddable":true,"href":"https:\/\/beta.pharmadiet.com\/cl\/wp-json\/wp\/v2\/animal?post=3625"},{"taxonomy":"product_brand","embeddable":true,"href":"https:\/\/beta.pharmadiet.com\/cl\/wp-json\/wp\/v2\/product_brand?post=3625"},{"taxonomy":"product_cat","embeddable":true,"href":"https:\/\/beta.pharmadiet.com\/cl\/wp-json\/wp\/v2\/product_cat?post=3625"},{"taxonomy":"product_tag","embeddable":true,"href":"https:\/\/beta.pharmadiet.com\/cl\/wp-json\/wp\/v2\/product_tag?post=3625"}],"curies":[{"name":"wp","href":"https:\/\/api.w.org\/{rel}","templated":true}]}}