{"id":3602,"date":"2025-07-31T15:01:16","date_gmt":"2025-07-31T13:01:16","guid":{"rendered":"https:\/\/beta.pharmadiet.com\/?post_type=product&#038;p=3602"},"modified":"2025-11-21T10:05:34","modified_gmt":"2025-11-21T09:05:34","slug":"hepatosil-plus-pequenas","status":"publish","type":"product","link":"https:\/\/beta.pharmadiet.com\/cl\/productos\/hepatosil-plus-pequenas\/","title":{"rendered":"Hepatosil PLUS\u00ae Razas peque\u00f1as"},"content":{"rendered":"<p>Alimento complementario que aporta nutrientes que contribuyen al mantenimiento de la funci\u00f3n interna.\u00a0 Para razas peque\u00f1as en perros y gatos.<\/p>\n<ul>\n<li>Nueva f\u00f3rmula.<\/li>\n<\/ul>\n","protected":false},"excerpt":{"rendered":"<p><strong>Nueva f\u00f3rmula.<\/strong><\/p>\n<p>Alimento complementario que aporta nutrientes que contribuyen al mantenimiento de la funci\u00f3n interna.\u00a0 Para razas peque\u00f1as en perros y gatos.<\/p>\n","protected":false},"featured_media":3603,"comment_status":"open","ping_status":"closed","template":"","meta":{"_acf_changed":false,"site-sidebar-layout":"default","site-content-layout":"","ast-site-content-layout":"default","site-content-style":"default","site-sidebar-style":"default","ast-global-header-display":"","ast-banner-title-visibility":"","ast-main-header-display":"","ast-hfb-above-header-display":"","ast-hfb-below-header-display":"","ast-hfb-mobile-header-display":"","site-post-title":"","ast-breadcrumbs-content":"","ast-featured-img":"","footer-sml-layout":"","theme-transparent-header-meta":"default","adv-header-id-meta":"","stick-header-meta":"","header-above-stick-meta":"","header-main-stick-meta":"","header-below-stick-meta":"","astra-migrate-meta-layouts":"set","ast-page-background-enabled":"default","ast-page-background-meta":{"desktop":{"background-color":"var(--ast-global-color-5)","background-image":"","background-repeat":"repeat","background-position":"center center","background-size":"auto","background-attachment":"scroll","background-type":"","background-media":"","overlay-type":"","overlay-color":"","overlay-opacity":"","overlay-gradient":""},"tablet":{"background-color":"","background-image":"","background-repeat":"repeat","background-position":"center center","background-size":"auto","background-attachment":"scroll","background-type":"","background-media":"","overlay-type":"","overlay-color":"","overlay-opacity":"","overlay-gradient":""},"mobile":{"background-color":"","background-image":"","background-repeat":"repeat","background-position":"center center","background-size":"auto","background-attachment":"scroll","background-type":"","background-media":"","overlay-type":"","overlay-color":"","overlay-opacity":"","overlay-gradient":""}},"ast-content-background-meta":{"desktop":{"background-color":"var(--ast-global-color-4)","background-image":"","background-repeat":"repeat","background-position":"center center","background-size":"auto","background-attachment":"scroll","background-type":"","background-media":"","overlay-type":"","overlay-color":"","overlay-opacity":"","overlay-gradient":""},"tablet":{"background-color":"var(--ast-global-color-4)","background-image":"","background-repeat":"repeat","background-position":"center center","background-size":"auto","background-attachment":"scroll","background-type":"","background-media":"","overlay-type":"","overlay-color":"","overlay-opacity":"","overlay-gradient":""},"mobile":{"background-color":"var(--ast-global-color-4)","background-image":"","background-repeat":"repeat","background-position":"center center","background-size":"auto","background-attachment":"scroll","background-type":"","background-media":"","overlay-type":"","overlay-color":"","overlay-opacity":"","overlay-gradient":""}}},"animal":[117,119],"product_brand":[],"product_cat":[26],"product_tag":[279],"class_list":{"0":"post-3602","1":"product","2":"type-product","3":"status-publish","4":"has-post-thumbnail","6":"animal-gatos","7":"animal-perros","8":"product_cat-suplementos-salud-interna-animales","9":"product_tag-plantillac","10":"desktop-align-left","11":"tablet-align-left","12":"mobile-align-left","14":"first","15":"instock","16":"shipping-taxable","17":"product-type-simple"},"acf":{"title_indications":"","description_indication":"","items_indication":[{"imagen":"","title":"Problemas hep\u00e1ticos en gatos y perros: comprender y abordar los riesgos","description":"Las enfermedades hep\u00e1ticas afectan tanto a gatos como a perros, y es importante comprenderlas para brindarles el mejor cuidado posible.\r\n\r\n<strong>Funci\u00f3n Cr\u00edtica del H\u00edgado:<\/strong>\r\n\r\nEl h\u00edgado es vital para la salud de nuestras mascotas, ya que desempe\u00f1a un papel clave en la digesti\u00f3n, el metabolismo y la eliminaci\u00f3n de toxinas en sus cuerpos."},{"imagen":3607,"title":"Enfermedades Hep\u00e1ticas Comunes:","description":"<strong>Hepatitis<\/strong>: Las infecciones, toxinas y factores gen\u00e9ticos pueden causar hepatitis en gatos y perros, lo que puede llevar a problemas graves en el h\u00edgado.\r\n\r\n<strong>S\u00edntomas Reveladores<\/strong>:\r\n\r\nEstar atento a los signos de enfermedad hep\u00e1tica es crucial. P\u00e9rdida de apetito, letargo, v\u00f3mitos y cambios en el color de la piel o los ojos pueden ser se\u00f1ales de alarma.\r\n\r\n<strong>Importancia de la Detecci\u00f3n Temprana<\/strong>:\r\n\r\nLa detecci\u00f3n temprana es esencial para un tratamiento efectivo. Si notas signos preocupantes, no dudes en buscar atenci\u00f3n veterinaria."},{"imagen":3599,"title":"Prevenci\u00f3n y Cuidado Continuo","description":"Prevenir el acceso a sustancias t\u00f3xicas, mantener una dieta saludable y realizar revisiones veterinarias regulares son pr\u00e1cticas clave para mantener la salud hep\u00e1tica de tus mascotas.\r\n\r\nEn resumen, las enfermedades hep\u00e1ticas son una preocupaci\u00f3n real en gatos y perros. Comprender los riesgos, estar atentos a los s\u00edntomas y buscar atenci\u00f3n veterinaria cuando sea necesario son pasos esenciales para garantizar que nuestras mascotas vivan vidas largas y saludables."}],"title_beneficios":"En qu\u00e9 ayuda Hepatosil Plus a las c\u00e9lulas hep\u00e1ticas","description_benefits":"","items_benefits":[{"imagen":1238,"title":"Ayuda a la funci\u00f3n interna normal:","description":"Hepatosil Plus\u00ae razas peque\u00f1as ayuda a preservar la integridad y funci\u00f3n de las c\u00e9lulas hep\u00e1ticas, contribuyendo a que el h\u00edgado de tus mascotas funcione de manera normal."},{"imagen":1239,"title":"Apoya a la s\u00edntesis de nutrientes:","description":"El cinc y el \u00e1cido f\u00f3lico ayudan en la s\u00edntesis de amino\u00e1cidos y prote\u00ednas, contribuyendo a un funcionamiento hep\u00e1tico normal."},{"imagen":1249,"title":"Apoya en la eliminaci\u00f3n de toxinas","description":"El h\u00edgado es crucial para desintoxicar el organismo. Hepatosil Plus apoya esta funci\u00f3n, ayudando a eliminar toxinas."}],"items_presentaciones":[{"title":"Hepatosil Plus\u00ae Razas peque\u00f1as","description":"Envase con 30 comprimidos y prospecto.","imagen":3606},{"title":"Hepatosil Plus\u00ae Razas peque\u00f1as.","description":"Envase con 60 comprimidos y prospecto.","imagen":3605}],"description_ingredients":"","items_ingredients":[{"title":"<div class=\"bde-column-206-101-1143-1-206-3 bde-column bde-column-206-101\">\r\n<div class=\"bde-text-206-102-1143-1-206-3 bde-text bde-text-206-102\">\r\n<div class=\"bde-column-206-101-1071-1-206-3 bde-column bde-column-206-101\">\r\n<div class=\"bde-text-206-102-1071-1-206-3 bde-text bde-text-206-102\">\r\n\r\nLevadura de cerveza (Saccharomyces cerevisae)\r\n\r\n<\/div>\r\n<\/div>\r\n<div class=\"bde-column-206-103-1071-1-206-3 bde-column bde-column-206-103\">\r\n<div class=\"bde-rich-text-206-104-1071-1-206-3 bde-rich-text bde-rich-text-206-104 breakdance-rich-text-styles\"><\/div>\r\n<\/div>\r\n<\/div>\r\n<\/div>","description":"Fuente de nutrientes con propiedades antioxidantes y que favorece al sistema inmune, as\u00ed como regula los niveles de glucosa en sangre. Es tambi\u00e9n un aliado de la p\u00e9rdida de peso y el incremento de la masa muscular."},{"title":"<div class=\"bde-column-206-101-1143-2-206-3 bde-column bde-column-206-101\">\r\n<div class=\"bde-text-206-102-1143-2-206-3 bde-text bde-text-206-102\">\r\n<div class=\"bde-column-206-101-1071-2-206-3 bde-column bde-column-206-101\">\r\n<div class=\"bde-text-206-102-1071-2-206-3 bde-text bde-text-206-102\">\r\n\r\nVitaminas B1 y B12\r\n\r\n<\/div>\r\n<\/div>\r\n<\/div>\r\n<\/div>","description":"Contribuyen al metabolismo energ\u00e9tico normal"},{"title":"<div class=\"bde-column-206-101-1143-3-206-2 bde-column bde-column-206-101\">\r\n<div class=\"bde-text-206-102-1143-3-206-2 bde-text bde-text-206-102\">\r\n<div class=\"bde-column-206-101-1071-3-206-2 bde-column bde-column-206-101\">\r\n<div class=\"bde-text-206-102-1071-3-206-2 bde-text bde-text-206-102\">\r\n<div class=\"bde-column-206-101-1079-3-206-3 bde-column bde-column-206-101\">\r\n<div class=\"bde-text-206-102-1079-3-206-3 bde-text bde-text-206-102\">\r\n\r\nSemilla de cardo mariano con silibina\r\n\r\n<\/div>\r\n<\/div>\r\n<div class=\"bde-column-206-103-1079-3-206-3 bde-column bde-column-206-103\">\r\n<div class=\"bde-rich-text-206-104-1079-3-206-3 bde-rich-text bde-rich-text-206-104 breakdance-rich-text-styles\"><\/div>\r\n<\/div>\r\n<\/div>\r\n<\/div>\r\n<\/div>\r\n<\/div>","description":"Conocido hepatoprotector que ayuda en los procesos degenerativos del h\u00edgado y contribuye a la funci\u00f3n hep\u00e1tica normal."},{"title":"<div class=\"bde-column-206-101-1143-4-206-2 bde-column bde-column-206-101\">\r\n<div class=\"bde-text-206-102-1143-4-206-2 bde-text bde-text-206-102\">\r\n\r\nZinc\r\n\r\n<\/div>\r\n<\/div>","description":"Contribuye a la protecci\u00f3n de las c\u00e9lulas frente al da\u00f1o oxidativo, a la s\u00edntesis prote\u00ednica normal, al metabolismo normal de los \u00e1cidos grasos, de los hidratos de carbono, de los macronutrientes y al funcionamiento normal del sistema inmunitario."},{"title":"<div class=\"bde-column-206-101-1143-5-206-2 bde-column bde-column-206-101\">\r\n<div class=\"bde-text-206-102-1143-5-206-2 bde-text bde-text-206-102\">\r\n<div class=\"bde-column-206-101-1071-5-206-2 bde-column bde-column-206-101\">\r\n<div class=\"bde-text-206-102-1071-5-206-2 bde-text bde-text-206-102\">\r\n\r\nVitamina E\r\n\r\n<\/div>\r\n<\/div>\r\n<div class=\"bde-column-206-103-1071-5-206-2 bde-column bde-column-206-103\">\r\n<div class=\"bde-rich-text-206-104-1071-5-206-2 bde-rich-text bde-rich-text-206-104 breakdance-rich-text-styles\"><\/div>\r\n<\/div>\r\n<\/div>\r\n<\/div>","description":"Este nutriente contribuye a la protecci\u00f3n de las c\u00e9lulas frente al da\u00f1o oxidativo y ayuda tambi\u00e9n al sistema inmunitario."},{"title":"<div class=\"bde-column-206-101-1071-6-206-2 bde-column bde-column-206-101\">\r\n<div class=\"bde-text-206-102-1071-6-206-2 bde-text bde-text-206-102\">\r\n\r\n\u00c1cido f\u00f3lico\r\n\r\n<\/div>\r\n<\/div>\r\n<div class=\"bde-column-206-103-1071-6-206-2 bde-column bde-column-206-103\">\r\n<div class=\"bde-rich-text-206-104-1071-6-206-2 bde-rich-text bde-rich-text-206-104 breakdance-rich-text-styles\"><\/div>\r\n<\/div>","description":"Contribuye a la s\u00edntesis normal de amino\u00e1cidos, al funcionamiento normal del sistema inmunitario. Ayuda a disminuir el cansancio y la fatiga. Contribuye al proceso de divisi\u00f3n celular."},{"title":"<div class=\"bde-column-206-101-1071-7-206-2 bde-column bde-column-206-101\">\r\n<div class=\"bde-text-206-102-1071-7-206-2 bde-text bde-text-206-102\">\r\n\r\nSelenio\r\n\r\n<\/div>\r\n<\/div>\r\n<div class=\"bde-column-206-103-1071-7-206-2 bde-column bde-column-206-103\">\r\n<div class=\"bde-rich-text-206-104-1071-7-206-2 bde-rich-text bde-rich-text-206-104 breakdance-rich-text-styles\"><\/div>\r\n<\/div>","description":"Contribuye al funcionamiento normal del sistema inmunitario y junto con la Vitamina E contribuye a la protecci\u00f3n de las c\u00e9lulas frente al da\u00f1o oxidativo."}],"video":"","items_Instructions_for_use":[{"title":"\u00bfCu\u00e1les son sus instrucciones de uso?","description":"V\u00eda oral\r\n\r\nSe recomienda mezclarlo con el alimento habitual.\r\n\r\nLos animales deber\u00e1n tener acceso permanente al agua.\r\n\r\nSe recomienda hacer seguimiento a los 6 meses de uso."},{"title":"Gatos","description":"Hasta 7 kg de peso corporal: 1 comprimido al d\u00eda."},{"title":"Perros","description":"<ul>\r\n \t<li><section id=\"instrucciones\" class=\"bde-section-130-158 bde-section\">Hasta 7 kg de peso corporal: 1 comprimido al d\u00eda.<\/section><\/li>\r\n<\/ul>"}],"image_banner_scientific_study_copiar":"","title_banner_scientific_study":"","description_banner_scientific_study":"","Scientific_study_banner":"","studies":null,"bibliografy_text":"1. . Swanson KS et al. Supplemental frucooligosaccharides and mannanoligosaccharides influence immune fuction, illeal and total tract nutrient digestibilities, micrbial populations and concentrations of protein catabolites in the large bowel of dogs. J Nutr (2002); 132 (5):980-989.\r\n2. Swanson KS et al. effects of supplemental frucooligosaccharides and mannanoligosaccharides on colonic microbial populations, immune function and fecal odor components in the canine. J Nutr (2002); 132:1717S-1719S\r\n3. Halas V et al. Mannanoligosaccharides in nursery pig nutrition and their potential mode of action. Animals (2012): 2:261-274\r\n4. Benyacoub J et al. Supplementatio of food with Enterococcus faecium (SF68) stimulates immune function in young dogs. J Nutr. (2003). 133 (4), 1158.\r\n5. Lappin M.R et al. Pilot study to evaluate the effect of oral supplementation of Enterococcus faecium SF 68 on cats with latent feline herpesvirus1. J Feline Med Surg. 11,650 (2009).\r\n6. Canani RB et al. Mechanisms of action of zinc in acute diarrhea. Curr Opin Gastroenterol (2011); 27 (1): 8-12.\r\n7. Skrovanek S et al. Zinc and gastrointestinal disease. World J Gastrointest Pathophysiol (2014) Nov; 15;5 (4):496-513.","features":[{"image":1262,"title":"Sin prote\u00ednas de pollo"},{"image":1267,"title":"Sin Conservantes"},{"image":1213,"title":"Comprimido f\u00e1cilmente divisible"}],"ficha_tecnica":3604},"_links":{"self":[{"href":"https:\/\/beta.pharmadiet.com\/cl\/wp-json\/wp\/v2\/product\/3602","targetHints":{"allow":["GET"]}}],"collection":[{"href":"https:\/\/beta.pharmadiet.com\/cl\/wp-json\/wp\/v2\/product"}],"about":[{"href":"https:\/\/beta.pharmadiet.com\/cl\/wp-json\/wp\/v2\/types\/product"}],"replies":[{"embeddable":true,"href":"https:\/\/beta.pharmadiet.com\/cl\/wp-json\/wp\/v2\/comments?post=3602"}],"version-history":[{"count":12,"href":"https:\/\/beta.pharmadiet.com\/cl\/wp-json\/wp\/v2\/product\/3602\/revisions"}],"predecessor-version":[{"id":5649,"href":"https:\/\/beta.pharmadiet.com\/cl\/wp-json\/wp\/v2\/product\/3602\/revisions\/5649"}],"wp:featuredmedia":[{"embeddable":true,"href":"https:\/\/beta.pharmadiet.com\/cl\/wp-json\/wp\/v2\/media\/3603"}],"wp:attachment":[{"href":"https:\/\/beta.pharmadiet.com\/cl\/wp-json\/wp\/v2\/media?parent=3602"}],"wp:term":[{"taxonomy":"animal","embeddable":true,"href":"https:\/\/beta.pharmadiet.com\/cl\/wp-json\/wp\/v2\/animal?post=3602"},{"taxonomy":"product_brand","embeddable":true,"href":"https:\/\/beta.pharmadiet.com\/cl\/wp-json\/wp\/v2\/product_brand?post=3602"},{"taxonomy":"product_cat","embeddable":true,"href":"https:\/\/beta.pharmadiet.com\/cl\/wp-json\/wp\/v2\/product_cat?post=3602"},{"taxonomy":"product_tag","embeddable":true,"href":"https:\/\/beta.pharmadiet.com\/cl\/wp-json\/wp\/v2\/product_tag?post=3602"}],"curies":[{"name":"wp","href":"https:\/\/api.w.org\/{rel}","templated":true}]}}