{"id":3561,"date":"2025-07-31T13:04:42","date_gmt":"2025-07-31T11:04:42","guid":{"rendered":"https:\/\/beta.pharmadiet.com\/?post_type=product&#038;p=3561"},"modified":"2025-11-20T11:18:25","modified_gmt":"2025-11-20T10:18:25","slug":"dermadiet","status":"publish","type":"product","link":"https:\/\/beta.pharmadiet.com\/cl\/productos\/dermadiet\/","title":{"rendered":"Dermadiet\u00ae"},"content":{"rendered":"<p>Alimento complementario con nutrientes que ayudan a mantener una piel sana y un pelo fuerte y brillante en perros.<\/p>\n","protected":false},"excerpt":{"rendered":"<p>Alimento complementario con nutrientes que ayudan a mantener una piel sana y un pelo fuerte y brillante en perros.<\/p>\n","protected":false},"featured_media":3563,"comment_status":"open","ping_status":"closed","template":"","meta":{"_acf_changed":false,"site-sidebar-layout":"default","site-content-layout":"","ast-site-content-layout":"default","site-content-style":"default","site-sidebar-style":"default","ast-global-header-display":"","ast-banner-title-visibility":"","ast-main-header-display":"","ast-hfb-above-header-display":"","ast-hfb-below-header-display":"","ast-hfb-mobile-header-display":"","site-post-title":"","ast-breadcrumbs-content":"","ast-featured-img":"","footer-sml-layout":"","theme-transparent-header-meta":"default","adv-header-id-meta":"","stick-header-meta":"","header-above-stick-meta":"","header-main-stick-meta":"","header-below-stick-meta":"","astra-migrate-meta-layouts":"set","ast-page-background-enabled":"default","ast-page-background-meta":{"desktop":{"background-color":"var(--ast-global-color-5)","background-image":"","background-repeat":"repeat","background-position":"center center","background-size":"auto","background-attachment":"scroll","background-type":"","background-media":"","overlay-type":"","overlay-color":"","overlay-opacity":"","overlay-gradient":""},"tablet":{"background-color":"","background-image":"","background-repeat":"repeat","background-position":"center center","background-size":"auto","background-attachment":"scroll","background-type":"","background-media":"","overlay-type":"","overlay-color":"","overlay-opacity":"","overlay-gradient":""},"mobile":{"background-color":"","background-image":"","background-repeat":"repeat","background-position":"center center","background-size":"auto","background-attachment":"scroll","background-type":"","background-media":"","overlay-type":"","overlay-color":"","overlay-opacity":"","overlay-gradient":""}},"ast-content-background-meta":{"desktop":{"background-color":"var(--ast-global-color-4)","background-image":"","background-repeat":"repeat","background-position":"center center","background-size":"auto","background-attachment":"scroll","background-type":"","background-media":"","overlay-type":"","overlay-color":"","overlay-opacity":"","overlay-gradient":""},"tablet":{"background-color":"var(--ast-global-color-4)","background-image":"","background-repeat":"repeat","background-position":"center center","background-size":"auto","background-attachment":"scroll","background-type":"","background-media":"","overlay-type":"","overlay-color":"","overlay-opacity":"","overlay-gradient":""},"mobile":{"background-color":"var(--ast-global-color-4)","background-image":"","background-repeat":"repeat","background-position":"center center","background-size":"auto","background-attachment":"scroll","background-type":"","background-media":"","overlay-type":"","overlay-color":"","overlay-opacity":"","overlay-gradient":""}}},"animal":[119],"product_brand":[],"product_cat":[31],"product_tag":[279],"class_list":{"0":"post-3561","1":"product","2":"type-product","3":"status-publish","4":"has-post-thumbnail","6":"animal-perros","7":"product_cat-suplementos-geles-piel-pelo-animales","8":"product_tag-plantillac","9":"desktop-align-left","10":"tablet-align-left","11":"mobile-align-left","13":"first","14":"instock","15":"shipping-taxable","16":"product-type-simple"},"acf":{"title_indications":"","description_indication":"","items_indication":[{"imagen":"","title":"El mantenimiento de la dermis para prevenir enfermedades en la piel de perros","description":"La salud d\u00e9rmica en perros es un componente cr\u00edtico de su bienestar general y, a menudo, refleja su estado de salud y calidad de vida. La renovaci\u00f3n celular epid\u00e9rmica y el mantenimiento apropiado de la dermis son los dos puntos importantes para prevenir enfermedades de la piel y problemas dermatol\u00f3gicos."},{"imagen":3564,"title":"Sobre la renovaci\u00f3n celular epid\u00e9rmica canina","description":"Una correcta renovaci\u00f3n celular epid\u00e9rmica asegura la regeneraci\u00f3n de la epidermis, lo que es esencial para una piel resistente y saludable. La alteraci\u00f3n en este proceso puede conducir a una serie de problemas dermatol\u00f3gicos y enfermedades en la piel de los perros, como:\r\n<ul>\r\n \t<li>Sequedad, descamaci\u00f3n y p\u00e9rdida de la integridad de la barrera cut\u00e1nea.<\/li>\r\n \t<li>Picaz\u00f3n cr\u00f3nica.<\/li>\r\n \t<li>Dermatitis cr\u00f3nica.<\/li>\r\n \t<li>Acn\u00e9 canino.<\/li>\r\n \t<li>Aparici\u00f3n de lesiones cut\u00e1neas secundarias derivadas de las anteriores.<\/li>\r\n<\/ul>"},{"imagen":3565,"title":"El mantenimiento de la dermis en perros","description":"La dermis, como capa profunda de la piel, desempe\u00f1a un papel importante. Contiene vasos sangu\u00edneos, fol\u00edculos pilosos y gl\u00e1ndulas seb\u00e1ceas que nutren y protegen la epidermis. Un mantenimiento adecuado de la dermis ayuda a:\r\n<ul>\r\n \t<li>Una\u00a0<strong>piel el\u00e1stica y resistente<\/strong>.<\/li>\r\n \t<li>Prevenir problemas de circulaci\u00f3n sangu\u00ednea.<\/li>\r\n \t<li>Menor susceptibilidad de la piel a irritaciones y afecciones.<\/li>\r\n \t<li><strong>Las heridas pueden sanar de manera eficiente<\/strong>, evitando infecciones secundarias y complicaciones dermatol\u00f3gicas adicionales.<\/li>\r\n<\/ul>"}],"title_beneficios":"En qu\u00e9 ayuda Dermadiet \u00ae a la salud d\u00e9rmica de las mascotas:","description_benefits":"Dermadiet \u00ae proporciona nutrientes para:\r\n\r\n&nbsp;","items_benefits":[{"imagen":1250,"title":"","description":"El mantenimiento de la piel"},{"imagen":1244,"title":"Mantenimiento del pelo en condiciones normales","description":"\u00c9pocas de muda, estados carenciales como en la gestaci\u00f3n y la lactancia, etc.\r\n\r\n&nbsp;"},{"imagen":1239,"title":"Ayuda en situaciones de deficiencias en nutrientes","description":"Esenciales para la piel y el pelo.\r\n\r\n&nbsp;"}],"items_presentaciones":[{"title":"Dermadiet \u00ae","description":"Estuche con 60 comprimidos, en bl\u00edster. Bl\u00edster de 10 comprimidos, f\u00e1cilmente divisibles para facilitar la toma.","imagen":3563}],"description_ingredients":"","items_ingredients":[{"title":"Col\u00e1geno porcino hidrolizado enzim\u00e1ticamente y col\u00e1geno hidrolizado de origen marino","description":"<article class=\"bde-loop-item ee-post bde-dynamic-repeater-item\">\r\n<div class=\"bde-columns-206-100-1137-1-206-3 bde-columns bde-columns-206-100\">\r\n<div class=\"bde-column-206-103-1137-1-206-3 bde-column bde-column-206-103\">\r\n<div class=\"bde-rich-text-206-104-1137-1-206-3 bde-rich-text bde-rich-text-206-104 breakdance-rich-text-styles\">\r\n\r\nNutriente que contribuye al mantenimiento de la piel y del pelo.\r\n\r\n<\/div>\r\n<\/div>\r\n<\/div>\r\n<\/article><article class=\"bde-loop-item ee-post bde-dynamic-repeater-item\">\r\n<div class=\"bde-columns-206-100-1137-2-206-2 bde-columns bde-columns-206-100\">\r\n<div class=\"bde-column-206-101-1137-2-206-2 bde-column bde-column-206-101\">\r\n<div class=\"bde-text-206-102-1137-2-206-2 bde-text bde-text-206-102\"><\/div>\r\n<\/div>\r\n<\/div>\r\n<\/article>"},{"title":"Aceite de Salm\u00f3n (Aporta \u00e1cidos grasos Omega3)","description":"Aporta Omega 3. Contribuyendo al mantenimiento de la piel\r\n\r\n&nbsp;"},{"title":"Vitaminas B1, B2, B5 (Acido pantot\u00e9nico), B6, B12, \u00c1cido f\u00f3lico y Niacinamida","description":"Contribuyen al mantenimiento de la piel en condiciones normales.\r\n\r\n&nbsp;"},{"title":"Biotina","description":"Contribuye al mantenimiento del pelo en condiciones normales.\r\n\r\n&nbsp;"},{"title":"Cinc","description":"Contribuye al mantenimiento en condiciones normales del pelo, piel y u\u00f1as.\r\n\r\n&nbsp;"}],"video":"","items_Instructions_for_use":[{"title":"Generales","description":"V\u00eda Oral."},{"title":"Perros","description":"1 comprimido por cada 10kg de peso corporal al d\u00eda."}],"image_banner_scientific_study_copiar":"","title_banner_scientific_study":"","description_banner_scientific_study":"","Scientific_study_banner":"","studies":null,"bibliografy_text":"1. . Swanson KS et al. Supplemental frucooligosaccharides and mannanoligosaccharides influence immune fuction, illeal and total tract nutrient digestibilities, micrbial populations and concentrations of protein catabolites in the large bowel of dogs. J Nutr (2002); 132 (5):980-989.\r\n2. Swanson KS et al. effects of supplemental frucooligosaccharides and mannanoligosaccharides on colonic microbial populations, immune function and fecal odor components in the canine. J Nutr (2002); 132:1717S-1719S\r\n3. Halas V et al. Mannanoligosaccharides in nursery pig nutrition and their potential mode of action. Animals (2012): 2:261-274\r\n4. Benyacoub J et al. Supplementatio of food with Enterococcus faecium (SF68) stimulates immune function in young dogs. J Nutr. (2003). 133 (4), 1158.\r\n5. Lappin M.R et al. Pilot study to evaluate the effect of oral supplementation of Enterococcus faecium SF 68 on cats with latent feline herpesvirus1. J Feline Med Surg. 11,650 (2009).\r\n6. Canani RB et al. Mechanisms of action of zinc in acute diarrhea. Curr Opin Gastroenterol (2011); 27 (1): 8-12.\r\n7. Skrovanek S et al. Zinc and gastrointestinal disease. World J Gastrointest Pathophysiol (2014) Nov; 15;5 (4):496-513.","features":[{"image":1262,"title":"Sin prote\u00ednas de pollo"},{"image":1267,"title":"Sin colorantes"},{"image":1267,"title":"Sin Conservantes"},{"image":1217,"title":"Sin az\u00facares"},{"image":1213,"title":"Comprimido f\u00e1cilmente divisible"}],"ficha_tecnica":3562},"_links":{"self":[{"href":"https:\/\/beta.pharmadiet.com\/cl\/wp-json\/wp\/v2\/product\/3561","targetHints":{"allow":["GET"]}}],"collection":[{"href":"https:\/\/beta.pharmadiet.com\/cl\/wp-json\/wp\/v2\/product"}],"about":[{"href":"https:\/\/beta.pharmadiet.com\/cl\/wp-json\/wp\/v2\/types\/product"}],"replies":[{"embeddable":true,"href":"https:\/\/beta.pharmadiet.com\/cl\/wp-json\/wp\/v2\/comments?post=3561"}],"version-history":[{"count":13,"href":"https:\/\/beta.pharmadiet.com\/cl\/wp-json\/wp\/v2\/product\/3561\/revisions"}],"predecessor-version":[{"id":17310,"href":"https:\/\/beta.pharmadiet.com\/cl\/wp-json\/wp\/v2\/product\/3561\/revisions\/17310"}],"wp:featuredmedia":[{"embeddable":true,"href":"https:\/\/beta.pharmadiet.com\/cl\/wp-json\/wp\/v2\/media\/3563"}],"wp:attachment":[{"href":"https:\/\/beta.pharmadiet.com\/cl\/wp-json\/wp\/v2\/media?parent=3561"}],"wp:term":[{"taxonomy":"animal","embeddable":true,"href":"https:\/\/beta.pharmadiet.com\/cl\/wp-json\/wp\/v2\/animal?post=3561"},{"taxonomy":"product_brand","embeddable":true,"href":"https:\/\/beta.pharmadiet.com\/cl\/wp-json\/wp\/v2\/product_brand?post=3561"},{"taxonomy":"product_cat","embeddable":true,"href":"https:\/\/beta.pharmadiet.com\/cl\/wp-json\/wp\/v2\/product_cat?post=3561"},{"taxonomy":"product_tag","embeddable":true,"href":"https:\/\/beta.pharmadiet.com\/cl\/wp-json\/wp\/v2\/product_tag?post=3561"}],"curies":[{"name":"wp","href":"https:\/\/api.w.org\/{rel}","templated":true}]}}