{"id":3543,"date":"2025-07-31T12:37:09","date_gmt":"2025-07-31T10:37:09","guid":{"rendered":"https:\/\/beta.pharmadiet.com\/?post_type=product&#038;p=3543"},"modified":"2025-11-20T11:11:15","modified_gmt":"2025-11-20T10:11:15","slug":"daforte","status":"publish","type":"product","link":"https:\/\/beta.pharmadiet.com\/cl\/productos\/daforte\/","title":{"rendered":"Daforte\u00ae"},"content":{"rendered":"<p>DAFORTE\u00ae\u00a0 ayuda a estabilizar la flora intestinal de perros y gatos.<\/p>\n<ul>\n<li>Presentaciones en gel con jeringa dosificadora<\/li>\n<\/ul>\n","protected":false},"excerpt":{"rendered":"<p>Alimento complementario con nutrientes que ayudan a estabilizar la flora intestinal de perros y gatos.<\/p>\n","protected":false},"featured_media":3544,"comment_status":"open","ping_status":"closed","template":"","meta":{"_acf_changed":false,"site-sidebar-layout":"default","site-content-layout":"","ast-site-content-layout":"default","site-content-style":"default","site-sidebar-style":"default","ast-global-header-display":"","ast-banner-title-visibility":"","ast-main-header-display":"","ast-hfb-above-header-display":"","ast-hfb-below-header-display":"","ast-hfb-mobile-header-display":"","site-post-title":"","ast-breadcrumbs-content":"","ast-featured-img":"","footer-sml-layout":"","theme-transparent-header-meta":"default","adv-header-id-meta":"","stick-header-meta":"","header-above-stick-meta":"","header-main-stick-meta":"","header-below-stick-meta":"","astra-migrate-meta-layouts":"set","ast-page-background-enabled":"default","ast-page-background-meta":{"desktop":{"background-color":"var(--ast-global-color-5)","background-image":"","background-repeat":"repeat","background-position":"center center","background-size":"auto","background-attachment":"scroll","background-type":"","background-media":"","overlay-type":"","overlay-color":"","overlay-opacity":"","overlay-gradient":""},"tablet":{"background-color":"","background-image":"","background-repeat":"repeat","background-position":"center center","background-size":"auto","background-attachment":"scroll","background-type":"","background-media":"","overlay-type":"","overlay-color":"","overlay-opacity":"","overlay-gradient":""},"mobile":{"background-color":"","background-image":"","background-repeat":"repeat","background-position":"center center","background-size":"auto","background-attachment":"scroll","background-type":"","background-media":"","overlay-type":"","overlay-color":"","overlay-opacity":"","overlay-gradient":""}},"ast-content-background-meta":{"desktop":{"background-color":"var(--ast-global-color-4)","background-image":"","background-repeat":"repeat","background-position":"center center","background-size":"auto","background-attachment":"scroll","background-type":"","background-media":"","overlay-type":"","overlay-color":"","overlay-opacity":"","overlay-gradient":""},"tablet":{"background-color":"var(--ast-global-color-4)","background-image":"","background-repeat":"repeat","background-position":"center center","background-size":"auto","background-attachment":"scroll","background-type":"","background-media":"","overlay-type":"","overlay-color":"","overlay-opacity":"","overlay-gradient":""},"mobile":{"background-color":"var(--ast-global-color-4)","background-image":"","background-repeat":"repeat","background-position":"center center","background-size":"auto","background-attachment":"scroll","background-type":"","background-media":"","overlay-type":"","overlay-color":"","overlay-opacity":"","overlay-gradient":""}}},"animal":[117,119],"product_brand":[],"product_cat":[24],"product_tag":[278],"class_list":{"0":"post-3543","1":"product","2":"type-product","3":"status-publish","4":"has-post-thumbnail","6":"animal-gatos","7":"animal-perros","8":"product_cat-suplementos-digestion-animales","9":"product_tag-plantillab","10":"desktop-align-left","11":"tablet-align-left","12":"mobile-align-left","14":"first","15":"instock","16":"shipping-taxable","17":"product-type-simple"},"acf":{"title_indications":"","description_indication":"","items_indication":[{"imagen":3548,"title":"Diarrea en perros y gatos: un problema a controlar.","description":"El control de la diarrea en las mascotas es esencial para garantizar la salud gastrointestinal de tus mascotas, ya que esta puede ser un problema de salud que derive en otros escenarios. Las tres causas de diarrea m\u00e1s habituales son:\r\n\r\nDiarreas agudas de origen bacteriano o parasitario:\r\n\r\nLa diarrea aguda causada por bacterias o par\u00e1sitos intestinales.\r\n\r\nPost-tratamiento en infecciones v\u00edricas:\r\n\r\nDespu\u00e9s de recibir tratamiento para infecciones virales, los gatos y perros pueden experimentar diarrea.\r\n\r\nDiarreas causadas por antibi\u00f3ticos, estr\u00e9s, cambios de dietas, Etc."},{"imagen":3549,"title":"","description":"Estos factores, junto a otros como las intolerancias alimentarias pueden desencadenar episodios de diarrea.\r\n\r\nLos episodios de diarrea en perros y gatos pueden llevar a la deshidrataci\u00f3n, la p\u00e9rdida de nutrientes esenciales, la falta de apetito, desequilibrios en el microbioma, inflamaci\u00f3n del tracto gastrointestinal, etc.\r\n\r\nEs fundamental abordar la diarrea aguda de manera efectiva para prevenir complicaciones. Al igual que mantener a las mascotas hidratadas, proporcionar una dieta adecuada y acudir al veterinario en b\u00fasqueda de consejo."}],"title_beneficios":"En qu\u00e9 ayuda el alimento complementario Daforte perros y gatos a la salud gastrointestinal de tu mascota","description_benefits":"Por sus nutrientes ayuda a estabilizar la flora intestinal de perros y gatos.","items_benefits":[{"imagen":1247,"title":"Contribuye a mantener una salud gastrointestinal equilibrada:","description":"A mantener un equilibrio en el sistema digestivo, ayudando a disminuir la ligereza y la duraci\u00f3n de los periodos diarreicos y reduciendo la absorci\u00f3n de sustancias perjudiciales."},{"imagen":1238,"title":"Apoya la salud intestinal:","description":"Favorece la restauraci\u00f3n de la salud intestinal al mejorar la consistencia de las heces y regular la respuesta inmune, fortaleciendo la barrera intestinal y manteniendo la salud digestiva en condiciones normales."},{"imagen":3546,"title":"Favorece el equilibrio del microbioma intestinal y el refuerzo inmunitario:","description":"Ayuda a mantener el equilibrio del microbioma , brindando apoyo a la respuesta inmune."}],"items_presentaciones":[{"title":"Daforte\u00ae 20 ml","description":"Estuche con envase de 20 ml con jeringa dosificadora. Suspensi\u00f3n v\u00eda oral.","imagen":3544},{"title":"Daforte\u00ae 50 ml","description":"Estuche con envase de 50 ml con jeringa dosificadora. Suspensi\u00f3n v\u00eda oral.","imagen":3545}],"description_ingredients":"","items_ingredients":[{"title":"Attapulgita","description":"Es un silicato de aluminio y magnesio hidratado cristalino que le confiere sus propiedades coloidales y adsorbentes. Es un mineral que presenta una elevada\u00a0<strong>capacidad de adsorci\u00f3n de fluidos, toxinas y microorganismos.<\/strong>\r\n\r\n<strong>Prebi\u00f3icos FOS<sup>1,2<\/sup>\u00a0(Fructo-oligosac\u00e1ridos)\u00a0<\/strong><strong>\u00a0y MOS<sup>3<\/sup>\u00a0(Levadura de cerveza (Saccharomyces cerevisae))<\/strong>\r\n\r\n<strong>\u00a0<\/strong>Son oligosac\u00e1ridos no digeribles derivados de fructosa (FOS) y de la manosa (MOS) que contribuyen a la consistencia de las heces.\u00a0 conocidos tambi\u00e9n por contribuir a modular la respuesta inmune del animal."},{"title":"Prebi\u00f3icos FOS<sup>1,2<\/sup>\u00a0(Fructo-oligosac\u00e1ridos) y FOS<sup>3<\/sup>\u00a0(Levadura de cerveza (Saccharomyces cerevisae))","description":"<article class=\"bde-loop-item ee-post bde-dynamic-repeater-item\">\r\n<div class=\"bde-columns-206-100-1137-2-206-2 bde-columns bde-columns-206-100\">\r\n<div class=\"bde-column-206-103-1137-2-206-2 bde-column bde-column-206-103\">\r\n<div class=\"bde-rich-text-206-104-1137-2-206-2 bde-rich-text bde-rich-text-206-104 breakdance-rich-text-styles\">\r\n\r\nSon oligosac\u00e1ridos no digeribles derivados de fructosa (FOS) y de la manosa (MOS) que contribuyen a la consistencia de las heces. conocidos tambi\u00e9n por contribuir a modular la respuesta inmune del animal\r\n\r\n<\/div>\r\n<\/div>\r\n<\/div>\r\n<\/article><article class=\"bde-loop-item ee-post bde-dynamic-repeater-item\">\r\n<div class=\"bde-columns-206-100-1137-3-206-2 bde-columns bde-columns-206-100\">\r\n<div class=\"bde-column-206-101-1137-3-206-2 bde-column bde-column-206-101\">\r\n<div class=\"bde-text-206-102-1137-3-206-2 bde-text bde-text-206-102\"><\/div>\r\n<\/div>\r\n<\/div>\r\n<\/article>"},{"title":"<div class=\"bde-column-206-101-1137-3-206-2 bde-column bde-column-206-101\">\r\n<div class=\"bde-text-206-102-1137-3-206-2 bde-text bde-text-206-102\">\r\n<div class=\"bde-column-206-101-1034-3-206-3 bde-column bde-column-206-101\">\r\n<div class=\"bde-text-206-102-1034-3-206-3 bde-text bde-text-206-102\">\r\n\r\nEnterococcus faecium FOS<sup>4,5<\/sup>\r\n\r\n<\/div>\r\n<\/div>\r\n<div class=\"bde-column-206-103-1034-3-206-3 bde-column bde-column-206-103\">\r\n<div class=\"bde-rich-text-206-104-1034-3-206-3 bde-rich-text bde-rich-text-206-104 breakdance-rich-text-styles\"><\/div>\r\n<\/div>\r\n<\/div>\r\n<\/div>","description":"<section id=\"ingredientes\" class=\"bde-section-130-152 bde-section\">\r\n<div class=\"section-container\">\r\n<div class=\"bde-repeater-element-130-221 bde-repeater-element\">\r\n<div class=\"bde-loop bde-loop-grid ee-posts bde-dynamic-repeater bde-dynamic-repeater-221 bde-dynamic-repeater-grid\"><article class=\"bde-loop-item ee-post bde-dynamic-repeater-item\">\r\n<div class=\"bde-columns-206-100-1137-3-206-2 bde-columns bde-columns-206-100\">\r\n<div class=\"bde-column-206-103-1137-3-206-2 bde-column bde-column-206-103\">\r\n<div class=\"bde-rich-text-206-104-1137-3-206-2 bde-rich-text bde-rich-text-206-104 breakdance-rich-text-styles\">\r\n\r\nProbi\u00f3tico que ayuda a reequilibrar la microflora intestinal desplazando a los microorganismos pat\u00f3genos y mejorando la respuesta inmune.\r\n\r\n<\/div>\r\n<\/div>\r\n<\/div>\r\n<\/article><\/div>\r\n<\/div>\r\n<\/div>\r\n<\/section>"},{"title":"Cloruro pot\u00e1sico y Cloruro s\u00f3dico","description":"El aporte de potasio oral ayuda a evitar los posibles efectos adversos derivados de la p\u00e9rdida de potasio durante los procesos diarreicos. Juntamente con el Zinc previenen la deshidrataci\u00f3n de la mascota."},{"title":"Zinc<sup>6,7<\/sup>","description":"Mineral que ayuda a disminuir la severidad de las diarreas agudas y cr\u00f3nicay al funcionamiento normal del sistema inmunitario."}],"video":"","items_Instructions_for_use":[{"title":"Gatos","description":"Hasta 5 kg de peso corporal: 2 ml al d\u00eda.\r\n\r\nA partir de 5 kg de peso corporal: 4 ml al d\u00eda."},{"title":"Perros","description":"Hasta 5 kg de peso corporal: 2 ml al d\u00eda.\r\nDe 5 a 10 kg de peso corporal: 4 ml al d\u00eda\r\nDe 10 a 15 kg de peso corporal: 8 ml al d\u00eda\r\nA partir de 20 kg de peso corporal: 10 ml al d\u00eda"},{"title":"Otras indicaciones","description":"V\u00eda oral\r\n\r\nAgitar antes de usar.\r\n\r\nAdministrar 2 veces al d\u00eda, dividiendo en dos tomas la cantidad diaria.\r\n\r\nDespu\u00e9s de su uso, cerrar bien el frasco y lavar cuidadosamente la jeringa dosificadora."}],"image_banner_scientific_study_copiar":"","title_banner_scientific_study":"","description_banner_scientific_study":"","Scientific_study_banner":"","studies":null,"bibliografy_text":"1. . Swanson KS et al. Supplemental frucooligosaccharides and mannanoligosaccharides influence immune fuction, illeal and total tract nutrient digestibilities, micrbial populations and concentrations of protein catabolites in the large bowel of dogs. J Nutr (2002); 132 (5):980-989.\r\n2. Swanson KS et al. effects of supplemental frucooligosaccharides and mannanoligosaccharides on colonic microbial populations, immune function and fecal odor components in the canine. J Nutr (2002); 132:1717S-1719S\r\n3. Halas V et al. Mannanoligosaccharides in nursery pig nutrition and their potential mode of action. Animals (2012): 2:261-274\r\n4. Benyacoub J et al. Supplementatio of food with Enterococcus faecium (SF68) stimulates immune function in young dogs. J Nutr. (2003). 133 (4), 1158.\r\n5. Lappin M.R et al. Pilot study to evaluate the effect of oral supplementation of Enterococcus faecium SF 68 on cats with latent feline herpesvirus1. J Feline Med Surg. 11,650 (2009).\r\n6. Canani RB et al. Mechanisms of action of zinc in acute diarrhea. Curr Opin Gastroenterol (2011); 27 (1): 8-12.\r\n7. Skrovanek S et al. Zinc and gastrointestinal disease. World J Gastrointest Pathophysiol (2014) Nov; 15;5 (4):496-513.","features":[{"image":1262,"title":"Sin prote\u00ednas de pollo"},{"image":1267,"title":"Sin colorantes"},{"image":1218,"title":"Agitar antes de usar"}],"ficha_tecnica":3550},"_links":{"self":[{"href":"https:\/\/beta.pharmadiet.com\/cl\/wp-json\/wp\/v2\/product\/3543","targetHints":{"allow":["GET"]}}],"collection":[{"href":"https:\/\/beta.pharmadiet.com\/cl\/wp-json\/wp\/v2\/product"}],"about":[{"href":"https:\/\/beta.pharmadiet.com\/cl\/wp-json\/wp\/v2\/types\/product"}],"replies":[{"embeddable":true,"href":"https:\/\/beta.pharmadiet.com\/cl\/wp-json\/wp\/v2\/comments?post=3543"}],"version-history":[{"count":7,"href":"https:\/\/beta.pharmadiet.com\/cl\/wp-json\/wp\/v2\/product\/3543\/revisions"}],"predecessor-version":[{"id":17305,"href":"https:\/\/beta.pharmadiet.com\/cl\/wp-json\/wp\/v2\/product\/3543\/revisions\/17305"}],"wp:featuredmedia":[{"embeddable":true,"href":"https:\/\/beta.pharmadiet.com\/cl\/wp-json\/wp\/v2\/media\/3544"}],"wp:attachment":[{"href":"https:\/\/beta.pharmadiet.com\/cl\/wp-json\/wp\/v2\/media?parent=3543"}],"wp:term":[{"taxonomy":"animal","embeddable":true,"href":"https:\/\/beta.pharmadiet.com\/cl\/wp-json\/wp\/v2\/animal?post=3543"},{"taxonomy":"product_brand","embeddable":true,"href":"https:\/\/beta.pharmadiet.com\/cl\/wp-json\/wp\/v2\/product_brand?post=3543"},{"taxonomy":"product_cat","embeddable":true,"href":"https:\/\/beta.pharmadiet.com\/cl\/wp-json\/wp\/v2\/product_cat?post=3543"},{"taxonomy":"product_tag","embeddable":true,"href":"https:\/\/beta.pharmadiet.com\/cl\/wp-json\/wp\/v2\/product_tag?post=3543"}],"curies":[{"name":"wp","href":"https:\/\/api.w.org\/{rel}","templated":true}]}}