{"id":17313,"date":"2025-11-20T11:38:12","date_gmt":"2025-11-20T10:38:12","guid":{"rendered":"https:\/\/beta.pharmadiet.com\/cl\/?post_type=product&#038;p=17313"},"modified":"2025-11-20T11:59:52","modified_gmt":"2025-11-20T10:59:52","slug":"vetgastril-gel","status":"publish","type":"product","link":"https:\/\/beta.pharmadiet.com\/cl\/productos\/vetgastril-gel\/","title":{"rendered":"Vetgastril\u00ae Gel"},"content":{"rendered":"<p>Alimento complementario en formato gel.<\/p>\n<ul>\n<li style=\"list-style-type: none;\">\n<ul>\n<li>Presentaciones en gel con jeringa dosificadora<\/li>\n<\/ul>\n<\/li>\n<\/ul>\n","protected":false},"excerpt":{"rendered":"<p>Alimento Complementario que por sus nutrientes ayuda ante desequilibrios g\u00e1stricos, favoreciendo una correcta digesti\u00f3n.<\/p>\n","protected":false},"featured_media":17314,"comment_status":"open","ping_status":"closed","template":"","meta":{"_acf_changed":false,"site-sidebar-layout":"default","site-content-layout":"","ast-site-content-layout":"default","site-content-style":"default","site-sidebar-style":"default","ast-global-header-display":"","ast-banner-title-visibility":"","ast-main-header-display":"","ast-hfb-above-header-display":"","ast-hfb-below-header-display":"","ast-hfb-mobile-header-display":"","site-post-title":"","ast-breadcrumbs-content":"","ast-featured-img":"","footer-sml-layout":"","theme-transparent-header-meta":"default","adv-header-id-meta":"","stick-header-meta":"","header-above-stick-meta":"","header-main-stick-meta":"","header-below-stick-meta":"","astra-migrate-meta-layouts":"set","ast-page-background-enabled":"default","ast-page-background-meta":{"desktop":{"background-color":"var(--ast-global-color-5)","background-image":"","background-repeat":"repeat","background-position":"center center","background-size":"auto","background-attachment":"scroll","background-type":"","background-media":"","overlay-type":"","overlay-color":"","overlay-opacity":"","overlay-gradient":""},"tablet":{"background-color":"","background-image":"","background-repeat":"repeat","background-position":"center center","background-size":"auto","background-attachment":"scroll","background-type":"","background-media":"","overlay-type":"","overlay-color":"","overlay-opacity":"","overlay-gradient":""},"mobile":{"background-color":"","background-image":"","background-repeat":"repeat","background-position":"center center","background-size":"auto","background-attachment":"scroll","background-type":"","background-media":"","overlay-type":"","overlay-color":"","overlay-opacity":"","overlay-gradient":""}},"ast-content-background-meta":{"desktop":{"background-color":"var(--ast-global-color-4)","background-image":"","background-repeat":"repeat","background-position":"center center","background-size":"auto","background-attachment":"scroll","background-type":"","background-media":"","overlay-type":"","overlay-color":"","overlay-opacity":"","overlay-gradient":""},"tablet":{"background-color":"var(--ast-global-color-4)","background-image":"","background-repeat":"repeat","background-position":"center center","background-size":"auto","background-attachment":"scroll","background-type":"","background-media":"","overlay-type":"","overlay-color":"","overlay-opacity":"","overlay-gradient":""},"mobile":{"background-color":"var(--ast-global-color-4)","background-image":"","background-repeat":"repeat","background-position":"center center","background-size":"auto","background-attachment":"scroll","background-type":"","background-media":"","overlay-type":"","overlay-color":"","overlay-opacity":"","overlay-gradient":""}}},"animal":[],"product_brand":[],"product_cat":[24],"product_tag":[278],"class_list":{"0":"post-17313","1":"product","2":"type-product","3":"status-publish","4":"has-post-thumbnail","6":"product_cat-suplementos-digestion-animales","7":"product_tag-plantillab","8":"desktop-align-left","9":"tablet-align-left","10":"mobile-align-left","12":"first","13":"instock","14":"shipping-taxable","15":"product-type-simple"},"acf":{"title_indications":"","description_indication":"","items_indication":[{"imagen":"","title":"Equilibrio gastrointestinal en gatos y perros","description":"<span style=\"font-size: 16px;\">El sistema gastrointestinal juega un papel vital en la salud de los animales, y los desequilibrios gastrointestinales pueden tener consecuencias significativas:<\/span>"},{"imagen":3747,"title":"Da\u00f1o a la barrera mucosa","description":"Estos desequilibrios debilitan la barrera protectora de la mucosa g\u00e1strica, lo que permite que los jugos g\u00e1stricos ejerzan efectos perjudiciales directamente en las superficies internas del est\u00f3mago y otros \u00f3rganos, como el intestino delgado."},{"imagen":3748,"title":"Complicaciones en la digesti\u00f3n y absorci\u00f3n de nutrientes:","description":"La alteraci\u00f3n de la barrera mucosa puede interferir en la digesti\u00f3n y absorci\u00f3n adecuadas de nutrientes, lo que se manifiesta en s\u00edntomas como v\u00f3mitos, diarrea, malestar abdominal, p\u00e9rdida de apetito, etc."},{"imagen":3749,"title":"Malestar y Dolor","description":"Adem\u00e1s de los problemas digestivos, estos desequilibrios pueden causar malestar y dolor en perros y gatos. Esto se traduce en s\u00edntomas como salivaci\u00f3n excesiva, lamido constante de los labios y rechazo de alimentos (falta de apetito e incluso deshidrataci\u00f3n).\r\n\r\nLa atenci\u00f3n veterinaria es esencial para abordar estos desequilibrios y garantizar el bienestar gastrointestinal de tus mascotas."}],"title_beneficios":"En qu\u00e9 ayuda Vetgastril\u00ae Gel la salud gastrointestinal de tu mascota","description_benefits":"","items_benefits":[{"imagen":1236,"title":"Protecci\u00f3n de la Mucosa G\u00e1strica y Esof\u00e1gica:","description":"Vetgastril Gel aporta nutrientes que contribuyen a fortalecer y proteger la mucosa g\u00e1strica y esof\u00e1gica. Esto es esencial, ya que estas superficies son la primera l\u00ednea de defensa contra los efectos perjudiciales de los contenidos g\u00e1stricos.\r\n\r\n&nbsp;"},{"imagen":1239,"title":"Apoyo en Afecciones del Aparato Digestivo:c","description":"Favorece la digesti\u00f3n y absorci\u00f3n de nutrientes, previniendo problemas como v\u00f3mitos, diarrea y p\u00e9rdida de apetito.\r\n\r\n&nbsp;\r\n\r\n&nbsp;"},{"imagen":1241,"title":"Mantiene la salud digestiva","description":"Su composici\u00f3n especial contribuye a proteger la mucosa g\u00e1strica y esof\u00e1gica, que son componentes fundamentales en la defensa del sistema digestivo. Al mantener la salud de estas superficies, ayuda a garantizar un funcionamiento digestivo \u00f3ptimo, lo que se traduce en una digesti\u00f3n y absorci\u00f3n de nutrientes adecuadas.\r\n\r\n&nbsp;\r\n\r\n&nbsp;"},{"imagen":1247,"title":"Apoyo en Afecciones del Aparato Digestivo","description":"Vetgastril Gel por sus nutrientes es un apoyo en situaciones donde las mascotas pueden experimentar malestares gastrointestinales como diarreas y v\u00f3mitos.\r\n\r\n&nbsp;\r\n\r\n&nbsp;"}],"items_presentaciones":[{"title":"Vetgastril\u00ae Gel 20 ml","description":"Estuche con envase de 20 ml con jeringa dosificadora y prospecto.","imagen":17319},{"title":"Vetgastril\u00ae Gel 50 ml","description":"Estuche con envase de 50 ml con jeringa dosificadora y prospecto.","imagen":17318}],"description_ingredients":"","items_ingredients":[{"title":"Queratina hidrolizada","description":"Queratina hidrolizada es una prote\u00edna estructural, fibrosa, no soluble en agua, que se encuentra en las c\u00e9lulas epiteliales que revisten las superficies internas y externas del cuerpo. Forma una capa de barrera compacta despu\u00e9s del recubrimiento en la herida, que puede detener el sangrado y evitar el da\u00f1o a las c\u00e9lulas del epitelio.\r\n\r\nJunto con alginato de sodio ayudan a proteger la mucosa g\u00e1strica."},{"title":"Alginato de Sodio","description":"Junto con la queratina hidrolizada ayudan a proteger la mucosa g\u00e1strica formando una barrera f\u00edsica generada por una reacci\u00f3n del alginato a pH acido del est\u00f3mago.\r\n\r\n&nbsp;"},{"title":"Hojas secas de Aloe barbadensis<sup>1,2<\/sup>","description":"Conocido por sus propiedades antioxidantes y cicatrizantes de las c\u00e9lulas ayuda a facilitar la cicatrizaci\u00f3n de las heridas mediante la regulaci\u00f3n de las proteasas (metaloproteasas de la matriz), modula a producci\u00f3n de col\u00e1geno, migraci\u00f3n y proliferaci\u00f3n de c\u00e9lulas. Contribuye a reducir la inflamaci\u00f3n.\r\n\r\n&nbsp;"},{"title":"Zinc<sup>3,4<\/sup>","description":"El zinc es uno de los oligoelementos m\u00e1s importantes para la salud animal. Cumple m\u00e1s de 300 funciones biol\u00f3gicas y produce efectos en m\u00faltiples sistemas, incluido el tracto gastrointestinal.El zinc no se almacena en el organismo, por lo que su nivel viene determinado por el equilibrio entre la ingesta alimentaria, la absorci\u00f3n y las p\u00e9rdidas.\r\n\r\nContribuye a la protecci\u00f3n de las c\u00e9lulas frente al da\u00f1o oxidativo.\r\n\r\n&nbsp;"},{"title":"\u00c1cido Hialur\u00f3nico<sup>5<\/sup>","description":"Tiene propiedades viscoel\u00e1sticas, lubricantes e hidratantes que proporcionan un entorno adecuado para las c\u00e9lulas epiteliales, contribuyendo, junto con el sulfato de condroitina,, a su recuperaci\u00f3n.\r\n\r\n&nbsp;"},{"title":"Sulfato de condroitina","description":"Es una sustancia naturalmente presente en el organismo de ayuda ante desequilibrios gastrointestinales.\r\n\r\n&nbsp;"}],"video":"","items_Instructions_for_use":[{"title":"\u00bfCu\u00e1les son sus instrucciones de uso?","description":"V\u00eda oral\r\n\r\nAgitar antes de usar.\r\n\r\nTomar 1-2 horas antes del alimento habitual. Si se prefiere, repartir en dos tomas cada 12h.\r\n\r\nLos animales deber\u00e1n tener acceso permanente al agua."},{"title":"Gatos","description":"<strong>Hasta 5 kg de peso corporal:<\/strong>\u00a01 ml al d\u00eda.\r\n\r\n<strong>A partir de 5 kg de peso corporal:<\/strong>\u00a02 ml al d\u00eda."},{"title":"Perros","description":"<strong>Hasta 5 kg de peso corporal:<\/strong>\u00a01 ml al d\u00eda.\r\n\r\n<strong>De 5 a 10 kg de peso corporal:<\/strong>\u00a02 ml al d\u00eda\r\n\r\n<strong>De 10 a 15 kg de peso corporal:<\/strong>\u00a03 ml al d\u00eda\r\n\r\n<strong>De 15 a 20 kg de peso corporal:<\/strong>\u00a04 ml al d\u00eda\r\n\r\n<strong>De 20 a 25 kg de peso corporal:<\/strong>\u00a05 ml al d\u00eda"},{"title":"Hurones, Roedores y Aves","description":"0,2 ml\/kg de peso corporal al d\u00eda."}],"image_banner_scientific_study_copiar":"","title_banner_scientific_study":"","description_banner_scientific_study":"","Scientific_study_banner":"","studies":null,"bibliografy_text":"1.https:\/\/pubmed.ncbi.nlm.nih.gov\/28874080\/\r\n2.https:\/\/www.researchgate.net\/publication\/325253109_Treatment_and_Replenishment_of_GI_Tract_with_Combined_Regimen_Therapy_CRT_of_Allopathic_PPIs_and_Ayurvedic_Aloe_Vera_Medicine_in_Peptic_Ulcer_Disease_to_Counteract_Relapse\r\n3.Canani RB et al. Mechanisms of action of zinc in acute diarrhea. Curr Opin Gastroenterol;27(1):8\u201012 (2011).\r\n4.Skrovanek S et al. Zinc and gastrointestinal disease. World J Gastrointest Pathophysiol; 5(4):496\u2010513. 22 de enero de 2024, 16:18 22 de enero de 2024, 16:29\r\n5.https:\/\/www.ncbi.nlm.nih.gov\/pmc\/articles\/PMC7955710\/","features":[{"image":1267,"title":"Sin colorantes"}],"ficha_tecnica":""},"_links":{"self":[{"href":"https:\/\/beta.pharmadiet.com\/cl\/wp-json\/wp\/v2\/product\/17313","targetHints":{"allow":["GET"]}}],"collection":[{"href":"https:\/\/beta.pharmadiet.com\/cl\/wp-json\/wp\/v2\/product"}],"about":[{"href":"https:\/\/beta.pharmadiet.com\/cl\/wp-json\/wp\/v2\/types\/product"}],"replies":[{"embeddable":true,"href":"https:\/\/beta.pharmadiet.com\/cl\/wp-json\/wp\/v2\/comments?post=17313"}],"version-history":[{"count":3,"href":"https:\/\/beta.pharmadiet.com\/cl\/wp-json\/wp\/v2\/product\/17313\/revisions"}],"predecessor-version":[{"id":17317,"href":"https:\/\/beta.pharmadiet.com\/cl\/wp-json\/wp\/v2\/product\/17313\/revisions\/17317"}],"wp:featuredmedia":[{"embeddable":true,"href":"https:\/\/beta.pharmadiet.com\/cl\/wp-json\/wp\/v2\/media\/17314"}],"wp:attachment":[{"href":"https:\/\/beta.pharmadiet.com\/cl\/wp-json\/wp\/v2\/media?parent=17313"}],"wp:term":[{"taxonomy":"animal","embeddable":true,"href":"https:\/\/beta.pharmadiet.com\/cl\/wp-json\/wp\/v2\/animal?post=17313"},{"taxonomy":"product_brand","embeddable":true,"href":"https:\/\/beta.pharmadiet.com\/cl\/wp-json\/wp\/v2\/product_brand?post=17313"},{"taxonomy":"product_cat","embeddable":true,"href":"https:\/\/beta.pharmadiet.com\/cl\/wp-json\/wp\/v2\/product_cat?post=17313"},{"taxonomy":"product_tag","embeddable":true,"href":"https:\/\/beta.pharmadiet.com\/cl\/wp-json\/wp\/v2\/product_tag?post=17313"}],"curies":[{"name":"wp","href":"https:\/\/api.w.org\/{rel}","templated":true}]}}